{"id":31459,"date":"2024-06-05T01:54:17","date_gmt":"2024-06-05T01:54:17","guid":{"rendered":"https:\/\/jbsy-china.com\/?page_id=31459"},"modified":"2024-06-05T01:57:08","modified_gmt":"2024-06-05T01:57:08","slug":"privacy-page","status":"publish","type":"page","link":"https:\/\/jbsy-china.com\/pt\/privacy-page\/","title":{"rendered":"Privacy page"},"content":{"rendered":"<div data-elementor-type=\"wp-page\" data-elementor-id=\"31459\" class=\"elementor elementor-31459\" data-elementor-post-type=\"page\">\n\t\t\t\t\t\t<section class=\"elementor-section elementor-top-section elementor-element elementor-element-25a8ef9 elementor-section-boxed elementor-section-height-default elementor-section-height-default\" data-id=\"25a8ef9\" data-element_type=\"section\">\n\t\t\t\t\t\t<div class=\"elementor-container elementor-column-gap-default\">\n\t\t\t\t\t<div class=\"elementor-column elementor-col-100 elementor-top-column elementor-element elementor-element-15dfcd4\" data-id=\"15dfcd4\" data-element_type=\"column\">\n\t\t\t<div class=\"elementor-widget-wrap elementor-element-populated\">\n\t\t\t\t\t\t<div class=\"elementor-element elementor-element-8e83f79 elementor-widget elementor-widget-text-editor\" data-id=\"8e83f79\" data-element_type=\"widget\" data-widget_type=\"text-editor.default\">\n\t\t\t\t<div class=\"elementor-widget-container\">\n\t\t\t\t\t\t\t\t\t<p><strong>Pol\u00edtica de privacidade<\/strong><\/p><p>Valorizamos a sua privacidade e estamos empenhados em proteger as suas informa\u00e7\u00f5es pessoais. Quando utiliza o nosso s\u00edtio Web, podemos recolher e utilizar as suas informa\u00e7\u00f5es pessoais. Desenvolvemos esta pol\u00edtica de privacidade para explicar a forma como recolhemos, utilizamos e processamos as suas informa\u00e7\u00f5es pessoais e para lhe fornecer os direitos relevantes.<\/p><p>Leia atentamente esta pol\u00edtica de privacidade antes de utilizar o nosso s\u00edtio Web. Se n\u00e3o concordar com algum dos termos desta pol\u00edtica de privacidade, deixe de utilizar o nosso s\u00edtio Web.<\/p><p><strong>Recolha e utiliza\u00e7\u00e3o de informa\u00e7\u00f5es<\/strong><\/p><p>Quando visita o nosso s\u00edtio Web, podemos recolher as suas informa\u00e7\u00f5es pessoais, como o seu nome, endere\u00e7o de correio eletr\u00f3nico, n\u00famero de contacto, etc. Recolhemos estas informa\u00e7\u00f5es para lhe prestarmos melhores servi\u00e7os e satisfazermos melhor as suas necessidades.<\/p><p>Podemos utilizar as informa\u00e7\u00f5es pessoais fornecidas pelo utilizador para:<\/p><ul><li>Enviar-lhe informa\u00e7\u00f5es e notifica\u00e7\u00f5es relacionadas com o nosso s\u00edtio Web.<\/li><li>Processar as suas encomendas e prestar-lhe os servi\u00e7os que solicitar.<\/li><li>Melhorar o nosso s\u00edtio Web para melhor responder \u00e0s suas necessidades.<\/li><\/ul><p>Comprometemo-nos a n\u00e3o vender ou alugar as suas informa\u00e7\u00f5es pessoais a terceiros.<\/p><p><strong>Prote\u00e7\u00e3o da informa\u00e7\u00e3o<\/strong><\/p><p>Tom\u00e1mos medidas de seguran\u00e7a adequadas para proteger as suas informa\u00e7\u00f5es pessoais contra o acesso, utiliza\u00e7\u00e3o ou divulga\u00e7\u00e3o n\u00e3o autorizados. Faremos o nosso melhor para garantir a seguran\u00e7a das suas informa\u00e7\u00f5es pessoais, mas tenha em aten\u00e7\u00e3o que a transmiss\u00e3o pela Internet n\u00e3o \u00e9 absolutamente segura.<\/p><p><strong>Tecnologia de cookies<\/strong><\/p><p>O nosso s\u00edtio Web pode utilizar a tecnologia de cookies para recolher e armazenar as suas informa\u00e7\u00f5es pessoais. Os cookies s\u00e3o pequenos peda\u00e7os de dados armazenados no disco r\u00edgido do seu computador para registar as informa\u00e7\u00f5es da sua visita ao website. Utilizamos cookies principalmente para melhorar a sua experi\u00eancia de utilizador e fornecer servi\u00e7os personalizados.<\/p><p><strong>Leis de prote\u00e7\u00e3o da privacidade<\/strong><\/p><p>Cumpriremos as leis e os regulamentos de prote\u00e7\u00e3o da privacidade aplic\u00e1veis para proteger as suas informa\u00e7\u00f5es pessoais. Se tiver alguma d\u00favida ou reclama\u00e7\u00e3o sobre esta pol\u00edtica de privacidade ou sobre as suas informa\u00e7\u00f5es pessoais, contacte-nos.<\/p><p><strong>Actualiza\u00e7\u00f5es da pol\u00edtica de privacidade<\/strong><\/p><p>Reservamo-nos o direito de atualizar esta pol\u00edtica de privacidade em qualquer altura. A pol\u00edtica de privacidade actualizada ser\u00e1 publicada no nosso s\u00edtio Web. Recomendamos que reveja regularmente esta pol\u00edtica de privacidade para compreender como protegemos as suas informa\u00e7\u00f5es pessoais.<\/p><p><strong>Contactar-nos<\/strong><\/p><p>Se tiver alguma d\u00favida ou preocupa\u00e7\u00e3o, ou se pretender aceder, corrigir ou eliminar as suas informa\u00e7\u00f5es pessoais, contacte-nos atrav\u00e9s do seguinte endere\u00e7o<\/p><p>[Os seus dados de contacto]<\/p>\t\t\t\t\t\t\t\t<\/div>\n\t\t\t\t<\/div>\n\t\t\t\t\t<\/div>\n\t\t<\/div>\n\t\t\t\t\t<\/div>\n\t\t<\/section>\n\t\t\t\t<\/div>","protected":false},"excerpt":{"rendered":"<p>Privacy Policy We value your privacy and are committed to protecting your personal information. When you use our website, we may collect and use your personal information. We have developed this privacy policy to explain how we collect, use, and process your personal information and to provide you with relevant rights. Please read this privacy [&hellip;]<\/p>","protected":false},"author":2,"featured_media":0,"parent":0,"menu_order":0,"comment_status":"closed","ping_status":"closed","template":"","meta":{"site-sidebar-layout":"no-sidebar","site-content-layout":"page-builder","ast-site-content-layout":"full-width-container","site-content-style":"default","site-sidebar-style":"default","ast-global-header-display":"","ast-banner-title-visibility":"","ast-main-header-display":"","ast-hfb-above-header-display":"","ast-hfb-below-header-display":"","ast-hfb-mobile-header-display":"","site-post-title":"disabled","ast-breadcrumbs-content":"","ast-featured-img":"disabled","footer-sml-layout":"","ast-disable-related-posts":"","theme-transparent-header-meta":"","adv-header-id-meta":"","stick-header-meta":"","header-above-stick-meta":"","header-main-stick-meta":"","header-below-stick-meta":"","astra-migrate-meta-layouts":"set","ast-page-background-enabled":"default","ast-page-background-meta":{"desktop":{"background-color":"var(--ast-global-color-4)","background-image":"","background-repeat":"repeat","background-position":"center center","background-size":"auto","background-attachment":"scroll","background-type":"","background-media":"","overlay-type":"","overlay-color":"","overlay-opacity":"","overlay-gradient":""},"tablet":{"background-color":"","background-image":"","background-repeat":"repeat","background-position":"center center","background-size":"auto","background-attachment":"scroll","background-type":"","background-media":"","overlay-type":"","overlay-color":"","overlay-opacity":"","overlay-gradient":""},"mobile":{"background-color":"","background-image":"","background-repeat":"repeat","background-position":"center center","background-size":"auto","background-attachment":"scroll","background-type":"","background-media":"","overlay-type":"","overlay-color":"","overlay-opacity":"","overlay-gradient":""}},"ast-content-background-meta":{"desktop":{"background-color":"var(--ast-global-color-5)","background-image":"","background-repeat":"repeat","background-position":"center center","background-size":"auto","background-attachment":"scroll","background-type":"","background-media":"","overlay-type":"","overlay-color":"","overlay-opacity":"","overlay-gradient":""},"tablet":{"background-color":"var(--ast-global-color-5)","background-image":"","background-repeat":"repeat","background-position":"center center","background-size":"auto","background-attachment":"scroll","background-type":"","background-media":"","overlay-type":"","overlay-color":"","overlay-opacity":"","overlay-gradient":""},"mobile":{"background-color":"var(--ast-global-color-5)","background-image":"","background-repeat":"repeat","background-position":"center center","background-size":"auto","background-attachment":"scroll","background-type":"","background-media":"","overlay-type":"","overlay-color":"","overlay-opacity":"","overlay-gradient":""}},"_themeisle_gutenberg_block_has_review":false,"_ti_tpc_template_sync":false,"_ti_tpc_template_id":"","footnotes":""},"class_list":["post-31459","page","type-page","status-publish","hentry"],"yoast_head":"<!-- This site is optimized with the Yoast SEO Premium plugin v21.7 (Yoast SEO v25.7) - https:\/\/yoast.com\/wordpress\/plugins\/seo\/ -->\n<title>Privacy page - Jingbang Industrial<\/title>\n<meta name=\"robots\" content=\"index, follow, max-snippet:-1, max-image-preview:large, max-video-preview:-1\" \/>\n<link rel=\"canonical\" href=\"https:\/\/jbsy-china.com\/pt\/privacy-page\/\" \/>\n<meta property=\"og:locale\" content=\"pt_PT\" \/>\n<meta property=\"og:type\" content=\"article\" \/>\n<meta property=\"og:title\" content=\"Privacy page\" \/>\n<meta property=\"og:description\" content=\"Privacy Policy We value your privacy and are committed to protecting your personal information. When you use our website, we may collect and use your personal information. We have developed this privacy policy to explain how we collect, use, and process your personal information and to provide you with relevant rights. Please read this privacy [&hellip;]\" \/>\n<meta property=\"og:url\" content=\"https:\/\/jbsy-china.com\/pt\/privacy-page\/\" \/>\n<meta property=\"og:site_name\" content=\"Jingbang Industrial\" \/>\n<meta property=\"article:modified_time\" content=\"2024-06-05T01:57:08+00:00\" \/>\n<meta name=\"twitter:card\" content=\"summary_large_image\" \/>\n<meta name=\"twitter:label1\" content=\"Tempo estimado de leitura\" \/>\n\t<meta name=\"twitter:data1\" content=\"2 minutos\" \/>\n<script type=\"application\/ld+json\" class=\"yoast-schema-graph\">{\"@context\":\"https:\/\/schema.org\",\"@graph\":[{\"@type\":\"WebPage\",\"@id\":\"https:\/\/jbsy-china.com\/privacy-page\/\",\"url\":\"https:\/\/jbsy-china.com\/privacy-page\/\",\"name\":\"Privacy page - Jingbang Industrial\",\"isPartOf\":{\"@id\":\"https:\/\/jbsy-china.com\/#website\"},\"datePublished\":\"2024-06-05T01:54:17+00:00\",\"dateModified\":\"2024-06-05T01:57:08+00:00\",\"breadcrumb\":{\"@id\":\"https:\/\/jbsy-china.com\/privacy-page\/#breadcrumb\"},\"inLanguage\":\"pt-PT\",\"potentialAction\":[{\"@type\":\"ReadAction\",\"target\":[\"https:\/\/jbsy-china.com\/privacy-page\/\"]}]},{\"@type\":\"BreadcrumbList\",\"@id\":\"https:\/\/jbsy-china.com\/privacy-page\/#breadcrumb\",\"itemListElement\":[{\"@type\":\"ListItem\",\"position\":1,\"name\":\"Home\",\"item\":\"https:\/\/jbsy-china.com\/\"},{\"@type\":\"ListItem\",\"position\":2,\"name\":\"Privacy page\"}]},{\"@type\":\"WebSite\",\"@id\":\"https:\/\/jbsy-china.com\/#website\",\"url\":\"https:\/\/jbsy-china.com\/\",\"name\":\"Jingbang Industrial\",\"description\":\"Hardware and electronics manufacturer\",\"publisher\":{\"@id\":\"https:\/\/jbsy-china.com\/#organization\"},\"potentialAction\":[{\"@type\":\"SearchAction\",\"target\":{\"@type\":\"EntryPoint\",\"urlTemplate\":\"https:\/\/jbsy-china.com\/?s={search_term_string}\"},\"query-input\":{\"@type\":\"PropertyValueSpecification\",\"valueRequired\":true,\"valueName\":\"search_term_string\"}}],\"inLanguage\":\"pt-PT\"},{\"@type\":\"Organization\",\"@id\":\"https:\/\/jbsy-china.com\/#organization\",\"name\":\"Jingbang Industrial\",\"url\":\"https:\/\/jbsy-china.com\/\",\"logo\":{\"@type\":\"ImageObject\",\"inLanguage\":\"pt-PT\",\"@id\":\"https:\/\/jbsy-china.com\/#\/schema\/logo\/image\/\",\"url\":\"https:\/\/jbsy-china.com\/wp-content\/uploads\/2023\/11\/cropped-\u56fe\u5c42-1.png\",\"contentUrl\":\"https:\/\/jbsy-china.com\/wp-content\/uploads\/2023\/11\/cropped-\u56fe\u5c42-1.png\",\"width\":1049,\"height\":739,\"caption\":\"Jingbang Industrial\"},\"image\":{\"@id\":\"https:\/\/jbsy-china.com\/#\/schema\/logo\/image\/\"}}]}<\/script>\n<!-- \/ Yoast SEO Premium plugin. -->","yoast_head_json":{"title":"Privacy page - Jingbang Industrial","robots":{"index":"index","follow":"follow","max-snippet":"max-snippet:-1","max-image-preview":"max-image-preview:large","max-video-preview":"max-video-preview:-1"},"canonical":"https:\/\/jbsy-china.com\/pt\/privacy-page\/","og_locale":"pt_PT","og_type":"article","og_title":"Privacy page","og_description":"Privacy Policy We value your privacy and are committed to protecting your personal information. When you use our website, we may collect and use your personal information. We have developed this privacy policy to explain how we collect, use, and process your personal information and to provide you with relevant rights. Please read this privacy [&hellip;]","og_url":"https:\/\/jbsy-china.com\/pt\/privacy-page\/","og_site_name":"Jingbang Industrial","article_modified_time":"2024-06-05T01:57:08+00:00","twitter_card":"summary_large_image","twitter_misc":{"Tempo estimado de leitura":"2 minutos"},"schema":{"@context":"https:\/\/schema.org","@graph":[{"@type":"WebPage","@id":"https:\/\/jbsy-china.com\/privacy-page\/","url":"https:\/\/jbsy-china.com\/privacy-page\/","name":"Privacy page - Jingbang Industrial","isPartOf":{"@id":"https:\/\/jbsy-china.com\/#website"},"datePublished":"2024-06-05T01:54:17+00:00","dateModified":"2024-06-05T01:57:08+00:00","breadcrumb":{"@id":"https:\/\/jbsy-china.com\/privacy-page\/#breadcrumb"},"inLanguage":"pt-PT","potentialAction":[{"@type":"ReadAction","target":["https:\/\/jbsy-china.com\/privacy-page\/"]}]},{"@type":"BreadcrumbList","@id":"https:\/\/jbsy-china.com\/privacy-page\/#breadcrumb","itemListElement":[{"@type":"ListItem","position":1,"name":"Home","item":"https:\/\/jbsy-china.com\/"},{"@type":"ListItem","position":2,"name":"Privacy page"}]},{"@type":"WebSite","@id":"https:\/\/jbsy-china.com\/#website","url":"https:\/\/jbsy-china.com\/","name":"Jingbang Industrial","description":"Fabricante de hardware e eletr\u00f3nica","publisher":{"@id":"https:\/\/jbsy-china.com\/#organization"},"potentialAction":[{"@type":"SearchAction","target":{"@type":"EntryPoint","urlTemplate":"https:\/\/jbsy-china.com\/?s={search_term_string}"},"query-input":{"@type":"PropertyValueSpecification","valueRequired":true,"valueName":"search_term_string"}}],"inLanguage":"pt-PT"},{"@type":"Organization","@id":"https:\/\/jbsy-china.com\/#organization","name":"Jingbang Industrial","url":"https:\/\/jbsy-china.com\/","logo":{"@type":"ImageObject","inLanguage":"pt-PT","@id":"https:\/\/jbsy-china.com\/#\/schema\/logo\/image\/","url":"https:\/\/jbsy-china.com\/wp-content\/uploads\/2023\/11\/cropped-\u56fe\u5c42-1.png","contentUrl":"https:\/\/jbsy-china.com\/wp-content\/uploads\/2023\/11\/cropped-\u56fe\u5c42-1.png","width":1049,"height":739,"caption":"Jingbang Industrial"},"image":{"@id":"https:\/\/jbsy-china.com\/#\/schema\/logo\/image\/"}}]}},"_links":{"self":[{"href":"https:\/\/jbsy-china.com\/pt\/wp-json\/wp\/v2\/pages\/31459","targetHints":{"allow":["GET"]}}],"collection":[{"href":"https:\/\/jbsy-china.com\/pt\/wp-json\/wp\/v2\/pages"}],"about":[{"href":"https:\/\/jbsy-china.com\/pt\/wp-json\/wp\/v2\/types\/page"}],"author":[{"embeddable":true,"href":"https:\/\/jbsy-china.com\/pt\/wp-json\/wp\/v2\/users\/2"}],"replies":[{"embeddable":true,"href":"https:\/\/jbsy-china.com\/pt\/wp-json\/wp\/v2\/comments?post=31459"}],"version-history":[{"count":0,"href":"https:\/\/jbsy-china.com\/pt\/wp-json\/wp\/v2\/pages\/31459\/revisions"}],"wp:attachment":[{"href":"https:\/\/jbsy-china.com\/pt\/wp-json\/wp\/v2\/media?parent=31459"}],"curies":[{"name":"wp","href":"https:\/\/api.w.org\/{rel}","templated":true}]}}