{"id":25929,"date":"2023-10-09T07:17:14","date_gmt":"2023-10-09T07:17:14","guid":{"rendered":"http:\/\/jbsy-china.com\/?post_type=product&#038;p=25929"},"modified":"2023-12-04T08:26:26","modified_gmt":"2023-12-04T08:26:26","slug":"blockage-head","status":"publish","type":"product","link":"https:\/\/jbsy-china.com\/pt\/produto\/blockage-head\/","title":{"rendered":"Cabe\u00e7a de bloqueio"},"content":{"rendered":"<div class=\"ast-oembed-container\" style=\"height: 100%;\"><iframe title=\"Processamento por encomenda de calandras a frio, parafusos, porcas, pinos, casquilhos, conectores, pe\u00e7as em bruto para calandras a frio, etc\" width=\"500\" height=\"375\" src=\"https:\/\/www.youtube.com\/embed\/gKyeAsIswr0?feature=oembed\" frameborder=\"0\" allow=\"accelerometer; autoplay; clipboard-write; encrypted-media; gyroscope; picture-in-picture; web-share\" referrerpolicy=\"strict-origin-when-cross-origin\" allowfullscreen><\/iframe><\/div>\n<p>&nbsp;<\/p>\n<p><img fetchpriority=\"high\" decoding=\"async\" class=\"alignnone wp-image-25931 size-full\" src=\"http:\/\/jbsy-china.com\/wp-content\/uploads\/2023\/10\/\u51b7\u9566\u8be6\u60c5\u9875_01.jpg\" alt=\"\" width=\"790\" height=\"329\" srcset=\"https:\/\/jbsy-china.com\/wp-content\/uploads\/2023\/10\/\u51b7\u9566\u8be6\u60c5\u9875_01.jpg 790w, https:\/\/jbsy-china.com\/wp-content\/uploads\/2023\/10\/\u51b7\u9566\u8be6\u60c5\u9875_01-300x125.jpg 300w, https:\/\/jbsy-china.com\/wp-content\/uploads\/2023\/10\/\u51b7\u9566\u8be6\u60c5\u9875_01-768x320.jpg 768w, https:\/\/jbsy-china.com\/wp-content\/uploads\/2023\/10\/\u51b7\u9566\u8be6\u60c5\u9875_01-600x250.jpg 600w\" sizes=\"(max-width: 790px) 100vw, 790px\" \/><img decoding=\"async\" class=\"alignnone wp-image-25932 size-full\" src=\"http:\/\/jbsy-china.com\/wp-content\/uploads\/2023\/10\/\u51b7\u9566\u8be6\u60c5\u9875_02.jpg\" alt=\"\" width=\"790\" height=\"981\" srcset=\"https:\/\/jbsy-china.com\/wp-content\/uploads\/2023\/10\/\u51b7\u9566\u8be6\u60c5\u9875_02.jpg 790w, https:\/\/jbsy-china.com\/wp-content\/uploads\/2023\/10\/\u51b7\u9566\u8be6\u60c5\u9875_02-242x300.jpg 242w, https:\/\/jbsy-china.com\/wp-content\/uploads\/2023\/10\/\u51b7\u9566\u8be6\u60c5\u9875_02-768x954.jpg 768w, https:\/\/jbsy-china.com\/wp-content\/uploads\/2023\/10\/\u51b7\u9566\u8be6\u60c5\u9875_02-600x745.jpg 600w\" sizes=\"(max-width: 790px) 100vw, 790px\" \/><img decoding=\"async\" class=\"alignnone wp-image-25933 size-full\" src=\"http:\/\/jbsy-china.com\/wp-content\/uploads\/2023\/10\/\u51b7\u9566\u8be6\u60c5\u9875_03.jpg\" alt=\"\" width=\"790\" height=\"740\" srcset=\"https:\/\/jbsy-china.com\/wp-content\/uploads\/2023\/10\/\u51b7\u9566\u8be6\u60c5\u9875_03.jpg 790w, https:\/\/jbsy-china.com\/wp-content\/uploads\/2023\/10\/\u51b7\u9566\u8be6\u60c5\u9875_03-300x281.jpg 300w, https:\/\/jbsy-china.com\/wp-content\/uploads\/2023\/10\/\u51b7\u9566\u8be6\u60c5\u9875_03-768x719.jpg 768w, https:\/\/jbsy-china.com\/wp-content\/uploads\/2023\/10\/\u51b7\u9566\u8be6\u60c5\u9875_03-600x562.jpg 600w\" sizes=\"(max-width: 790px) 100vw, 790px\" \/><img loading=\"lazy\" decoding=\"async\" class=\"alignnone wp-image-25936 size-full\" src=\"http:\/\/jbsy-china.com\/wp-content\/uploads\/2023\/10\/\u51b7\u9566\u8be6\u60c5\u9875_06.jpg\" alt=\"\" width=\"790\" height=\"742\" srcset=\"https:\/\/jbsy-china.com\/wp-content\/uploads\/2023\/10\/\u51b7\u9566\u8be6\u60c5\u9875_06.jpg 790w, https:\/\/jbsy-china.com\/wp-content\/uploads\/2023\/10\/\u51b7\u9566\u8be6\u60c5\u9875_06-300x282.jpg 300w, https:\/\/jbsy-china.com\/wp-content\/uploads\/2023\/10\/\u51b7\u9566\u8be6\u60c5\u9875_06-768x721.jpg 768w, https:\/\/jbsy-china.com\/wp-content\/uploads\/2023\/10\/\u51b7\u9566\u8be6\u60c5\u9875_06-600x564.jpg 600w\" sizes=\"(max-width: 790px) 100vw, 790px\" \/><\/p>","protected":false},"excerpt":{"rendered":"<p>A cabe\u00e7a de obtura\u00e7\u00e3o \u00e9 um tipo de fixador mec\u00e2nico, e a sua fun\u00e7\u00e3o \u00e9 vedar. Utilizada em \u00e1gua, \u00f3leo, vapor e outros meios. A cabe\u00e7a de obtura\u00e7\u00e3o tapa a abertura desnecess\u00e1ria na tubagem e desempenha um papel de veda\u00e7\u00e3o. A cabe\u00e7a de obtura\u00e7\u00e3o de diferentes especifica\u00e7\u00f5es e tamanhos \u00e9 adequada para tubagens de diferentes di\u00e2metros e espessuras, e o tamanho apropriado da especifica\u00e7\u00e3o precisa de ser determinado de acordo com o di\u00e2metro e a espessura da tubagem<\/p>","protected":false},"featured_media":25890,"comment_status":"closed","ping_status":"closed","template":"","meta":{"site-sidebar-layout":"no-sidebar","site-content-layout":"","ast-site-content-layout":"normal-width-container","site-content-style":"default","site-sidebar-style":"boxed","ast-global-header-display":"","ast-banner-title-visibility":"","ast-main-header-display":"","ast-hfb-above-header-display":"","ast-hfb-below-header-display":"","ast-hfb-mobile-header-display":"","site-post-title":"","ast-breadcrumbs-content":"","ast-featured-img":"","footer-sml-layout":"","ast-disable-related-posts":"","theme-transparent-header-meta":"default","adv-header-id-meta":"","stick-header-meta":"","header-above-stick-meta":"","header-main-stick-meta":"","header-below-stick-meta":"","astra-migrate-meta-layouts":"set","ast-page-background-enabled":"default","ast-page-background-meta":{"desktop":{"background-color":"var(--ast-global-color-4)","background-image":"","background-repeat":"repeat","background-position":"center center","background-size":"auto","background-attachment":"scroll","background-type":"","background-media":"","overlay-type":"","overlay-color":"","overlay-opacity":"","overlay-gradient":""},"tablet":{"background-color":"","background-image":"","background-repeat":"repeat","background-position":"center center","background-size":"auto","background-attachment":"scroll","background-type":"","background-media":"","overlay-type":"","overlay-color":"","overlay-opacity":"","overlay-gradient":""},"mobile":{"background-color":"","background-image":"","background-repeat":"repeat","background-position":"center center","background-size":"auto","background-attachment":"scroll","background-type":"","background-media":"","overlay-type":"","overlay-color":"","overlay-opacity":"","overlay-gradient":""}},"ast-content-background-meta":{"desktop":{"background-color":"var(--ast-global-color-5)","background-image":"","background-repeat":"repeat","background-position":"center center","background-size":"auto","background-attachment":"scroll","background-type":"","background-media":"","overlay-type":"","overlay-color":"","overlay-opacity":"","overlay-gradient":""},"tablet":{"background-color":"var(--ast-global-color-5)","background-image":"","background-repeat":"repeat","background-position":"center center","background-size":"auto","background-attachment":"scroll","background-type":"","background-media":"","overlay-type":"","overlay-color":"","overlay-opacity":"","overlay-gradient":""},"mobile":{"background-color":"var(--ast-global-color-5)","background-image":"","background-repeat":"repeat","background-position":"center center","background-size":"auto","background-attachment":"scroll","background-type":"","background-media":"","overlay-type":"","overlay-color":"","overlay-opacity":"","overlay-gradient":""}},"_themeisle_gutenberg_block_has_review":false,"_ti_tpc_template_sync":false,"_ti_tpc_template_id":""},"product_brand":[],"product_cat":[309],"product_tag":[311,312,329,310],"class_list":{"0":"post-25929","1":"product","2":"type-product","3":"status-publish","4":"has-post-thumbnail","6":"product_cat-cold-heading-parts","7":"product_tag-carbon-steel","8":"product_tag-copper","9":"product_tag-plug-head","10":"product_tag-stainless-steel","11":"desktop-align-left","12":"tablet-align-left","13":"mobile-align-left","14":"ast-product-gallery-layout-horizontal-slider","15":"ast-product-tabs-layout-horizontal","16":"ast-qv-on-image","18":"first","19":"instock","20":"shipping-taxable","21":"purchasable","22":"product-type-simple"},"yoast_head":"<!-- This site is optimized with the Yoast SEO Premium plugin v21.7 (Yoast SEO v25.7) - https:\/\/yoast.com\/wordpress\/plugins\/seo\/ -->\n<title>Blockage head - Jingbang Industrial<\/title>\n<meta name=\"robots\" content=\"index, follow, max-snippet:-1, max-image-preview:large, max-video-preview:-1\" \/>\n<link rel=\"canonical\" href=\"https:\/\/jbsy-china.com\/pt\/produto\/blockage-head\/\" \/>\n<meta property=\"og:locale\" content=\"pt_PT\" \/>\n<meta property=\"og:type\" content=\"article\" \/>\n<meta property=\"og:title\" content=\"Blockage head\" \/>\n<meta property=\"og:description\" content=\"The plugging head is a kind of mechanical fastener, and its function is to seal. Used in water, oil, steam and other media. The plugging head plugs up the unnecessary opening in the pipeline and plays a sealing role. The plugging head of different specifications and sizes is suitable for pipelines of different diameters and thickens, and the appropriate specification size needs to be determined according to the diameter and thickness of the pipeline\" \/>\n<meta property=\"og:url\" content=\"https:\/\/jbsy-china.com\/pt\/produto\/blockage-head\/\" \/>\n<meta property=\"og:site_name\" content=\"Jingbang Industrial\" \/>\n<meta property=\"article:modified_time\" content=\"2023-12-04T08:26:26+00:00\" \/>\n<meta property=\"og:image\" content=\"https:\/\/jbsy-china.com\/wp-content\/uploads\/2023\/10\/46.jpg\" \/>\n\t<meta property=\"og:image:width\" content=\"800\" \/>\n\t<meta property=\"og:image:height\" content=\"800\" \/>\n\t<meta property=\"og:image:type\" content=\"image\/jpeg\" \/>\n<meta name=\"twitter:card\" content=\"summary_large_image\" \/>\n<script type=\"application\/ld+json\" class=\"yoast-schema-graph\">{\"@context\":\"https:\/\/schema.org\",\"@graph\":[{\"@type\":\"WebPage\",\"@id\":\"https:\/\/jbsy-china.com\/product\/blockage-head\/\",\"url\":\"https:\/\/jbsy-china.com\/product\/blockage-head\/\",\"name\":\"Blockage head - Jingbang Industrial\",\"isPartOf\":{\"@id\":\"https:\/\/jbsy-china.com\/#website\"},\"primaryImageOfPage\":{\"@id\":\"https:\/\/jbsy-china.com\/product\/blockage-head\/#primaryimage\"},\"image\":{\"@id\":\"https:\/\/jbsy-china.com\/product\/blockage-head\/#primaryimage\"},\"thumbnailUrl\":\"https:\/\/jbsy-china.com\/wp-content\/uploads\/2023\/10\/46.jpg\",\"datePublished\":\"2023-10-09T07:17:14+00:00\",\"dateModified\":\"2023-12-04T08:26:26+00:00\",\"breadcrumb\":{\"@id\":\"https:\/\/jbsy-china.com\/product\/blockage-head\/#breadcrumb\"},\"inLanguage\":\"pt-PT\",\"potentialAction\":[{\"@type\":\"ReadAction\",\"target\":[\"https:\/\/jbsy-china.com\/product\/blockage-head\/\"]}]},{\"@type\":\"ImageObject\",\"inLanguage\":\"pt-PT\",\"@id\":\"https:\/\/jbsy-china.com\/product\/blockage-head\/#primaryimage\",\"url\":\"https:\/\/jbsy-china.com\/wp-content\/uploads\/2023\/10\/46.jpg\",\"contentUrl\":\"https:\/\/jbsy-china.com\/wp-content\/uploads\/2023\/10\/46.jpg\",\"width\":800,\"height\":800},{\"@type\":\"BreadcrumbList\",\"@id\":\"https:\/\/jbsy-china.com\/product\/blockage-head\/#breadcrumb\",\"itemListElement\":[{\"@type\":\"ListItem\",\"position\":1,\"name\":\"Home\",\"item\":\"https:\/\/jbsy-china.com\/\"},{\"@type\":\"ListItem\",\"position\":2,\"name\":\"Products\",\"item\":\"https:\/\/jbsy-china.com\/shop\/\"},{\"@type\":\"ListItem\",\"position\":3,\"name\":\"Blockage head\"}]},{\"@type\":\"WebSite\",\"@id\":\"https:\/\/jbsy-china.com\/#website\",\"url\":\"https:\/\/jbsy-china.com\/\",\"name\":\"Jingbang Industrial\",\"description\":\"Hardware and electronics manufacturer\",\"publisher\":{\"@id\":\"https:\/\/jbsy-china.com\/#organization\"},\"potentialAction\":[{\"@type\":\"SearchAction\",\"target\":{\"@type\":\"EntryPoint\",\"urlTemplate\":\"https:\/\/jbsy-china.com\/?s={search_term_string}\"},\"query-input\":{\"@type\":\"PropertyValueSpecification\",\"valueRequired\":true,\"valueName\":\"search_term_string\"}}],\"inLanguage\":\"pt-PT\"},{\"@type\":\"Organization\",\"@id\":\"https:\/\/jbsy-china.com\/#organization\",\"name\":\"Jingbang Industrial\",\"url\":\"https:\/\/jbsy-china.com\/\",\"logo\":{\"@type\":\"ImageObject\",\"inLanguage\":\"pt-PT\",\"@id\":\"https:\/\/jbsy-china.com\/#\/schema\/logo\/image\/\",\"url\":\"https:\/\/jbsy-china.com\/wp-content\/uploads\/2023\/11\/cropped-\u56fe\u5c42-1.png\",\"contentUrl\":\"https:\/\/jbsy-china.com\/wp-content\/uploads\/2023\/11\/cropped-\u56fe\u5c42-1.png\",\"width\":1049,\"height\":739,\"caption\":\"Jingbang Industrial\"},\"image\":{\"@id\":\"https:\/\/jbsy-china.com\/#\/schema\/logo\/image\/\"}}]}<\/script>\n<!-- \/ Yoast SEO Premium plugin. -->","yoast_head_json":{"title":"Blockage head - Jingbang Industrial","robots":{"index":"index","follow":"follow","max-snippet":"max-snippet:-1","max-image-preview":"max-image-preview:large","max-video-preview":"max-video-preview:-1"},"canonical":"https:\/\/jbsy-china.com\/pt\/produto\/blockage-head\/","og_locale":"pt_PT","og_type":"article","og_title":"Blockage head","og_description":"The plugging head is a kind of mechanical fastener, and its function is to seal. Used in water, oil, steam and other media. The plugging head plugs up the unnecessary opening in the pipeline and plays a sealing role. The plugging head of different specifications and sizes is suitable for pipelines of different diameters and thickens, and the appropriate specification size needs to be determined according to the diameter and thickness of the pipeline","og_url":"https:\/\/jbsy-china.com\/pt\/produto\/blockage-head\/","og_site_name":"Jingbang Industrial","article_modified_time":"2023-12-04T08:26:26+00:00","og_image":[{"width":800,"height":800,"url":"https:\/\/jbsy-china.com\/wp-content\/uploads\/2023\/10\/46.jpg","type":"image\/jpeg"}],"twitter_card":"summary_large_image","schema":{"@context":"https:\/\/schema.org","@graph":[{"@type":"WebPage","@id":"https:\/\/jbsy-china.com\/product\/blockage-head\/","url":"https:\/\/jbsy-china.com\/product\/blockage-head\/","name":"Blockage head - Jingbang Industrial","isPartOf":{"@id":"https:\/\/jbsy-china.com\/#website"},"primaryImageOfPage":{"@id":"https:\/\/jbsy-china.com\/product\/blockage-head\/#primaryimage"},"image":{"@id":"https:\/\/jbsy-china.com\/product\/blockage-head\/#primaryimage"},"thumbnailUrl":"https:\/\/jbsy-china.com\/wp-content\/uploads\/2023\/10\/46.jpg","datePublished":"2023-10-09T07:17:14+00:00","dateModified":"2023-12-04T08:26:26+00:00","breadcrumb":{"@id":"https:\/\/jbsy-china.com\/product\/blockage-head\/#breadcrumb"},"inLanguage":"pt-PT","potentialAction":[{"@type":"ReadAction","target":["https:\/\/jbsy-china.com\/product\/blockage-head\/"]}]},{"@type":"ImageObject","inLanguage":"pt-PT","@id":"https:\/\/jbsy-china.com\/product\/blockage-head\/#primaryimage","url":"https:\/\/jbsy-china.com\/wp-content\/uploads\/2023\/10\/46.jpg","contentUrl":"https:\/\/jbsy-china.com\/wp-content\/uploads\/2023\/10\/46.jpg","width":800,"height":800},{"@type":"BreadcrumbList","@id":"https:\/\/jbsy-china.com\/product\/blockage-head\/#breadcrumb","itemListElement":[{"@type":"ListItem","position":1,"name":"Home","item":"https:\/\/jbsy-china.com\/"},{"@type":"ListItem","position":2,"name":"Products","item":"https:\/\/jbsy-china.com\/shop\/"},{"@type":"ListItem","position":3,"name":"Blockage head"}]},{"@type":"WebSite","@id":"https:\/\/jbsy-china.com\/#website","url":"https:\/\/jbsy-china.com\/","name":"Jingbang Industrial","description":"Fabricante de hardware e eletr\u00f3nica","publisher":{"@id":"https:\/\/jbsy-china.com\/#organization"},"potentialAction":[{"@type":"SearchAction","target":{"@type":"EntryPoint","urlTemplate":"https:\/\/jbsy-china.com\/?s={search_term_string}"},"query-input":{"@type":"PropertyValueSpecification","valueRequired":true,"valueName":"search_term_string"}}],"inLanguage":"pt-PT"},{"@type":"Organization","@id":"https:\/\/jbsy-china.com\/#organization","name":"Jingbang Industrial","url":"https:\/\/jbsy-china.com\/","logo":{"@type":"ImageObject","inLanguage":"pt-PT","@id":"https:\/\/jbsy-china.com\/#\/schema\/logo\/image\/","url":"https:\/\/jbsy-china.com\/wp-content\/uploads\/2023\/11\/cropped-\u56fe\u5c42-1.png","contentUrl":"https:\/\/jbsy-china.com\/wp-content\/uploads\/2023\/11\/cropped-\u56fe\u5c42-1.png","width":1049,"height":739,"caption":"Jingbang Industrial"},"image":{"@id":"https:\/\/jbsy-china.com\/#\/schema\/logo\/image\/"}}]}},"_links":{"self":[{"href":"https:\/\/jbsy-china.com\/pt\/wp-json\/wp\/v2\/product\/25929","targetHints":{"allow":["GET"]}}],"collection":[{"href":"https:\/\/jbsy-china.com\/pt\/wp-json\/wp\/v2\/product"}],"about":[{"href":"https:\/\/jbsy-china.com\/pt\/wp-json\/wp\/v2\/types\/product"}],"replies":[{"embeddable":true,"href":"https:\/\/jbsy-china.com\/pt\/wp-json\/wp\/v2\/comments?post=25929"}],"wp:featuredmedia":[{"embeddable":true,"href":"https:\/\/jbsy-china.com\/pt\/wp-json\/wp\/v2\/media\/25890"}],"wp:attachment":[{"href":"https:\/\/jbsy-china.com\/pt\/wp-json\/wp\/v2\/media?parent=25929"}],"wp:term":[{"taxonomy":"product_brand","embeddable":true,"href":"https:\/\/jbsy-china.com\/pt\/wp-json\/wp\/v2\/product_brand?post=25929"},{"taxonomy":"product_cat","embeddable":true,"href":"https:\/\/jbsy-china.com\/pt\/wp-json\/wp\/v2\/product_cat?post=25929"},{"taxonomy":"product_tag","embeddable":true,"href":"https:\/\/jbsy-china.com\/pt\/wp-json\/wp\/v2\/product_tag?post=25929"}],"curies":[{"name":"wp","href":"https:\/\/api.w.org\/{rel}","templated":true}]}}