{"id":26056,"date":"2023-10-11T07:27:04","date_gmt":"2023-10-11T07:27:04","guid":{"rendered":"http:\/\/jbsy-china.com\/?post_type=product&#038;p=26056"},"modified":"2025-11-01T14:43:09","modified_gmt":"2025-11-01T14:43:09","slug":"edc-tools","status":"publish","type":"product","link":"https:\/\/jbsy-china.com\/pt\/produto\/edc-tools\/","title":{"rendered":"Ferramentas EDC"},"content":{"rendered":"<div class=\"ast-oembed-container\" style=\"height: 100%;\"><iframe title=\"Processamento de chapas met\u00e1licas\" width=\"500\" height=\"375\" src=\"https:\/\/www.youtube.com\/embed\/Y8F73CXwGGM?feature=oembed\" frameborder=\"0\" allow=\"accelerometer; autoplay; clipboard-write; encrypted-media; gyroscope; picture-in-picture; web-share\" referrerpolicy=\"strict-origin-when-cross-origin\" allowfullscreen><\/iframe><\/div>\n<p>&nbsp;<\/p>\n<p><img fetchpriority=\"high\" decoding=\"async\" class=\"alignnone size-full wp-image-26269\" src=\"http:\/\/jbsy-china.com\/wp-content\/uploads\/2023\/10\/EDC\u5de5\u5177\u8be6\u60c5\u9875_01.jpg\" alt=\"\" width=\"790\" height=\"1260\" srcset=\"https:\/\/jbsy-china.com\/wp-content\/uploads\/2023\/10\/EDC\u5de5\u5177\u8be6\u60c5\u9875_01.jpg 790w, https:\/\/jbsy-china.com\/wp-content\/uploads\/2023\/10\/EDC\u5de5\u5177\u8be6\u60c5\u9875_01-188x300.jpg 188w, https:\/\/jbsy-china.com\/wp-content\/uploads\/2023\/10\/EDC\u5de5\u5177\u8be6\u60c5\u9875_01-642x1024.jpg 642w, https:\/\/jbsy-china.com\/wp-content\/uploads\/2023\/10\/EDC\u5de5\u5177\u8be6\u60c5\u9875_01-768x1225.jpg 768w, https:\/\/jbsy-china.com\/wp-content\/uploads\/2023\/10\/EDC\u5de5\u5177\u8be6\u60c5\u9875_01-600x957.jpg 600w\" sizes=\"(max-width: 790px) 100vw, 790px\" \/> <img decoding=\"async\" class=\"alignnone size-full wp-image-26270\" src=\"http:\/\/jbsy-china.com\/wp-content\/uploads\/2023\/10\/EDC\u5de5\u5177\u8be6\u60c5\u9875_02.jpg\" alt=\"\" width=\"790\" height=\"580\" srcset=\"https:\/\/jbsy-china.com\/wp-content\/uploads\/2023\/10\/EDC\u5de5\u5177\u8be6\u60c5\u9875_02.jpg 790w, https:\/\/jbsy-china.com\/wp-content\/uploads\/2023\/10\/EDC\u5de5\u5177\u8be6\u60c5\u9875_02-300x220.jpg 300w, https:\/\/jbsy-china.com\/wp-content\/uploads\/2023\/10\/EDC\u5de5\u5177\u8be6\u60c5\u9875_02-768x564.jpg 768w, https:\/\/jbsy-china.com\/wp-content\/uploads\/2023\/10\/EDC\u5de5\u5177\u8be6\u60c5\u9875_02-600x441.jpg 600w\" sizes=\"(max-width: 790px) 100vw, 790px\" \/> <img decoding=\"async\" class=\"alignnone size-full wp-image-26271\" src=\"http:\/\/jbsy-china.com\/wp-content\/uploads\/2023\/10\/EDC\u5de5\u5177\u8be6\u60c5\u9875_03.jpg\" alt=\"\" width=\"790\" height=\"1160\" srcset=\"https:\/\/jbsy-china.com\/wp-content\/uploads\/2023\/10\/EDC\u5de5\u5177\u8be6\u60c5\u9875_03.jpg 790w, https:\/\/jbsy-china.com\/wp-content\/uploads\/2023\/10\/EDC\u5de5\u5177\u8be6\u60c5\u9875_03-204x300.jpg 204w, https:\/\/jbsy-china.com\/wp-content\/uploads\/2023\/10\/EDC\u5de5\u5177\u8be6\u60c5\u9875_03-697x1024.jpg 697w, https:\/\/jbsy-china.com\/wp-content\/uploads\/2023\/10\/EDC\u5de5\u5177\u8be6\u60c5\u9875_03-768x1128.jpg 768w, https:\/\/jbsy-china.com\/wp-content\/uploads\/2023\/10\/EDC\u5de5\u5177\u8be6\u60c5\u9875_03-600x881.jpg 600w\" sizes=\"(max-width: 790px) 100vw, 790px\" \/> <img loading=\"lazy\" decoding=\"async\" class=\"alignnone size-full wp-image-26272\" src=\"http:\/\/jbsy-china.com\/wp-content\/uploads\/2023\/10\/EDC\u5de5\u5177\u8be6\u60c5\u9875_04.jpg\" alt=\"\" width=\"790\" height=\"1080\" srcset=\"https:\/\/jbsy-china.com\/wp-content\/uploads\/2023\/10\/EDC\u5de5\u5177\u8be6\u60c5\u9875_04.jpg 790w, https:\/\/jbsy-china.com\/wp-content\/uploads\/2023\/10\/EDC\u5de5\u5177\u8be6\u60c5\u9875_04-219x300.jpg 219w, https:\/\/jbsy-china.com\/wp-content\/uploads\/2023\/10\/EDC\u5de5\u5177\u8be6\u60c5\u9875_04-749x1024.jpg 749w, https:\/\/jbsy-china.com\/wp-content\/uploads\/2023\/10\/EDC\u5de5\u5177\u8be6\u60c5\u9875_04-768x1050.jpg 768w, https:\/\/jbsy-china.com\/wp-content\/uploads\/2023\/10\/EDC\u5de5\u5177\u8be6\u60c5\u9875_04-600x820.jpg 600w\" sizes=\"(max-width: 790px) 100vw, 790px\" \/> <img loading=\"lazy\" decoding=\"async\" class=\"alignnone size-full wp-image-26273\" src=\"http:\/\/jbsy-china.com\/wp-content\/uploads\/2023\/10\/EDC\u5de5\u5177\u8be6\u60c5\u9875_05.jpg\" alt=\"\" width=\"790\" height=\"1090\" srcset=\"https:\/\/jbsy-china.com\/wp-content\/uploads\/2023\/10\/EDC\u5de5\u5177\u8be6\u60c5\u9875_05.jpg 790w, https:\/\/jbsy-china.com\/wp-content\/uploads\/2023\/10\/EDC\u5de5\u5177\u8be6\u60c5\u9875_05-217x300.jpg 217w, https:\/\/jbsy-china.com\/wp-content\/uploads\/2023\/10\/EDC\u5de5\u5177\u8be6\u60c5\u9875_05-742x1024.jpg 742w, https:\/\/jbsy-china.com\/wp-content\/uploads\/2023\/10\/EDC\u5de5\u5177\u8be6\u60c5\u9875_05-768x1060.jpg 768w, https:\/\/jbsy-china.com\/wp-content\/uploads\/2023\/10\/EDC\u5de5\u5177\u8be6\u60c5\u9875_05-600x828.jpg 600w\" sizes=\"(max-width: 790px) 100vw, 790px\" \/> <img loading=\"lazy\" decoding=\"async\" class=\"alignnone size-full wp-image-26274\" src=\"http:\/\/jbsy-china.com\/wp-content\/uploads\/2023\/10\/EDC\u5de5\u5177\u8be6\u60c5\u9875_06.jpg\" alt=\"\" width=\"790\" height=\"980\" srcset=\"https:\/\/jbsy-china.com\/wp-content\/uploads\/2023\/10\/EDC\u5de5\u5177\u8be6\u60c5\u9875_06.jpg 790w, https:\/\/jbsy-china.com\/wp-content\/uploads\/2023\/10\/EDC\u5de5\u5177\u8be6\u60c5\u9875_06-242x300.jpg 242w, https:\/\/jbsy-china.com\/wp-content\/uploads\/2023\/10\/EDC\u5de5\u5177\u8be6\u60c5\u9875_06-768x953.jpg 768w, https:\/\/jbsy-china.com\/wp-content\/uploads\/2023\/10\/EDC\u5de5\u5177\u8be6\u60c5\u9875_06-600x744.jpg 600w\" sizes=\"(max-width: 790px) 100vw, 790px\" \/> <img loading=\"lazy\" decoding=\"async\" class=\"alignnone size-full wp-image-26275\" src=\"http:\/\/jbsy-china.com\/wp-content\/uploads\/2023\/10\/EDC\u5de5\u5177\u8be6\u60c5\u9875_07.jpg\" alt=\"\" width=\"790\" height=\"990\" srcset=\"https:\/\/jbsy-china.com\/wp-content\/uploads\/2023\/10\/EDC\u5de5\u5177\u8be6\u60c5\u9875_07.jpg 790w, https:\/\/jbsy-china.com\/wp-content\/uploads\/2023\/10\/EDC\u5de5\u5177\u8be6\u60c5\u9875_07-239x300.jpg 239w, https:\/\/jbsy-china.com\/wp-content\/uploads\/2023\/10\/EDC\u5de5\u5177\u8be6\u60c5\u9875_07-768x962.jpg 768w, https:\/\/jbsy-china.com\/wp-content\/uploads\/2023\/10\/EDC\u5de5\u5177\u8be6\u60c5\u9875_07-600x752.jpg 600w\" sizes=\"(max-width: 790px) 100vw, 790px\" \/> <img loading=\"lazy\" decoding=\"async\" class=\"alignnone size-full wp-image-26276\" src=\"http:\/\/jbsy-china.com\/wp-content\/uploads\/2023\/10\/EDC\u5de5\u5177\u8be6\u60c5\u9875_08.jpg\" alt=\"\" width=\"790\" height=\"1000\" srcset=\"https:\/\/jbsy-china.com\/wp-content\/uploads\/2023\/10\/EDC\u5de5\u5177\u8be6\u60c5\u9875_08.jpg 790w, https:\/\/jbsy-china.com\/wp-content\/uploads\/2023\/10\/EDC\u5de5\u5177\u8be6\u60c5\u9875_08-237x300.jpg 237w, https:\/\/jbsy-china.com\/wp-content\/uploads\/2023\/10\/EDC\u5de5\u5177\u8be6\u60c5\u9875_08-768x972.jpg 768w, https:\/\/jbsy-china.com\/wp-content\/uploads\/2023\/10\/EDC\u5de5\u5177\u8be6\u60c5\u9875_08-600x759.jpg 600w\" sizes=\"(max-width: 790px) 100vw, 790px\" \/><\/p>","protected":false},"excerpt":{"rendered":"<p>As ferramentas EDC podem combinar v\u00e1rias fun\u00e7\u00f5es, tais como chaves inglesas, abre-garrafas, cabides, fechos de seguran\u00e7a, removedores de agrafos, etc. S\u00e3o ferramentas pr\u00e1ticas no trabalho e na vida quotidiana, no trabalho, nos tempos livres e nas desloca\u00e7\u00f5es a casa. Pode ser utilizado para auto-resgate ou salvamento quando se depara com gangsters, estat\u00edsticas meteorol\u00f3gicas e cat\u00e1strofes naturais. \u00c9 tamb\u00e9m um produto de autodefesa indispens\u00e1vel quando se participa em actividades de campismo ao ar livre e na condu\u00e7\u00e3o<\/p>","protected":false},"featured_media":26008,"comment_status":"open","ping_status":"closed","template":"","meta":{"site-sidebar-layout":"no-sidebar","site-content-layout":"","ast-site-content-layout":"default","site-content-style":"default","site-sidebar-style":"default","ast-global-header-display":"","ast-banner-title-visibility":"","ast-main-header-display":"","ast-hfb-above-header-display":"","ast-hfb-below-header-display":"","ast-hfb-mobile-header-display":"","site-post-title":"","ast-breadcrumbs-content":"","ast-featured-img":"","footer-sml-layout":"","ast-disable-related-posts":"","theme-transparent-header-meta":"default","adv-header-id-meta":"","stick-header-meta":"","header-above-stick-meta":"","header-main-stick-meta":"","header-below-stick-meta":"","astra-migrate-meta-layouts":"set","ast-page-background-enabled":"default","ast-page-background-meta":{"desktop":{"background-color":"var(--ast-global-color-4)","background-image":"","background-repeat":"repeat","background-position":"center center","background-size":"auto","background-attachment":"scroll","background-type":"","background-media":"","overlay-type":"","overlay-color":"","overlay-opacity":"","overlay-gradient":""},"tablet":{"background-color":"","background-image":"","background-repeat":"repeat","background-position":"center center","background-size":"auto","background-attachment":"scroll","background-type":"","background-media":"","overlay-type":"","overlay-color":"","overlay-opacity":"","overlay-gradient":""},"mobile":{"background-color":"","background-image":"","background-repeat":"repeat","background-position":"center center","background-size":"auto","background-attachment":"scroll","background-type":"","background-media":"","overlay-type":"","overlay-color":"","overlay-opacity":"","overlay-gradient":""}},"ast-content-background-meta":{"desktop":{"background-color":"var(--ast-global-color-5)","background-image":"","background-repeat":"repeat","background-position":"center center","background-size":"auto","background-attachment":"scroll","background-type":"","background-media":"","overlay-type":"","overlay-color":"","overlay-opacity":"","overlay-gradient":""},"tablet":{"background-color":"var(--ast-global-color-5)","background-image":"","background-repeat":"repeat","background-position":"center center","background-size":"auto","background-attachment":"scroll","background-type":"","background-media":"","overlay-type":"","overlay-color":"","overlay-opacity":"","overlay-gradient":""},"mobile":{"background-color":"var(--ast-global-color-5)","background-image":"","background-repeat":"repeat","background-position":"center center","background-size":"auto","background-attachment":"scroll","background-type":"","background-media":"","overlay-type":"","overlay-color":"","overlay-opacity":"","overlay-gradient":""}},"_themeisle_gutenberg_block_has_review":false,"_ti_tpc_template_sync":false,"_ti_tpc_template_id":""},"product_brand":[],"product_cat":[364],"product_tag":[367,369,365,370,371,368],"class_list":{"0":"post-26056","1":"product","2":"type-product","3":"status-publish","4":"has-post-thumbnail","6":"product_cat-sheet-metal-processing-parts","7":"product_tag-bottle-opener","8":"product_tag-buckle","9":"product_tag-edc-tools","10":"product_tag-nail-puller","11":"product_tag-sheet-metal-customization","12":"product_tag-wrench","13":"desktop-align-left","14":"tablet-align-left","15":"mobile-align-left","16":"ast-product-gallery-layout-horizontal-slider","17":"ast-product-tabs-layout-horizontal","18":"ast-qv-on-image","20":"first","21":"instock","22":"shipping-taxable","23":"purchasable","24":"product-type-simple"},"yoast_head":"<!-- This site is optimized with the Yoast SEO Premium plugin v21.7 (Yoast SEO v25.7) - https:\/\/yoast.com\/wordpress\/plugins\/seo\/ -->\n<title>EDC tools - Jingbang Industrial<\/title>\n<meta name=\"robots\" content=\"index, follow, max-snippet:-1, max-image-preview:large, max-video-preview:-1\" \/>\n<link rel=\"canonical\" href=\"https:\/\/jbsy-china.com\/pt\/produto\/edc-tools\/\" \/>\n<meta property=\"og:locale\" content=\"pt_PT\" \/>\n<meta property=\"og:type\" content=\"article\" \/>\n<meta property=\"og:title\" content=\"EDC tools\" \/>\n<meta property=\"og:description\" content=\"EDC tools can combine multiple functions, such as wrenches, bottle openers, hangers, safety locks, staple removers, etc. They are practical tools in daily work and life, work, leisure and home travel. It can be used for self-rescue or rescue when encountering gangsters, weather statistics and natural disasters. It is also an indispensable self-defense product when participating in camping outdoor activities and driving\" \/>\n<meta property=\"og:url\" content=\"https:\/\/jbsy-china.com\/pt\/produto\/edc-tools\/\" \/>\n<meta property=\"og:site_name\" content=\"Jingbang Industrial\" \/>\n<meta property=\"article:modified_time\" content=\"2025-11-01T14:43:09+00:00\" \/>\n<meta property=\"og:image\" content=\"https:\/\/jbsy-china.com\/wp-content\/uploads\/2023\/10\/\u5de5\u51774-3.jpg\" \/>\n\t<meta property=\"og:image:width\" content=\"800\" \/>\n\t<meta property=\"og:image:height\" content=\"800\" \/>\n\t<meta property=\"og:image:type\" content=\"image\/jpeg\" \/>\n<meta name=\"twitter:card\" content=\"summary_large_image\" \/>\n<script type=\"application\/ld+json\" class=\"yoast-schema-graph\">{\"@context\":\"https:\/\/schema.org\",\"@graph\":[{\"@type\":\"WebPage\",\"@id\":\"https:\/\/jbsy-china.com\/product\/edc-tools\/\",\"url\":\"https:\/\/jbsy-china.com\/product\/edc-tools\/\",\"name\":\"EDC tools - Jingbang Industrial\",\"isPartOf\":{\"@id\":\"https:\/\/jbsy-china.com\/#website\"},\"primaryImageOfPage\":{\"@id\":\"https:\/\/jbsy-china.com\/product\/edc-tools\/#primaryimage\"},\"image\":{\"@id\":\"https:\/\/jbsy-china.com\/product\/edc-tools\/#primaryimage\"},\"thumbnailUrl\":\"https:\/\/jbsy-china.com\/wp-content\/uploads\/2023\/10\/\u5de5\u51774-3.jpg\",\"datePublished\":\"2023-10-11T07:27:04+00:00\",\"dateModified\":\"2025-11-01T14:43:09+00:00\",\"breadcrumb\":{\"@id\":\"https:\/\/jbsy-china.com\/product\/edc-tools\/#breadcrumb\"},\"inLanguage\":\"pt-PT\",\"potentialAction\":[{\"@type\":\"ReadAction\",\"target\":[\"https:\/\/jbsy-china.com\/product\/edc-tools\/\"]}]},{\"@type\":\"ImageObject\",\"inLanguage\":\"pt-PT\",\"@id\":\"https:\/\/jbsy-china.com\/product\/edc-tools\/#primaryimage\",\"url\":\"https:\/\/jbsy-china.com\/wp-content\/uploads\/2023\/10\/\u5de5\u51774-3.jpg\",\"contentUrl\":\"https:\/\/jbsy-china.com\/wp-content\/uploads\/2023\/10\/\u5de5\u51774-3.jpg\",\"width\":800,\"height\":800},{\"@type\":\"BreadcrumbList\",\"@id\":\"https:\/\/jbsy-china.com\/product\/edc-tools\/#breadcrumb\",\"itemListElement\":[{\"@type\":\"ListItem\",\"position\":1,\"name\":\"Home\",\"item\":\"https:\/\/jbsy-china.com\/\"},{\"@type\":\"ListItem\",\"position\":2,\"name\":\"Products\",\"item\":\"https:\/\/jbsy-china.com\/shop\/\"},{\"@type\":\"ListItem\",\"position\":3,\"name\":\"EDC tools\"}]},{\"@type\":\"WebSite\",\"@id\":\"https:\/\/jbsy-china.com\/#website\",\"url\":\"https:\/\/jbsy-china.com\/\",\"name\":\"Jingbang Industrial\",\"description\":\"Hardware and electronics manufacturer\",\"publisher\":{\"@id\":\"https:\/\/jbsy-china.com\/#organization\"},\"potentialAction\":[{\"@type\":\"SearchAction\",\"target\":{\"@type\":\"EntryPoint\",\"urlTemplate\":\"https:\/\/jbsy-china.com\/?s={search_term_string}\"},\"query-input\":{\"@type\":\"PropertyValueSpecification\",\"valueRequired\":true,\"valueName\":\"search_term_string\"}}],\"inLanguage\":\"pt-PT\"},{\"@type\":\"Organization\",\"@id\":\"https:\/\/jbsy-china.com\/#organization\",\"name\":\"Jingbang Industrial\",\"url\":\"https:\/\/jbsy-china.com\/\",\"logo\":{\"@type\":\"ImageObject\",\"inLanguage\":\"pt-PT\",\"@id\":\"https:\/\/jbsy-china.com\/#\/schema\/logo\/image\/\",\"url\":\"https:\/\/jbsy-china.com\/wp-content\/uploads\/2023\/11\/cropped-\u56fe\u5c42-1.png\",\"contentUrl\":\"https:\/\/jbsy-china.com\/wp-content\/uploads\/2023\/11\/cropped-\u56fe\u5c42-1.png\",\"width\":1049,\"height\":739,\"caption\":\"Jingbang Industrial\"},\"image\":{\"@id\":\"https:\/\/jbsy-china.com\/#\/schema\/logo\/image\/\"}}]}<\/script>\n<!-- \/ Yoast SEO Premium plugin. -->","yoast_head_json":{"title":"EDC tools - Jingbang Industrial","robots":{"index":"index","follow":"follow","max-snippet":"max-snippet:-1","max-image-preview":"max-image-preview:large","max-video-preview":"max-video-preview:-1"},"canonical":"https:\/\/jbsy-china.com\/pt\/produto\/edc-tools\/","og_locale":"pt_PT","og_type":"article","og_title":"EDC tools","og_description":"EDC tools can combine multiple functions, such as wrenches, bottle openers, hangers, safety locks, staple removers, etc. They are practical tools in daily work and life, work, leisure and home travel. It can be used for self-rescue or rescue when encountering gangsters, weather statistics and natural disasters. It is also an indispensable self-defense product when participating in camping outdoor activities and driving","og_url":"https:\/\/jbsy-china.com\/pt\/produto\/edc-tools\/","og_site_name":"Jingbang Industrial","article_modified_time":"2025-11-01T14:43:09+00:00","og_image":[{"width":800,"height":800,"url":"https:\/\/jbsy-china.com\/wp-content\/uploads\/2023\/10\/\u5de5\u51774-3.jpg","type":"image\/jpeg"}],"twitter_card":"summary_large_image","schema":{"@context":"https:\/\/schema.org","@graph":[{"@type":"WebPage","@id":"https:\/\/jbsy-china.com\/product\/edc-tools\/","url":"https:\/\/jbsy-china.com\/product\/edc-tools\/","name":"EDC tools - Jingbang Industrial","isPartOf":{"@id":"https:\/\/jbsy-china.com\/#website"},"primaryImageOfPage":{"@id":"https:\/\/jbsy-china.com\/product\/edc-tools\/#primaryimage"},"image":{"@id":"https:\/\/jbsy-china.com\/product\/edc-tools\/#primaryimage"},"thumbnailUrl":"https:\/\/jbsy-china.com\/wp-content\/uploads\/2023\/10\/\u5de5\u51774-3.jpg","datePublished":"2023-10-11T07:27:04+00:00","dateModified":"2025-11-01T14:43:09+00:00","breadcrumb":{"@id":"https:\/\/jbsy-china.com\/product\/edc-tools\/#breadcrumb"},"inLanguage":"pt-PT","potentialAction":[{"@type":"ReadAction","target":["https:\/\/jbsy-china.com\/product\/edc-tools\/"]}]},{"@type":"ImageObject","inLanguage":"pt-PT","@id":"https:\/\/jbsy-china.com\/product\/edc-tools\/#primaryimage","url":"https:\/\/jbsy-china.com\/wp-content\/uploads\/2023\/10\/\u5de5\u51774-3.jpg","contentUrl":"https:\/\/jbsy-china.com\/wp-content\/uploads\/2023\/10\/\u5de5\u51774-3.jpg","width":800,"height":800},{"@type":"BreadcrumbList","@id":"https:\/\/jbsy-china.com\/product\/edc-tools\/#breadcrumb","itemListElement":[{"@type":"ListItem","position":1,"name":"Home","item":"https:\/\/jbsy-china.com\/"},{"@type":"ListItem","position":2,"name":"Products","item":"https:\/\/jbsy-china.com\/shop\/"},{"@type":"ListItem","position":3,"name":"EDC tools"}]},{"@type":"WebSite","@id":"https:\/\/jbsy-china.com\/#website","url":"https:\/\/jbsy-china.com\/","name":"Jingbang Industrial","description":"Fabricante de hardware e eletr\u00f3nica","publisher":{"@id":"https:\/\/jbsy-china.com\/#organization"},"potentialAction":[{"@type":"SearchAction","target":{"@type":"EntryPoint","urlTemplate":"https:\/\/jbsy-china.com\/?s={search_term_string}"},"query-input":{"@type":"PropertyValueSpecification","valueRequired":true,"valueName":"search_term_string"}}],"inLanguage":"pt-PT"},{"@type":"Organization","@id":"https:\/\/jbsy-china.com\/#organization","name":"Jingbang Industrial","url":"https:\/\/jbsy-china.com\/","logo":{"@type":"ImageObject","inLanguage":"pt-PT","@id":"https:\/\/jbsy-china.com\/#\/schema\/logo\/image\/","url":"https:\/\/jbsy-china.com\/wp-content\/uploads\/2023\/11\/cropped-\u56fe\u5c42-1.png","contentUrl":"https:\/\/jbsy-china.com\/wp-content\/uploads\/2023\/11\/cropped-\u56fe\u5c42-1.png","width":1049,"height":739,"caption":"Jingbang Industrial"},"image":{"@id":"https:\/\/jbsy-china.com\/#\/schema\/logo\/image\/"}}]}},"_links":{"self":[{"href":"https:\/\/jbsy-china.com\/pt\/wp-json\/wp\/v2\/product\/26056","targetHints":{"allow":["GET"]}}],"collection":[{"href":"https:\/\/jbsy-china.com\/pt\/wp-json\/wp\/v2\/product"}],"about":[{"href":"https:\/\/jbsy-china.com\/pt\/wp-json\/wp\/v2\/types\/product"}],"replies":[{"embeddable":true,"href":"https:\/\/jbsy-china.com\/pt\/wp-json\/wp\/v2\/comments?post=26056"}],"wp:featuredmedia":[{"embeddable":true,"href":"https:\/\/jbsy-china.com\/pt\/wp-json\/wp\/v2\/media\/26008"}],"wp:attachment":[{"href":"https:\/\/jbsy-china.com\/pt\/wp-json\/wp\/v2\/media?parent=26056"}],"wp:term":[{"taxonomy":"product_brand","embeddable":true,"href":"https:\/\/jbsy-china.com\/pt\/wp-json\/wp\/v2\/product_brand?post=26056"},{"taxonomy":"product_cat","embeddable":true,"href":"https:\/\/jbsy-china.com\/pt\/wp-json\/wp\/v2\/product_cat?post=26056"},{"taxonomy":"product_tag","embeddable":true,"href":"https:\/\/jbsy-china.com\/pt\/wp-json\/wp\/v2\/product_tag?post=26056"}],"curies":[{"name":"wp","href":"https:\/\/api.w.org\/{rel}","templated":true}]}}