{"id":26068,"date":"2023-10-11T07:54:41","date_gmt":"2023-10-11T07:54:41","guid":{"rendered":"http:\/\/jbsy-china.com\/?post_type=product&#038;p=26068"},"modified":"2023-10-17T08:22:07","modified_gmt":"2023-10-17T08:22:07","slug":"solar-panel-roof-top-hook","status":"publish","type":"product","link":"https:\/\/jbsy-china.com\/pt\/produto\/solar-panel-roof-top-hook\/","title":{"rendered":"Gancho para pain\u00e9is solares no telhado"},"content":{"rendered":"<div class=\"ast-oembed-container\" style=\"height: 100%;\"><iframe title=\"Gancho para instala\u00e7\u00e3o de pain\u00e9is solares no telhado\" width=\"500\" height=\"281\" src=\"https:\/\/www.youtube.com\/embed\/ILng4PDel_0?feature=oembed\" frameborder=\"0\" allow=\"accelerometer; autoplay; clipboard-write; encrypted-media; gyroscope; picture-in-picture; web-share\" referrerpolicy=\"strict-origin-when-cross-origin\" allowfullscreen><\/iframe><\/div>\n<p>&nbsp;<\/p>\n<p><img fetchpriority=\"high\" decoding=\"async\" class=\"alignnone size-full wp-image-26331\" src=\"http:\/\/jbsy-china.com\/wp-content\/uploads\/2023\/10\/\u592a\u9633\u80fd\u7535\u6c60\u677f\u914d\u4ef6_01.jpg\" alt=\"\" width=\"750\" height=\"1342\" srcset=\"https:\/\/jbsy-china.com\/wp-content\/uploads\/2023\/10\/\u592a\u9633\u80fd\u7535\u6c60\u677f\u914d\u4ef6_01.jpg 750w, https:\/\/jbsy-china.com\/wp-content\/uploads\/2023\/10\/\u592a\u9633\u80fd\u7535\u6c60\u677f\u914d\u4ef6_01-168x300.jpg 168w, https:\/\/jbsy-china.com\/wp-content\/uploads\/2023\/10\/\u592a\u9633\u80fd\u7535\u6c60\u677f\u914d\u4ef6_01-572x1024.jpg 572w, https:\/\/jbsy-china.com\/wp-content\/uploads\/2023\/10\/\u592a\u9633\u80fd\u7535\u6c60\u677f\u914d\u4ef6_01-600x1074.jpg 600w\" sizes=\"(max-width: 750px) 100vw, 750px\" \/> <img decoding=\"async\" class=\"alignnone size-full wp-image-26332\" src=\"http:\/\/jbsy-china.com\/wp-content\/uploads\/2023\/10\/\u592a\u9633\u80fd\u7535\u6c60\u677f\u914d\u4ef6_02.jpg\" alt=\"\" width=\"750\" height=\"586\" srcset=\"https:\/\/jbsy-china.com\/wp-content\/uploads\/2023\/10\/\u592a\u9633\u80fd\u7535\u6c60\u677f\u914d\u4ef6_02.jpg 750w, https:\/\/jbsy-china.com\/wp-content\/uploads\/2023\/10\/\u592a\u9633\u80fd\u7535\u6c60\u677f\u914d\u4ef6_02-300x234.jpg 300w, https:\/\/jbsy-china.com\/wp-content\/uploads\/2023\/10\/\u592a\u9633\u80fd\u7535\u6c60\u677f\u914d\u4ef6_02-600x469.jpg 600w\" sizes=\"(max-width: 750px) 100vw, 750px\" \/><\/p>\n<p>O <a href=\"https:\/\/szjingbang.en.alibaba.com\/productgrouplist-931934664\/Solar_panel_hook.html\" target=\"_blank\" rel=\"noopener\" data-mini-site-url=\"https:\/\/szjingbang.en.alibaba.com\/productgrouplist-931934664\/Solar_panel_hook.html\"><b>gancho para painel solar<\/b><\/a> pode ser utilizado para garantir a posi\u00e7\u00e3o de instala\u00e7\u00e3o e a atitude do suporte solar.<\/p>\n<p>Podem ser fixados diretamente no suporte solar e utilizados para o ligar ao suporte solar, que pode<\/p>\n<p>garantir estabilidade e fiabilidade a longo prazo<\/p>\n<p><img decoding=\"async\" class=\"alignnone size-full wp-image-26333\" src=\"http:\/\/jbsy-china.com\/wp-content\/uploads\/2023\/10\/\u592a\u9633\u80fd\u7535\u6c60\u677f\u914d\u4ef6_04.jpg\" alt=\"\" width=\"750\" height=\"598\" srcset=\"https:\/\/jbsy-china.com\/wp-content\/uploads\/2023\/10\/\u592a\u9633\u80fd\u7535\u6c60\u677f\u914d\u4ef6_04.jpg 750w, https:\/\/jbsy-china.com\/wp-content\/uploads\/2023\/10\/\u592a\u9633\u80fd\u7535\u6c60\u677f\u914d\u4ef6_04-300x239.jpg 300w, https:\/\/jbsy-china.com\/wp-content\/uploads\/2023\/10\/\u592a\u9633\u80fd\u7535\u6c60\u677f\u914d\u4ef6_04-600x478.jpg 600w\" sizes=\"(max-width: 750px) 100vw, 750px\" \/><\/p>\n<p>Como parte importante da central de energia solar, o <b><a href=\"https:\/\/szjingbang.en.alibaba.com\/productgrouplist-932851893\/Solar_panel_bracket.html\" target=\"_blank\" rel=\"noopener\" data-mini-site-url=\"https:\/\/szjingbang.en.alibaba.com\/productgrouplist-932851893\/Solar_panel_bracket.html\">suporte de painel solar<\/a><\/b> transporta a produ\u00e7\u00e3o de eletricidade<\/p>\n<p>corpo da central de energia solar. A escolha do suporte afecta diretamente a seguran\u00e7a de funcionamento, a taxa de danos<\/p>\n<p>e o investimento na constru\u00e7\u00e3o de m\u00f3dulos solares. A escolha do suporte solar correto pode n\u00e3o s\u00f3 reduzir o<\/p>\n<p>custo do projeto, mas tamb\u00e9m reduzir o custo de manuten\u00e7\u00e3o na fase posterior<\/p>\n<p><img loading=\"lazy\" decoding=\"async\" class=\"alignnone size-full wp-image-26334\" src=\"http:\/\/jbsy-china.com\/wp-content\/uploads\/2023\/10\/\u592a\u9633\u80fd\u7535\u6c60\u677f\u914d\u4ef6_06.jpg\" alt=\"\" width=\"750\" height=\"585\" srcset=\"https:\/\/jbsy-china.com\/wp-content\/uploads\/2023\/10\/\u592a\u9633\u80fd\u7535\u6c60\u677f\u914d\u4ef6_06.jpg 750w, https:\/\/jbsy-china.com\/wp-content\/uploads\/2023\/10\/\u592a\u9633\u80fd\u7535\u6c60\u677f\u914d\u4ef6_06-300x234.jpg 300w, https:\/\/jbsy-china.com\/wp-content\/uploads\/2023\/10\/\u592a\u9633\u80fd\u7535\u6c60\u677f\u914d\u4ef6_06-600x468.jpg 600w\" sizes=\"(max-width: 750px) 100vw, 750px\" \/><\/p>\n<p><b><a href=\"https:\/\/szjingbang.en.alibaba.com\/productgrouplist-931925070\/Solar_panel_rails.html\" target=\"_blank\" rel=\"noopener\" data-mini-site-url=\"https:\/\/szjingbang.en.alibaba.com\/productgrouplist-931925070\/Solar_panel_rails.html\">Calha de painel solar<\/a><\/b> \u00e9 uma estrutura de suporte para pain\u00e9is solares, que pode fixar pain\u00e9is solares e instal\u00e1-los no telhado<\/p>\n<p>ou no solo, estrutura simples, f\u00e1cil instala\u00e7\u00e3o, adequado para v\u00e1rios tipos de pain\u00e9is solares<\/p>\n<p><img loading=\"lazy\" decoding=\"async\" class=\"alignnone size-full wp-image-26335\" src=\"http:\/\/jbsy-china.com\/wp-content\/uploads\/2023\/10\/\u592a\u9633\u80fd\u7535\u6c60\u677f\u914d\u4ef6_08.jpg\" alt=\"\" width=\"750\" height=\"599\" srcset=\"https:\/\/jbsy-china.com\/wp-content\/uploads\/2023\/10\/\u592a\u9633\u80fd\u7535\u6c60\u677f\u914d\u4ef6_08.jpg 750w, https:\/\/jbsy-china.com\/wp-content\/uploads\/2023\/10\/\u592a\u9633\u80fd\u7535\u6c60\u677f\u914d\u4ef6_08-300x240.jpg 300w, https:\/\/jbsy-china.com\/wp-content\/uploads\/2023\/10\/\u592a\u9633\u80fd\u7535\u6c60\u677f\u914d\u4ef6_08-600x479.jpg 600w\" sizes=\"(max-width: 750px) 100vw, 750px\" \/><\/p>\n<p>O <a href=\"https:\/\/szjingbang.en.alibaba.com\/productgrouplist-932405021\/Solar_Roof_Mount_Clamp.html\" target=\"_blank\" rel=\"noopener\" data-mini-site-url=\"https:\/\/szjingbang.en.alibaba.com\/productgrouplist-932405021\/Solar_Roof_Mount_Clamp.html\"><b>bra\u00e7adeira de painel solar<\/b><\/a> \u00e9 utilizado principalmente para fixar a posi\u00e7\u00e3o e o \u00e2ngulo do painel solar. A bra\u00e7adeira para painel solar<\/p>\n<p>tem uma forte ader\u00eancia e estabilidade, o que pode efetivamente impedir que o painel solar se mova ou incline, de modo a<\/p>\n<p>assegurar o funcionamento est\u00e1vel de todo o sistema solar<\/p>\n<p><img loading=\"lazy\" decoding=\"async\" class=\"alignnone size-full wp-image-26336\" src=\"http:\/\/jbsy-china.com\/wp-content\/uploads\/2023\/10\/\u592a\u9633\u80fd\u7535\u6c60\u677f\u914d\u4ef6_10.jpg\" alt=\"\" width=\"750\" height=\"732\" srcset=\"https:\/\/jbsy-china.com\/wp-content\/uploads\/2023\/10\/\u592a\u9633\u80fd\u7535\u6c60\u677f\u914d\u4ef6_10.jpg 750w, https:\/\/jbsy-china.com\/wp-content\/uploads\/2023\/10\/\u592a\u9633\u80fd\u7535\u6c60\u677f\u914d\u4ef6_10-300x293.jpg 300w, https:\/\/jbsy-china.com\/wp-content\/uploads\/2023\/10\/\u592a\u9633\u80fd\u7535\u6c60\u677f\u914d\u4ef6_10-600x586.jpg 600w\" sizes=\"(max-width: 750px) 100vw, 750px\" \/><\/p>\n<p>Os cen\u00e1rios de aplica\u00e7\u00e3o dos pain\u00e9is solares s\u00e3o frequentemente locais com poucas pessoas, como desertos e prados,<\/p>\n<p>superf\u00edcies de \u00e1gua, etc. Por conseguinte, para a instala\u00e7\u00e3o de m\u00f3dulos solares, existem tamb\u00e9m requisitos como<\/p>\n<p>antirroubo e anti-corros\u00e3o. Uma vez que os componentes das centrais solares s\u00e3o todos valiosos, \u00e9 f\u00e1cil<\/p>\n<p>para serem frequentados por ladr\u00f5es. Os componentes de instala\u00e7\u00e3o, suportes, cabos, fios de cobre, etc. s\u00e3o todos cuidados fundamentais<\/p>\n<p>objectos. Utilizar <b><a href=\"https:\/\/szjingbang.en.alibaba.com\/product\/1600907839900-927465617\/M5_M6_M8_M9_M10_M12_1_4_20_5_16_18_3_8_16_Stainless_Steel_Safety_Nut_Tamper_Proof_Nut_Factory_Outlet_Free_Sample.html\" target=\"_blank\" rel=\"noopener\" data-mini-site-url=\"https:\/\/szjingbang.en.alibaba.com\/product\/1600907839900-927465617\/M5_M6_M8_M9_M10_M12_1_4_20_5_16_18_3_8_16_Stainless_Steel_Safety_Nut_Tamper_Proof_Nut_Factory_Outlet_Free_Sample.html\">Fixadores antirroubo<\/a><\/b> para instalar m\u00f3dulos solares pode aumentar a dificuldade de roubo. Efetivamente<\/p>\n<p>resolver o problema de os ladr\u00f5es serem f\u00e1ceis de desmontar e evitar perdas de propriedade<\/p>\n<p><img loading=\"lazy\" decoding=\"async\" class=\"alignnone size-full wp-image-26337\" src=\"http:\/\/jbsy-china.com\/wp-content\/uploads\/2023\/10\/\u592a\u9633\u80fd\u7535\u6c60\u677f\u914d\u4ef6_12.jpg\" alt=\"\" width=\"750\" height=\"595\" srcset=\"https:\/\/jbsy-china.com\/wp-content\/uploads\/2023\/10\/\u592a\u9633\u80fd\u7535\u6c60\u677f\u914d\u4ef6_12.jpg 750w, https:\/\/jbsy-china.com\/wp-content\/uploads\/2023\/10\/\u592a\u9633\u80fd\u7535\u6c60\u677f\u914d\u4ef6_12-300x238.jpg 300w, https:\/\/jbsy-china.com\/wp-content\/uploads\/2023\/10\/\u592a\u9633\u80fd\u7535\u6c60\u677f\u914d\u4ef6_12-600x476.jpg 600w\" sizes=\"(max-width: 750px) 100vw, 750px\" \/> <img loading=\"lazy\" decoding=\"async\" class=\"alignnone size-full wp-image-26338\" src=\"http:\/\/jbsy-china.com\/wp-content\/uploads\/2023\/10\/\u592a\u9633\u80fd\u7535\u6c60\u677f\u914d\u4ef6_13.jpg\" alt=\"\" width=\"750\" height=\"590\" srcset=\"https:\/\/jbsy-china.com\/wp-content\/uploads\/2023\/10\/\u592a\u9633\u80fd\u7535\u6c60\u677f\u914d\u4ef6_13.jpg 750w, https:\/\/jbsy-china.com\/wp-content\/uploads\/2023\/10\/\u592a\u9633\u80fd\u7535\u6c60\u677f\u914d\u4ef6_13-300x236.jpg 300w, https:\/\/jbsy-china.com\/wp-content\/uploads\/2023\/10\/\u592a\u9633\u80fd\u7535\u6c60\u677f\u914d\u4ef6_13-600x472.jpg 600w\" sizes=\"(max-width: 750px) 100vw, 750px\" \/> <img loading=\"lazy\" decoding=\"async\" class=\"alignnone size-full wp-image-26339\" src=\"http:\/\/jbsy-china.com\/wp-content\/uploads\/2023\/10\/\u592a\u9633\u80fd\u7535\u6c60\u677f\u914d\u4ef6_14.jpg\" alt=\"\" width=\"750\" height=\"560\" srcset=\"https:\/\/jbsy-china.com\/wp-content\/uploads\/2023\/10\/\u592a\u9633\u80fd\u7535\u6c60\u677f\u914d\u4ef6_14.jpg 750w, https:\/\/jbsy-china.com\/wp-content\/uploads\/2023\/10\/\u592a\u9633\u80fd\u7535\u6c60\u677f\u914d\u4ef6_14-300x224.jpg 300w, https:\/\/jbsy-china.com\/wp-content\/uploads\/2023\/10\/\u592a\u9633\u80fd\u7535\u6c60\u677f\u914d\u4ef6_14-600x448.jpg 600w\" sizes=\"(max-width: 750px) 100vw, 750px\" \/> <img loading=\"lazy\" decoding=\"async\" class=\"alignnone size-full wp-image-26340\" src=\"http:\/\/jbsy-china.com\/wp-content\/uploads\/2023\/10\/\u592a\u9633\u80fd\u7535\u6c60\u677f\u914d\u4ef6_15.jpg\" alt=\"\" width=\"750\" height=\"560\" srcset=\"https:\/\/jbsy-china.com\/wp-content\/uploads\/2023\/10\/\u592a\u9633\u80fd\u7535\u6c60\u677f\u914d\u4ef6_15.jpg 750w, https:\/\/jbsy-china.com\/wp-content\/uploads\/2023\/10\/\u592a\u9633\u80fd\u7535\u6c60\u677f\u914d\u4ef6_15-300x224.jpg 300w, https:\/\/jbsy-china.com\/wp-content\/uploads\/2023\/10\/\u592a\u9633\u80fd\u7535\u6c60\u677f\u914d\u4ef6_15-600x448.jpg 600w\" sizes=\"(max-width: 750px) 100vw, 750px\" \/> <img loading=\"lazy\" decoding=\"async\" class=\"alignnone size-full wp-image-26341\" src=\"http:\/\/jbsy-china.com\/wp-content\/uploads\/2023\/10\/\u592a\u9633\u80fd\u7535\u6c60\u677f\u914d\u4ef6_16.jpg\" alt=\"\" width=\"750\" height=\"642\" srcset=\"https:\/\/jbsy-china.com\/wp-content\/uploads\/2023\/10\/\u592a\u9633\u80fd\u7535\u6c60\u677f\u914d\u4ef6_16.jpg 750w, https:\/\/jbsy-china.com\/wp-content\/uploads\/2023\/10\/\u592a\u9633\u80fd\u7535\u6c60\u677f\u914d\u4ef6_16-300x257.jpg 300w, https:\/\/jbsy-china.com\/wp-content\/uploads\/2023\/10\/\u592a\u9633\u80fd\u7535\u6c60\u677f\u914d\u4ef6_16-600x514.jpg 600w\" sizes=\"(max-width: 750px) 100vw, 750px\" \/><\/p>","protected":false},"excerpt":{"rendered":"<p>O gancho para painel solar pode ser utilizado para garantir a posi\u00e7\u00e3o de instala\u00e7\u00e3o e a atitude do suporte solar. Podem ser fixados diretamente no suporte solar e utilizados para o ligar ao suporte solar, o que pode garantir estabilidade e fiabilidade a longo prazo<\/p>","protected":false},"featured_media":26329,"comment_status":"closed","ping_status":"closed","template":"","meta":{"site-sidebar-layout":"no-sidebar","site-content-layout":"","ast-site-content-layout":"default","site-content-style":"default","site-sidebar-style":"default","ast-global-header-display":"","ast-banner-title-visibility":"","ast-main-header-display":"","ast-hfb-above-header-display":"","ast-hfb-below-header-display":"","ast-hfb-mobile-header-display":"","site-post-title":"","ast-breadcrumbs-content":"","ast-featured-img":"","footer-sml-layout":"","ast-disable-related-posts":"","theme-transparent-header-meta":"default","adv-header-id-meta":"","stick-header-meta":"","header-above-stick-meta":"","header-main-stick-meta":"","header-below-stick-meta":"","astra-migrate-meta-layouts":"set","ast-page-background-enabled":"default","ast-page-background-meta":{"desktop":{"background-color":"var(--ast-global-color-4)","background-image":"","background-repeat":"repeat","background-position":"center center","background-size":"auto","background-attachment":"scroll","background-type":"","background-media":"","overlay-type":"","overlay-color":"","overlay-opacity":"","overlay-gradient":""},"tablet":{"background-color":"","background-image":"","background-repeat":"repeat","background-position":"center center","background-size":"auto","background-attachment":"scroll","background-type":"","background-media":"","overlay-type":"","overlay-color":"","overlay-opacity":"","overlay-gradient":""},"mobile":{"background-color":"","background-image":"","background-repeat":"repeat","background-position":"center center","background-size":"auto","background-attachment":"scroll","background-type":"","background-media":"","overlay-type":"","overlay-color":"","overlay-opacity":"","overlay-gradient":""}},"ast-content-background-meta":{"desktop":{"background-color":"var(--ast-global-color-5)","background-image":"","background-repeat":"repeat","background-position":"center center","background-size":"auto","background-attachment":"scroll","background-type":"","background-media":"","overlay-type":"","overlay-color":"","overlay-opacity":"","overlay-gradient":""},"tablet":{"background-color":"var(--ast-global-color-5)","background-image":"","background-repeat":"repeat","background-position":"center center","background-size":"auto","background-attachment":"scroll","background-type":"","background-media":"","overlay-type":"","overlay-color":"","overlay-opacity":"","overlay-gradient":""},"mobile":{"background-color":"var(--ast-global-color-5)","background-image":"","background-repeat":"repeat","background-position":"center center","background-size":"auto","background-attachment":"scroll","background-type":"","background-media":"","overlay-type":"","overlay-color":"","overlay-opacity":"","overlay-gradient":""}},"_themeisle_gutenberg_block_has_review":false,"_ti_tpc_template_sync":false,"_ti_tpc_template_id":""},"product_brand":[],"product_cat":[364],"product_tag":[391,366,389,390,388,387],"class_list":{"0":"post-26068","1":"product","2":"type-product","3":"status-publish","4":"has-post-thumbnail","6":"product_cat-sheet-metal-processing-parts","7":"product_tag-mc4-connector","8":"product_tag-sheet-metal-processing","9":"product_tag-solar-panel-bracket","10":"product_tag-solar-panel-clamp","11":"product_tag-solar-panel-guide-rail","12":"product_tag-solar-panel-roof-top-hook","13":"desktop-align-left","14":"tablet-align-left","15":"mobile-align-left","16":"ast-product-gallery-layout-horizontal-slider","17":"ast-product-tabs-layout-horizontal","18":"ast-qv-on-image","20":"first","21":"instock","22":"sale","23":"shipping-taxable","24":"purchasable","25":"product-type-simple"},"yoast_head":"<!-- This site is optimized with the Yoast SEO Premium plugin v21.7 (Yoast SEO v25.7) - https:\/\/yoast.com\/wordpress\/plugins\/seo\/ -->\n<title>Solar panel roof-top hook - Jingbang Industrial<\/title>\n<meta name=\"robots\" content=\"index, follow, max-snippet:-1, max-image-preview:large, max-video-preview:-1\" \/>\n<link rel=\"canonical\" href=\"https:\/\/jbsy-china.com\/pt\/produto\/solar-panel-roof-top-hook\/\" \/>\n<meta property=\"og:locale\" content=\"pt_PT\" \/>\n<meta property=\"og:type\" content=\"article\" \/>\n<meta property=\"og:title\" content=\"Solar panel roof-top hook\" \/>\n<meta property=\"og:description\" content=\"The solar panel hook can be used to ensure the installation position and attitude of the solar bracket. They can be directly fixed on the solar bracket and used to connect it with the solar bracket, which can guarantee long-term stability and reliability\" \/>\n<meta property=\"og:url\" content=\"https:\/\/jbsy-china.com\/pt\/produto\/solar-panel-roof-top-hook\/\" \/>\n<meta property=\"og:site_name\" content=\"Jingbang Industrial\" \/>\n<meta property=\"article:modified_time\" content=\"2023-10-17T08:22:07+00:00\" \/>\n<meta property=\"og:image\" content=\"https:\/\/jbsy-china.com\/wp-content\/uploads\/2023\/10\/\u6302\u94a9\u516d-3-1.jpg\" \/>\n\t<meta property=\"og:image:width\" content=\"800\" \/>\n\t<meta property=\"og:image:height\" content=\"800\" \/>\n\t<meta property=\"og:image:type\" content=\"image\/jpeg\" \/>\n<meta name=\"twitter:card\" content=\"summary_large_image\" \/>\n<meta name=\"twitter:label1\" content=\"Tempo estimado de leitura\" \/>\n\t<meta name=\"twitter:data1\" content=\"1 minuto\" \/>\n<script type=\"application\/ld+json\" class=\"yoast-schema-graph\">{\"@context\":\"https:\/\/schema.org\",\"@graph\":[{\"@type\":\"WebPage\",\"@id\":\"https:\/\/jbsy-china.com\/product\/solar-panel-roof-top-hook\/\",\"url\":\"https:\/\/jbsy-china.com\/product\/solar-panel-roof-top-hook\/\",\"name\":\"Solar panel roof-top hook - Jingbang Industrial\",\"isPartOf\":{\"@id\":\"https:\/\/jbsy-china.com\/#website\"},\"primaryImageOfPage\":{\"@id\":\"https:\/\/jbsy-china.com\/product\/solar-panel-roof-top-hook\/#primaryimage\"},\"image\":{\"@id\":\"https:\/\/jbsy-china.com\/product\/solar-panel-roof-top-hook\/#primaryimage\"},\"thumbnailUrl\":\"https:\/\/jbsy-china.com\/wp-content\/uploads\/2023\/10\/\u6302\u94a9\u516d-3-1.jpg\",\"datePublished\":\"2023-10-11T07:54:41+00:00\",\"dateModified\":\"2023-10-17T08:22:07+00:00\",\"breadcrumb\":{\"@id\":\"https:\/\/jbsy-china.com\/product\/solar-panel-roof-top-hook\/#breadcrumb\"},\"inLanguage\":\"pt-PT\",\"potentialAction\":[{\"@type\":\"ReadAction\",\"target\":[\"https:\/\/jbsy-china.com\/product\/solar-panel-roof-top-hook\/\"]}]},{\"@type\":\"ImageObject\",\"inLanguage\":\"pt-PT\",\"@id\":\"https:\/\/jbsy-china.com\/product\/solar-panel-roof-top-hook\/#primaryimage\",\"url\":\"https:\/\/jbsy-china.com\/wp-content\/uploads\/2023\/10\/\u6302\u94a9\u516d-3-1.jpg\",\"contentUrl\":\"https:\/\/jbsy-china.com\/wp-content\/uploads\/2023\/10\/\u6302\u94a9\u516d-3-1.jpg\",\"width\":800,\"height\":800},{\"@type\":\"BreadcrumbList\",\"@id\":\"https:\/\/jbsy-china.com\/product\/solar-panel-roof-top-hook\/#breadcrumb\",\"itemListElement\":[{\"@type\":\"ListItem\",\"position\":1,\"name\":\"Home\",\"item\":\"https:\/\/jbsy-china.com\/\"},{\"@type\":\"ListItem\",\"position\":2,\"name\":\"Products\",\"item\":\"https:\/\/jbsy-china.com\/shop\/\"},{\"@type\":\"ListItem\",\"position\":3,\"name\":\"Solar panel roof-top hook\"}]},{\"@type\":\"WebSite\",\"@id\":\"https:\/\/jbsy-china.com\/#website\",\"url\":\"https:\/\/jbsy-china.com\/\",\"name\":\"Jingbang Industrial\",\"description\":\"Hardware and electronics manufacturer\",\"publisher\":{\"@id\":\"https:\/\/jbsy-china.com\/#organization\"},\"potentialAction\":[{\"@type\":\"SearchAction\",\"target\":{\"@type\":\"EntryPoint\",\"urlTemplate\":\"https:\/\/jbsy-china.com\/?s={search_term_string}\"},\"query-input\":{\"@type\":\"PropertyValueSpecification\",\"valueRequired\":true,\"valueName\":\"search_term_string\"}}],\"inLanguage\":\"pt-PT\"},{\"@type\":\"Organization\",\"@id\":\"https:\/\/jbsy-china.com\/#organization\",\"name\":\"Jingbang Industrial\",\"url\":\"https:\/\/jbsy-china.com\/\",\"logo\":{\"@type\":\"ImageObject\",\"inLanguage\":\"pt-PT\",\"@id\":\"https:\/\/jbsy-china.com\/#\/schema\/logo\/image\/\",\"url\":\"https:\/\/jbsy-china.com\/wp-content\/uploads\/2023\/11\/cropped-\u56fe\u5c42-1.png\",\"contentUrl\":\"https:\/\/jbsy-china.com\/wp-content\/uploads\/2023\/11\/cropped-\u56fe\u5c42-1.png\",\"width\":1049,\"height\":739,\"caption\":\"Jingbang Industrial\"},\"image\":{\"@id\":\"https:\/\/jbsy-china.com\/#\/schema\/logo\/image\/\"}}]}<\/script>\n<!-- \/ Yoast SEO Premium plugin. -->","yoast_head_json":{"title":"Solar panel roof-top hook - Jingbang Industrial","robots":{"index":"index","follow":"follow","max-snippet":"max-snippet:-1","max-image-preview":"max-image-preview:large","max-video-preview":"max-video-preview:-1"},"canonical":"https:\/\/jbsy-china.com\/pt\/produto\/solar-panel-roof-top-hook\/","og_locale":"pt_PT","og_type":"article","og_title":"Solar panel roof-top hook","og_description":"The solar panel hook can be used to ensure the installation position and attitude of the solar bracket. They can be directly fixed on the solar bracket and used to connect it with the solar bracket, which can guarantee long-term stability and reliability","og_url":"https:\/\/jbsy-china.com\/pt\/produto\/solar-panel-roof-top-hook\/","og_site_name":"Jingbang Industrial","article_modified_time":"2023-10-17T08:22:07+00:00","og_image":[{"width":800,"height":800,"url":"https:\/\/jbsy-china.com\/wp-content\/uploads\/2023\/10\/\u6302\u94a9\u516d-3-1.jpg","type":"image\/jpeg"}],"twitter_card":"summary_large_image","twitter_misc":{"Tempo estimado de leitura":"1 minuto"},"schema":{"@context":"https:\/\/schema.org","@graph":[{"@type":"WebPage","@id":"https:\/\/jbsy-china.com\/product\/solar-panel-roof-top-hook\/","url":"https:\/\/jbsy-china.com\/product\/solar-panel-roof-top-hook\/","name":"Solar panel roof-top hook - Jingbang Industrial","isPartOf":{"@id":"https:\/\/jbsy-china.com\/#website"},"primaryImageOfPage":{"@id":"https:\/\/jbsy-china.com\/product\/solar-panel-roof-top-hook\/#primaryimage"},"image":{"@id":"https:\/\/jbsy-china.com\/product\/solar-panel-roof-top-hook\/#primaryimage"},"thumbnailUrl":"https:\/\/jbsy-china.com\/wp-content\/uploads\/2023\/10\/\u6302\u94a9\u516d-3-1.jpg","datePublished":"2023-10-11T07:54:41+00:00","dateModified":"2023-10-17T08:22:07+00:00","breadcrumb":{"@id":"https:\/\/jbsy-china.com\/product\/solar-panel-roof-top-hook\/#breadcrumb"},"inLanguage":"pt-PT","potentialAction":[{"@type":"ReadAction","target":["https:\/\/jbsy-china.com\/product\/solar-panel-roof-top-hook\/"]}]},{"@type":"ImageObject","inLanguage":"pt-PT","@id":"https:\/\/jbsy-china.com\/product\/solar-panel-roof-top-hook\/#primaryimage","url":"https:\/\/jbsy-china.com\/wp-content\/uploads\/2023\/10\/\u6302\u94a9\u516d-3-1.jpg","contentUrl":"https:\/\/jbsy-china.com\/wp-content\/uploads\/2023\/10\/\u6302\u94a9\u516d-3-1.jpg","width":800,"height":800},{"@type":"BreadcrumbList","@id":"https:\/\/jbsy-china.com\/product\/solar-panel-roof-top-hook\/#breadcrumb","itemListElement":[{"@type":"ListItem","position":1,"name":"Home","item":"https:\/\/jbsy-china.com\/"},{"@type":"ListItem","position":2,"name":"Products","item":"https:\/\/jbsy-china.com\/shop\/"},{"@type":"ListItem","position":3,"name":"Solar panel roof-top hook"}]},{"@type":"WebSite","@id":"https:\/\/jbsy-china.com\/#website","url":"https:\/\/jbsy-china.com\/","name":"Jingbang Industrial","description":"Fabricante de hardware e eletr\u00f3nica","publisher":{"@id":"https:\/\/jbsy-china.com\/#organization"},"potentialAction":[{"@type":"SearchAction","target":{"@type":"EntryPoint","urlTemplate":"https:\/\/jbsy-china.com\/?s={search_term_string}"},"query-input":{"@type":"PropertyValueSpecification","valueRequired":true,"valueName":"search_term_string"}}],"inLanguage":"pt-PT"},{"@type":"Organization","@id":"https:\/\/jbsy-china.com\/#organization","name":"Jingbang Industrial","url":"https:\/\/jbsy-china.com\/","logo":{"@type":"ImageObject","inLanguage":"pt-PT","@id":"https:\/\/jbsy-china.com\/#\/schema\/logo\/image\/","url":"https:\/\/jbsy-china.com\/wp-content\/uploads\/2023\/11\/cropped-\u56fe\u5c42-1.png","contentUrl":"https:\/\/jbsy-china.com\/wp-content\/uploads\/2023\/11\/cropped-\u56fe\u5c42-1.png","width":1049,"height":739,"caption":"Jingbang Industrial"},"image":{"@id":"https:\/\/jbsy-china.com\/#\/schema\/logo\/image\/"}}]}},"_links":{"self":[{"href":"https:\/\/jbsy-china.com\/pt\/wp-json\/wp\/v2\/product\/26068","targetHints":{"allow":["GET"]}}],"collection":[{"href":"https:\/\/jbsy-china.com\/pt\/wp-json\/wp\/v2\/product"}],"about":[{"href":"https:\/\/jbsy-china.com\/pt\/wp-json\/wp\/v2\/types\/product"}],"replies":[{"embeddable":true,"href":"https:\/\/jbsy-china.com\/pt\/wp-json\/wp\/v2\/comments?post=26068"}],"wp:featuredmedia":[{"embeddable":true,"href":"https:\/\/jbsy-china.com\/pt\/wp-json\/wp\/v2\/media\/26329"}],"wp:attachment":[{"href":"https:\/\/jbsy-china.com\/pt\/wp-json\/wp\/v2\/media?parent=26068"}],"wp:term":[{"taxonomy":"product_brand","embeddable":true,"href":"https:\/\/jbsy-china.com\/pt\/wp-json\/wp\/v2\/product_brand?post=26068"},{"taxonomy":"product_cat","embeddable":true,"href":"https:\/\/jbsy-china.com\/pt\/wp-json\/wp\/v2\/product_cat?post=26068"},{"taxonomy":"product_tag","embeddable":true,"href":"https:\/\/jbsy-china.com\/pt\/wp-json\/wp\/v2\/product_tag?post=26068"}],"curies":[{"name":"wp","href":"https:\/\/api.w.org\/{rel}","templated":true}]}}