{"id":26536,"date":"2023-10-24T01:43:58","date_gmt":"2023-10-24T01:43:58","guid":{"rendered":"http:\/\/jbsy-china.com\/?post_type=product&#038;p=26536"},"modified":"2024-04-18T15:09:45","modified_gmt":"2024-04-18T15:09:45","slug":"2222","status":"publish","type":"product","link":"https:\/\/jbsy-china.com\/pt\/produto\/2222\/","title":{"rendered":"Acess\u00f3rios para impressora 3D acoplamento em flor de ameixa"},"content":{"rendered":"<p><img fetchpriority=\"high\" decoding=\"async\" class=\"alignnone size-full wp-image-26720\" src=\"http:\/\/jbsy-china.com\/wp-content\/uploads\/2023\/10\/\u8054\u8f74\u5668-\u5408\u96c6_01.jpg\" alt=\"\" width=\"790\" height=\"465\" srcset=\"https:\/\/jbsy-china.com\/wp-content\/uploads\/2023\/10\/\u8054\u8f74\u5668-\u5408\u96c6_01.jpg 790w, https:\/\/jbsy-china.com\/wp-content\/uploads\/2023\/10\/\u8054\u8f74\u5668-\u5408\u96c6_01-300x177.jpg 300w, https:\/\/jbsy-china.com\/wp-content\/uploads\/2023\/10\/\u8054\u8f74\u5668-\u5408\u96c6_01-768x452.jpg 768w, https:\/\/jbsy-china.com\/wp-content\/uploads\/2023\/10\/\u8054\u8f74\u5668-\u5408\u96c6_01-600x353.jpg 600w\" sizes=\"(max-width: 790px) 100vw, 790px\" \/><img decoding=\"async\" class=\"alignnone size-full wp-image-26725\" src=\"http:\/\/jbsy-china.com\/wp-content\/uploads\/2023\/10\/\u8054\u8f74\u5668-\u5408\u96c6_06.jpg\" alt=\"\" width=\"790\" height=\"280\" srcset=\"https:\/\/jbsy-china.com\/wp-content\/uploads\/2023\/10\/\u8054\u8f74\u5668-\u5408\u96c6_06.jpg 790w, https:\/\/jbsy-china.com\/wp-content\/uploads\/2023\/10\/\u8054\u8f74\u5668-\u5408\u96c6_06-300x106.jpg 300w, https:\/\/jbsy-china.com\/wp-content\/uploads\/2023\/10\/\u8054\u8f74\u5668-\u5408\u96c6_06-768x272.jpg 768w, https:\/\/jbsy-china.com\/wp-content\/uploads\/2023\/10\/\u8054\u8f74\u5668-\u5408\u96c6_06-600x213.jpg 600w\" sizes=\"(max-width: 790px) 100vw, 790px\" \/><img decoding=\"async\" class=\"alignnone size-full wp-image-26724\" src=\"http:\/\/jbsy-china.com\/wp-content\/uploads\/2023\/10\/\u8054\u8f74\u5668-\u5408\u96c6_05.jpg\" alt=\"\" width=\"790\" height=\"280\" srcset=\"https:\/\/jbsy-china.com\/wp-content\/uploads\/2023\/10\/\u8054\u8f74\u5668-\u5408\u96c6_05.jpg 790w, https:\/\/jbsy-china.com\/wp-content\/uploads\/2023\/10\/\u8054\u8f74\u5668-\u5408\u96c6_05-300x106.jpg 300w, https:\/\/jbsy-china.com\/wp-content\/uploads\/2023\/10\/\u8054\u8f74\u5668-\u5408\u96c6_05-768x272.jpg 768w, https:\/\/jbsy-china.com\/wp-content\/uploads\/2023\/10\/\u8054\u8f74\u5668-\u5408\u96c6_05-600x213.jpg 600w\" sizes=\"(max-width: 790px) 100vw, 790px\" \/><img loading=\"lazy\" decoding=\"async\" class=\"alignnone size-full wp-image-26723\" src=\"http:\/\/jbsy-china.com\/wp-content\/uploads\/2023\/10\/\u8054\u8f74\u5668-\u5408\u96c6_04.jpg\" alt=\"\" width=\"790\" height=\"270\" srcset=\"https:\/\/jbsy-china.com\/wp-content\/uploads\/2023\/10\/\u8054\u8f74\u5668-\u5408\u96c6_04.jpg 790w, https:\/\/jbsy-china.com\/wp-content\/uploads\/2023\/10\/\u8054\u8f74\u5668-\u5408\u96c6_04-300x103.jpg 300w, https:\/\/jbsy-china.com\/wp-content\/uploads\/2023\/10\/\u8054\u8f74\u5668-\u5408\u96c6_04-768x262.jpg 768w, https:\/\/jbsy-china.com\/wp-content\/uploads\/2023\/10\/\u8054\u8f74\u5668-\u5408\u96c6_04-600x205.jpg 600w\" sizes=\"(max-width: 790px) 100vw, 790px\" \/><img loading=\"lazy\" decoding=\"async\" class=\"alignnone size-full wp-image-26722\" src=\"http:\/\/jbsy-china.com\/wp-content\/uploads\/2023\/10\/\u8054\u8f74\u5668-\u5408\u96c6_03.jpg\" alt=\"\" width=\"790\" height=\"285\" srcset=\"https:\/\/jbsy-china.com\/wp-content\/uploads\/2023\/10\/\u8054\u8f74\u5668-\u5408\u96c6_03.jpg 790w, https:\/\/jbsy-china.com\/wp-content\/uploads\/2023\/10\/\u8054\u8f74\u5668-\u5408\u96c6_03-300x108.jpg 300w, https:\/\/jbsy-china.com\/wp-content\/uploads\/2023\/10\/\u8054\u8f74\u5668-\u5408\u96c6_03-768x277.jpg 768w, https:\/\/jbsy-china.com\/wp-content\/uploads\/2023\/10\/\u8054\u8f74\u5668-\u5408\u96c6_03-600x216.jpg 600w\" sizes=\"(max-width: 790px) 100vw, 790px\" \/><img loading=\"lazy\" decoding=\"async\" class=\"alignnone size-full wp-image-26726\" src=\"http:\/\/jbsy-china.com\/wp-content\/uploads\/2023\/10\/\u8054\u8f74\u5668-\u5408\u96c6_07.jpg\" alt=\"\" width=\"790\" height=\"580\" srcset=\"https:\/\/jbsy-china.com\/wp-content\/uploads\/2023\/10\/\u8054\u8f74\u5668-\u5408\u96c6_07.jpg 790w, https:\/\/jbsy-china.com\/wp-content\/uploads\/2023\/10\/\u8054\u8f74\u5668-\u5408\u96c6_07-300x220.jpg 300w, https:\/\/jbsy-china.com\/wp-content\/uploads\/2023\/10\/\u8054\u8f74\u5668-\u5408\u96c6_07-768x564.jpg 768w, https:\/\/jbsy-china.com\/wp-content\/uploads\/2023\/10\/\u8054\u8f74\u5668-\u5408\u96c6_07-600x441.jpg 600w\" sizes=\"(max-width: 790px) 100vw, 790px\" \/><img loading=\"lazy\" decoding=\"async\" class=\"alignnone size-full wp-image-26721\" src=\"http:\/\/jbsy-china.com\/wp-content\/uploads\/2023\/10\/\u8054\u8f74\u5668-\u5408\u96c6_02.jpg\" alt=\"\" width=\"790\" height=\"475\" srcset=\"https:\/\/jbsy-china.com\/wp-content\/uploads\/2023\/10\/\u8054\u8f74\u5668-\u5408\u96c6_02.jpg 790w, https:\/\/jbsy-china.com\/wp-content\/uploads\/2023\/10\/\u8054\u8f74\u5668-\u5408\u96c6_02-300x180.jpg 300w, https:\/\/jbsy-china.com\/wp-content\/uploads\/2023\/10\/\u8054\u8f74\u5668-\u5408\u96c6_02-768x462.jpg 768w, https:\/\/jbsy-china.com\/wp-content\/uploads\/2023\/10\/\u8054\u8f74\u5668-\u5408\u96c6_02-600x361.jpg 600w\" sizes=\"(max-width: 790px) 100vw, 790px\" \/><\/p>","protected":false},"excerpt":{"rendered":"<div class=\"woocommerce-product-details__short-description\">\n<p><strong>Nome do produto:<\/strong>Acess\u00f3rios para impressora 3D acoplamento em flor de ameixa<br \/>\n<strong>Marca:<\/strong>\u00a0JINGBANG<br \/>\n<strong>Modelo:<\/strong>\u00a0V\u00e1lvula de alta precis\u00e3o<br \/>\n<strong>\u00c2mbito de aplica\u00e7\u00e3o:<\/strong>\u00a0esta\u00e7\u00e3o de bombagem hidr\u00e1ulica, m\u00e1quinas hidr\u00e1ulicas, grupo de v\u00e1lvulas hidr\u00e1ulicas, etc.<br \/>\n<strong>Nome do produto:<\/strong>\u00a0v\u00e1lvula unidirecional, v\u00e1lvula de reten\u00e7\u00e3o<br \/>\n<strong>Material:<\/strong>\u00a0liga de alum\u00ednio, a\u00e7o inoxid\u00e1vel, a\u00e7o carbono<br \/>\n<strong>Meio aplic\u00e1vel:<\/strong>\u00a0\u00f3leo<br \/>\n<strong>Temperatura aplic\u00e1vel:<\/strong>\u00a0-30~120 (\u2103)<br \/>\n<strong>Press\u00e3o nominal:<\/strong>\u00a024 (MPa)<br \/>\n<strong>Forma de instala\u00e7\u00e3o:<\/strong>\u00a0roscado<\/p>\n<\/div>\n<div class=\"product_meta\"><span class=\"posted_in\">Categoria:\u00a0<a href=\"https:\/\/www.jingbang-fa.com\/product-category\/shaft-coupling\/\" rel=\"tag\">Acoplamento do eixo<\/a><\/span><\/div>","protected":false},"featured_media":26552,"comment_status":"open","ping_status":"closed","template":"","meta":{"site-sidebar-layout":"no-sidebar","site-content-layout":"","ast-site-content-layout":"default","site-content-style":"default","site-sidebar-style":"default","ast-global-header-display":"","ast-banner-title-visibility":"","ast-main-header-display":"","ast-hfb-above-header-display":"","ast-hfb-below-header-display":"","ast-hfb-mobile-header-display":"","site-post-title":"","ast-breadcrumbs-content":"","ast-featured-img":"","footer-sml-layout":"","ast-disable-related-posts":"","theme-transparent-header-meta":"default","adv-header-id-meta":"","stick-header-meta":"","header-above-stick-meta":"","header-main-stick-meta":"","header-below-stick-meta":"","astra-migrate-meta-layouts":"set","ast-page-background-enabled":"default","ast-page-background-meta":{"desktop":{"background-color":"var(--ast-global-color-4)","background-image":"","background-repeat":"repeat","background-position":"center center","background-size":"auto","background-attachment":"scroll","background-type":"","background-media":"","overlay-type":"","overlay-color":"","overlay-opacity":"","overlay-gradient":""},"tablet":{"background-color":"","background-image":"","background-repeat":"repeat","background-position":"center center","background-size":"auto","background-attachment":"scroll","background-type":"","background-media":"","overlay-type":"","overlay-color":"","overlay-opacity":"","overlay-gradient":""},"mobile":{"background-color":"","background-image":"","background-repeat":"repeat","background-position":"center center","background-size":"auto","background-attachment":"scroll","background-type":"","background-media":"","overlay-type":"","overlay-color":"","overlay-opacity":"","overlay-gradient":""}},"ast-content-background-meta":{"desktop":{"background-color":"var(--ast-global-color-5)","background-image":"","background-repeat":"repeat","background-position":"center center","background-size":"auto","background-attachment":"scroll","background-type":"","background-media":"","overlay-type":"","overlay-color":"","overlay-opacity":"","overlay-gradient":""},"tablet":{"background-color":"var(--ast-global-color-5)","background-image":"","background-repeat":"repeat","background-position":"center center","background-size":"auto","background-attachment":"scroll","background-type":"","background-media":"","overlay-type":"","overlay-color":"","overlay-opacity":"","overlay-gradient":""},"mobile":{"background-color":"var(--ast-global-color-5)","background-image":"","background-repeat":"repeat","background-position":"center center","background-size":"auto","background-attachment":"scroll","background-type":"","background-media":"","overlay-type":"","overlay-color":"","overlay-opacity":"","overlay-gradient":""}},"_themeisle_gutenberg_block_has_review":false,"_ti_tpc_template_sync":false,"_ti_tpc_template_id":""},"product_brand":[],"product_cat":[439],"product_tag":[],"class_list":{"0":"post-26536","1":"product","2":"type-product","3":"status-publish","4":"has-post-thumbnail","6":"product_cat-coupling","7":"desktop-align-left","8":"tablet-align-left","9":"mobile-align-left","10":"ast-product-gallery-layout-horizontal-slider","11":"ast-product-tabs-layout-horizontal","12":"ast-qv-on-image","14":"first","15":"instock","16":"shipping-taxable","17":"product-type-simple"},"yoast_head":"<!-- This site is optimized with the Yoast SEO Premium plugin v21.7 (Yoast SEO v25.7) - https:\/\/yoast.com\/wordpress\/plugins\/seo\/ -->\n<title>3D printer accessories plum blossom coupling - Jingbang Industrial<\/title>\n<meta name=\"robots\" content=\"index, follow, max-snippet:-1, max-image-preview:large, max-video-preview:-1\" \/>\n<link rel=\"canonical\" href=\"https:\/\/jbsy-china.com\/pt\/produto\/2222\/\" \/>\n<meta property=\"og:locale\" content=\"pt_PT\" \/>\n<meta property=\"og:type\" content=\"article\" \/>\n<meta property=\"og:title\" content=\"3D printer accessories plum blossom coupling\" \/>\n<meta property=\"og:description\" content=\"Product name:3D printer accessories plum blossom coupling Brand:\u00a0JINGBANG Model:\u00a0High precision valve Scope of application:\u00a0hydraulic pump station, hydraulic machinery, hydraulic valve group, etc Product alias:\u00a0one-way valve, check valve Material:\u00a0aluminum alloy, stainless steel, carbon steel Applicable medium:\u00a0oil Applicable temperature:\u00a0-30~120 (\u2103) Nominal pressure:\u00a024 (MPa) Installation form:\u00a0threaded   Category:\u00a0Shaft Coupling\" \/>\n<meta property=\"og:url\" content=\"https:\/\/jbsy-china.com\/pt\/produto\/2222\/\" \/>\n<meta property=\"og:site_name\" content=\"Jingbang Industrial\" \/>\n<meta property=\"article:modified_time\" content=\"2024-04-18T15:09:45+00:00\" \/>\n<meta property=\"og:image\" content=\"https:\/\/jbsy-china.com\/wp-content\/uploads\/2023\/10\/\u5e8f\u53f744-69-1.jpg\" \/>\n\t<meta property=\"og:image:width\" content=\"900\" \/>\n\t<meta property=\"og:image:height\" content=\"900\" \/>\n\t<meta property=\"og:image:type\" content=\"image\/jpeg\" \/>\n<meta name=\"twitter:card\" content=\"summary_large_image\" \/>\n<script type=\"application\/ld+json\" class=\"yoast-schema-graph\">{\"@context\":\"https:\/\/schema.org\",\"@graph\":[{\"@type\":\"WebPage\",\"@id\":\"https:\/\/jbsy-china.com\/product\/2222\/\",\"url\":\"https:\/\/jbsy-china.com\/product\/2222\/\",\"name\":\"3D printer accessories plum blossom coupling - Jingbang Industrial\",\"isPartOf\":{\"@id\":\"https:\/\/jbsy-china.com\/#website\"},\"primaryImageOfPage\":{\"@id\":\"https:\/\/jbsy-china.com\/product\/2222\/#primaryimage\"},\"image\":{\"@id\":\"https:\/\/jbsy-china.com\/product\/2222\/#primaryimage\"},\"thumbnailUrl\":\"https:\/\/jbsy-china.com\/wp-content\/uploads\/2023\/10\/\u5e8f\u53f744-69-1.jpg\",\"datePublished\":\"2023-10-24T01:43:58+00:00\",\"dateModified\":\"2024-04-18T15:09:45+00:00\",\"breadcrumb\":{\"@id\":\"https:\/\/jbsy-china.com\/product\/2222\/#breadcrumb\"},\"inLanguage\":\"pt-PT\",\"potentialAction\":[{\"@type\":\"ReadAction\",\"target\":[\"https:\/\/jbsy-china.com\/product\/2222\/\"]}]},{\"@type\":\"ImageObject\",\"inLanguage\":\"pt-PT\",\"@id\":\"https:\/\/jbsy-china.com\/product\/2222\/#primaryimage\",\"url\":\"https:\/\/jbsy-china.com\/wp-content\/uploads\/2023\/10\/\u5e8f\u53f744-69-1.jpg\",\"contentUrl\":\"https:\/\/jbsy-china.com\/wp-content\/uploads\/2023\/10\/\u5e8f\u53f744-69-1.jpg\",\"width\":900,\"height\":900},{\"@type\":\"BreadcrumbList\",\"@id\":\"https:\/\/jbsy-china.com\/product\/2222\/#breadcrumb\",\"itemListElement\":[{\"@type\":\"ListItem\",\"position\":1,\"name\":\"Home\",\"item\":\"https:\/\/jbsy-china.com\/\"},{\"@type\":\"ListItem\",\"position\":2,\"name\":\"Products\",\"item\":\"https:\/\/jbsy-china.com\/shop\/\"},{\"@type\":\"ListItem\",\"position\":3,\"name\":\"3D printer accessories plum blossom coupling\"}]},{\"@type\":\"WebSite\",\"@id\":\"https:\/\/jbsy-china.com\/#website\",\"url\":\"https:\/\/jbsy-china.com\/\",\"name\":\"Jingbang Industrial\",\"description\":\"Hardware and electronics manufacturer\",\"publisher\":{\"@id\":\"https:\/\/jbsy-china.com\/#organization\"},\"potentialAction\":[{\"@type\":\"SearchAction\",\"target\":{\"@type\":\"EntryPoint\",\"urlTemplate\":\"https:\/\/jbsy-china.com\/?s={search_term_string}\"},\"query-input\":{\"@type\":\"PropertyValueSpecification\",\"valueRequired\":true,\"valueName\":\"search_term_string\"}}],\"inLanguage\":\"pt-PT\"},{\"@type\":\"Organization\",\"@id\":\"https:\/\/jbsy-china.com\/#organization\",\"name\":\"Jingbang Industrial\",\"url\":\"https:\/\/jbsy-china.com\/\",\"logo\":{\"@type\":\"ImageObject\",\"inLanguage\":\"pt-PT\",\"@id\":\"https:\/\/jbsy-china.com\/#\/schema\/logo\/image\/\",\"url\":\"https:\/\/jbsy-china.com\/wp-content\/uploads\/2023\/11\/cropped-\u56fe\u5c42-1.png\",\"contentUrl\":\"https:\/\/jbsy-china.com\/wp-content\/uploads\/2023\/11\/cropped-\u56fe\u5c42-1.png\",\"width\":1049,\"height\":739,\"caption\":\"Jingbang Industrial\"},\"image\":{\"@id\":\"https:\/\/jbsy-china.com\/#\/schema\/logo\/image\/\"}}]}<\/script>\n<!-- \/ Yoast SEO Premium plugin. -->","yoast_head_json":{"title":"3D printer accessories plum blossom coupling - Jingbang Industrial","robots":{"index":"index","follow":"follow","max-snippet":"max-snippet:-1","max-image-preview":"max-image-preview:large","max-video-preview":"max-video-preview:-1"},"canonical":"https:\/\/jbsy-china.com\/pt\/produto\/2222\/","og_locale":"pt_PT","og_type":"article","og_title":"3D printer accessories plum blossom coupling","og_description":"Product name:3D printer accessories plum blossom coupling Brand:\u00a0JINGBANG Model:\u00a0High precision valve Scope of application:\u00a0hydraulic pump station, hydraulic machinery, hydraulic valve group, etc Product alias:\u00a0one-way valve, check valve Material:\u00a0aluminum alloy, stainless steel, carbon steel Applicable medium:\u00a0oil Applicable temperature:\u00a0-30~120 (\u2103) Nominal pressure:\u00a024 (MPa) Installation form:\u00a0threaded   Category:\u00a0Shaft Coupling","og_url":"https:\/\/jbsy-china.com\/pt\/produto\/2222\/","og_site_name":"Jingbang Industrial","article_modified_time":"2024-04-18T15:09:45+00:00","og_image":[{"width":900,"height":900,"url":"https:\/\/jbsy-china.com\/wp-content\/uploads\/2023\/10\/\u5e8f\u53f744-69-1.jpg","type":"image\/jpeg"}],"twitter_card":"summary_large_image","schema":{"@context":"https:\/\/schema.org","@graph":[{"@type":"WebPage","@id":"https:\/\/jbsy-china.com\/product\/2222\/","url":"https:\/\/jbsy-china.com\/product\/2222\/","name":"3D printer accessories plum blossom coupling - Jingbang Industrial","isPartOf":{"@id":"https:\/\/jbsy-china.com\/#website"},"primaryImageOfPage":{"@id":"https:\/\/jbsy-china.com\/product\/2222\/#primaryimage"},"image":{"@id":"https:\/\/jbsy-china.com\/product\/2222\/#primaryimage"},"thumbnailUrl":"https:\/\/jbsy-china.com\/wp-content\/uploads\/2023\/10\/\u5e8f\u53f744-69-1.jpg","datePublished":"2023-10-24T01:43:58+00:00","dateModified":"2024-04-18T15:09:45+00:00","breadcrumb":{"@id":"https:\/\/jbsy-china.com\/product\/2222\/#breadcrumb"},"inLanguage":"pt-PT","potentialAction":[{"@type":"ReadAction","target":["https:\/\/jbsy-china.com\/product\/2222\/"]}]},{"@type":"ImageObject","inLanguage":"pt-PT","@id":"https:\/\/jbsy-china.com\/product\/2222\/#primaryimage","url":"https:\/\/jbsy-china.com\/wp-content\/uploads\/2023\/10\/\u5e8f\u53f744-69-1.jpg","contentUrl":"https:\/\/jbsy-china.com\/wp-content\/uploads\/2023\/10\/\u5e8f\u53f744-69-1.jpg","width":900,"height":900},{"@type":"BreadcrumbList","@id":"https:\/\/jbsy-china.com\/product\/2222\/#breadcrumb","itemListElement":[{"@type":"ListItem","position":1,"name":"Home","item":"https:\/\/jbsy-china.com\/"},{"@type":"ListItem","position":2,"name":"Products","item":"https:\/\/jbsy-china.com\/shop\/"},{"@type":"ListItem","position":3,"name":"3D printer accessories plum blossom coupling"}]},{"@type":"WebSite","@id":"https:\/\/jbsy-china.com\/#website","url":"https:\/\/jbsy-china.com\/","name":"Jingbang Industrial","description":"Fabricante de hardware e eletr\u00f3nica","publisher":{"@id":"https:\/\/jbsy-china.com\/#organization"},"potentialAction":[{"@type":"SearchAction","target":{"@type":"EntryPoint","urlTemplate":"https:\/\/jbsy-china.com\/?s={search_term_string}"},"query-input":{"@type":"PropertyValueSpecification","valueRequired":true,"valueName":"search_term_string"}}],"inLanguage":"pt-PT"},{"@type":"Organization","@id":"https:\/\/jbsy-china.com\/#organization","name":"Jingbang Industrial","url":"https:\/\/jbsy-china.com\/","logo":{"@type":"ImageObject","inLanguage":"pt-PT","@id":"https:\/\/jbsy-china.com\/#\/schema\/logo\/image\/","url":"https:\/\/jbsy-china.com\/wp-content\/uploads\/2023\/11\/cropped-\u56fe\u5c42-1.png","contentUrl":"https:\/\/jbsy-china.com\/wp-content\/uploads\/2023\/11\/cropped-\u56fe\u5c42-1.png","width":1049,"height":739,"caption":"Jingbang Industrial"},"image":{"@id":"https:\/\/jbsy-china.com\/#\/schema\/logo\/image\/"}}]}},"_links":{"self":[{"href":"https:\/\/jbsy-china.com\/pt\/wp-json\/wp\/v2\/product\/26536","targetHints":{"allow":["GET"]}}],"collection":[{"href":"https:\/\/jbsy-china.com\/pt\/wp-json\/wp\/v2\/product"}],"about":[{"href":"https:\/\/jbsy-china.com\/pt\/wp-json\/wp\/v2\/types\/product"}],"replies":[{"embeddable":true,"href":"https:\/\/jbsy-china.com\/pt\/wp-json\/wp\/v2\/comments?post=26536"}],"wp:featuredmedia":[{"embeddable":true,"href":"https:\/\/jbsy-china.com\/pt\/wp-json\/wp\/v2\/media\/26552"}],"wp:attachment":[{"href":"https:\/\/jbsy-china.com\/pt\/wp-json\/wp\/v2\/media?parent=26536"}],"wp:term":[{"taxonomy":"product_brand","embeddable":true,"href":"https:\/\/jbsy-china.com\/pt\/wp-json\/wp\/v2\/product_brand?post=26536"},{"taxonomy":"product_cat","embeddable":true,"href":"https:\/\/jbsy-china.com\/pt\/wp-json\/wp\/v2\/product_cat?post=26536"},{"taxonomy":"product_tag","embeddable":true,"href":"https:\/\/jbsy-china.com\/pt\/wp-json\/wp\/v2\/product_tag?post=26536"}],"curies":[{"name":"wp","href":"https:\/\/api.w.org\/{rel}","templated":true}]}}