{"id":32518,"date":"2025-05-06T07:26:12","date_gmt":"2025-05-06T07:26:12","guid":{"rendered":"https:\/\/jbsy-china.com\/?post_type=product&#038;p=32518"},"modified":"2025-05-06T07:26:15","modified_gmt":"2025-05-06T07:26:15","slug":"plum-blossom-countersunk-head-screw","status":"publish","type":"product","link":"https:\/\/jbsy-china.com\/pt\/produto\/plum-blossom-countersunk-head-screw\/","title":{"rendered":"Parafuso de cabe\u00e7a escareada em flor de ameixa"},"content":{"rendered":"<p><img fetchpriority=\"high\" decoding=\"async\" class=\"alignnone wp-image-6701\" src=\"http:\/\/jb-bolt.com\/wp-content\/uploads\/2023\/05\/15070631154_1652127104-e1683787254589-300x153.jpg\" alt=\"Plum blossom countersunk head screw\" width=\"1120\" height=\"571\" \/><\/p>\n<p><a href=\"http:\/\/jb-bolt.com\/\"><strong>Ferragens JINGBANG<\/strong><\/a> \u00e9 uma empresa profissional abrangente que integra o desenvolvimento, a conce\u00e7\u00e3o, a produ\u00e7\u00e3o, as vendas e o servi\u00e7o, dedicando-se principalmente ao fabrico e \u00e0 opera\u00e7\u00e3o de fixadores industriais e pe\u00e7as mec\u00e2nicas. A empresa obteve as certifica\u00e7\u00f5es ISO9001 e ISO14001. Somos uma equipa jovem e criativa com f\u00e1bricas de desenho de materiais, f\u00e1bricas de pe\u00e7as de estampagem, f\u00e1bricas de pe\u00e7as normalizadas de fixadores, f\u00e1bricas de pe\u00e7as n\u00e3o normalizadas de fixadores e f\u00e1bricas de pe\u00e7as mec\u00e2nicas.<\/p>\n<p><strong>Ind\u00fastria de aplica\u00e7\u00e3o do produto:<\/strong><\/p>\n<p><strong>Parafuso de cabe\u00e7a escareada em flor de ameixa<\/strong> s\u00e3o utilizados principalmente em v\u00e1rias ind\u00fastrias, tais como aparelhos el\u00e9ctricos, produtos electr\u00f3nicos, computadores, telem\u00f3veis, terminais de comunica\u00e7\u00e3o, mobili\u00e1rio, autom\u00f3veis, motociclos, brinquedos, ilumina\u00e7\u00e3o, altifalantes, rel\u00f3gios, instrumentos, c\u00e2maras, equipamento mec\u00e2nico, constru\u00e7\u00e3o e instala\u00e7\u00e3o, etc. Somos especializados em fornecer fixadores de alta qualidade e outros acess\u00f3rios de hardware para essas empresas.<\/p>\n<p><strong>Principais tipos de produtos:<\/strong><\/p>\n<p><strong>Categoria de fixadores:<\/strong> incluindo v\u00e1rios parafusos de dente de m\u00e1quina, parafusos auto-roscantes, parafusos hexagonais de a\u00e7o inoxid\u00e1vel, parafusos combinados, cavilhas, porcas, parafusos de cabe\u00e7a cruzada de a\u00e7o inoxid\u00e1vel para madeira, rebites, anilhas, molas e pe\u00e7as de torno (pe\u00e7as n\u00e3o normalizadas).<br \/>\n<strong>Maquina\u00e7\u00e3o:<\/strong> Pe\u00e7as de estampagem, n\u00facleos de eixos, tornos inform\u00e1ticos CNC, etc.<br \/>\n<strong>Material do produto:<\/strong> Os nossos produtos utilizam principalmente a\u00e7o carbono (incluindo a\u00e7o de baixo carbono, a\u00e7o de m\u00e9dio carbono, a\u00e7o de alto carbono, a\u00e7o de mola), a\u00e7o inoxid\u00e1vel (SUS201SUS202SUS302SUS303SUS304SUS316SUS416), liga de a\u00e7o, liga de alum\u00ednio e zinco, alum\u00ednio, cobre, pl\u00e1stico, PVC, baquelite, nylon, etc.<\/p>","protected":false},"excerpt":{"rendered":"<p><strong>Nome do produto:<\/strong>Parafuso de cabe\u00e7a escareada em flor de ameixa<br \/>\n<strong>Marca:<\/strong> JINGBANG<br \/>\n<strong>Material:<\/strong> A\u00e7o-carbono Q215A<br \/>\n<strong>Objetivo:<\/strong> Desempenho anti-afastamento<br \/>\n<strong>Tratamento da superf\u00edcie:<\/strong> zinco preto<br \/>\n<strong>N\u00famero padr\u00e3o:<\/strong> QC\/T 856<br \/>\n<strong>N\u00edvel de for\u00e7a:<\/strong> 4.8<br \/>\n<strong>Forma da cabe\u00e7a:<\/strong> cabe\u00e7a escareada<br \/>\n<strong>Tipo de ranhura:<\/strong> personalizado<br \/>\n<strong>Comprimento do parafuso:<\/strong> personalizado (mm)<br \/>\n<strong>Nome da linha:<\/strong> personalizado<\/p>","protected":false},"featured_media":32535,"comment_status":"open","ping_status":"closed","template":"","meta":{"site-sidebar-layout":"default","site-content-layout":"","ast-site-content-layout":"default","site-content-style":"default","site-sidebar-style":"default","ast-global-header-display":"","ast-banner-title-visibility":"","ast-main-header-display":"","ast-hfb-above-header-display":"","ast-hfb-below-header-display":"","ast-hfb-mobile-header-display":"","site-post-title":"","ast-breadcrumbs-content":"","ast-featured-img":"","footer-sml-layout":"","ast-disable-related-posts":"","theme-transparent-header-meta":"","adv-header-id-meta":"","stick-header-meta":"","header-above-stick-meta":"","header-main-stick-meta":"","header-below-stick-meta":"","astra-migrate-meta-layouts":"default","ast-page-background-enabled":"default","ast-page-background-meta":{"desktop":{"background-color":"var(--ast-global-color-4)","background-image":"","background-repeat":"repeat","background-position":"center center","background-size":"auto","background-attachment":"scroll","background-type":"","background-media":"","overlay-type":"","overlay-color":"","overlay-opacity":"","overlay-gradient":""},"tablet":{"background-color":"","background-image":"","background-repeat":"repeat","background-position":"center center","background-size":"auto","background-attachment":"scroll","background-type":"","background-media":"","overlay-type":"","overlay-color":"","overlay-opacity":"","overlay-gradient":""},"mobile":{"background-color":"","background-image":"","background-repeat":"repeat","background-position":"center center","background-size":"auto","background-attachment":"scroll","background-type":"","background-media":"","overlay-type":"","overlay-color":"","overlay-opacity":"","overlay-gradient":""}},"ast-content-background-meta":{"desktop":{"background-color":"var(--ast-global-color-5)","background-image":"","background-repeat":"repeat","background-position":"center center","background-size":"auto","background-attachment":"scroll","background-type":"","background-media":"","overlay-type":"","overlay-color":"","overlay-opacity":"","overlay-gradient":""},"tablet":{"background-color":"var(--ast-global-color-5)","background-image":"","background-repeat":"repeat","background-position":"center center","background-size":"auto","background-attachment":"scroll","background-type":"","background-media":"","overlay-type":"","overlay-color":"","overlay-opacity":"","overlay-gradient":""},"mobile":{"background-color":"var(--ast-global-color-5)","background-image":"","background-repeat":"repeat","background-position":"center center","background-size":"auto","background-attachment":"scroll","background-type":"","background-media":"","overlay-type":"","overlay-color":"","overlay-opacity":"","overlay-gradient":""}},"_themeisle_gutenberg_block_has_review":false,"_ti_tpc_template_sync":false,"_ti_tpc_template_id":""},"product_brand":[],"product_cat":[1267,1268],"product_tag":[],"class_list":{"0":"post-32518","1":"product","2":"type-product","3":"status-publish","4":"has-post-thumbnail","6":"product_cat-bolts","7":"product_cat-safety-bolt","8":"desktop-align-left","9":"tablet-align-left","10":"mobile-align-left","11":"ast-product-gallery-layout-horizontal-slider","12":"ast-product-gallery-with-no-image","13":"ast-product-tabs-layout-horizontal","14":"ast-qv-on-image","16":"first","17":"instock","18":"shipping-taxable","19":"product-type-simple"},"yoast_head":"<!-- This site is optimized with the Yoast SEO Premium plugin v21.7 (Yoast SEO v25.7) - https:\/\/yoast.com\/wordpress\/plugins\/seo\/ -->\n<title>Plum blossom countersunk head screw - Jingbang Industrial<\/title>\n<meta name=\"robots\" content=\"index, follow, max-snippet:-1, max-image-preview:large, max-video-preview:-1\" \/>\n<link rel=\"canonical\" href=\"https:\/\/jbsy-china.com\/pt\/produto\/plum-blossom-countersunk-head-screw\/\" \/>\n<meta property=\"og:locale\" content=\"pt_PT\" \/>\n<meta property=\"og:type\" content=\"article\" \/>\n<meta property=\"og:title\" content=\"Plum blossom countersunk head screw\" \/>\n<meta property=\"og:description\" content=\"Product Name:Plum blossom countersunk head screw Brand: JINGBANG Material: Q215A carbon steel Purpose: Anti detachment performance Surface treatment: black zinc Standard number: QC\/T 856 Strength level: 4.8 Head shape: countersunk head Slot type: customized Screw length: customized (mm) Thread nominal: customized\" \/>\n<meta property=\"og:url\" content=\"https:\/\/jbsy-china.com\/pt\/produto\/plum-blossom-countersunk-head-screw\/\" \/>\n<meta property=\"og:site_name\" content=\"Jingbang Industrial\" \/>\n<meta property=\"article:modified_time\" content=\"2025-05-06T07:26:15+00:00\" \/>\n<meta property=\"og:image\" content=\"http:\/\/jb-bolt.com\/wp-content\/uploads\/2023\/05\/15070631154_1652127104-e1683787254589-300x153.jpg\" \/>\n<meta name=\"twitter:card\" content=\"summary_large_image\" \/>\n<meta name=\"twitter:label1\" content=\"Tempo estimado de leitura\" \/>\n\t<meta name=\"twitter:data1\" content=\"1 minuto\" \/>\n<script type=\"application\/ld+json\" class=\"yoast-schema-graph\">{\"@context\":\"https:\/\/schema.org\",\"@graph\":[{\"@type\":\"WebPage\",\"@id\":\"https:\/\/jbsy-china.com\/product\/plum-blossom-countersunk-head-screw\/\",\"url\":\"https:\/\/jbsy-china.com\/product\/plum-blossom-countersunk-head-screw\/\",\"name\":\"Plum blossom countersunk head screw - Jingbang Industrial\",\"isPartOf\":{\"@id\":\"https:\/\/jbsy-china.com\/#website\"},\"primaryImageOfPage\":{\"@id\":\"https:\/\/jbsy-china.com\/product\/plum-blossom-countersunk-head-screw\/#primaryimage\"},\"image\":{\"@id\":\"https:\/\/jbsy-china.com\/product\/plum-blossom-countersunk-head-screw\/#primaryimage\"},\"thumbnailUrl\":\"https:\/\/jbsy-china.com\/wp-content\/uploads\/2025\/05\/24.jpg\",\"datePublished\":\"2025-05-06T07:26:12+00:00\",\"dateModified\":\"2025-05-06T07:26:15+00:00\",\"breadcrumb\":{\"@id\":\"https:\/\/jbsy-china.com\/product\/plum-blossom-countersunk-head-screw\/#breadcrumb\"},\"inLanguage\":\"pt-PT\",\"potentialAction\":[{\"@type\":\"ReadAction\",\"target\":[\"https:\/\/jbsy-china.com\/product\/plum-blossom-countersunk-head-screw\/\"]}]},{\"@type\":\"ImageObject\",\"inLanguage\":\"pt-PT\",\"@id\":\"https:\/\/jbsy-china.com\/product\/plum-blossom-countersunk-head-screw\/#primaryimage\",\"url\":\"https:\/\/jbsy-china.com\/wp-content\/uploads\/2025\/05\/24.jpg\",\"contentUrl\":\"https:\/\/jbsy-china.com\/wp-content\/uploads\/2025\/05\/24.jpg\",\"width\":900,\"height\":900},{\"@type\":\"BreadcrumbList\",\"@id\":\"https:\/\/jbsy-china.com\/product\/plum-blossom-countersunk-head-screw\/#breadcrumb\",\"itemListElement\":[{\"@type\":\"ListItem\",\"position\":1,\"name\":\"Home\",\"item\":\"https:\/\/jbsy-china.com\/\"},{\"@type\":\"ListItem\",\"position\":2,\"name\":\"Products\",\"item\":\"https:\/\/jbsy-china.com\/shop\/\"},{\"@type\":\"ListItem\",\"position\":3,\"name\":\"Plum blossom countersunk head screw\"}]},{\"@type\":\"WebSite\",\"@id\":\"https:\/\/jbsy-china.com\/#website\",\"url\":\"https:\/\/jbsy-china.com\/\",\"name\":\"Jingbang Industrial\",\"description\":\"Hardware and electronics manufacturer\",\"publisher\":{\"@id\":\"https:\/\/jbsy-china.com\/#organization\"},\"potentialAction\":[{\"@type\":\"SearchAction\",\"target\":{\"@type\":\"EntryPoint\",\"urlTemplate\":\"https:\/\/jbsy-china.com\/?s={search_term_string}\"},\"query-input\":{\"@type\":\"PropertyValueSpecification\",\"valueRequired\":true,\"valueName\":\"search_term_string\"}}],\"inLanguage\":\"pt-PT\"},{\"@type\":\"Organization\",\"@id\":\"https:\/\/jbsy-china.com\/#organization\",\"name\":\"Jingbang Industrial\",\"url\":\"https:\/\/jbsy-china.com\/\",\"logo\":{\"@type\":\"ImageObject\",\"inLanguage\":\"pt-PT\",\"@id\":\"https:\/\/jbsy-china.com\/#\/schema\/logo\/image\/\",\"url\":\"https:\/\/jbsy-china.com\/wp-content\/uploads\/2023\/11\/cropped-\u56fe\u5c42-1.png\",\"contentUrl\":\"https:\/\/jbsy-china.com\/wp-content\/uploads\/2023\/11\/cropped-\u56fe\u5c42-1.png\",\"width\":1049,\"height\":739,\"caption\":\"Jingbang Industrial\"},\"image\":{\"@id\":\"https:\/\/jbsy-china.com\/#\/schema\/logo\/image\/\"}}]}<\/script>\n<!-- \/ Yoast SEO Premium plugin. -->","yoast_head_json":{"title":"Plum blossom countersunk head screw - Jingbang Industrial","robots":{"index":"index","follow":"follow","max-snippet":"max-snippet:-1","max-image-preview":"max-image-preview:large","max-video-preview":"max-video-preview:-1"},"canonical":"https:\/\/jbsy-china.com\/pt\/produto\/plum-blossom-countersunk-head-screw\/","og_locale":"pt_PT","og_type":"article","og_title":"Plum blossom countersunk head screw","og_description":"Product Name:Plum blossom countersunk head screw Brand: JINGBANG Material: Q215A carbon steel Purpose: Anti detachment performance Surface treatment: black zinc Standard number: QC\/T 856 Strength level: 4.8 Head shape: countersunk head Slot type: customized Screw length: customized (mm) Thread nominal: customized","og_url":"https:\/\/jbsy-china.com\/pt\/produto\/plum-blossom-countersunk-head-screw\/","og_site_name":"Jingbang Industrial","article_modified_time":"2025-05-06T07:26:15+00:00","og_image":[{"url":"http:\/\/jb-bolt.com\/wp-content\/uploads\/2023\/05\/15070631154_1652127104-e1683787254589-300x153.jpg","type":"","width":"","height":""}],"twitter_card":"summary_large_image","twitter_misc":{"Tempo estimado de leitura":"1 minuto"},"schema":{"@context":"https:\/\/schema.org","@graph":[{"@type":"WebPage","@id":"https:\/\/jbsy-china.com\/product\/plum-blossom-countersunk-head-screw\/","url":"https:\/\/jbsy-china.com\/product\/plum-blossom-countersunk-head-screw\/","name":"Plum blossom countersunk head screw - Jingbang Industrial","isPartOf":{"@id":"https:\/\/jbsy-china.com\/#website"},"primaryImageOfPage":{"@id":"https:\/\/jbsy-china.com\/product\/plum-blossom-countersunk-head-screw\/#primaryimage"},"image":{"@id":"https:\/\/jbsy-china.com\/product\/plum-blossom-countersunk-head-screw\/#primaryimage"},"thumbnailUrl":"https:\/\/jbsy-china.com\/wp-content\/uploads\/2025\/05\/24.jpg","datePublished":"2025-05-06T07:26:12+00:00","dateModified":"2025-05-06T07:26:15+00:00","breadcrumb":{"@id":"https:\/\/jbsy-china.com\/product\/plum-blossom-countersunk-head-screw\/#breadcrumb"},"inLanguage":"pt-PT","potentialAction":[{"@type":"ReadAction","target":["https:\/\/jbsy-china.com\/product\/plum-blossom-countersunk-head-screw\/"]}]},{"@type":"ImageObject","inLanguage":"pt-PT","@id":"https:\/\/jbsy-china.com\/product\/plum-blossom-countersunk-head-screw\/#primaryimage","url":"https:\/\/jbsy-china.com\/wp-content\/uploads\/2025\/05\/24.jpg","contentUrl":"https:\/\/jbsy-china.com\/wp-content\/uploads\/2025\/05\/24.jpg","width":900,"height":900},{"@type":"BreadcrumbList","@id":"https:\/\/jbsy-china.com\/product\/plum-blossom-countersunk-head-screw\/#breadcrumb","itemListElement":[{"@type":"ListItem","position":1,"name":"Home","item":"https:\/\/jbsy-china.com\/"},{"@type":"ListItem","position":2,"name":"Products","item":"https:\/\/jbsy-china.com\/shop\/"},{"@type":"ListItem","position":3,"name":"Plum blossom countersunk head screw"}]},{"@type":"WebSite","@id":"https:\/\/jbsy-china.com\/#website","url":"https:\/\/jbsy-china.com\/","name":"Jingbang Industrial","description":"Fabricante de hardware e eletr\u00f3nica","publisher":{"@id":"https:\/\/jbsy-china.com\/#organization"},"potentialAction":[{"@type":"SearchAction","target":{"@type":"EntryPoint","urlTemplate":"https:\/\/jbsy-china.com\/?s={search_term_string}"},"query-input":{"@type":"PropertyValueSpecification","valueRequired":true,"valueName":"search_term_string"}}],"inLanguage":"pt-PT"},{"@type":"Organization","@id":"https:\/\/jbsy-china.com\/#organization","name":"Jingbang Industrial","url":"https:\/\/jbsy-china.com\/","logo":{"@type":"ImageObject","inLanguage":"pt-PT","@id":"https:\/\/jbsy-china.com\/#\/schema\/logo\/image\/","url":"https:\/\/jbsy-china.com\/wp-content\/uploads\/2023\/11\/cropped-\u56fe\u5c42-1.png","contentUrl":"https:\/\/jbsy-china.com\/wp-content\/uploads\/2023\/11\/cropped-\u56fe\u5c42-1.png","width":1049,"height":739,"caption":"Jingbang Industrial"},"image":{"@id":"https:\/\/jbsy-china.com\/#\/schema\/logo\/image\/"}}]}},"_links":{"self":[{"href":"https:\/\/jbsy-china.com\/pt\/wp-json\/wp\/v2\/product\/32518","targetHints":{"allow":["GET"]}}],"collection":[{"href":"https:\/\/jbsy-china.com\/pt\/wp-json\/wp\/v2\/product"}],"about":[{"href":"https:\/\/jbsy-china.com\/pt\/wp-json\/wp\/v2\/types\/product"}],"replies":[{"embeddable":true,"href":"https:\/\/jbsy-china.com\/pt\/wp-json\/wp\/v2\/comments?post=32518"}],"wp:featuredmedia":[{"embeddable":true,"href":"https:\/\/jbsy-china.com\/pt\/wp-json\/wp\/v2\/media\/32535"}],"wp:attachment":[{"href":"https:\/\/jbsy-china.com\/pt\/wp-json\/wp\/v2\/media?parent=32518"}],"wp:term":[{"taxonomy":"product_brand","embeddable":true,"href":"https:\/\/jbsy-china.com\/pt\/wp-json\/wp\/v2\/product_brand?post=32518"},{"taxonomy":"product_cat","embeddable":true,"href":"https:\/\/jbsy-china.com\/pt\/wp-json\/wp\/v2\/product_cat?post=32518"},{"taxonomy":"product_tag","embeddable":true,"href":"https:\/\/jbsy-china.com\/pt\/wp-json\/wp\/v2\/product_tag?post=32518"}],"curies":[{"name":"wp","href":"https:\/\/api.w.org\/{rel}","templated":true}]}}