{"id":32522,"date":"2025-05-06T07:26:13","date_gmt":"2025-05-06T07:26:13","guid":{"rendered":"https:\/\/jbsy-china.com\/?post_type=product&#038;p=32522"},"modified":"2025-05-06T07:26:19","modified_gmt":"2025-05-06T07:26:19","slug":"m2-m3-m4-m6-square-nut","status":"publish","type":"product","link":"https:\/\/jbsy-china.com\/pt\/produto\/m2-m3-m4-m6-square-nut\/","title":{"rendered":"M2 M3 M4 M6 Porca quadrada"},"content":{"rendered":"<p><span style=\"color: #ff0000;\"><a style=\"color: #ff0000;\" title=\"Shenzhen Jinbang Hardware and Electronics Co., Ltd.\" href=\"http:\/\/jb-bolt.com\/\" target=\"_blank\" rel=\"noopener sponsored\"><strong>Shenzhen Jinbang Hardware and Electronics Co., Ltd.<\/strong> <\/a><\/span>Os principais produtos incluem guiadores de motociclos, colares, rodas s\u00edncronas, polias, bot\u00f5es, pregos de buzina, dissipadores de calor, porca quadrada Din557 M8 M10 M12, parafusos antirroubo, porca quadrada M2 M3 M4 M6, porcas antirroubo, parafusos n\u00e3o normalizados, porcas n\u00e3o normalizadas e pe\u00e7as de hardware personalizadas:<span style=\"color: #ff0000;\">\u00a0<a style=\"color: #ff0000;\" href=\"mailto:jazz@jbsy-china.com\" target=\"_blank\" rel=\"nofollow noopener\"><strong>EMAIL: jazz@jbsy-china.com<\/strong><\/a>\u00a0<\/span>Tel:+86 189 2643 8760, o volume de vendas diretas do fabricante tem um grande desconto. Bem-vindo a orientar e cooperar!<\/p>\n<p><img fetchpriority=\"high\" decoding=\"async\" class=\"alignnone wp-image-1309\" src=\"http:\/\/jb-bolt.com\/wp-content\/uploads\/2023\/05\/Stainless-Steel-Din928-M6-M8-M10-M12-Square-Welding-Nut.jpg\" alt=\"(5) Torx LOCK NUTS R\" width=\"1530\" height=\"979\" \/><\/p>","protected":false},"excerpt":{"rendered":"<p><strong>Nome do produto:<\/strong> Porca quadrada Din557 M8 M10 M12<br \/>\n<strong>Marca:<\/strong>\u00a0JINGBANG<br \/>\n<strong>Cor:<\/strong>\u00a0Personaliz\u00e1vel<br \/>\n<strong>Tamanho:<\/strong>\u00a0Personaliz\u00e1vel<br \/>\n<strong>Processamento:<\/strong>\u00a0Processamento personaliz\u00e1vel<br \/>\n<strong>Material:<\/strong> Tudo em alum\u00ednio e a\u00e7o inoxid\u00e1vel<br \/>\n<strong>Principais produtos:<\/strong> Fechos de guiador de motociclos, colares, rodas s\u00edncronas, polias, bot\u00f5es, pregos de buzina, dissipadores de calor, parafusos antirroubo, porcas antirroubo, parafusos n\u00e3o normalizados, porcas n\u00e3o normalizadas, pe\u00e7as de hardware personalizadas<\/p>","protected":false},"featured_media":32539,"comment_status":"open","ping_status":"closed","template":"","meta":{"site-sidebar-layout":"default","site-content-layout":"","ast-site-content-layout":"default","site-content-style":"default","site-sidebar-style":"default","ast-global-header-display":"","ast-banner-title-visibility":"","ast-main-header-display":"","ast-hfb-above-header-display":"","ast-hfb-below-header-display":"","ast-hfb-mobile-header-display":"","site-post-title":"","ast-breadcrumbs-content":"","ast-featured-img":"","footer-sml-layout":"","ast-disable-related-posts":"","theme-transparent-header-meta":"","adv-header-id-meta":"","stick-header-meta":"","header-above-stick-meta":"","header-main-stick-meta":"","header-below-stick-meta":"","astra-migrate-meta-layouts":"default","ast-page-background-enabled":"default","ast-page-background-meta":{"desktop":{"background-color":"var(--ast-global-color-4)","background-image":"","background-repeat":"repeat","background-position":"center center","background-size":"auto","background-attachment":"scroll","background-type":"","background-media":"","overlay-type":"","overlay-color":"","overlay-opacity":"","overlay-gradient":""},"tablet":{"background-color":"","background-image":"","background-repeat":"repeat","background-position":"center center","background-size":"auto","background-attachment":"scroll","background-type":"","background-media":"","overlay-type":"","overlay-color":"","overlay-opacity":"","overlay-gradient":""},"mobile":{"background-color":"","background-image":"","background-repeat":"repeat","background-position":"center center","background-size":"auto","background-attachment":"scroll","background-type":"","background-media":"","overlay-type":"","overlay-color":"","overlay-opacity":"","overlay-gradient":""}},"ast-content-background-meta":{"desktop":{"background-color":"var(--ast-global-color-5)","background-image":"","background-repeat":"repeat","background-position":"center center","background-size":"auto","background-attachment":"scroll","background-type":"","background-media":"","overlay-type":"","overlay-color":"","overlay-opacity":"","overlay-gradient":""},"tablet":{"background-color":"var(--ast-global-color-5)","background-image":"","background-repeat":"repeat","background-position":"center center","background-size":"auto","background-attachment":"scroll","background-type":"","background-media":"","overlay-type":"","overlay-color":"","overlay-opacity":"","overlay-gradient":""},"mobile":{"background-color":"var(--ast-global-color-5)","background-image":"","background-repeat":"repeat","background-position":"center center","background-size":"auto","background-attachment":"scroll","background-type":"","background-media":"","overlay-type":"","overlay-color":"","overlay-opacity":"","overlay-gradient":""}},"_themeisle_gutenberg_block_has_review":false,"_ti_tpc_template_sync":false,"_ti_tpc_template_id":""},"product_brand":[],"product_cat":[1263,1264],"product_tag":[],"class_list":{"0":"post-32522","1":"product","2":"type-product","3":"status-publish","4":"has-post-thumbnail","6":"product_cat-more-fastener","7":"product_cat-nuts","8":"desktop-align-left","9":"tablet-align-left","10":"mobile-align-left","11":"ast-product-gallery-layout-horizontal-slider","12":"ast-product-gallery-with-no-image","13":"ast-product-tabs-layout-horizontal","14":"ast-qv-on-image","16":"first","17":"instock","18":"shipping-taxable","19":"product-type-simple"},"yoast_head":"<!-- This site is optimized with the Yoast SEO Premium plugin v21.7 (Yoast SEO v25.7) - https:\/\/yoast.com\/wordpress\/plugins\/seo\/ -->\n<title>M2 M3 M4 M6 Square Nut - Jingbang Industrial<\/title>\n<meta name=\"robots\" content=\"index, follow, max-snippet:-1, max-image-preview:large, max-video-preview:-1\" \/>\n<link rel=\"canonical\" href=\"https:\/\/jbsy-china.com\/pt\/produto\/m2-m3-m4-m6-square-nut\/\" \/>\n<meta property=\"og:locale\" content=\"pt_PT\" \/>\n<meta property=\"og:type\" content=\"article\" \/>\n<meta property=\"og:title\" content=\"M2 M3 M4 M6 Square Nut\" \/>\n<meta property=\"og:description\" content=\"Product Name: Square Nut Din557 M8 M10 M12 Brand:\u00a0JINGBANG Color:\u00a0Customizable Size:\u00a0Customizable Processing:\u00a0Customizable processing Material: All aluminum stainless steel Main products: Motorcycle handlebar locks, collars, synchronous wheels, pulleys, knobs, horn nails, heat sinks, anti-theft screws, anti-theft nuts, non-standard screws, non-standard nuts, customized hardware parts\" \/>\n<meta property=\"og:url\" content=\"https:\/\/jbsy-china.com\/pt\/produto\/m2-m3-m4-m6-square-nut\/\" \/>\n<meta property=\"og:site_name\" content=\"Jingbang Industrial\" \/>\n<meta property=\"article:modified_time\" content=\"2025-05-06T07:26:19+00:00\" \/>\n<meta property=\"og:image\" content=\"http:\/\/jb-bolt.com\/wp-content\/uploads\/2023\/05\/Stainless-Steel-Din928-M6-M8-M10-M12-Square-Welding-Nut.jpg\" \/>\n<meta name=\"twitter:card\" content=\"summary_large_image\" \/>\n<script type=\"application\/ld+json\" class=\"yoast-schema-graph\">{\"@context\":\"https:\/\/schema.org\",\"@graph\":[{\"@type\":\"WebPage\",\"@id\":\"https:\/\/jbsy-china.com\/product\/m2-m3-m4-m6-square-nut\/\",\"url\":\"https:\/\/jbsy-china.com\/product\/m2-m3-m4-m6-square-nut\/\",\"name\":\"M2 M3 M4 M6 Square Nut - Jingbang Industrial\",\"isPartOf\":{\"@id\":\"https:\/\/jbsy-china.com\/#website\"},\"primaryImageOfPage\":{\"@id\":\"https:\/\/jbsy-china.com\/product\/m2-m3-m4-m6-square-nut\/#primaryimage\"},\"image\":{\"@id\":\"https:\/\/jbsy-china.com\/product\/m2-m3-m4-m6-square-nut\/#primaryimage\"},\"thumbnailUrl\":\"https:\/\/jbsy-china.com\/wp-content\/uploads\/2025\/05\/M2-M3-M4-M6-Square-Nut.png\",\"datePublished\":\"2025-05-06T07:26:13+00:00\",\"dateModified\":\"2025-05-06T07:26:19+00:00\",\"breadcrumb\":{\"@id\":\"https:\/\/jbsy-china.com\/product\/m2-m3-m4-m6-square-nut\/#breadcrumb\"},\"inLanguage\":\"pt-PT\",\"potentialAction\":[{\"@type\":\"ReadAction\",\"target\":[\"https:\/\/jbsy-china.com\/product\/m2-m3-m4-m6-square-nut\/\"]}]},{\"@type\":\"ImageObject\",\"inLanguage\":\"pt-PT\",\"@id\":\"https:\/\/jbsy-china.com\/product\/m2-m3-m4-m6-square-nut\/#primaryimage\",\"url\":\"https:\/\/jbsy-china.com\/wp-content\/uploads\/2025\/05\/M2-M3-M4-M6-Square-Nut.png\",\"contentUrl\":\"https:\/\/jbsy-china.com\/wp-content\/uploads\/2025\/05\/M2-M3-M4-M6-Square-Nut.png\",\"width\":422,\"height\":415},{\"@type\":\"BreadcrumbList\",\"@id\":\"https:\/\/jbsy-china.com\/product\/m2-m3-m4-m6-square-nut\/#breadcrumb\",\"itemListElement\":[{\"@type\":\"ListItem\",\"position\":1,\"name\":\"Home\",\"item\":\"https:\/\/jbsy-china.com\/\"},{\"@type\":\"ListItem\",\"position\":2,\"name\":\"Products\",\"item\":\"https:\/\/jbsy-china.com\/shop\/\"},{\"@type\":\"ListItem\",\"position\":3,\"name\":\"M2 M3 M4 M6 Square Nut\"}]},{\"@type\":\"WebSite\",\"@id\":\"https:\/\/jbsy-china.com\/#website\",\"url\":\"https:\/\/jbsy-china.com\/\",\"name\":\"Jingbang Industrial\",\"description\":\"Hardware and electronics manufacturer\",\"publisher\":{\"@id\":\"https:\/\/jbsy-china.com\/#organization\"},\"potentialAction\":[{\"@type\":\"SearchAction\",\"target\":{\"@type\":\"EntryPoint\",\"urlTemplate\":\"https:\/\/jbsy-china.com\/?s={search_term_string}\"},\"query-input\":{\"@type\":\"PropertyValueSpecification\",\"valueRequired\":true,\"valueName\":\"search_term_string\"}}],\"inLanguage\":\"pt-PT\"},{\"@type\":\"Organization\",\"@id\":\"https:\/\/jbsy-china.com\/#organization\",\"name\":\"Jingbang Industrial\",\"url\":\"https:\/\/jbsy-china.com\/\",\"logo\":{\"@type\":\"ImageObject\",\"inLanguage\":\"pt-PT\",\"@id\":\"https:\/\/jbsy-china.com\/#\/schema\/logo\/image\/\",\"url\":\"https:\/\/jbsy-china.com\/wp-content\/uploads\/2023\/11\/cropped-\u56fe\u5c42-1.png\",\"contentUrl\":\"https:\/\/jbsy-china.com\/wp-content\/uploads\/2023\/11\/cropped-\u56fe\u5c42-1.png\",\"width\":1049,\"height\":739,\"caption\":\"Jingbang Industrial\"},\"image\":{\"@id\":\"https:\/\/jbsy-china.com\/#\/schema\/logo\/image\/\"}}]}<\/script>\n<!-- \/ Yoast SEO Premium plugin. -->","yoast_head_json":{"title":"M2 M3 M4 M6 Square Nut - Jingbang Industrial","robots":{"index":"index","follow":"follow","max-snippet":"max-snippet:-1","max-image-preview":"max-image-preview:large","max-video-preview":"max-video-preview:-1"},"canonical":"https:\/\/jbsy-china.com\/pt\/produto\/m2-m3-m4-m6-square-nut\/","og_locale":"pt_PT","og_type":"article","og_title":"M2 M3 M4 M6 Square Nut","og_description":"Product Name: Square Nut Din557 M8 M10 M12 Brand:\u00a0JINGBANG Color:\u00a0Customizable Size:\u00a0Customizable Processing:\u00a0Customizable processing Material: All aluminum stainless steel Main products: Motorcycle handlebar locks, collars, synchronous wheels, pulleys, knobs, horn nails, heat sinks, anti-theft screws, anti-theft nuts, non-standard screws, non-standard nuts, customized hardware parts","og_url":"https:\/\/jbsy-china.com\/pt\/produto\/m2-m3-m4-m6-square-nut\/","og_site_name":"Jingbang Industrial","article_modified_time":"2025-05-06T07:26:19+00:00","og_image":[{"url":"http:\/\/jb-bolt.com\/wp-content\/uploads\/2023\/05\/Stainless-Steel-Din928-M6-M8-M10-M12-Square-Welding-Nut.jpg","type":"","width":"","height":""}],"twitter_card":"summary_large_image","schema":{"@context":"https:\/\/schema.org","@graph":[{"@type":"WebPage","@id":"https:\/\/jbsy-china.com\/product\/m2-m3-m4-m6-square-nut\/","url":"https:\/\/jbsy-china.com\/product\/m2-m3-m4-m6-square-nut\/","name":"M2 M3 M4 M6 Square Nut - Jingbang Industrial","isPartOf":{"@id":"https:\/\/jbsy-china.com\/#website"},"primaryImageOfPage":{"@id":"https:\/\/jbsy-china.com\/product\/m2-m3-m4-m6-square-nut\/#primaryimage"},"image":{"@id":"https:\/\/jbsy-china.com\/product\/m2-m3-m4-m6-square-nut\/#primaryimage"},"thumbnailUrl":"https:\/\/jbsy-china.com\/wp-content\/uploads\/2025\/05\/M2-M3-M4-M6-Square-Nut.png","datePublished":"2025-05-06T07:26:13+00:00","dateModified":"2025-05-06T07:26:19+00:00","breadcrumb":{"@id":"https:\/\/jbsy-china.com\/product\/m2-m3-m4-m6-square-nut\/#breadcrumb"},"inLanguage":"pt-PT","potentialAction":[{"@type":"ReadAction","target":["https:\/\/jbsy-china.com\/product\/m2-m3-m4-m6-square-nut\/"]}]},{"@type":"ImageObject","inLanguage":"pt-PT","@id":"https:\/\/jbsy-china.com\/product\/m2-m3-m4-m6-square-nut\/#primaryimage","url":"https:\/\/jbsy-china.com\/wp-content\/uploads\/2025\/05\/M2-M3-M4-M6-Square-Nut.png","contentUrl":"https:\/\/jbsy-china.com\/wp-content\/uploads\/2025\/05\/M2-M3-M4-M6-Square-Nut.png","width":422,"height":415},{"@type":"BreadcrumbList","@id":"https:\/\/jbsy-china.com\/product\/m2-m3-m4-m6-square-nut\/#breadcrumb","itemListElement":[{"@type":"ListItem","position":1,"name":"Home","item":"https:\/\/jbsy-china.com\/"},{"@type":"ListItem","position":2,"name":"Products","item":"https:\/\/jbsy-china.com\/shop\/"},{"@type":"ListItem","position":3,"name":"M2 M3 M4 M6 Square Nut"}]},{"@type":"WebSite","@id":"https:\/\/jbsy-china.com\/#website","url":"https:\/\/jbsy-china.com\/","name":"Jingbang Industrial","description":"Fabricante de hardware e eletr\u00f3nica","publisher":{"@id":"https:\/\/jbsy-china.com\/#organization"},"potentialAction":[{"@type":"SearchAction","target":{"@type":"EntryPoint","urlTemplate":"https:\/\/jbsy-china.com\/?s={search_term_string}"},"query-input":{"@type":"PropertyValueSpecification","valueRequired":true,"valueName":"search_term_string"}}],"inLanguage":"pt-PT"},{"@type":"Organization","@id":"https:\/\/jbsy-china.com\/#organization","name":"Jingbang Industrial","url":"https:\/\/jbsy-china.com\/","logo":{"@type":"ImageObject","inLanguage":"pt-PT","@id":"https:\/\/jbsy-china.com\/#\/schema\/logo\/image\/","url":"https:\/\/jbsy-china.com\/wp-content\/uploads\/2023\/11\/cropped-\u56fe\u5c42-1.png","contentUrl":"https:\/\/jbsy-china.com\/wp-content\/uploads\/2023\/11\/cropped-\u56fe\u5c42-1.png","width":1049,"height":739,"caption":"Jingbang Industrial"},"image":{"@id":"https:\/\/jbsy-china.com\/#\/schema\/logo\/image\/"}}]}},"_links":{"self":[{"href":"https:\/\/jbsy-china.com\/pt\/wp-json\/wp\/v2\/product\/32522","targetHints":{"allow":["GET"]}}],"collection":[{"href":"https:\/\/jbsy-china.com\/pt\/wp-json\/wp\/v2\/product"}],"about":[{"href":"https:\/\/jbsy-china.com\/pt\/wp-json\/wp\/v2\/types\/product"}],"replies":[{"embeddable":true,"href":"https:\/\/jbsy-china.com\/pt\/wp-json\/wp\/v2\/comments?post=32522"}],"wp:featuredmedia":[{"embeddable":true,"href":"https:\/\/jbsy-china.com\/pt\/wp-json\/wp\/v2\/media\/32539"}],"wp:attachment":[{"href":"https:\/\/jbsy-china.com\/pt\/wp-json\/wp\/v2\/media?parent=32522"}],"wp:term":[{"taxonomy":"product_brand","embeddable":true,"href":"https:\/\/jbsy-china.com\/pt\/wp-json\/wp\/v2\/product_brand?post=32522"},{"taxonomy":"product_cat","embeddable":true,"href":"https:\/\/jbsy-china.com\/pt\/wp-json\/wp\/v2\/product_cat?post=32522"},{"taxonomy":"product_tag","embeddable":true,"href":"https:\/\/jbsy-china.com\/pt\/wp-json\/wp\/v2\/product_tag?post=32522"}],"curies":[{"name":"wp","href":"https:\/\/api.w.org\/{rel}","templated":true}]}}