{"id":32819,"date":"2025-05-06T07:28:46","date_gmt":"2025-05-06T07:28:46","guid":{"rendered":"https:\/\/jbsy-china.com\/?post_type=product&#038;p=32819"},"modified":"2025-05-06T07:29:16","modified_gmt":"2025-05-06T07:29:16","slug":"sunpoint-din928-stainless-steel-good-quality-ss304-nut-m5-m6-square-type-weld-nuts","status":"publish","type":"product","link":"https:\/\/jbsy-china.com\/pt\/produto\/sunpoint-din928-stainless-steel-good-quality-ss304-nut-m5-m6-square-type-weld-nuts\/","title":{"rendered":"Sunpoint DIN928 a\u00e7o inoxid\u00e1vel de boa qualidade SS304 porca M5 M6 tipo quadrado porcas de solda"},"content":{"rendered":"<p><span style=\"color: #ff0000;\"><a style=\"color: #ff0000;\" title=\"Shenzhen Jinbang Hardware and Electronics Co., Ltd.\" href=\"http:\/\/jb-bolt.com\/\" target=\"_blank\" rel=\"noopener sponsored\"><strong>Shenzhen Jinbang Hardware and Electronics Co., Ltd.<\/strong> <\/a><\/span>Os principais produtos incluem guid\u00e3o de motocicleta, colares, rodas s\u00edncronas, 304 316 Nylon Locking Hex Flange Nut, polias, bot\u00f5es, pregos de chifre, dissipadores de calor, Sunpoint DIN928 a\u00e7o inoxid\u00e1vel de boa qualidade SS304 porca M5 M6 Square Type Weld Nuts, Wholesales Countersunk Head HEX socket Screws and Bolts, porcas antirroubo, parafusos n\u00e3o padronizados, porcas n\u00e3o padronizadas e pe\u00e7as de hardware personalizadas, informa\u00e7\u00f5es de contato:<span style=\"color: #ff0000;\">\u00a0<a style=\"color: #ff0000;\" href=\"mailto:jazz@jbsy-china.com\" target=\"_blank\" rel=\"nofollow noopener\"><strong>EMAIL: jazz@jbsy-china.com<\/strong><\/a>\u00a0<\/span>Tel:+86 189 2643 8760, o volume de vendas diretas do fabricante tem um grande desconto. Bem-vindo a orientar e cooperar!<\/p>\n<p><img fetchpriority=\"high\" decoding=\"async\" class=\"alignnone wp-image-1309\" src=\"http:\/\/jb-bolt.com\/wp-content\/uploads\/2023\/06\/Factory-price-Gr5-DIN557-titanium-square-nut.png\" alt=\"Sunpoint DIN928 Stainless Steel Good Quality SS304 nut M5 M6 Square Type Weld Nuts\" width=\"1530\" height=\"979\" \/><\/p>","protected":false},"excerpt":{"rendered":"<p><strong>Nome do produto:<\/strong>Sunpoint DIN928 a\u00e7o inoxid\u00e1vel de boa qualidade SS304 porca M5 M6 tipo quadrado porcas de solda<br \/>\n<strong>Marca:<\/strong>\u00a0JINGBANG<br \/>\n<strong>Cor:<\/strong>\u00a0Personaliz\u00e1vel<br \/>\n<strong>Tamanho:<\/strong>\u00a0Personaliz\u00e1vel<br \/>\n<strong>Processamento:<\/strong>\u00a0Processamento personaliz\u00e1vel<br \/>\n<strong>Material:<\/strong> Tudo em alum\u00ednio e a\u00e7o inoxid\u00e1vel<br \/>\n<strong>Principais produtos:<\/strong> Fechos de guiador de motociclos, colares, rodas s\u00edncronas, polias, bot\u00f5es, pregos de buzina, dissipadores de calor, parafusos antirroubo, porcas antirroubo, parafusos n\u00e3o normalizados, porcas n\u00e3o normalizadas, pe\u00e7as de hardware personalizadas<\/p>","protected":false},"featured_media":32869,"comment_status":"open","ping_status":"closed","template":"","meta":{"site-sidebar-layout":"default","site-content-layout":"","ast-site-content-layout":"default","site-content-style":"default","site-sidebar-style":"default","ast-global-header-display":"","ast-banner-title-visibility":"","ast-main-header-display":"","ast-hfb-above-header-display":"","ast-hfb-below-header-display":"","ast-hfb-mobile-header-display":"","site-post-title":"","ast-breadcrumbs-content":"","ast-featured-img":"","footer-sml-layout":"","ast-disable-related-posts":"","theme-transparent-header-meta":"","adv-header-id-meta":"","stick-header-meta":"","header-above-stick-meta":"","header-main-stick-meta":"","header-below-stick-meta":"","astra-migrate-meta-layouts":"default","ast-page-background-enabled":"default","ast-page-background-meta":{"desktop":{"background-color":"var(--ast-global-color-4)","background-image":"","background-repeat":"repeat","background-position":"center center","background-size":"auto","background-attachment":"scroll","background-type":"","background-media":"","overlay-type":"","overlay-color":"","overlay-opacity":"","overlay-gradient":""},"tablet":{"background-color":"","background-image":"","background-repeat":"repeat","background-position":"center center","background-size":"auto","background-attachment":"scroll","background-type":"","background-media":"","overlay-type":"","overlay-color":"","overlay-opacity":"","overlay-gradient":""},"mobile":{"background-color":"","background-image":"","background-repeat":"repeat","background-position":"center center","background-size":"auto","background-attachment":"scroll","background-type":"","background-media":"","overlay-type":"","overlay-color":"","overlay-opacity":"","overlay-gradient":""}},"ast-content-background-meta":{"desktop":{"background-color":"var(--ast-global-color-5)","background-image":"","background-repeat":"repeat","background-position":"center center","background-size":"auto","background-attachment":"scroll","background-type":"","background-media":"","overlay-type":"","overlay-color":"","overlay-opacity":"","overlay-gradient":""},"tablet":{"background-color":"var(--ast-global-color-5)","background-image":"","background-repeat":"repeat","background-position":"center center","background-size":"auto","background-attachment":"scroll","background-type":"","background-media":"","overlay-type":"","overlay-color":"","overlay-opacity":"","overlay-gradient":""},"mobile":{"background-color":"var(--ast-global-color-5)","background-image":"","background-repeat":"repeat","background-position":"center center","background-size":"auto","background-attachment":"scroll","background-type":"","background-media":"","overlay-type":"","overlay-color":"","overlay-opacity":"","overlay-gradient":""}},"_themeisle_gutenberg_block_has_review":false,"_ti_tpc_template_sync":false,"_ti_tpc_template_id":""},"product_brand":[],"product_cat":[1263,1264],"product_tag":[],"class_list":{"0":"post-32819","1":"product","2":"type-product","3":"status-publish","4":"has-post-thumbnail","6":"product_cat-more-fastener","7":"product_cat-nuts","8":"desktop-align-left","9":"tablet-align-left","10":"mobile-align-left","11":"ast-product-gallery-layout-horizontal-slider","12":"ast-product-gallery-with-no-image","13":"ast-product-tabs-layout-horizontal","14":"ast-qv-on-image","16":"first","17":"instock","18":"shipping-taxable","19":"product-type-simple"},"yoast_head":"<!-- This site is optimized with the Yoast SEO Premium plugin v21.7 (Yoast SEO v25.7) - https:\/\/yoast.com\/wordpress\/plugins\/seo\/ -->\n<title>Sunpoint DIN928 Stainless Steel Good Quality SS304 nut M5 M6 Square Type Weld Nuts - Jingbang Industrial<\/title>\n<meta name=\"robots\" content=\"index, follow, max-snippet:-1, max-image-preview:large, max-video-preview:-1\" \/>\n<link rel=\"canonical\" href=\"https:\/\/jbsy-china.com\/pt\/produto\/sunpoint-din928-stainless-steel-good-quality-ss304-nut-m5-m6-square-type-weld-nuts\/\" \/>\n<meta property=\"og:locale\" content=\"pt_PT\" \/>\n<meta property=\"og:type\" content=\"article\" \/>\n<meta property=\"og:title\" content=\"Sunpoint DIN928 Stainless Steel Good Quality SS304 nut M5 M6 Square Type Weld Nuts\" \/>\n<meta property=\"og:description\" content=\"Product Name:Sunpoint DIN928 Stainless Steel Good Quality SS304 nut M5 M6 Square Type Weld Nuts Brand:\u00a0JINGBANG Color:\u00a0Customizable Size:\u00a0Customizable Processing:\u00a0Customizable processing Material: All aluminum stainless steel Main products: Motorcycle handlebar locks, collars, synchronous wheels, pulleys, knobs, horn nails, heat sinks, anti-theft screws, anti-theft nuts, non-standard screws, non-standard nuts, customized hardware parts\" \/>\n<meta property=\"og:url\" content=\"https:\/\/jbsy-china.com\/pt\/produto\/sunpoint-din928-stainless-steel-good-quality-ss304-nut-m5-m6-square-type-weld-nuts\/\" \/>\n<meta property=\"og:site_name\" content=\"Jingbang Industrial\" \/>\n<meta property=\"article:modified_time\" content=\"2025-05-06T07:29:16+00:00\" \/>\n<meta property=\"og:image\" content=\"http:\/\/jb-bolt.com\/wp-content\/uploads\/2023\/06\/Factory-price-Gr5-DIN557-titanium-square-nut.png\" \/>\n<meta name=\"twitter:card\" content=\"summary_large_image\" \/>\n<script type=\"application\/ld+json\" class=\"yoast-schema-graph\">{\"@context\":\"https:\/\/schema.org\",\"@graph\":[{\"@type\":\"WebPage\",\"@id\":\"https:\/\/jbsy-china.com\/product\/sunpoint-din928-stainless-steel-good-quality-ss304-nut-m5-m6-square-type-weld-nuts\/\",\"url\":\"https:\/\/jbsy-china.com\/product\/sunpoint-din928-stainless-steel-good-quality-ss304-nut-m5-m6-square-type-weld-nuts\/\",\"name\":\"Sunpoint DIN928 Stainless Steel Good Quality SS304 nut M5 M6 Square Type Weld Nuts - Jingbang Industrial\",\"isPartOf\":{\"@id\":\"https:\/\/jbsy-china.com\/#website\"},\"primaryImageOfPage\":{\"@id\":\"https:\/\/jbsy-china.com\/product\/sunpoint-din928-stainless-steel-good-quality-ss304-nut-m5-m6-square-type-weld-nuts\/#primaryimage\"},\"image\":{\"@id\":\"https:\/\/jbsy-china.com\/product\/sunpoint-din928-stainless-steel-good-quality-ss304-nut-m5-m6-square-type-weld-nuts\/#primaryimage\"},\"thumbnailUrl\":\"https:\/\/jbsy-china.com\/wp-content\/uploads\/2025\/05\/Sunpoint-DIN928-Stainless-Steel-Good-Quality-SS304-nut-M5-M6-Square-Type-Weld-Nuts.png\",\"datePublished\":\"2025-05-06T07:28:46+00:00\",\"dateModified\":\"2025-05-06T07:29:16+00:00\",\"breadcrumb\":{\"@id\":\"https:\/\/jbsy-china.com\/product\/sunpoint-din928-stainless-steel-good-quality-ss304-nut-m5-m6-square-type-weld-nuts\/#breadcrumb\"},\"inLanguage\":\"pt-PT\",\"potentialAction\":[{\"@type\":\"ReadAction\",\"target\":[\"https:\/\/jbsy-china.com\/product\/sunpoint-din928-stainless-steel-good-quality-ss304-nut-m5-m6-square-type-weld-nuts\/\"]}]},{\"@type\":\"ImageObject\",\"inLanguage\":\"pt-PT\",\"@id\":\"https:\/\/jbsy-china.com\/product\/sunpoint-din928-stainless-steel-good-quality-ss304-nut-m5-m6-square-type-weld-nuts\/#primaryimage\",\"url\":\"https:\/\/jbsy-china.com\/wp-content\/uploads\/2025\/05\/Sunpoint-DIN928-Stainless-Steel-Good-Quality-SS304-nut-M5-M6-Square-Type-Weld-Nuts.png\",\"contentUrl\":\"https:\/\/jbsy-china.com\/wp-content\/uploads\/2025\/05\/Sunpoint-DIN928-Stainless-Steel-Good-Quality-SS304-nut-M5-M6-Square-Type-Weld-Nuts.png\",\"width\":574,\"height\":649},{\"@type\":\"BreadcrumbList\",\"@id\":\"https:\/\/jbsy-china.com\/product\/sunpoint-din928-stainless-steel-good-quality-ss304-nut-m5-m6-square-type-weld-nuts\/#breadcrumb\",\"itemListElement\":[{\"@type\":\"ListItem\",\"position\":1,\"name\":\"Home\",\"item\":\"https:\/\/jbsy-china.com\/\"},{\"@type\":\"ListItem\",\"position\":2,\"name\":\"Products\",\"item\":\"https:\/\/jbsy-china.com\/shop\/\"},{\"@type\":\"ListItem\",\"position\":3,\"name\":\"Sunpoint DIN928 Stainless Steel Good Quality SS304 nut M5 M6 Square Type Weld Nuts\"}]},{\"@type\":\"WebSite\",\"@id\":\"https:\/\/jbsy-china.com\/#website\",\"url\":\"https:\/\/jbsy-china.com\/\",\"name\":\"Jingbang Industrial\",\"description\":\"Hardware and electronics manufacturer\",\"publisher\":{\"@id\":\"https:\/\/jbsy-china.com\/#organization\"},\"potentialAction\":[{\"@type\":\"SearchAction\",\"target\":{\"@type\":\"EntryPoint\",\"urlTemplate\":\"https:\/\/jbsy-china.com\/?s={search_term_string}\"},\"query-input\":{\"@type\":\"PropertyValueSpecification\",\"valueRequired\":true,\"valueName\":\"search_term_string\"}}],\"inLanguage\":\"pt-PT\"},{\"@type\":\"Organization\",\"@id\":\"https:\/\/jbsy-china.com\/#organization\",\"name\":\"Jingbang Industrial\",\"url\":\"https:\/\/jbsy-china.com\/\",\"logo\":{\"@type\":\"ImageObject\",\"inLanguage\":\"pt-PT\",\"@id\":\"https:\/\/jbsy-china.com\/#\/schema\/logo\/image\/\",\"url\":\"https:\/\/jbsy-china.com\/wp-content\/uploads\/2023\/11\/cropped-\u56fe\u5c42-1.png\",\"contentUrl\":\"https:\/\/jbsy-china.com\/wp-content\/uploads\/2023\/11\/cropped-\u56fe\u5c42-1.png\",\"width\":1049,\"height\":739,\"caption\":\"Jingbang Industrial\"},\"image\":{\"@id\":\"https:\/\/jbsy-china.com\/#\/schema\/logo\/image\/\"}}]}<\/script>\n<!-- \/ Yoast SEO Premium plugin. -->","yoast_head_json":{"title":"Sunpoint DIN928 Stainless Steel Good Quality SS304 nut M5 M6 Square Type Weld Nuts - Jingbang Industrial","robots":{"index":"index","follow":"follow","max-snippet":"max-snippet:-1","max-image-preview":"max-image-preview:large","max-video-preview":"max-video-preview:-1"},"canonical":"https:\/\/jbsy-china.com\/pt\/produto\/sunpoint-din928-stainless-steel-good-quality-ss304-nut-m5-m6-square-type-weld-nuts\/","og_locale":"pt_PT","og_type":"article","og_title":"Sunpoint DIN928 Stainless Steel Good Quality SS304 nut M5 M6 Square Type Weld Nuts","og_description":"Product Name:Sunpoint DIN928 Stainless Steel Good Quality SS304 nut M5 M6 Square Type Weld Nuts Brand:\u00a0JINGBANG Color:\u00a0Customizable Size:\u00a0Customizable Processing:\u00a0Customizable processing Material: All aluminum stainless steel Main products: Motorcycle handlebar locks, collars, synchronous wheels, pulleys, knobs, horn nails, heat sinks, anti-theft screws, anti-theft nuts, non-standard screws, non-standard nuts, customized hardware parts","og_url":"https:\/\/jbsy-china.com\/pt\/produto\/sunpoint-din928-stainless-steel-good-quality-ss304-nut-m5-m6-square-type-weld-nuts\/","og_site_name":"Jingbang Industrial","article_modified_time":"2025-05-06T07:29:16+00:00","og_image":[{"url":"http:\/\/jb-bolt.com\/wp-content\/uploads\/2023\/06\/Factory-price-Gr5-DIN557-titanium-square-nut.png","type":"","width":"","height":""}],"twitter_card":"summary_large_image","schema":{"@context":"https:\/\/schema.org","@graph":[{"@type":"WebPage","@id":"https:\/\/jbsy-china.com\/product\/sunpoint-din928-stainless-steel-good-quality-ss304-nut-m5-m6-square-type-weld-nuts\/","url":"https:\/\/jbsy-china.com\/product\/sunpoint-din928-stainless-steel-good-quality-ss304-nut-m5-m6-square-type-weld-nuts\/","name":"Sunpoint DIN928 Stainless Steel Good Quality SS304 nut M5 M6 Square Type Weld Nuts - Jingbang Industrial","isPartOf":{"@id":"https:\/\/jbsy-china.com\/#website"},"primaryImageOfPage":{"@id":"https:\/\/jbsy-china.com\/product\/sunpoint-din928-stainless-steel-good-quality-ss304-nut-m5-m6-square-type-weld-nuts\/#primaryimage"},"image":{"@id":"https:\/\/jbsy-china.com\/product\/sunpoint-din928-stainless-steel-good-quality-ss304-nut-m5-m6-square-type-weld-nuts\/#primaryimage"},"thumbnailUrl":"https:\/\/jbsy-china.com\/wp-content\/uploads\/2025\/05\/Sunpoint-DIN928-Stainless-Steel-Good-Quality-SS304-nut-M5-M6-Square-Type-Weld-Nuts.png","datePublished":"2025-05-06T07:28:46+00:00","dateModified":"2025-05-06T07:29:16+00:00","breadcrumb":{"@id":"https:\/\/jbsy-china.com\/product\/sunpoint-din928-stainless-steel-good-quality-ss304-nut-m5-m6-square-type-weld-nuts\/#breadcrumb"},"inLanguage":"pt-PT","potentialAction":[{"@type":"ReadAction","target":["https:\/\/jbsy-china.com\/product\/sunpoint-din928-stainless-steel-good-quality-ss304-nut-m5-m6-square-type-weld-nuts\/"]}]},{"@type":"ImageObject","inLanguage":"pt-PT","@id":"https:\/\/jbsy-china.com\/product\/sunpoint-din928-stainless-steel-good-quality-ss304-nut-m5-m6-square-type-weld-nuts\/#primaryimage","url":"https:\/\/jbsy-china.com\/wp-content\/uploads\/2025\/05\/Sunpoint-DIN928-Stainless-Steel-Good-Quality-SS304-nut-M5-M6-Square-Type-Weld-Nuts.png","contentUrl":"https:\/\/jbsy-china.com\/wp-content\/uploads\/2025\/05\/Sunpoint-DIN928-Stainless-Steel-Good-Quality-SS304-nut-M5-M6-Square-Type-Weld-Nuts.png","width":574,"height":649},{"@type":"BreadcrumbList","@id":"https:\/\/jbsy-china.com\/product\/sunpoint-din928-stainless-steel-good-quality-ss304-nut-m5-m6-square-type-weld-nuts\/#breadcrumb","itemListElement":[{"@type":"ListItem","position":1,"name":"Home","item":"https:\/\/jbsy-china.com\/"},{"@type":"ListItem","position":2,"name":"Products","item":"https:\/\/jbsy-china.com\/shop\/"},{"@type":"ListItem","position":3,"name":"Sunpoint DIN928 Stainless Steel Good Quality SS304 nut M5 M6 Square Type Weld Nuts"}]},{"@type":"WebSite","@id":"https:\/\/jbsy-china.com\/#website","url":"https:\/\/jbsy-china.com\/","name":"Jingbang Industrial","description":"Fabricante de hardware e eletr\u00f3nica","publisher":{"@id":"https:\/\/jbsy-china.com\/#organization"},"potentialAction":[{"@type":"SearchAction","target":{"@type":"EntryPoint","urlTemplate":"https:\/\/jbsy-china.com\/?s={search_term_string}"},"query-input":{"@type":"PropertyValueSpecification","valueRequired":true,"valueName":"search_term_string"}}],"inLanguage":"pt-PT"},{"@type":"Organization","@id":"https:\/\/jbsy-china.com\/#organization","name":"Jingbang Industrial","url":"https:\/\/jbsy-china.com\/","logo":{"@type":"ImageObject","inLanguage":"pt-PT","@id":"https:\/\/jbsy-china.com\/#\/schema\/logo\/image\/","url":"https:\/\/jbsy-china.com\/wp-content\/uploads\/2023\/11\/cropped-\u56fe\u5c42-1.png","contentUrl":"https:\/\/jbsy-china.com\/wp-content\/uploads\/2023\/11\/cropped-\u56fe\u5c42-1.png","width":1049,"height":739,"caption":"Jingbang Industrial"},"image":{"@id":"https:\/\/jbsy-china.com\/#\/schema\/logo\/image\/"}}]}},"_links":{"self":[{"href":"https:\/\/jbsy-china.com\/pt\/wp-json\/wp\/v2\/product\/32819","targetHints":{"allow":["GET"]}}],"collection":[{"href":"https:\/\/jbsy-china.com\/pt\/wp-json\/wp\/v2\/product"}],"about":[{"href":"https:\/\/jbsy-china.com\/pt\/wp-json\/wp\/v2\/types\/product"}],"replies":[{"embeddable":true,"href":"https:\/\/jbsy-china.com\/pt\/wp-json\/wp\/v2\/comments?post=32819"}],"wp:featuredmedia":[{"embeddable":true,"href":"https:\/\/jbsy-china.com\/pt\/wp-json\/wp\/v2\/media\/32869"}],"wp:attachment":[{"href":"https:\/\/jbsy-china.com\/pt\/wp-json\/wp\/v2\/media?parent=32819"}],"wp:term":[{"taxonomy":"product_brand","embeddable":true,"href":"https:\/\/jbsy-china.com\/pt\/wp-json\/wp\/v2\/product_brand?post=32819"},{"taxonomy":"product_cat","embeddable":true,"href":"https:\/\/jbsy-china.com\/pt\/wp-json\/wp\/v2\/product_cat?post=32819"},{"taxonomy":"product_tag","embeddable":true,"href":"https:\/\/jbsy-china.com\/pt\/wp-json\/wp\/v2\/product_tag?post=32819"}],"curies":[{"name":"wp","href":"https:\/\/api.w.org\/{rel}","templated":true}]}}