{"id":32929,"date":"2025-05-06T07:29:49","date_gmt":"2025-05-06T07:29:49","guid":{"rendered":"https:\/\/jbsy-china.com\/?post_type=product&#038;p=32929"},"modified":"2025-05-09T06:49:44","modified_gmt":"2025-05-09T06:49:44","slug":"lock-nut-2","status":"publish","type":"product","link":"https:\/\/jbsy-china.com\/pt\/produto\/lock-nut-2\/","title":{"rendered":"Porca de bloqueio"},"content":{"rendered":"<p><img fetchpriority=\"high\" decoding=\"async\" class=\"alignnone wp-image-7963 size-full\" src=\"https:\/\/jb-bolt.com\/wp-content\/uploads\/2025\/02\/\u4e3b\u63a8-\u9632\u76d7\u87ba\u6bcd_01.jpg\" alt=\"\" width=\"790\" height=\"1330\" \/><img decoding=\"async\" class=\"alignnone size-full wp-image-7964\" src=\"https:\/\/jb-bolt.com\/wp-content\/uploads\/2025\/02\/\u4e3b\u63a8-\u9632\u76d7\u87ba\u6bcd_02.jpg\" alt=\"\" width=\"790\" height=\"930\" \/><\/p>\n<p><img decoding=\"async\" class=\"alignnone size-full wp-image-7965\" src=\"https:\/\/jb-bolt.com\/wp-content\/uploads\/2025\/02\/\u4e3b\u63a8-\u9632\u76d7\u87ba\u6bcd_03.jpg\" alt=\"\" width=\"790\" height=\"1060\" \/><img loading=\"lazy\" decoding=\"async\" class=\"alignnone size-full wp-image-7966\" src=\"https:\/\/jb-bolt.com\/wp-content\/uploads\/2025\/02\/\u4e3b\u63a8-\u9632\u76d7\u87ba\u6bcd_04.jpg\" alt=\"\" width=\"790\" height=\"850\" \/><\/p>\n<p><strong>A fixa\u00e7\u00e3o e abertura de parafusos e porcas adopta um design n\u00e3o normalizado, e a correspond\u00eancia<\/strong><br \/>\n<strong>s\u00e3o utilizadas ferramentas n\u00e3o normalizadas para resolver os problemas de abertura e de fixa\u00e7\u00e3o. Em geral, outras<\/strong><br \/>\n<strong>n\u00e3o podem ser inseridas chaves. na conce\u00e7\u00e3o da apar\u00eancia das porcas e parafusos, ranhuras n\u00e3o normalizadas,<\/strong><br \/>\n<strong>ferramentas de abertura ou de ranhuras correspondentes pentagonais, heptagonais, de nove cantos ou feitas por medida<\/strong><br \/>\n<strong>t\u00eam um efeito antirroubo muito bom<\/strong><\/p>\n<p><img loading=\"lazy\" decoding=\"async\" class=\"alignnone size-full wp-image-7968\" src=\"https:\/\/jb-bolt.com\/wp-content\/uploads\/2025\/02\/\u4e3b\u63a8-\u9632\u76d7\u87ba\u6bcd_06.jpg\" alt=\"\" width=\"790\" height=\"690\" \/><\/p>\n<p><strong>O processo de encabe\u00e7amento a frio \u00e9 um dos novos processos para a maquinagem sob press\u00e3o com menos ou nenhum corte<\/strong><br \/>\n<strong>metal. \u00c9 um m\u00e9todo de processamento que utiliza a deforma\u00e7\u00e3o pl\u00e1stica do metal sob a a\u00e7\u00e3o de<\/strong><br \/>\n<strong>for\u00e7as externas e, com a ajuda de moldes, redistribui e transfere o volume de metal para formar<\/strong><br \/>\n<strong>as pe\u00e7as ou os espa\u00e7os em branco necess\u00e1rios. O processo de encabe\u00e7amento a frio \u00e9 o mais adequado para a produ\u00e7\u00e3o de<\/strong><br \/>\n<strong>elementos de fixa\u00e7\u00e3o, tais como cavilhas, parafusos, porcas, rebites, cavilhas, etc.<\/strong><\/p>\n<p><img loading=\"lazy\" decoding=\"async\" class=\"alignnone size-full wp-image-7970\" src=\"https:\/\/jb-bolt.com\/wp-content\/uploads\/2025\/02\/\u4e3b\u63a8-\u9632\u76d7\u87ba\u6bcd_08.jpg\" alt=\"\" width=\"790\" height=\"590\" \/><img loading=\"lazy\" decoding=\"async\" class=\"alignnone size-full wp-image-7971\" src=\"https:\/\/jb-bolt.com\/wp-content\/uploads\/2025\/02\/\u4e3b\u63a8-\u9632\u76d7\u87ba\u6bcd_09.jpg\" alt=\"\" width=\"790\" height=\"720\" \/><\/p>\n<p>A <strong data-start=\"43\" data-end=\"55\">fechadura <a href=\"https:\/\/jb-bolt.com\/product-category\/security-safety-nuts\/\">noz<\/a><\/strong> \u00e9 uma porca especializada concebida para evitar o afrouxamento devido a vibra\u00e7\u00f5es, bin\u00e1rio ou outras for\u00e7as mec\u00e2nicas que, de outra forma, poderiam fazer com que uma porca normal se soltasse. \u00c9 um componente cr\u00edtico em ind\u00fastrias e aplica\u00e7\u00f5es onde a fixa\u00e7\u00e3o segura \u00e9 essencial, especialmente em ambientes de elevada vibra\u00e7\u00e3o.<\/p>\n<h3 data-start=\"362\" data-end=\"389\"><strong data-start=\"366\" data-end=\"388\">Tipos de porcas de bloqueio<\/strong>:<\/h3>\n<ol data-start=\"390\" data-end=\"1489\">\n<li data-start=\"390\" data-end=\"618\">\n<p data-start=\"393\" data-end=\"432\"><strong data-start=\"393\" data-end=\"430\">Porca de bloqueio de inser\u00e7\u00e3o de nylon (porca Nyloc)<\/strong>:<\/p>\n<ul data-start=\"436\" data-end=\"618\">\n<li data-start=\"436\" data-end=\"537\">Possui uma inser\u00e7\u00e3o de nylon que agarra o parafuso, proporcionando fric\u00e7\u00e3o e evitando que se solte.<\/li>\n<li data-start=\"541\" data-end=\"618\">Utilizado habitualmente em aplica\u00e7\u00f5es autom\u00f3veis, aeroespaciais e de maquinaria geral.<\/li>\n<\/ul>\n<\/li>\n<li data-start=\"620\" data-end=\"873\">\n<p data-start=\"623\" data-end=\"647\"><strong data-start=\"623\" data-end=\"645\">Porca de bloqueio totalmente met\u00e1lica<\/strong>:<\/p>\n<ul data-start=\"651\" data-end=\"873\">\n<li data-start=\"651\" data-end=\"774\">Feitas inteiramente de metal, estas contraporcas utilizam a deforma\u00e7\u00e3o do metal para criar fric\u00e7\u00e3o contra as roscas do fixador.<\/li>\n<li data-start=\"778\" data-end=\"873\">Conhecidos pela sua durabilidade e capacidade de resistir a temperaturas elevadas e ambientes agressivos.<\/li>\n<\/ul>\n<\/li>\n<li data-start=\"875\" data-end=\"1187\">\n<p data-start=\"878\" data-end=\"907\"><strong data-start=\"878\" data-end=\"906\">Porca de bloqueio de flange serrilhada<\/strong>:<\/p>\n<ul data-start=\"911\" data-end=\"1187\">\n<li data-start=\"911\" data-end=\"1036\">Tem uma flange com arestas serrilhadas que mordem o material ou a superf\u00edcie da porca para aumentar a resist\u00eancia ao desaperto.<\/li>\n<li data-start=\"1040\" data-end=\"1187\">Frequentemente utilizado em aplica\u00e7\u00f5es em que est\u00e1 envolvido um bin\u00e1rio mais elevado ou quando o fixador tem de ser fixado em materiais mais macios como o pl\u00e1stico ou o alum\u00ednio.<\/li>\n<\/ul>\n<\/li>\n<li data-start=\"1189\" data-end=\"1489\">\n<p data-start=\"1192\" data-end=\"1223\"><strong data-start=\"1192\" data-end=\"1222\">Bin\u00e1rio de aperto prevalecente Porca de bloqueio<\/strong>:<\/p>\n<ul data-start=\"1227\" data-end=\"1489\">\n<li data-start=\"1227\" data-end=\"1344\">Esta conce\u00e7\u00e3o aplica uma press\u00e3o constante ao parafuso atrav\u00e9s de carater\u00edsticas internas (como uma parte engastada da porca).<\/li>\n<li data-start=\"1348\" data-end=\"1489\">Utilizado em aplica\u00e7\u00f5es em que a porca tem de ser segura, mas pode ter de ser apertada ou ajustada v\u00e1rias vezes sem danificar as roscas.<\/li>\n<\/ul>\n<\/li>\n<\/ol>\n<hr data-start=\"1491\" data-end=\"1494\" \/>\n<h3 data-start=\"1496\" data-end=\"1514\"><strong data-start=\"1500\" data-end=\"1513\">Materiais<\/strong>:<\/h3>\n<ul data-start=\"1515\" data-end=\"1871\">\n<li data-start=\"1515\" data-end=\"1654\"><strong data-start=\"1517\" data-end=\"1526\">A\u00e7o<\/strong>: O mais comum, que proporciona resist\u00eancia e uma boa rela\u00e7\u00e3o custo-efic\u00e1cia. Pode ser tratado ou revestido para resistir \u00e0 corros\u00e3o (por exemplo, zincado).<\/li>\n<li data-start=\"1655\" data-end=\"1763\"><strong data-start=\"1657\" data-end=\"1676\">A\u00e7o inoxid\u00e1vel<\/strong>: Para utiliza\u00e7\u00e3o em ambientes corrosivos, proporcionando uma maior resist\u00eancia \u00e0 ferrugem e \u00e0 corros\u00e3o.<\/li>\n<li data-start=\"1764\" data-end=\"1871\"><strong data-start=\"1766\" data-end=\"1787\">Lat\u00e3o ou alum\u00ednio<\/strong>: Para aplica\u00e7\u00f5es que requerem materiais leves com boa resist\u00eancia \u00e0 corros\u00e3o.<\/li>\n<\/ul>\n<hr data-start=\"1873\" data-end=\"1876\" \/>\n<h3 data-start=\"1878\" data-end=\"1899\"><strong data-start=\"1882\" data-end=\"1898\">Aplica\u00e7\u00f5es<\/strong>:<\/h3>\n<ul data-start=\"1900\" data-end=\"2422\">\n<li data-start=\"1900\" data-end=\"2033\"><strong data-start=\"1902\" data-end=\"1916\">Autom\u00f3vel<\/strong>: Em motores, suspens\u00f5es e outras pe\u00e7as expostas a vibra\u00e7\u00f5es e bin\u00e1rios elevados, tais como porcas de rodas e veios de transmiss\u00e3o.<\/li>\n<li data-start=\"2034\" data-end=\"2168\"><strong data-start=\"2036\" data-end=\"2060\">Equipamento industrial<\/strong>: Utilizado para fixar pe\u00e7as em m\u00e1quinas, evitando que se soltem em \u00e1reas sujeitas a movimentos e vibra\u00e7\u00f5es constantes.<\/li>\n<li data-start=\"2169\" data-end=\"2316\"><strong data-start=\"2171\" data-end=\"2184\">Aeroespacial<\/strong>: Em aeronaves e componentes aeroespaciais, para garantir que os fixadores permanecem firmemente no lugar durante o voo a alta velocidade e em condi\u00e7\u00f5es extremas.<\/li>\n<li data-start=\"2317\" data-end=\"2422\"><strong data-start=\"2319\" data-end=\"2335\">Constru\u00e7\u00e3o<\/strong>: Para fixa\u00e7\u00e3o pesada em componentes estruturais ou m\u00e1quinas expostas a vibra\u00e7\u00f5es.<\/li>\n<\/ul>\n<hr data-start=\"2424\" data-end=\"2427\" \/>\n<h3 data-start=\"2429\" data-end=\"2446\"><strong data-start=\"2433\" data-end=\"2445\">Benef\u00edcios<\/strong>:<\/h3>\n<ul data-start=\"2447\" data-end=\"3047\">\n<li data-start=\"2447\" data-end=\"2578\"><strong data-start=\"2449\" data-end=\"2471\">Evita o afrouxamento<\/strong>: Proporciona uma fixa\u00e7\u00e3o fi\u00e1vel e segura, evitando a desmontagem acidental devido a vibra\u00e7\u00f5es ou movimentos.<\/li>\n<li data-start=\"2579\" data-end=\"2691\"><strong data-start=\"2581\" data-end=\"2603\">Dur\u00e1vel e resistente<\/strong>: Fabricado com materiais resistentes que podem suportar grandes esfor\u00e7os, bin\u00e1rios elevados e vibra\u00e7\u00f5es.<\/li>\n<li data-start=\"2692\" data-end=\"2823\"><strong data-start=\"2694\" data-end=\"2709\">Reutiliza\u00e7\u00e3o<\/strong>: Muitas porcas de bloqueio, especialmente as de inser\u00e7\u00e3o de nylon, podem ser reutilizadas v\u00e1rias vezes sem perderem a sua capacidade de bloqueio.<\/li>\n<li data-start=\"2824\" data-end=\"2923\"><strong data-start=\"2826\" data-end=\"2853\">Solu\u00e7\u00e3o rent\u00e1vel<\/strong>: Reduz a necessidade de mecanismos de fecho especializados e mais dispendiosos.<\/li>\n<li data-start=\"2924\" data-end=\"3047\"><strong data-start=\"2926\" data-end=\"2941\">Versatilidade<\/strong>: Dispon\u00edvel em v\u00e1rios tamanhos, materiais e tipos de rosca para se adaptar a diferentes aplica\u00e7\u00f5es e ambientes.<\/li>\n<\/ul>\n<hr data-start=\"3049\" data-end=\"3052\" \/>\n<h3 data-start=\"3054\" data-end=\"3077\"><strong data-start=\"3058\" data-end=\"3076\">Considera\u00e7\u00f5es<\/strong>:<\/h3>\n<ul data-start=\"3078\" data-end=\"3445\">\n<li data-start=\"3078\" data-end=\"3286\"><strong data-start=\"3080\" data-end=\"3107\">Sensibilidade \u00e0 temperatura<\/strong>: As porcas de bloqueio com inser\u00e7\u00f5es de nylon podem degradar-se ou perder efic\u00e1cia a temperaturas muito elevadas (superiores a 250\u00b0C), pelo que podem ser necess\u00e1rias alternativas como porcas de bloqueio totalmente met\u00e1licas em condi\u00e7\u00f5es extremas.<\/li>\n<li data-start=\"3287\" data-end=\"3445\"><strong data-start=\"3289\" data-end=\"3310\">Restri\u00e7\u00f5es de espa\u00e7o<\/strong>: Alguns modelos de contraporcas, como as totalmente met\u00e1licas, podem ser mais compactos, mas outros, como as de inser\u00e7\u00e3o de nylon, podem exigir mais espa\u00e7o.<\/li>\n<\/ul>","protected":false},"excerpt":{"rendered":"<h5 data-start=\"260\" data-end=\"281\"><strong data-start=\"264\" data-end=\"280\">Carater\u00edsticas principais<\/strong>:<\/h5>\n<ul data-start=\"282\" data-end=\"657\">\n<li data-start=\"282\" data-end=\"367\"><strong data-start=\"284\" data-end=\"306\">Evita o afrouxamento<\/strong>: Concebida para se manter no lugar mesmo sob vibra\u00e7\u00e3o ou movimento.<\/li>\n<li data-start=\"368\" data-end=\"484\"><strong data-start=\"370\" data-end=\"391\">Mecanismo de bloqueio<\/strong>: Podem ter inser\u00e7\u00f5es de nylon, flanges serrilhadas ou contacto metal-metal para resistir ao afrouxamento.<\/li>\n<li data-start=\"485\" data-end=\"568\"><strong data-start=\"487\" data-end=\"498\">Duradouro<\/strong>: Normalmente feito de a\u00e7o, a\u00e7o inoxid\u00e1vel ou ligas de alta resist\u00eancia.<\/li>\n<li data-start=\"569\" data-end=\"657\"><strong data-start=\"571\" data-end=\"584\">Vers\u00e1til<\/strong>: Dispon\u00edvel em v\u00e1rios tamanhos e tipos de rosca para diferentes aplica\u00e7\u00f5es.<\/li>\n<\/ul>","protected":false},"featured_media":32974,"comment_status":"open","ping_status":"closed","template":"","meta":{"site-sidebar-layout":"default","site-content-layout":"","ast-site-content-layout":"default","site-content-style":"default","site-sidebar-style":"default","ast-global-header-display":"","ast-banner-title-visibility":"","ast-main-header-display":"","ast-hfb-above-header-display":"","ast-hfb-below-header-display":"","ast-hfb-mobile-header-display":"","site-post-title":"","ast-breadcrumbs-content":"","ast-featured-img":"","footer-sml-layout":"","ast-disable-related-posts":"","theme-transparent-header-meta":"","adv-header-id-meta":"","stick-header-meta":"","header-above-stick-meta":"","header-main-stick-meta":"","header-below-stick-meta":"","astra-migrate-meta-layouts":"default","ast-page-background-enabled":"default","ast-page-background-meta":{"desktop":{"background-color":"var(--ast-global-color-4)","background-image":"","background-repeat":"repeat","background-position":"center center","background-size":"auto","background-attachment":"scroll","background-type":"","background-media":"","overlay-type":"","overlay-color":"","overlay-opacity":"","overlay-gradient":""},"tablet":{"background-color":"","background-image":"","background-repeat":"repeat","background-position":"center center","background-size":"auto","background-attachment":"scroll","background-type":"","background-media":"","overlay-type":"","overlay-color":"","overlay-opacity":"","overlay-gradient":""},"mobile":{"background-color":"","background-image":"","background-repeat":"repeat","background-position":"center center","background-size":"auto","background-attachment":"scroll","background-type":"","background-media":"","overlay-type":"","overlay-color":"","overlay-opacity":"","overlay-gradient":""}},"ast-content-background-meta":{"desktop":{"background-color":"var(--ast-global-color-5)","background-image":"","background-repeat":"repeat","background-position":"center center","background-size":"auto","background-attachment":"scroll","background-type":"","background-media":"","overlay-type":"","overlay-color":"","overlay-opacity":"","overlay-gradient":""},"tablet":{"background-color":"var(--ast-global-color-5)","background-image":"","background-repeat":"repeat","background-position":"center center","background-size":"auto","background-attachment":"scroll","background-type":"","background-media":"","overlay-type":"","overlay-color":"","overlay-opacity":"","overlay-gradient":""},"mobile":{"background-color":"var(--ast-global-color-5)","background-image":"","background-repeat":"repeat","background-position":"center center","background-size":"auto","background-attachment":"scroll","background-type":"","background-media":"","overlay-type":"","overlay-color":"","overlay-opacity":"","overlay-gradient":""}},"_themeisle_gutenberg_block_has_review":false,"_ti_tpc_template_sync":false,"_ti_tpc_template_id":""},"product_brand":[],"product_cat":[1274],"product_tag":[1262,1261,1238],"class_list":{"0":"post-32929","1":"product","2":"type-product","3":"status-publish","4":"has-post-thumbnail","6":"product_cat-lock-nut","7":"product_tag-nylon-insert-nut","8":"product_tag-safety-nut","9":"product_tag-self-locking-nut","10":"desktop-align-left","11":"tablet-align-left","12":"mobile-align-left","13":"ast-product-gallery-layout-horizontal-slider","14":"ast-product-tabs-layout-horizontal","15":"ast-qv-on-image","17":"first","18":"instock","19":"shipping-taxable","20":"product-type-simple"},"yoast_head":"<!-- This site is optimized with the Yoast SEO Premium plugin v21.7 (Yoast SEO v25.7) - https:\/\/yoast.com\/wordpress\/plugins\/seo\/ -->\n<title>Lock nut - Jingbang Industrial<\/title>\n<meta name=\"robots\" content=\"index, follow, max-snippet:-1, max-image-preview:large, max-video-preview:-1\" \/>\n<link rel=\"canonical\" href=\"https:\/\/jbsy-china.com\/pt\/produto\/lock-nut-2\/\" \/>\n<meta property=\"og:locale\" content=\"pt_PT\" \/>\n<meta property=\"og:type\" content=\"article\" \/>\n<meta property=\"og:title\" content=\"Lock nut\" \/>\n<meta property=\"og:description\" content=\"Key Features:   Prevents Loosening: Designed to stay in place even under vibration or movement.  Locking Mechanism: Can feature nylon inserts, serrated flanges, or metal-to-metal contact to resist loosening.  Durable: Typically made from steel, stainless steel, or high-strength alloys.  Versatile: Available in various sizes and thread types for different applications.\" \/>\n<meta property=\"og:url\" content=\"https:\/\/jbsy-china.com\/pt\/produto\/lock-nut-2\/\" \/>\n<meta property=\"og:site_name\" content=\"Jingbang Industrial\" \/>\n<meta property=\"article:modified_time\" content=\"2025-05-09T06:49:44+00:00\" \/>\n<meta property=\"og:image\" content=\"http:\/\/jbsy-china.com\/wp-content\/uploads\/2025\/05\/87df32ea-2291-400d-acc7-f4f98ee25abc.jpg\" \/>\n\t<meta property=\"og:image:width\" content=\"800\" \/>\n\t<meta property=\"og:image:height\" content=\"800\" \/>\n\t<meta property=\"og:image:type\" content=\"image\/jpeg\" \/>\n<meta name=\"twitter:card\" content=\"summary_large_image\" \/>\n<meta name=\"twitter:label1\" content=\"Tempo estimado de leitura\" \/>\n\t<meta name=\"twitter:data1\" content=\"3 minutos\" \/>\n<script type=\"application\/ld+json\" class=\"yoast-schema-graph\">{\"@context\":\"https:\/\/schema.org\",\"@graph\":[{\"@type\":\"WebPage\",\"@id\":\"https:\/\/jbsy-china.com\/product\/lock-nut-2\/\",\"url\":\"https:\/\/jbsy-china.com\/product\/lock-nut-2\/\",\"name\":\"Lock nut - Jingbang Industrial\",\"isPartOf\":{\"@id\":\"https:\/\/jbsy-china.com\/#website\"},\"primaryImageOfPage\":{\"@id\":\"https:\/\/jbsy-china.com\/product\/lock-nut-2\/#primaryimage\"},\"image\":{\"@id\":\"https:\/\/jbsy-china.com\/product\/lock-nut-2\/#primaryimage\"},\"thumbnailUrl\":\"https:\/\/jbsy-china.com\/wp-content\/uploads\/2025\/05\/87df32ea-2291-400d-acc7-f4f98ee25abc.jpg\",\"datePublished\":\"2025-05-06T07:29:49+00:00\",\"dateModified\":\"2025-05-09T06:49:44+00:00\",\"breadcrumb\":{\"@id\":\"https:\/\/jbsy-china.com\/product\/lock-nut-2\/#breadcrumb\"},\"inLanguage\":\"pt-PT\",\"potentialAction\":[{\"@type\":\"ReadAction\",\"target\":[\"https:\/\/jbsy-china.com\/product\/lock-nut-2\/\"]}]},{\"@type\":\"ImageObject\",\"inLanguage\":\"pt-PT\",\"@id\":\"https:\/\/jbsy-china.com\/product\/lock-nut-2\/#primaryimage\",\"url\":\"https:\/\/jbsy-china.com\/wp-content\/uploads\/2025\/05\/87df32ea-2291-400d-acc7-f4f98ee25abc.jpg\",\"contentUrl\":\"https:\/\/jbsy-china.com\/wp-content\/uploads\/2025\/05\/87df32ea-2291-400d-acc7-f4f98ee25abc.jpg\",\"width\":800,\"height\":800},{\"@type\":\"BreadcrumbList\",\"@id\":\"https:\/\/jbsy-china.com\/product\/lock-nut-2\/#breadcrumb\",\"itemListElement\":[{\"@type\":\"ListItem\",\"position\":1,\"name\":\"Home\",\"item\":\"https:\/\/jbsy-china.com\/\"},{\"@type\":\"ListItem\",\"position\":2,\"name\":\"Products\",\"item\":\"https:\/\/jbsy-china.com\/shop\/\"},{\"@type\":\"ListItem\",\"position\":3,\"name\":\"Lock nut\"}]},{\"@type\":\"WebSite\",\"@id\":\"https:\/\/jbsy-china.com\/#website\",\"url\":\"https:\/\/jbsy-china.com\/\",\"name\":\"Jingbang Industrial\",\"description\":\"Hardware and electronics manufacturer\",\"publisher\":{\"@id\":\"https:\/\/jbsy-china.com\/#organization\"},\"potentialAction\":[{\"@type\":\"SearchAction\",\"target\":{\"@type\":\"EntryPoint\",\"urlTemplate\":\"https:\/\/jbsy-china.com\/?s={search_term_string}\"},\"query-input\":{\"@type\":\"PropertyValueSpecification\",\"valueRequired\":true,\"valueName\":\"search_term_string\"}}],\"inLanguage\":\"pt-PT\"},{\"@type\":\"Organization\",\"@id\":\"https:\/\/jbsy-china.com\/#organization\",\"name\":\"Jingbang Industrial\",\"url\":\"https:\/\/jbsy-china.com\/\",\"logo\":{\"@type\":\"ImageObject\",\"inLanguage\":\"pt-PT\",\"@id\":\"https:\/\/jbsy-china.com\/#\/schema\/logo\/image\/\",\"url\":\"https:\/\/jbsy-china.com\/wp-content\/uploads\/2023\/11\/cropped-\u56fe\u5c42-1.png\",\"contentUrl\":\"https:\/\/jbsy-china.com\/wp-content\/uploads\/2023\/11\/cropped-\u56fe\u5c42-1.png\",\"width\":1049,\"height\":739,\"caption\":\"Jingbang Industrial\"},\"image\":{\"@id\":\"https:\/\/jbsy-china.com\/#\/schema\/logo\/image\/\"}}]}<\/script>\n<!-- \/ Yoast SEO Premium plugin. -->","yoast_head_json":{"title":"Lock nut - Jingbang Industrial","robots":{"index":"index","follow":"follow","max-snippet":"max-snippet:-1","max-image-preview":"max-image-preview:large","max-video-preview":"max-video-preview:-1"},"canonical":"https:\/\/jbsy-china.com\/pt\/produto\/lock-nut-2\/","og_locale":"pt_PT","og_type":"article","og_title":"Lock nut","og_description":"Key Features:   Prevents Loosening: Designed to stay in place even under vibration or movement.  Locking Mechanism: Can feature nylon inserts, serrated flanges, or metal-to-metal contact to resist loosening.  Durable: Typically made from steel, stainless steel, or high-strength alloys.  Versatile: Available in various sizes and thread types for different applications.","og_url":"https:\/\/jbsy-china.com\/pt\/produto\/lock-nut-2\/","og_site_name":"Jingbang Industrial","article_modified_time":"2025-05-09T06:49:44+00:00","og_image":[{"width":800,"height":800,"url":"http:\/\/jbsy-china.com\/wp-content\/uploads\/2025\/05\/87df32ea-2291-400d-acc7-f4f98ee25abc.jpg","type":"image\/jpeg"}],"twitter_card":"summary_large_image","twitter_misc":{"Tempo estimado de leitura":"3 minutos"},"schema":{"@context":"https:\/\/schema.org","@graph":[{"@type":"WebPage","@id":"https:\/\/jbsy-china.com\/product\/lock-nut-2\/","url":"https:\/\/jbsy-china.com\/product\/lock-nut-2\/","name":"Lock nut - Jingbang Industrial","isPartOf":{"@id":"https:\/\/jbsy-china.com\/#website"},"primaryImageOfPage":{"@id":"https:\/\/jbsy-china.com\/product\/lock-nut-2\/#primaryimage"},"image":{"@id":"https:\/\/jbsy-china.com\/product\/lock-nut-2\/#primaryimage"},"thumbnailUrl":"https:\/\/jbsy-china.com\/wp-content\/uploads\/2025\/05\/87df32ea-2291-400d-acc7-f4f98ee25abc.jpg","datePublished":"2025-05-06T07:29:49+00:00","dateModified":"2025-05-09T06:49:44+00:00","breadcrumb":{"@id":"https:\/\/jbsy-china.com\/product\/lock-nut-2\/#breadcrumb"},"inLanguage":"pt-PT","potentialAction":[{"@type":"ReadAction","target":["https:\/\/jbsy-china.com\/product\/lock-nut-2\/"]}]},{"@type":"ImageObject","inLanguage":"pt-PT","@id":"https:\/\/jbsy-china.com\/product\/lock-nut-2\/#primaryimage","url":"https:\/\/jbsy-china.com\/wp-content\/uploads\/2025\/05\/87df32ea-2291-400d-acc7-f4f98ee25abc.jpg","contentUrl":"https:\/\/jbsy-china.com\/wp-content\/uploads\/2025\/05\/87df32ea-2291-400d-acc7-f4f98ee25abc.jpg","width":800,"height":800},{"@type":"BreadcrumbList","@id":"https:\/\/jbsy-china.com\/product\/lock-nut-2\/#breadcrumb","itemListElement":[{"@type":"ListItem","position":1,"name":"Home","item":"https:\/\/jbsy-china.com\/"},{"@type":"ListItem","position":2,"name":"Products","item":"https:\/\/jbsy-china.com\/shop\/"},{"@type":"ListItem","position":3,"name":"Lock nut"}]},{"@type":"WebSite","@id":"https:\/\/jbsy-china.com\/#website","url":"https:\/\/jbsy-china.com\/","name":"Jingbang Industrial","description":"Fabricante de hardware e eletr\u00f3nica","publisher":{"@id":"https:\/\/jbsy-china.com\/#organization"},"potentialAction":[{"@type":"SearchAction","target":{"@type":"EntryPoint","urlTemplate":"https:\/\/jbsy-china.com\/?s={search_term_string}"},"query-input":{"@type":"PropertyValueSpecification","valueRequired":true,"valueName":"search_term_string"}}],"inLanguage":"pt-PT"},{"@type":"Organization","@id":"https:\/\/jbsy-china.com\/#organization","name":"Jingbang Industrial","url":"https:\/\/jbsy-china.com\/","logo":{"@type":"ImageObject","inLanguage":"pt-PT","@id":"https:\/\/jbsy-china.com\/#\/schema\/logo\/image\/","url":"https:\/\/jbsy-china.com\/wp-content\/uploads\/2023\/11\/cropped-\u56fe\u5c42-1.png","contentUrl":"https:\/\/jbsy-china.com\/wp-content\/uploads\/2023\/11\/cropped-\u56fe\u5c42-1.png","width":1049,"height":739,"caption":"Jingbang Industrial"},"image":{"@id":"https:\/\/jbsy-china.com\/#\/schema\/logo\/image\/"}}]}},"_links":{"self":[{"href":"https:\/\/jbsy-china.com\/pt\/wp-json\/wp\/v2\/product\/32929","targetHints":{"allow":["GET"]}}],"collection":[{"href":"https:\/\/jbsy-china.com\/pt\/wp-json\/wp\/v2\/product"}],"about":[{"href":"https:\/\/jbsy-china.com\/pt\/wp-json\/wp\/v2\/types\/product"}],"replies":[{"embeddable":true,"href":"https:\/\/jbsy-china.com\/pt\/wp-json\/wp\/v2\/comments?post=32929"}],"wp:featuredmedia":[{"embeddable":true,"href":"https:\/\/jbsy-china.com\/pt\/wp-json\/wp\/v2\/media\/32974"}],"wp:attachment":[{"href":"https:\/\/jbsy-china.com\/pt\/wp-json\/wp\/v2\/media?parent=32929"}],"wp:term":[{"taxonomy":"product_brand","embeddable":true,"href":"https:\/\/jbsy-china.com\/pt\/wp-json\/wp\/v2\/product_brand?post=32929"},{"taxonomy":"product_cat","embeddable":true,"href":"https:\/\/jbsy-china.com\/pt\/wp-json\/wp\/v2\/product_cat?post=32929"},{"taxonomy":"product_tag","embeddable":true,"href":"https:\/\/jbsy-china.com\/pt\/wp-json\/wp\/v2\/product_tag?post=32929"}],"curies":[{"name":"wp","href":"https:\/\/api.w.org\/{rel}","templated":true}]}}