{"id":32930,"date":"2025-05-06T07:29:49","date_gmt":"2025-05-06T07:29:49","guid":{"rendered":"https:\/\/jbsy-china.com\/?post_type=product&#038;p=32930"},"modified":"2025-05-06T07:30:19","modified_gmt":"2025-05-06T07:30:19","slug":"oil-drain-bolt-2","status":"publish","type":"product","link":"https:\/\/jbsy-china.com\/pt\/produto\/oil-drain-bolt-2\/","title":{"rendered":"Parafuso de drenagem do \u00f3leo"},"content":{"rendered":"<p><img fetchpriority=\"high\" decoding=\"async\" class=\"alignnone size-full wp-image-7978\" src=\"https:\/\/jb-bolt.com\/wp-content\/uploads\/2025\/02\/\u51b7\u9566\u8be6\u60c5\u9875_01.jpg\" alt=\"\" width=\"790\" height=\"329\" \/><img decoding=\"async\" class=\"alignnone size-full wp-image-7979\" src=\"https:\/\/jb-bolt.com\/wp-content\/uploads\/2025\/02\/\u51b7\u9566\u8be6\u60c5\u9875_02.jpg\" alt=\"\" width=\"790\" height=\"981\" \/><img decoding=\"async\" class=\"alignnone size-full wp-image-7980\" src=\"https:\/\/jb-bolt.com\/wp-content\/uploads\/2025\/02\/\u51b7\u9566\u8be6\u60c5\u9875_03.jpg\" alt=\"\" width=\"790\" height=\"740\" \/><img loading=\"lazy\" decoding=\"async\" class=\"alignnone size-full wp-image-7981\" src=\"https:\/\/jb-bolt.com\/wp-content\/uploads\/2025\/02\/\u51b7\u9566\u8be6\u60c5\u9875_04.jpg\" alt=\"\" width=\"790\" height=\"739\" \/><img loading=\"lazy\" decoding=\"async\" class=\"alignnone size-full wp-image-7983\" src=\"https:\/\/jb-bolt.com\/wp-content\/uploads\/2025\/02\/\u51b7\u9566\u8be6\u60c5\u9875_05_01.jpg\" alt=\"\" width=\"790\" height=\"677\" \/><\/p>\n<p><strong>O processo de encabe\u00e7amento a frio \u00e9 um dos novos processos para a maquinagem sob press\u00e3o com menos ou nenhum corte<\/strong><br \/>\n<strong>metal. \u00c9 um m\u00e9todo de processamento que utiliza a deforma\u00e7\u00e3o pl\u00e1stica do metal sob a a\u00e7\u00e3o de<\/strong><br \/>\n<strong>for\u00e7as externas e, com a ajuda de moldes, redistribui e transfere o volume de metal para formar<\/strong><br \/>\n<strong>as pe\u00e7as ou os espa\u00e7os em branco necess\u00e1rios. O processo de encabe\u00e7amento a frio \u00e9 o mais adequado para a produ\u00e7\u00e3o de<\/strong><br \/>\n<strong>elementos de fixa\u00e7\u00e3o, tais como cavilhas, parafusos, porcas, rebites, cavilhas, etc.<\/strong><\/p>\n<p><img loading=\"lazy\" decoding=\"async\" class=\"alignnone size-full wp-image-7985\" src=\"https:\/\/jb-bolt.com\/wp-content\/uploads\/2025\/02\/\u51b7\u9566\u8be6\u60c5\u9875_05_03.jpg\" alt=\"\" width=\"790\" height=\"603\" \/><img loading=\"lazy\" decoding=\"async\" class=\"alignnone size-full wp-image-7986\" src=\"https:\/\/jb-bolt.com\/wp-content\/uploads\/2025\/02\/\u51b7\u9566\u8be6\u60c5\u9875_06.jpg\" alt=\"\" width=\"790\" height=\"742\" \/><\/p>\n<p>Um dreno de \u00f3leo <a href=\"https:\/\/jb-bolt.com\/product-category\/safety-bolt\/\">parafuso<\/a>, tamb\u00e9m conhecido como\u00a0<strong>parafuso de drenagem de \u00f3leo<\/strong>O tubo de drenagem do \u00f3leo \u00e9 um componente cr\u00edtico em m\u00e1quinas, motores e outros sistemas mec\u00e2nicos que utilizam \u00f3leo para lubrifica\u00e7\u00e3o ou arrefecimento. Normalmente, est\u00e1 localizado no ponto mais baixo de um reservat\u00f3rio ou c\u00e1rter de \u00f3leo, permitindo a drenagem controlada de \u00f3leo usado ou contaminado durante a manuten\u00e7\u00e3o ou mudan\u00e7as de \u00f3leo.<\/p>\n<div class=\"mb-2 flex gap-3 empty:hidden -ml-2\">\n<div class=\"items-center justify-start rounded-xl p-1 flex\">\n<div class=\"flex items-center\">\n<p data-start=\"306\" data-end=\"352\"><strong data-start=\"306\" data-end=\"352\">As principais carater\u00edsticas de um parafuso de drenagem de \u00f3leo incluem:<\/strong><\/p>\n<ol data-start=\"354\" data-end=\"1313\">\n<li data-start=\"354\" data-end=\"491\">\n<p data-start=\"357\" data-end=\"491\"><strong data-start=\"357\" data-end=\"369\">Material<\/strong>: Frequentemente fabricados com metais como o a\u00e7o, o alum\u00ednio ou o a\u00e7o inoxid\u00e1vel para resistir \u00e0 corros\u00e3o e proporcionar resist\u00eancia sob press\u00e3o.<\/p>\n<\/li>\n<li data-start=\"493\" data-end=\"649\">\n<p data-start=\"496\" data-end=\"649\"><strong data-start=\"496\" data-end=\"517\">Mecanismo de veda\u00e7\u00e3o<\/strong>: Normalmente, o parafuso tem uma superf\u00edcie de veda\u00e7\u00e3o integrada ou utiliza um o-ring ou uma junta para garantir uma veda\u00e7\u00e3o estanque depois de apertado.<\/p>\n<\/li>\n<li data-start=\"651\" data-end=\"843\">\n<p data-start=\"654\" data-end=\"843\"><strong data-start=\"654\" data-end=\"664\">Conce\u00e7\u00e3o<\/strong>: Pode ser fornecido com uma cabe\u00e7a hexagonal ou quadrada para permitir apertar ou desapertar com uma chave. Alguns modelos incluem uma v\u00e1lvula incorporada ou um orif\u00edcio de drenagem para uma liberta\u00e7\u00e3o controlada do \u00f3leo.<\/p>\n<\/li>\n<li data-start=\"845\" data-end=\"997\">\n<p data-start=\"848\" data-end=\"997\"><strong data-start=\"848\" data-end=\"864\">Aplica\u00e7\u00f5es<\/strong>: Normalmente utilizado em motores de autom\u00f3veis, m\u00e1quinas, equipamento industrial ou qualquer sistema que exija lubrifica\u00e7\u00e3o com \u00f3leo ou conten\u00e7\u00e3o de fluidos.<\/p>\n<\/li>\n<li data-start=\"999\" data-end=\"1130\">\n<p data-start=\"1002\" data-end=\"1130\"><strong data-start=\"1002\" data-end=\"1028\">Tamanhos e tipos de rosca<\/strong>: Dispon\u00edvel em v\u00e1rios tamanhos e tipos de rosca para corresponder aos requisitos espec\u00edficos de conce\u00e7\u00e3o do sistema.<\/p>\n<\/li>\n<li data-start=\"1132\" data-end=\"1313\">\n<p data-start=\"1135\" data-end=\"1313\"><strong data-start=\"1135\" data-end=\"1146\">Objetivo<\/strong>: Para fechar com seguran\u00e7a os compartimentos de \u00f3leo ou os reservat\u00f3rios de fluido, impedindo a entrada de sujidade ou detritos. Pode tamb\u00e9m ser concebido para facilitar a inspe\u00e7\u00e3o ou a mudan\u00e7a de fluido.<\/p>\n<\/li>\n<\/ol>\n<p data-start=\"1315\" data-end=\"1430\" data-is-last-node=\"\" data-is-only-node=\"\">Se tiver uma aplica\u00e7\u00e3o ou contexto espec\u00edfico em mente, n\u00e3o hesite em fornecer mais pormenores e eu posso adaptar a descri\u00e7\u00e3o!<\/p>\n<h3><\/h3>\n<\/div>\n<\/div>\n<\/div>","protected":false},"excerpt":{"rendered":"<h5 data-start=\"267\" data-end=\"288\"><strong data-start=\"271\" data-end=\"287\">Carater\u00edsticas principais<\/strong>:<\/h5>\n<ul data-start=\"289\" data-end=\"525\">\n<li data-start=\"289\" data-end=\"367\"><strong data-start=\"291\" data-end=\"310\">Veda\u00e7\u00e3o \u00e0 prova de fugas<\/strong>: Evita a fuga de \u00f3leo dos reservat\u00f3rios ou dos motores.<\/li>\n<li data-start=\"368\" data-end=\"444\"><strong data-start=\"370\" data-end=\"381\">Duradouro<\/strong>: Fabricado em materiais como o a\u00e7o, o a\u00e7o inoxid\u00e1vel ou o alum\u00ednio.<\/li>\n<li data-start=\"445\" data-end=\"525\"><strong data-start=\"447\" data-end=\"466\">F\u00e1cil de instalar<\/strong>: Pode ser apertado com uma ferramenta normalizada para uma veda\u00e7\u00e3o segura.<\/li>\n<\/ul>","protected":false},"featured_media":32981,"comment_status":"open","ping_status":"closed","template":"","meta":{"site-sidebar-layout":"default","site-content-layout":"","ast-site-content-layout":"default","site-content-style":"default","site-sidebar-style":"default","ast-global-header-display":"","ast-banner-title-visibility":"","ast-main-header-display":"","ast-hfb-above-header-display":"","ast-hfb-below-header-display":"","ast-hfb-mobile-header-display":"","site-post-title":"","ast-breadcrumbs-content":"","ast-featured-img":"","footer-sml-layout":"","ast-disable-related-posts":"","theme-transparent-header-meta":"","adv-header-id-meta":"","stick-header-meta":"","header-above-stick-meta":"","header-main-stick-meta":"","header-below-stick-meta":"","astra-migrate-meta-layouts":"default","ast-page-background-enabled":"default","ast-page-background-meta":{"desktop":{"background-color":"var(--ast-global-color-4)","background-image":"","background-repeat":"repeat","background-position":"center center","background-size":"auto","background-attachment":"scroll","background-type":"","background-media":"","overlay-type":"","overlay-color":"","overlay-opacity":"","overlay-gradient":""},"tablet":{"background-color":"","background-image":"","background-repeat":"repeat","background-position":"center center","background-size":"auto","background-attachment":"scroll","background-type":"","background-media":"","overlay-type":"","overlay-color":"","overlay-opacity":"","overlay-gradient":""},"mobile":{"background-color":"","background-image":"","background-repeat":"repeat","background-position":"center center","background-size":"auto","background-attachment":"scroll","background-type":"","background-media":"","overlay-type":"","overlay-color":"","overlay-opacity":"","overlay-gradient":""}},"ast-content-background-meta":{"desktop":{"background-color":"var(--ast-global-color-5)","background-image":"","background-repeat":"repeat","background-position":"center center","background-size":"auto","background-attachment":"scroll","background-type":"","background-media":"","overlay-type":"","overlay-color":"","overlay-opacity":"","overlay-gradient":""},"tablet":{"background-color":"var(--ast-global-color-5)","background-image":"","background-repeat":"repeat","background-position":"center center","background-size":"auto","background-attachment":"scroll","background-type":"","background-media":"","overlay-type":"","overlay-color":"","overlay-opacity":"","overlay-gradient":""},"mobile":{"background-color":"var(--ast-global-color-5)","background-image":"","background-repeat":"repeat","background-position":"center center","background-size":"auto","background-attachment":"scroll","background-type":"","background-media":"","overlay-type":"","overlay-color":"","overlay-opacity":"","overlay-gradient":""}},"_themeisle_gutenberg_block_has_review":false,"_ti_tpc_template_sync":false,"_ti_tpc_template_id":""},"product_brand":[],"product_cat":[1267],"product_tag":[1260,1259],"class_list":{"0":"post-32930","1":"product","2":"type-product","3":"status-publish","4":"has-post-thumbnail","6":"product_cat-bolts","7":"product_tag-oil-drain-bolt","8":"product_tag-oil-drain-plug","9":"desktop-align-left","10":"tablet-align-left","11":"mobile-align-left","12":"ast-product-gallery-layout-horizontal-slider","13":"ast-product-tabs-layout-horizontal","14":"ast-qv-on-image","16":"first","17":"instock","18":"shipping-taxable","19":"product-type-simple"},"yoast_head":"<!-- This site is optimized with the Yoast SEO Premium plugin v21.7 (Yoast SEO v25.7) - https:\/\/yoast.com\/wordpress\/plugins\/seo\/ -->\n<title>Oil drain bolt - Jingbang Industrial<\/title>\n<meta name=\"robots\" content=\"index, follow, max-snippet:-1, max-image-preview:large, max-video-preview:-1\" \/>\n<link rel=\"canonical\" href=\"https:\/\/jbsy-china.com\/pt\/produto\/oil-drain-bolt-2\/\" \/>\n<meta property=\"og:locale\" content=\"pt_PT\" \/>\n<meta property=\"og:type\" content=\"article\" \/>\n<meta property=\"og:title\" content=\"Oil drain bolt\" \/>\n<meta property=\"og:description\" content=\"Key Features:   Leak-Proof Seal: Prevents oil from leaking out of reservoirs or engines.  Durable: Made from materials like steel, stainless steel, or aluminum.  Easy to Install: Can be tightened with a standard tool for secure sealing.\" \/>\n<meta property=\"og:url\" content=\"https:\/\/jbsy-china.com\/pt\/produto\/oil-drain-bolt-2\/\" \/>\n<meta property=\"og:site_name\" content=\"Jingbang Industrial\" \/>\n<meta property=\"article:modified_time\" content=\"2025-05-06T07:30:19+00:00\" \/>\n<meta name=\"twitter:card\" content=\"summary_large_image\" \/>\n<meta name=\"twitter:label1\" content=\"Tempo estimado de leitura\" \/>\n\t<meta name=\"twitter:data1\" content=\"2 minutos\" \/>\n<script type=\"application\/ld+json\" class=\"yoast-schema-graph\">{\"@context\":\"https:\/\/schema.org\",\"@graph\":[{\"@type\":\"WebPage\",\"@id\":\"https:\/\/jbsy-china.com\/product\/oil-drain-bolt-2\/\",\"url\":\"https:\/\/jbsy-china.com\/product\/oil-drain-bolt-2\/\",\"name\":\"Oil drain bolt - Jingbang Industrial\",\"isPartOf\":{\"@id\":\"https:\/\/jbsy-china.com\/#website\"},\"primaryImageOfPage\":{\"@id\":\"https:\/\/jbsy-china.com\/product\/oil-drain-bolt-2\/#primaryimage\"},\"image\":{\"@id\":\"https:\/\/jbsy-china.com\/product\/oil-drain-bolt-2\/#primaryimage\"},\"thumbnailUrl\":\"https:\/\/jbsy-china.com\/wp-content\/uploads\/2025\/05\/\u672a\u6807\u9898-1-\u6062\u590d\u7684.jpg\",\"datePublished\":\"2025-05-06T07:29:49+00:00\",\"dateModified\":\"2025-05-06T07:30:19+00:00\",\"breadcrumb\":{\"@id\":\"https:\/\/jbsy-china.com\/product\/oil-drain-bolt-2\/#breadcrumb\"},\"inLanguage\":\"pt-PT\",\"potentialAction\":[{\"@type\":\"ReadAction\",\"target\":[\"https:\/\/jbsy-china.com\/product\/oil-drain-bolt-2\/\"]}]},{\"@type\":\"ImageObject\",\"inLanguage\":\"pt-PT\",\"@id\":\"https:\/\/jbsy-china.com\/product\/oil-drain-bolt-2\/#primaryimage\",\"url\":\"https:\/\/jbsy-china.com\/wp-content\/uploads\/2025\/05\/\u672a\u6807\u9898-1-\u6062\u590d\u7684.jpg\",\"contentUrl\":\"https:\/\/jbsy-china.com\/wp-content\/uploads\/2025\/05\/\u672a\u6807\u9898-1-\u6062\u590d\u7684.jpg\",\"width\":800,\"height\":800},{\"@type\":\"BreadcrumbList\",\"@id\":\"https:\/\/jbsy-china.com\/product\/oil-drain-bolt-2\/#breadcrumb\",\"itemListElement\":[{\"@type\":\"ListItem\",\"position\":1,\"name\":\"Home\",\"item\":\"https:\/\/jbsy-china.com\/\"},{\"@type\":\"ListItem\",\"position\":2,\"name\":\"Products\",\"item\":\"https:\/\/jbsy-china.com\/shop\/\"},{\"@type\":\"ListItem\",\"position\":3,\"name\":\"Oil drain bolt\"}]},{\"@type\":\"WebSite\",\"@id\":\"https:\/\/jbsy-china.com\/#website\",\"url\":\"https:\/\/jbsy-china.com\/\",\"name\":\"Jingbang Industrial\",\"description\":\"Hardware and electronics manufacturer\",\"publisher\":{\"@id\":\"https:\/\/jbsy-china.com\/#organization\"},\"potentialAction\":[{\"@type\":\"SearchAction\",\"target\":{\"@type\":\"EntryPoint\",\"urlTemplate\":\"https:\/\/jbsy-china.com\/?s={search_term_string}\"},\"query-input\":{\"@type\":\"PropertyValueSpecification\",\"valueRequired\":true,\"valueName\":\"search_term_string\"}}],\"inLanguage\":\"pt-PT\"},{\"@type\":\"Organization\",\"@id\":\"https:\/\/jbsy-china.com\/#organization\",\"name\":\"Jingbang Industrial\",\"url\":\"https:\/\/jbsy-china.com\/\",\"logo\":{\"@type\":\"ImageObject\",\"inLanguage\":\"pt-PT\",\"@id\":\"https:\/\/jbsy-china.com\/#\/schema\/logo\/image\/\",\"url\":\"https:\/\/jbsy-china.com\/wp-content\/uploads\/2023\/11\/cropped-\u56fe\u5c42-1.png\",\"contentUrl\":\"https:\/\/jbsy-china.com\/wp-content\/uploads\/2023\/11\/cropped-\u56fe\u5c42-1.png\",\"width\":1049,\"height\":739,\"caption\":\"Jingbang Industrial\"},\"image\":{\"@id\":\"https:\/\/jbsy-china.com\/#\/schema\/logo\/image\/\"}}]}<\/script>\n<!-- \/ Yoast SEO Premium plugin. -->","yoast_head_json":{"title":"Oil drain bolt - Jingbang Industrial","robots":{"index":"index","follow":"follow","max-snippet":"max-snippet:-1","max-image-preview":"max-image-preview:large","max-video-preview":"max-video-preview:-1"},"canonical":"https:\/\/jbsy-china.com\/pt\/produto\/oil-drain-bolt-2\/","og_locale":"pt_PT","og_type":"article","og_title":"Oil drain bolt","og_description":"Key Features:   Leak-Proof Seal: Prevents oil from leaking out of reservoirs or engines.  Durable: Made from materials like steel, stainless steel, or aluminum.  Easy to Install: Can be tightened with a standard tool for secure sealing.","og_url":"https:\/\/jbsy-china.com\/pt\/produto\/oil-drain-bolt-2\/","og_site_name":"Jingbang Industrial","article_modified_time":"2025-05-06T07:30:19+00:00","twitter_card":"summary_large_image","twitter_misc":{"Tempo estimado de leitura":"2 minutos"},"schema":{"@context":"https:\/\/schema.org","@graph":[{"@type":"WebPage","@id":"https:\/\/jbsy-china.com\/product\/oil-drain-bolt-2\/","url":"https:\/\/jbsy-china.com\/product\/oil-drain-bolt-2\/","name":"Oil drain bolt - Jingbang Industrial","isPartOf":{"@id":"https:\/\/jbsy-china.com\/#website"},"primaryImageOfPage":{"@id":"https:\/\/jbsy-china.com\/product\/oil-drain-bolt-2\/#primaryimage"},"image":{"@id":"https:\/\/jbsy-china.com\/product\/oil-drain-bolt-2\/#primaryimage"},"thumbnailUrl":"https:\/\/jbsy-china.com\/wp-content\/uploads\/2025\/05\/\u672a\u6807\u9898-1-\u6062\u590d\u7684.jpg","datePublished":"2025-05-06T07:29:49+00:00","dateModified":"2025-05-06T07:30:19+00:00","breadcrumb":{"@id":"https:\/\/jbsy-china.com\/product\/oil-drain-bolt-2\/#breadcrumb"},"inLanguage":"pt-PT","potentialAction":[{"@type":"ReadAction","target":["https:\/\/jbsy-china.com\/product\/oil-drain-bolt-2\/"]}]},{"@type":"ImageObject","inLanguage":"pt-PT","@id":"https:\/\/jbsy-china.com\/product\/oil-drain-bolt-2\/#primaryimage","url":"https:\/\/jbsy-china.com\/wp-content\/uploads\/2025\/05\/\u672a\u6807\u9898-1-\u6062\u590d\u7684.jpg","contentUrl":"https:\/\/jbsy-china.com\/wp-content\/uploads\/2025\/05\/\u672a\u6807\u9898-1-\u6062\u590d\u7684.jpg","width":800,"height":800},{"@type":"BreadcrumbList","@id":"https:\/\/jbsy-china.com\/product\/oil-drain-bolt-2\/#breadcrumb","itemListElement":[{"@type":"ListItem","position":1,"name":"Home","item":"https:\/\/jbsy-china.com\/"},{"@type":"ListItem","position":2,"name":"Products","item":"https:\/\/jbsy-china.com\/shop\/"},{"@type":"ListItem","position":3,"name":"Oil drain bolt"}]},{"@type":"WebSite","@id":"https:\/\/jbsy-china.com\/#website","url":"https:\/\/jbsy-china.com\/","name":"Jingbang Industrial","description":"Fabricante de hardware e eletr\u00f3nica","publisher":{"@id":"https:\/\/jbsy-china.com\/#organization"},"potentialAction":[{"@type":"SearchAction","target":{"@type":"EntryPoint","urlTemplate":"https:\/\/jbsy-china.com\/?s={search_term_string}"},"query-input":{"@type":"PropertyValueSpecification","valueRequired":true,"valueName":"search_term_string"}}],"inLanguage":"pt-PT"},{"@type":"Organization","@id":"https:\/\/jbsy-china.com\/#organization","name":"Jingbang Industrial","url":"https:\/\/jbsy-china.com\/","logo":{"@type":"ImageObject","inLanguage":"pt-PT","@id":"https:\/\/jbsy-china.com\/#\/schema\/logo\/image\/","url":"https:\/\/jbsy-china.com\/wp-content\/uploads\/2023\/11\/cropped-\u56fe\u5c42-1.png","contentUrl":"https:\/\/jbsy-china.com\/wp-content\/uploads\/2023\/11\/cropped-\u56fe\u5c42-1.png","width":1049,"height":739,"caption":"Jingbang Industrial"},"image":{"@id":"https:\/\/jbsy-china.com\/#\/schema\/logo\/image\/"}}]}},"_links":{"self":[{"href":"https:\/\/jbsy-china.com\/pt\/wp-json\/wp\/v2\/product\/32930","targetHints":{"allow":["GET"]}}],"collection":[{"href":"https:\/\/jbsy-china.com\/pt\/wp-json\/wp\/v2\/product"}],"about":[{"href":"https:\/\/jbsy-china.com\/pt\/wp-json\/wp\/v2\/types\/product"}],"replies":[{"embeddable":true,"href":"https:\/\/jbsy-china.com\/pt\/wp-json\/wp\/v2\/comments?post=32930"}],"wp:featuredmedia":[{"embeddable":true,"href":"https:\/\/jbsy-china.com\/pt\/wp-json\/wp\/v2\/media\/32981"}],"wp:attachment":[{"href":"https:\/\/jbsy-china.com\/pt\/wp-json\/wp\/v2\/media?parent=32930"}],"wp:term":[{"taxonomy":"product_brand","embeddable":true,"href":"https:\/\/jbsy-china.com\/pt\/wp-json\/wp\/v2\/product_brand?post=32930"},{"taxonomy":"product_cat","embeddable":true,"href":"https:\/\/jbsy-china.com\/pt\/wp-json\/wp\/v2\/product_cat?post=32930"},{"taxonomy":"product_tag","embeddable":true,"href":"https:\/\/jbsy-china.com\/pt\/wp-json\/wp\/v2\/product_tag?post=32930"}],"curies":[{"name":"wp","href":"https:\/\/api.w.org\/{rel}","templated":true}]}}