{"id":32934,"date":"2025-05-06T07:29:49","date_gmt":"2025-05-06T07:29:49","guid":{"rendered":"https:\/\/jbsy-china.com\/?post_type=product&#038;p=32934"},"modified":"2025-05-06T07:30:42","modified_gmt":"2025-05-06T07:30:42","slug":"nuts-and-bolts-manufacturers-2","status":"publish","type":"product","link":"https:\/\/jbsy-china.com\/pt\/produto\/nuts-and-bolts-manufacturers-2\/","title":{"rendered":"Fabricantes de porcas e parafusos"},"content":{"rendered":"<p><img fetchpriority=\"high\" decoding=\"async\" class=\"alignnone size-full wp-image-7978\" src=\"https:\/\/jb-bolt.com\/wp-content\/uploads\/2025\/02\/\u51b7\u9566\u8be6\u60c5\u9875_01.jpg\" alt=\"\" width=\"790\" height=\"329\" \/><img decoding=\"async\" class=\"alignnone size-full wp-image-7979\" src=\"https:\/\/jb-bolt.com\/wp-content\/uploads\/2025\/02\/\u51b7\u9566\u8be6\u60c5\u9875_02.jpg\" alt=\"\" width=\"790\" height=\"981\" \/><img decoding=\"async\" class=\"alignnone size-full wp-image-7980\" src=\"https:\/\/jb-bolt.com\/wp-content\/uploads\/2025\/02\/\u51b7\u9566\u8be6\u60c5\u9875_03.jpg\" alt=\"\" width=\"790\" height=\"740\" \/><img loading=\"lazy\" decoding=\"async\" class=\"alignnone size-full wp-image-7981\" src=\"https:\/\/jb-bolt.com\/wp-content\/uploads\/2025\/02\/\u51b7\u9566\u8be6\u60c5\u9875_04.jpg\" alt=\"\" width=\"790\" height=\"739\" \/><img loading=\"lazy\" decoding=\"async\" class=\"alignnone size-full wp-image-7983\" src=\"https:\/\/jb-bolt.com\/wp-content\/uploads\/2025\/02\/\u51b7\u9566\u8be6\u60c5\u9875_05_01.jpg\" alt=\"\" width=\"790\" height=\"677\" \/><\/p>\n<p><strong>O processo de encabe\u00e7amento a frio \u00e9 um dos novos processos para a maquinagem sob press\u00e3o com menos ou nenhum corte<\/strong><br \/>\n<strong>metal. \u00c9 um m\u00e9todo de processamento que utiliza a deforma\u00e7\u00e3o pl\u00e1stica do metal sob a a\u00e7\u00e3o de<\/strong><br \/>\n<strong>for\u00e7as externas e, com a ajuda de moldes, redistribui e transfere o volume de metal para formar<\/strong><br \/>\n<strong>as pe\u00e7as ou os espa\u00e7os em branco necess\u00e1rios. O processo de encabe\u00e7amento a frio \u00e9 o mais adequado para a produ\u00e7\u00e3o de<\/strong><br \/>\n<strong>elementos de fixa\u00e7\u00e3o, tais como cavilhas, parafusos, porcas, rebites, cavilhas, etc.<\/strong><\/p>\n<p><img loading=\"lazy\" decoding=\"async\" class=\"alignnone size-full wp-image-7985\" src=\"https:\/\/jb-bolt.com\/wp-content\/uploads\/2025\/02\/\u51b7\u9566\u8be6\u60c5\u9875_05_03.jpg\" alt=\"\" width=\"790\" height=\"603\" \/><img loading=\"lazy\" decoding=\"async\" class=\"alignnone size-full wp-image-7986\" src=\"https:\/\/jb-bolt.com\/wp-content\/uploads\/2025\/02\/\u51b7\u9566\u8be6\u60c5\u9875_06.jpg\" alt=\"\" width=\"790\" height=\"742\" \/><\/p>\n<p><strong><a href=\"https:\/\/jb-bolt.com\/\">Porcas e parafusos<\/a> fabricantes<\/strong>\u00a0s\u00e3o empresas especializadas na produ\u00e7\u00e3o de elementos de fixa\u00e7\u00e3o, que s\u00e3o componentes essenciais utilizados para unir ou fixar materiais em v\u00e1rias ind\u00fastrias. Estes fabricantes produzem uma vasta gama de porcas, parafusos, parafusos, anilhas e outros produtos de fixa\u00e7\u00e3o relacionados, que se destinam a ind\u00fastrias como a constru\u00e7\u00e3o, autom\u00f3vel, aeroespacial, maquinaria e bens de consumo.<\/p>\n<h3 data-start=\"373\" data-end=\"398\">1. <strong data-start=\"380\" data-end=\"397\">Gama de produtos<\/strong>:<\/h3>\n<ul data-start=\"402\" data-end=\"1003\">\n<li data-start=\"402\" data-end=\"587\"><strong data-start=\"404\" data-end=\"413\">Parafusos<\/strong>: S\u00e3o tipicamente fixadores de metal com um eixo roscado e uma cabe\u00e7a numa extremidade. Os tipos mais comuns incluem parafusos hexagonais, parafusos de carro, parafusos de m\u00e1quina, parafusos de lag e parafusos de ancoragem.<\/li>\n<li data-start=\"591\" data-end=\"728\"><strong data-start=\"593\" data-end=\"601\">Nozes<\/strong>: As porcas s\u00e3o elementos de fixa\u00e7\u00e3o com rosca interna que se juntam aos parafusos. Os tipos mais comuns incluem porcas hexagonais, porcas de bloqueio, porcas de orelhas e porcas de capa.<\/li>\n<li data-start=\"732\" data-end=\"873\"><strong data-start=\"734\" data-end=\"745\">Anilhas<\/strong>: Utilizadas com porcas e parafusos para distribuir a carga e reduzir o desgaste. Os tipos incluem anilhas planas, anilhas de press\u00e3o e anilhas de bloqueio.<\/li>\n<li data-start=\"877\" data-end=\"999\"><strong data-start=\"879\" data-end=\"889\">Parafusos<\/strong>: Embora ligeiramente diferentes dos parafusos, os parafusos s\u00e3o outro elemento de fixa\u00e7\u00e3o roscado que os fabricantes podem produzir.<\/li>\n<\/ul>\n<h3 data-start=\"1004\" data-end=\"1030\">2. <strong data-start=\"1011\" data-end=\"1029\">Tipos de materiais<\/strong>:<\/h3>\n<ul data-start=\"1034\" data-end=\"1692\">\n<li data-start=\"1034\" data-end=\"1141\"><strong data-start=\"1036\" data-end=\"1045\">A\u00e7o<\/strong>: O material mais comum, frequentemente utilizado no sector autom\u00f3vel, na constru\u00e7\u00e3o e em aplica\u00e7\u00f5es industriais.<\/li>\n<li data-start=\"1145\" data-end=\"1268\"><strong data-start=\"1147\" data-end=\"1166\">A\u00e7o inoxid\u00e1vel<\/strong>: Conhecido pela sua resist\u00eancia \u00e0 corros\u00e3o, \u00e9 utilizado nas ind\u00fastrias mar\u00edtima, alimentar e m\u00e9dica.<\/li>\n<li data-start=\"1272\" data-end=\"1392\"><strong data-start=\"1274\" data-end=\"1283\">Lat\u00e3o<\/strong>: Oferece uma excelente resist\u00eancia \u00e0 corros\u00e3o e condutividade el\u00e9ctrica, sendo frequentemente utilizado em aplica\u00e7\u00f5es el\u00e9ctricas.<\/li>\n<li data-start=\"1396\" data-end=\"1486\"><strong data-start=\"1398\" data-end=\"1410\">Alum\u00ednio<\/strong>: Leve e resistente \u00e0 corros\u00e3o, utilizado em ind\u00fastrias como a aeroespacial.<\/li>\n<li data-start=\"1490\" data-end=\"1692\"><strong data-start=\"1492\" data-end=\"1510\">Ligas especiais<\/strong>: Os fabricantes oferecem frequentemente porcas e parafusos feitos de materiais como tit\u00e2nio, cobre ou ligas especiais para satisfazer requisitos espec\u00edficos de for\u00e7a, temperatura ou resist\u00eancia qu\u00edmica.<\/li>\n<\/ul>\n<h3 data-start=\"1694\" data-end=\"1719\">3. <strong data-start=\"1701\" data-end=\"1718\">Personaliza\u00e7\u00e3o<\/strong>:<\/h3>\n<p data-start=\"1723\" data-end=\"1945\">Muitos fabricantes oferecem parafusos e porcas personalizados, adaptados a tamanhos, desenhos e especifica\u00e7\u00f5es espec\u00edficos. Isto pode incluir padr\u00f5es de rosca \u00fanicos, revestimento ou carater\u00edsticas adicionais como formas, tamanhos ou acabamentos n\u00e3o normalizados.<\/p>\n<h3 data-start=\"1947\" data-end=\"1982\">4. <strong data-start=\"1954\" data-end=\"1981\">Processos de fabrico<\/strong>:<\/h3>\n<ul data-start=\"1986\" data-end=\"2425\">\n<li data-start=\"1986\" data-end=\"2099\"><strong data-start=\"1988\" data-end=\"2004\">Cabe\u00e7alho frio<\/strong>: Trata-se de formar a cabe\u00e7a do parafuso a partir de um peda\u00e7o de arame sem aquecer o material.<\/li>\n<li data-start=\"2103\" data-end=\"2166\"><strong data-start=\"2105\" data-end=\"2116\">Forjamento<\/strong>: O metal \u00e9 aquecido e moldado para formar o parafuso ou a porca.<\/li>\n<li data-start=\"2170\" data-end=\"2295\"><strong data-start=\"2172\" data-end=\"2190\">Rolamento de rosca<\/strong>: Em vez de cortar roscas, o enrolamento de roscas forma roscas atrav\u00e9s de press\u00e3o, criando fixadores mais fortes.<\/li>\n<li data-start=\"2299\" data-end=\"2425\"><strong data-start=\"2301\" data-end=\"2322\">Moldagem por inje\u00e7\u00e3o<\/strong>: Para as porcas e parafusos de pl\u00e1stico, os fabricantes utilizam a moldagem por inje\u00e7\u00e3o para lhes dar a forma pretendida.<\/li>\n<\/ul>\n<h3 data-start=\"2427\" data-end=\"2460\">5. <strong data-start=\"2434\" data-end=\"2459\">Qualidade e normas<\/strong>:<\/h3>\n<p data-start=\"2464\" data-end=\"2593\">Os fabricantes t\u00eam de aderir a v\u00e1rias normas do sector para garantir que os seus produtos cumprem as especifica\u00e7\u00f5es exigidas. Isto inclui:<\/p>\n<ul data-start=\"2597\" data-end=\"2896\">\n<li data-start=\"2597\" data-end=\"2656\"><strong data-start=\"2599\" data-end=\"2616\">normas ISO<\/strong> (por exemplo, ISO 9001 para a gest\u00e3o da qualidade)<\/li>\n<li data-start=\"2660\" data-end=\"2720\"><strong data-start=\"2662\" data-end=\"2710\">ANSI (American National Standards Institute)<\/strong> normas<\/li>\n<li data-start=\"2724\" data-end=\"2813\"><strong data-start=\"2726\" data-end=\"2779\">ASTM (Sociedade Americana de Ensaios e Materiais)<\/strong> normas para as propriedades dos materiais<\/li>\n<li data-start=\"2817\" data-end=\"2892\"><strong data-start=\"2819\" data-end=\"2859\">DIN (Deutsches Institut f\u00fcr Normung)<\/strong> normas (especialmente na Europa)<\/li>\n<\/ul>\n<h3 data-start=\"2897\" data-end=\"2931\">6. <strong data-start=\"2904\" data-end=\"2930\">Acabamentos e revestimentos<\/strong>:<\/h3>\n<ul data-start=\"2935\" data-end=\"3265\">\n<li data-start=\"2935\" data-end=\"2983\"><strong data-start=\"2937\" data-end=\"2953\">Zincagem<\/strong>: Oferece resist\u00eancia \u00e0 corros\u00e3o.<\/li>\n<li data-start=\"2987\" data-end=\"3067\"><strong data-start=\"2989\" data-end=\"3004\">Galvaniza\u00e7\u00e3o<\/strong>: Revestimento de zinco aplicado por imers\u00e3o a quente para prote\u00e7\u00e3o contra a ferrugem.<\/li>\n<li data-start=\"3071\" data-end=\"3149\"><strong data-start=\"3073\" data-end=\"3086\">Anodiza\u00e7\u00e3o<\/strong>: Utilizado em fixadores de alum\u00ednio para aumentar a resist\u00eancia \u00e0 corros\u00e3o.<\/li>\n<li data-start=\"3153\" data-end=\"3265\"><strong data-start=\"3155\" data-end=\"3176\">Revestimento de fosfato<\/strong>: Adiciona uma camada para uma melhor lubrifica\u00e7\u00e3o durante a montagem e aumenta a resist\u00eancia \u00e0 corros\u00e3o.<\/li>\n<\/ul>\n<h3 data-start=\"3267\" data-end=\"3291\">7. <strong data-start=\"3274\" data-end=\"3290\">Cadeia de fornecimento<\/strong>:<\/h3>\n<ul data-start=\"3295\" data-end=\"3666\">\n<li data-start=\"3295\" data-end=\"3403\"><strong data-start=\"3297\" data-end=\"3312\">Encomendas em massa<\/strong>: Muitos fabricantes fornecem elementos de fixa\u00e7\u00e3o a granel para projectos de grande escala ou s\u00e9ries de produ\u00e7\u00e3o.<\/li>\n<li data-start=\"3407\" data-end=\"3520\"><strong data-start=\"3409\" data-end=\"3426\">Encomendas personalizadas<\/strong>: Podem tamb\u00e9m realizar encomendas mais pequenas ou personalizadas com base nos requisitos de projectos individuais.<\/li>\n<li data-start=\"3524\" data-end=\"3666\"><strong data-start=\"3526\" data-end=\"3549\">Distribui\u00e7\u00e3o global<\/strong>: Os grandes fabricantes enviam frequentemente para todo o mundo, com centros de distribui\u00e7\u00e3o e parcerias de retalho em v\u00e1rias regi\u00f5es.<\/li>\n<\/ul>\n<p>&nbsp;<\/p>","protected":false},"excerpt":{"rendered":"<h5 data-start=\"308\" data-end=\"342\"><strong>Porcas e parafusos padr\u00e3o<\/strong><\/h5>\n<p data-start=\"343\" data-end=\"443\"><strong data-start=\"343\" data-end=\"358\">Descri\u00e7\u00e3o<\/strong>: Parafusos b\u00e1sicos para aplica\u00e7\u00f5es gerais, dispon\u00edveis em v\u00e1rios tamanhos e materiais.<\/p>\n<ul data-start=\"444\" data-end=\"695\">\n<li data-start=\"444\" data-end=\"501\"><strong data-start=\"446\" data-end=\"459\">Materiais<\/strong>: A\u00e7o, a\u00e7o inoxid\u00e1vel, lat\u00e3o, alum\u00ednio.<\/li>\n<li data-start=\"502\" data-end=\"580\"><strong data-start=\"504\" data-end=\"516\">Revestimentos<\/strong>: Zincado, galvanizado, \u00f3xido preto para resist\u00eancia \u00e0 corros\u00e3o.<\/li>\n<li data-start=\"581\" data-end=\"638\"><strong data-start=\"583\" data-end=\"599\">Tipos de rosca<\/strong>: Roscas m\u00e9tricas, UNC, UNF e personalizadas.<\/li>\n<li data-start=\"639\" data-end=\"695\"><strong data-start=\"641\" data-end=\"657\">Aplica\u00e7\u00f5es<\/strong>: Constru\u00e7\u00e3o, maquinaria, autom\u00f3vel.<\/li>\n<\/ul>","protected":false},"featured_media":33012,"comment_status":"open","ping_status":"closed","template":"","meta":{"site-sidebar-layout":"default","site-content-layout":"","ast-site-content-layout":"default","site-content-style":"default","site-sidebar-style":"default","ast-global-header-display":"","ast-banner-title-visibility":"","ast-main-header-display":"","ast-hfb-above-header-display":"","ast-hfb-below-header-display":"","ast-hfb-mobile-header-display":"","site-post-title":"","ast-breadcrumbs-content":"","ast-featured-img":"","footer-sml-layout":"","ast-disable-related-posts":"","theme-transparent-header-meta":"","adv-header-id-meta":"","stick-header-meta":"","header-above-stick-meta":"","header-main-stick-meta":"","header-below-stick-meta":"","astra-migrate-meta-layouts":"default","ast-page-background-enabled":"default","ast-page-background-meta":{"desktop":{"background-color":"var(--ast-global-color-4)","background-image":"","background-repeat":"repeat","background-position":"center center","background-size":"auto","background-attachment":"scroll","background-type":"","background-media":"","overlay-type":"","overlay-color":"","overlay-opacity":"","overlay-gradient":""},"tablet":{"background-color":"","background-image":"","background-repeat":"repeat","background-position":"center center","background-size":"auto","background-attachment":"scroll","background-type":"","background-media":"","overlay-type":"","overlay-color":"","overlay-opacity":"","overlay-gradient":""},"mobile":{"background-color":"","background-image":"","background-repeat":"repeat","background-position":"center center","background-size":"auto","background-attachment":"scroll","background-type":"","background-media":"","overlay-type":"","overlay-color":"","overlay-opacity":"","overlay-gradient":""}},"ast-content-background-meta":{"desktop":{"background-color":"var(--ast-global-color-5)","background-image":"","background-repeat":"repeat","background-position":"center center","background-size":"auto","background-attachment":"scroll","background-type":"","background-media":"","overlay-type":"","overlay-color":"","overlay-opacity":"","overlay-gradient":""},"tablet":{"background-color":"var(--ast-global-color-5)","background-image":"","background-repeat":"repeat","background-position":"center center","background-size":"auto","background-attachment":"scroll","background-type":"","background-media":"","overlay-type":"","overlay-color":"","overlay-opacity":"","overlay-gradient":""},"mobile":{"background-color":"var(--ast-global-color-5)","background-image":"","background-repeat":"repeat","background-position":"center center","background-size":"auto","background-attachment":"scroll","background-type":"","background-media":"","overlay-type":"","overlay-color":"","overlay-opacity":"","overlay-gradient":""}},"_themeisle_gutenberg_block_has_review":false,"_ti_tpc_template_sync":false,"_ti_tpc_template_id":""},"product_brand":[],"product_cat":[1263],"product_tag":[1249,1248,1250],"class_list":{"0":"post-32934","1":"product","2":"type-product","3":"status-publish","4":"has-post-thumbnail","6":"product_cat-more-fastener","7":"product_tag-bolt-and-nut-producer","8":"product_tag-fastener-manufacturer","9":"product_tag-hardware-manufacturer","10":"desktop-align-left","11":"tablet-align-left","12":"mobile-align-left","13":"ast-product-gallery-layout-horizontal-slider","14":"ast-product-tabs-layout-horizontal","15":"ast-qv-on-image","17":"first","18":"instock","19":"shipping-taxable","20":"product-type-simple"},"yoast_head":"<!-- This site is optimized with the Yoast SEO Premium plugin v21.7 (Yoast SEO v25.7) - https:\/\/yoast.com\/wordpress\/plugins\/seo\/ -->\n<title>Nuts and Bolts Manufacturers - Jingbang Industrial<\/title>\n<meta name=\"robots\" content=\"index, follow, max-snippet:-1, max-image-preview:large, max-video-preview:-1\" \/>\n<link rel=\"canonical\" href=\"https:\/\/jbsy-china.com\/pt\/produto\/nuts-and-bolts-manufacturers-2\/\" \/>\n<meta property=\"og:locale\" content=\"pt_PT\" \/>\n<meta property=\"og:type\" content=\"article\" \/>\n<meta property=\"og:title\" content=\"Nuts and Bolts Manufacturers\" \/>\n<meta property=\"og:description\" content=\"Standard Nuts and Bolts Description: Basic fasteners for general applications, available in various sizes and materials.    Materials: Steel, stainless steel, brass, aluminum.  Coatings: Zinc-plated, galvanized, black oxide for corrosion resistance.  Thread Types: Metric, UNC, UNF, and custom threads.  Applications: Construction, machinery, automotive.\" \/>\n<meta property=\"og:url\" content=\"https:\/\/jbsy-china.com\/pt\/produto\/nuts-and-bolts-manufacturers-2\/\" \/>\n<meta property=\"og:site_name\" content=\"Jingbang Industrial\" \/>\n<meta property=\"article:modified_time\" content=\"2025-05-06T07:30:42+00:00\" \/>\n<meta name=\"twitter:card\" content=\"summary_large_image\" \/>\n<meta name=\"twitter:label1\" content=\"Tempo estimado de leitura\" \/>\n\t<meta name=\"twitter:data1\" content=\"3 minutos\" \/>\n<script type=\"application\/ld+json\" class=\"yoast-schema-graph\">{\"@context\":\"https:\/\/schema.org\",\"@graph\":[{\"@type\":\"WebPage\",\"@id\":\"https:\/\/jbsy-china.com\/product\/nuts-and-bolts-manufacturers-2\/\",\"url\":\"https:\/\/jbsy-china.com\/product\/nuts-and-bolts-manufacturers-2\/\",\"name\":\"Nuts and Bolts Manufacturers - Jingbang Industrial\",\"isPartOf\":{\"@id\":\"https:\/\/jbsy-china.com\/#website\"},\"primaryImageOfPage\":{\"@id\":\"https:\/\/jbsy-china.com\/product\/nuts-and-bolts-manufacturers-2\/#primaryimage\"},\"image\":{\"@id\":\"https:\/\/jbsy-china.com\/product\/nuts-and-bolts-manufacturers-2\/#primaryimage\"},\"thumbnailUrl\":\"https:\/\/jbsy-china.com\/wp-content\/uploads\/2025\/05\/9f0de1845db8e101704c1cc666acad3.png\",\"datePublished\":\"2025-05-06T07:29:49+00:00\",\"dateModified\":\"2025-05-06T07:30:42+00:00\",\"breadcrumb\":{\"@id\":\"https:\/\/jbsy-china.com\/product\/nuts-and-bolts-manufacturers-2\/#breadcrumb\"},\"inLanguage\":\"pt-PT\",\"potentialAction\":[{\"@type\":\"ReadAction\",\"target\":[\"https:\/\/jbsy-china.com\/product\/nuts-and-bolts-manufacturers-2\/\"]}]},{\"@type\":\"ImageObject\",\"inLanguage\":\"pt-PT\",\"@id\":\"https:\/\/jbsy-china.com\/product\/nuts-and-bolts-manufacturers-2\/#primaryimage\",\"url\":\"https:\/\/jbsy-china.com\/wp-content\/uploads\/2025\/05\/9f0de1845db8e101704c1cc666acad3.png\",\"contentUrl\":\"https:\/\/jbsy-china.com\/wp-content\/uploads\/2025\/05\/9f0de1845db8e101704c1cc666acad3.png\",\"width\":800,\"height\":800},{\"@type\":\"BreadcrumbList\",\"@id\":\"https:\/\/jbsy-china.com\/product\/nuts-and-bolts-manufacturers-2\/#breadcrumb\",\"itemListElement\":[{\"@type\":\"ListItem\",\"position\":1,\"name\":\"Home\",\"item\":\"https:\/\/jbsy-china.com\/\"},{\"@type\":\"ListItem\",\"position\":2,\"name\":\"Products\",\"item\":\"https:\/\/jbsy-china.com\/shop\/\"},{\"@type\":\"ListItem\",\"position\":3,\"name\":\"Nuts and Bolts Manufacturers\"}]},{\"@type\":\"WebSite\",\"@id\":\"https:\/\/jbsy-china.com\/#website\",\"url\":\"https:\/\/jbsy-china.com\/\",\"name\":\"Jingbang Industrial\",\"description\":\"Hardware and electronics manufacturer\",\"publisher\":{\"@id\":\"https:\/\/jbsy-china.com\/#organization\"},\"potentialAction\":[{\"@type\":\"SearchAction\",\"target\":{\"@type\":\"EntryPoint\",\"urlTemplate\":\"https:\/\/jbsy-china.com\/?s={search_term_string}\"},\"query-input\":{\"@type\":\"PropertyValueSpecification\",\"valueRequired\":true,\"valueName\":\"search_term_string\"}}],\"inLanguage\":\"pt-PT\"},{\"@type\":\"Organization\",\"@id\":\"https:\/\/jbsy-china.com\/#organization\",\"name\":\"Jingbang Industrial\",\"url\":\"https:\/\/jbsy-china.com\/\",\"logo\":{\"@type\":\"ImageObject\",\"inLanguage\":\"pt-PT\",\"@id\":\"https:\/\/jbsy-china.com\/#\/schema\/logo\/image\/\",\"url\":\"https:\/\/jbsy-china.com\/wp-content\/uploads\/2023\/11\/cropped-\u56fe\u5c42-1.png\",\"contentUrl\":\"https:\/\/jbsy-china.com\/wp-content\/uploads\/2023\/11\/cropped-\u56fe\u5c42-1.png\",\"width\":1049,\"height\":739,\"caption\":\"Jingbang Industrial\"},\"image\":{\"@id\":\"https:\/\/jbsy-china.com\/#\/schema\/logo\/image\/\"}}]}<\/script>\n<!-- \/ Yoast SEO Premium plugin. -->","yoast_head_json":{"title":"Nuts and Bolts Manufacturers - Jingbang Industrial","robots":{"index":"index","follow":"follow","max-snippet":"max-snippet:-1","max-image-preview":"max-image-preview:large","max-video-preview":"max-video-preview:-1"},"canonical":"https:\/\/jbsy-china.com\/pt\/produto\/nuts-and-bolts-manufacturers-2\/","og_locale":"pt_PT","og_type":"article","og_title":"Nuts and Bolts Manufacturers","og_description":"Standard Nuts and Bolts Description: Basic fasteners for general applications, available in various sizes and materials.    Materials: Steel, stainless steel, brass, aluminum.  Coatings: Zinc-plated, galvanized, black oxide for corrosion resistance.  Thread Types: Metric, UNC, UNF, and custom threads.  Applications: Construction, machinery, automotive.","og_url":"https:\/\/jbsy-china.com\/pt\/produto\/nuts-and-bolts-manufacturers-2\/","og_site_name":"Jingbang Industrial","article_modified_time":"2025-05-06T07:30:42+00:00","twitter_card":"summary_large_image","twitter_misc":{"Tempo estimado de leitura":"3 minutos"},"schema":{"@context":"https:\/\/schema.org","@graph":[{"@type":"WebPage","@id":"https:\/\/jbsy-china.com\/product\/nuts-and-bolts-manufacturers-2\/","url":"https:\/\/jbsy-china.com\/product\/nuts-and-bolts-manufacturers-2\/","name":"Nuts and Bolts Manufacturers - Jingbang Industrial","isPartOf":{"@id":"https:\/\/jbsy-china.com\/#website"},"primaryImageOfPage":{"@id":"https:\/\/jbsy-china.com\/product\/nuts-and-bolts-manufacturers-2\/#primaryimage"},"image":{"@id":"https:\/\/jbsy-china.com\/product\/nuts-and-bolts-manufacturers-2\/#primaryimage"},"thumbnailUrl":"https:\/\/jbsy-china.com\/wp-content\/uploads\/2025\/05\/9f0de1845db8e101704c1cc666acad3.png","datePublished":"2025-05-06T07:29:49+00:00","dateModified":"2025-05-06T07:30:42+00:00","breadcrumb":{"@id":"https:\/\/jbsy-china.com\/product\/nuts-and-bolts-manufacturers-2\/#breadcrumb"},"inLanguage":"pt-PT","potentialAction":[{"@type":"ReadAction","target":["https:\/\/jbsy-china.com\/product\/nuts-and-bolts-manufacturers-2\/"]}]},{"@type":"ImageObject","inLanguage":"pt-PT","@id":"https:\/\/jbsy-china.com\/product\/nuts-and-bolts-manufacturers-2\/#primaryimage","url":"https:\/\/jbsy-china.com\/wp-content\/uploads\/2025\/05\/9f0de1845db8e101704c1cc666acad3.png","contentUrl":"https:\/\/jbsy-china.com\/wp-content\/uploads\/2025\/05\/9f0de1845db8e101704c1cc666acad3.png","width":800,"height":800},{"@type":"BreadcrumbList","@id":"https:\/\/jbsy-china.com\/product\/nuts-and-bolts-manufacturers-2\/#breadcrumb","itemListElement":[{"@type":"ListItem","position":1,"name":"Home","item":"https:\/\/jbsy-china.com\/"},{"@type":"ListItem","position":2,"name":"Products","item":"https:\/\/jbsy-china.com\/shop\/"},{"@type":"ListItem","position":3,"name":"Nuts and Bolts Manufacturers"}]},{"@type":"WebSite","@id":"https:\/\/jbsy-china.com\/#website","url":"https:\/\/jbsy-china.com\/","name":"Jingbang Industrial","description":"Fabricante de hardware e eletr\u00f3nica","publisher":{"@id":"https:\/\/jbsy-china.com\/#organization"},"potentialAction":[{"@type":"SearchAction","target":{"@type":"EntryPoint","urlTemplate":"https:\/\/jbsy-china.com\/?s={search_term_string}"},"query-input":{"@type":"PropertyValueSpecification","valueRequired":true,"valueName":"search_term_string"}}],"inLanguage":"pt-PT"},{"@type":"Organization","@id":"https:\/\/jbsy-china.com\/#organization","name":"Jingbang Industrial","url":"https:\/\/jbsy-china.com\/","logo":{"@type":"ImageObject","inLanguage":"pt-PT","@id":"https:\/\/jbsy-china.com\/#\/schema\/logo\/image\/","url":"https:\/\/jbsy-china.com\/wp-content\/uploads\/2023\/11\/cropped-\u56fe\u5c42-1.png","contentUrl":"https:\/\/jbsy-china.com\/wp-content\/uploads\/2023\/11\/cropped-\u56fe\u5c42-1.png","width":1049,"height":739,"caption":"Jingbang Industrial"},"image":{"@id":"https:\/\/jbsy-china.com\/#\/schema\/logo\/image\/"}}]}},"_links":{"self":[{"href":"https:\/\/jbsy-china.com\/pt\/wp-json\/wp\/v2\/product\/32934","targetHints":{"allow":["GET"]}}],"collection":[{"href":"https:\/\/jbsy-china.com\/pt\/wp-json\/wp\/v2\/product"}],"about":[{"href":"https:\/\/jbsy-china.com\/pt\/wp-json\/wp\/v2\/types\/product"}],"replies":[{"embeddable":true,"href":"https:\/\/jbsy-china.com\/pt\/wp-json\/wp\/v2\/comments?post=32934"}],"wp:featuredmedia":[{"embeddable":true,"href":"https:\/\/jbsy-china.com\/pt\/wp-json\/wp\/v2\/media\/33012"}],"wp:attachment":[{"href":"https:\/\/jbsy-china.com\/pt\/wp-json\/wp\/v2\/media?parent=32934"}],"wp:term":[{"taxonomy":"product_brand","embeddable":true,"href":"https:\/\/jbsy-china.com\/pt\/wp-json\/wp\/v2\/product_brand?post=32934"},{"taxonomy":"product_cat","embeddable":true,"href":"https:\/\/jbsy-china.com\/pt\/wp-json\/wp\/v2\/product_cat?post=32934"},{"taxonomy":"product_tag","embeddable":true,"href":"https:\/\/jbsy-china.com\/pt\/wp-json\/wp\/v2\/product_tag?post=32934"}],"curies":[{"name":"wp","href":"https:\/\/api.w.org\/{rel}","templated":true}]}}