{"id":32935,"date":"2025-05-06T07:29:49","date_gmt":"2025-05-06T07:29:49","guid":{"rendered":"https:\/\/jbsy-china.com\/?post_type=product&#038;p=32935"},"modified":"2025-05-09T06:52:13","modified_gmt":"2025-05-09T06:52:13","slug":"twelve-head-bolt-2","status":"publish","type":"product","link":"https:\/\/jbsy-china.com\/pt\/produto\/twelve-head-bolt-2\/","title":{"rendered":"Parafuso de doze cabe\u00e7as"},"content":{"rendered":"<p><img fetchpriority=\"high\" decoding=\"async\" class=\"alignnone size-full wp-image-7978\" src=\"https:\/\/jb-bolt.com\/wp-content\/uploads\/2025\/02\/\u51b7\u9566\u8be6\u60c5\u9875_01.jpg\" alt=\"\" width=\"790\" height=\"329\" \/><img decoding=\"async\" class=\"alignnone size-full wp-image-7979\" src=\"https:\/\/jb-bolt.com\/wp-content\/uploads\/2025\/02\/\u51b7\u9566\u8be6\u60c5\u9875_02.jpg\" alt=\"\" width=\"790\" height=\"981\" \/><img decoding=\"async\" class=\"alignnone size-full wp-image-7980\" src=\"https:\/\/jb-bolt.com\/wp-content\/uploads\/2025\/02\/\u51b7\u9566\u8be6\u60c5\u9875_03.jpg\" alt=\"\" width=\"790\" height=\"740\" \/><img loading=\"lazy\" decoding=\"async\" class=\"alignnone size-full wp-image-7981\" src=\"https:\/\/jb-bolt.com\/wp-content\/uploads\/2025\/02\/\u51b7\u9566\u8be6\u60c5\u9875_04.jpg\" alt=\"\" width=\"790\" height=\"739\" \/><img loading=\"lazy\" decoding=\"async\" class=\"alignnone size-full wp-image-7983\" src=\"https:\/\/jb-bolt.com\/wp-content\/uploads\/2025\/02\/\u51b7\u9566\u8be6\u60c5\u9875_05_01.jpg\" alt=\"\" width=\"790\" height=\"677\" \/><\/p>\n<p><strong>O processo de encabe\u00e7amento a frio \u00e9 um dos novos processos para a maquinagem sob press\u00e3o com menos ou nenhum corte<\/strong><br \/>\n<strong>metal. \u00c9 um m\u00e9todo de processamento que utiliza a deforma\u00e7\u00e3o pl\u00e1stica do metal sob a a\u00e7\u00e3o de<\/strong><br \/>\n<strong>for\u00e7as externas e, com a ajuda de moldes, redistribui e transfere o volume de metal para formar<\/strong><br \/>\n<strong>as pe\u00e7as ou os espa\u00e7os em branco necess\u00e1rios. O processo de encabe\u00e7amento a frio \u00e9 o mais adequado para a produ\u00e7\u00e3o de<\/strong><br \/>\n<strong>elementos de fixa\u00e7\u00e3o, tais como cavilhas, parafusos, porcas, rebites, cavilhas, etc.<\/strong><\/p>\n<p><img loading=\"lazy\" decoding=\"async\" class=\"alignnone size-full wp-image-7985\" src=\"https:\/\/jb-bolt.com\/wp-content\/uploads\/2025\/02\/\u51b7\u9566\u8be6\u60c5\u9875_05_03.jpg\" alt=\"\" width=\"790\" height=\"603\" \/><img loading=\"lazy\" decoding=\"async\" class=\"alignnone size-full wp-image-7986\" src=\"https:\/\/jb-bolt.com\/wp-content\/uploads\/2025\/02\/\u51b7\u9566\u8be6\u60c5\u9875_06.jpg\" alt=\"\" width=\"790\" height=\"742\" \/><\/p>\n<p><a href=\"https:\/\/jb-bolt.com\/product-category\/flange-bolt\/\"><strong>Doze parafusos de cabe\u00e7a<\/strong><\/a> s\u00e3o um tipo de fixador que apresenta uma cabe\u00e7a de doze lados (dodecagonal), proporcionando um ajuste mais seguro e preciso para aplica\u00e7\u00f5es de bin\u00e1rio elevado. Estes parafusos s\u00e3o frequentemente utilizados em ambientes exigentes onde os parafusos sextavados tradicionais de seis lados podem n\u00e3o oferecer o n\u00edvel de desempenho necess\u00e1rio.<\/p>\n<h3 data-start=\"0\" data-end=\"48\"><strong data-start=\"4\" data-end=\"48\">Parafuso de cabe\u00e7a doze - Introdu\u00e7\u00e3o ao produto<\/strong><\/h3>\n<p data-start=\"50\" data-end=\"383\"><strong data-start=\"50\" data-end=\"71\">Parafuso de doze cabe\u00e7as<\/strong>\u00a0s\u00e3o parafusos que apresentam um design \u00fanico de cabe\u00e7a com doze lados, proporcionando m\u00faltiplos pontos de aperto, o que os torna ideais para aplica\u00e7\u00f5es que requerem um bin\u00e1rio mais elevado ou uma instala\u00e7\u00e3o\/remo\u00e7\u00e3o mais f\u00e1cil em espa\u00e7os confinados. Estes parafusos s\u00e3o normalmente utilizados em maquinaria de alto desempenho, aplica\u00e7\u00f5es autom\u00f3veis e industriais.<\/p>\n<hr data-start=\"385\" data-end=\"388\" \/>\n<h3 data-start=\"390\" data-end=\"411\"><strong data-start=\"394\" data-end=\"410\">Carater\u00edsticas principais<\/strong>:<\/h3>\n<ul data-start=\"412\" data-end=\"862\">\n<li data-start=\"412\" data-end=\"523\"><strong data-start=\"414\" data-end=\"435\">Cabe\u00e7a de doze lados<\/strong>: Permite uma melhor ader\u00eancia \u00e0s ferramentas, melhorando a aplica\u00e7\u00e3o do bin\u00e1rio e reduzindo o deslizamento.<\/li>\n<li data-start=\"524\" data-end=\"649\"><strong data-start=\"526\" data-end=\"552\">Elevada resist\u00eancia ao bin\u00e1rio<\/strong>: Concebido para aplica\u00e7\u00f5es pesadas que exigem uma fixa\u00e7\u00e3o forte e resist\u00eancia ao afrouxamento.<\/li>\n<li data-start=\"650\" data-end=\"742\"><strong data-start=\"652\" data-end=\"666\">Durabilidade<\/strong>: Fabricado com materiais de elevada resist\u00eancia, como o a\u00e7o-carbono ou o a\u00e7o inoxid\u00e1vel.<\/li>\n<li data-start=\"743\" data-end=\"862\"><strong data-start=\"745\" data-end=\"768\">Resistente \u00e0 corros\u00e3o<\/strong>: Muitas vezes dispon\u00edveis com revestimentos como o zinco ou o \u00f3xido preto para prote\u00e7\u00e3o contra a ferrugem e o desgaste.<\/li>\n<\/ul>\n<hr data-start=\"864\" data-end=\"867\" \/>\n<h3 data-start=\"869\" data-end=\"890\"><strong data-start=\"873\" data-end=\"889\">Aplica\u00e7\u00f5es<\/strong>:<\/h3>\n<ul data-start=\"891\" data-end=\"1217\">\n<li data-start=\"891\" data-end=\"955\"><strong data-start=\"893\" data-end=\"907\">Autom\u00f3vel<\/strong>: Utilizado na montagem de motores e em zonas de grande tens\u00e3o.<\/li>\n<li data-start=\"956\" data-end=\"1029\"><strong data-start=\"958\" data-end=\"982\">Equipamento industrial<\/strong>: Em m\u00e1quinas pesadas e sistemas de fabrico.<\/li>\n<li data-start=\"1030\" data-end=\"1123\"><strong data-start=\"1032\" data-end=\"1045\">Aeroespacial<\/strong>: Fixa\u00e7\u00e3o segura em componentes de aeronaves que exigem precis\u00e3o e bin\u00e1rio elevado.<\/li>\n<li data-start=\"1124\" data-end=\"1217\"><strong data-start=\"1126\" data-end=\"1142\">Constru\u00e7\u00e3o<\/strong>: Adequado para componentes estruturais que necessitem de uma fixa\u00e7\u00e3o segura e de bin\u00e1rio elevado.<\/li>\n<\/ul>","protected":false},"excerpt":{"rendered":"<h5 data-start=\"390\" data-end=\"411\"><strong data-start=\"394\" data-end=\"410\">Carater\u00edsticas principais<\/strong>:<\/h5>\n<ul data-start=\"412\" data-end=\"862\">\n<li data-start=\"412\" data-end=\"523\"><strong data-start=\"414\" data-end=\"435\">Cabe\u00e7a de doze lados<\/strong>: Permite uma melhor ader\u00eancia \u00e0s ferramentas, melhorando a aplica\u00e7\u00e3o do bin\u00e1rio e reduzindo o deslizamento.<\/li>\n<li data-start=\"524\" data-end=\"649\"><strong data-start=\"526\" data-end=\"552\">Elevada resist\u00eancia ao bin\u00e1rio<\/strong>: Concebido para aplica\u00e7\u00f5es pesadas que exigem uma fixa\u00e7\u00e3o forte e resist\u00eancia ao afrouxamento.<\/li>\n<li data-start=\"650\" data-end=\"742\"><strong data-start=\"652\" data-end=\"666\">Durabilidade<\/strong>: Fabricado com materiais de elevada resist\u00eancia, como o a\u00e7o-carbono ou o a\u00e7o inoxid\u00e1vel.<\/li>\n<li data-start=\"743\" data-end=\"862\"><strong data-start=\"745\" data-end=\"768\">Resistente \u00e0 corros\u00e3o<\/strong>: Muitas vezes dispon\u00edveis com revestimentos como o zinco ou o \u00f3xido preto para prote\u00e7\u00e3o contra a ferrugem e o desgaste.<\/li>\n<\/ul>","protected":false},"featured_media":33019,"comment_status":"open","ping_status":"closed","template":"","meta":{"site-sidebar-layout":"default","site-content-layout":"","ast-site-content-layout":"default","site-content-style":"default","site-sidebar-style":"default","ast-global-header-display":"","ast-banner-title-visibility":"","ast-main-header-display":"","ast-hfb-above-header-display":"","ast-hfb-below-header-display":"","ast-hfb-mobile-header-display":"","site-post-title":"","ast-breadcrumbs-content":"","ast-featured-img":"","footer-sml-layout":"","ast-disable-related-posts":"","theme-transparent-header-meta":"","adv-header-id-meta":"","stick-header-meta":"","header-above-stick-meta":"","header-main-stick-meta":"","header-below-stick-meta":"","astra-migrate-meta-layouts":"default","ast-page-background-enabled":"default","ast-page-background-meta":{"desktop":{"background-color":"var(--ast-global-color-4)","background-image":"","background-repeat":"repeat","background-position":"center center","background-size":"auto","background-attachment":"scroll","background-type":"","background-media":"","overlay-type":"","overlay-color":"","overlay-opacity":"","overlay-gradient":""},"tablet":{"background-color":"","background-image":"","background-repeat":"repeat","background-position":"center center","background-size":"auto","background-attachment":"scroll","background-type":"","background-media":"","overlay-type":"","overlay-color":"","overlay-opacity":"","overlay-gradient":""},"mobile":{"background-color":"","background-image":"","background-repeat":"repeat","background-position":"center center","background-size":"auto","background-attachment":"scroll","background-type":"","background-media":"","overlay-type":"","overlay-color":"","overlay-opacity":"","overlay-gradient":""}},"ast-content-background-meta":{"desktop":{"background-color":"var(--ast-global-color-5)","background-image":"","background-repeat":"repeat","background-position":"center center","background-size":"auto","background-attachment":"scroll","background-type":"","background-media":"","overlay-type":"","overlay-color":"","overlay-opacity":"","overlay-gradient":""},"tablet":{"background-color":"var(--ast-global-color-5)","background-image":"","background-repeat":"repeat","background-position":"center center","background-size":"auto","background-attachment":"scroll","background-type":"","background-media":"","overlay-type":"","overlay-color":"","overlay-opacity":"","overlay-gradient":""},"mobile":{"background-color":"var(--ast-global-color-5)","background-image":"","background-repeat":"repeat","background-position":"center center","background-size":"auto","background-attachment":"scroll","background-type":"","background-media":"","overlay-type":"","overlay-color":"","overlay-opacity":"","overlay-gradient":""}},"_themeisle_gutenberg_block_has_review":false,"_ti_tpc_template_sync":false,"_ti_tpc_template_id":""},"product_brand":[],"product_cat":[1273],"product_tag":[1245,1246,1247],"class_list":{"0":"post-32935","1":"product","2":"type-product","3":"status-publish","4":"has-post-thumbnail","6":"product_cat-12-point-bolt","7":"product_tag-12-point-bolts","8":"product_tag-12-point-fasteners","9":"product_tag-twelve-flanged-bolts","10":"desktop-align-left","11":"tablet-align-left","12":"mobile-align-left","13":"ast-product-gallery-layout-horizontal-slider","14":"ast-product-tabs-layout-horizontal","15":"ast-qv-on-image","17":"first","18":"instock","19":"shipping-taxable","20":"product-type-simple"},"yoast_head":"<!-- This site is optimized with the Yoast SEO Premium plugin v21.7 (Yoast SEO v25.7) - https:\/\/yoast.com\/wordpress\/plugins\/seo\/ -->\n<title>Twelve head bolt - Jingbang Industrial<\/title>\n<meta name=\"robots\" content=\"index, follow, max-snippet:-1, max-image-preview:large, max-video-preview:-1\" \/>\n<link rel=\"canonical\" href=\"https:\/\/jbsy-china.com\/pt\/produto\/twelve-head-bolt-2\/\" \/>\n<meta property=\"og:locale\" content=\"pt_PT\" \/>\n<meta property=\"og:type\" content=\"article\" \/>\n<meta property=\"og:title\" content=\"Twelve head bolt\" \/>\n<meta property=\"og:description\" content=\"Key Features:   Twelve-Sided Head: Allows for better grip with tools, improving torque application and reducing slipping.  High Torque Resistance: Designed for heavy-duty applications that require strong fastening and resistance to loosening.  Durability: Made from high-strength materials such as carbon steel or stainless steel.  Corrosion-Resistant: Often available with coatings like zinc or black oxide for protection against rust and wear.\" \/>\n<meta property=\"og:url\" content=\"https:\/\/jbsy-china.com\/pt\/produto\/twelve-head-bolt-2\/\" \/>\n<meta property=\"og:site_name\" content=\"Jingbang Industrial\" \/>\n<meta property=\"article:modified_time\" content=\"2025-05-09T06:52:13+00:00\" \/>\n<meta property=\"og:image\" content=\"http:\/\/jbsy-china.com\/wp-content\/uploads\/2025\/05\/8140f8e2935d58f3b5ae17c237c3043.png\" \/>\n\t<meta property=\"og:image:width\" content=\"800\" \/>\n\t<meta property=\"og:image:height\" content=\"800\" \/>\n\t<meta property=\"og:image:type\" content=\"image\/png\" \/>\n<meta name=\"twitter:card\" content=\"summary_large_image\" \/>\n<meta name=\"twitter:label1\" content=\"Tempo estimado de leitura\" \/>\n\t<meta name=\"twitter:data1\" content=\"1 minuto\" \/>\n<script type=\"application\/ld+json\" class=\"yoast-schema-graph\">{\"@context\":\"https:\/\/schema.org\",\"@graph\":[{\"@type\":\"WebPage\",\"@id\":\"https:\/\/jbsy-china.com\/product\/twelve-head-bolt-2\/\",\"url\":\"https:\/\/jbsy-china.com\/product\/twelve-head-bolt-2\/\",\"name\":\"Twelve head bolt - Jingbang Industrial\",\"isPartOf\":{\"@id\":\"https:\/\/jbsy-china.com\/#website\"},\"primaryImageOfPage\":{\"@id\":\"https:\/\/jbsy-china.com\/product\/twelve-head-bolt-2\/#primaryimage\"},\"image\":{\"@id\":\"https:\/\/jbsy-china.com\/product\/twelve-head-bolt-2\/#primaryimage\"},\"thumbnailUrl\":\"https:\/\/jbsy-china.com\/wp-content\/uploads\/2025\/05\/8140f8e2935d58f3b5ae17c237c3043.png\",\"datePublished\":\"2025-05-06T07:29:49+00:00\",\"dateModified\":\"2025-05-09T06:52:13+00:00\",\"breadcrumb\":{\"@id\":\"https:\/\/jbsy-china.com\/product\/twelve-head-bolt-2\/#breadcrumb\"},\"inLanguage\":\"pt-PT\",\"potentialAction\":[{\"@type\":\"ReadAction\",\"target\":[\"https:\/\/jbsy-china.com\/product\/twelve-head-bolt-2\/\"]}]},{\"@type\":\"ImageObject\",\"inLanguage\":\"pt-PT\",\"@id\":\"https:\/\/jbsy-china.com\/product\/twelve-head-bolt-2\/#primaryimage\",\"url\":\"https:\/\/jbsy-china.com\/wp-content\/uploads\/2025\/05\/8140f8e2935d58f3b5ae17c237c3043.png\",\"contentUrl\":\"https:\/\/jbsy-china.com\/wp-content\/uploads\/2025\/05\/8140f8e2935d58f3b5ae17c237c3043.png\",\"width\":800,\"height\":800},{\"@type\":\"BreadcrumbList\",\"@id\":\"https:\/\/jbsy-china.com\/product\/twelve-head-bolt-2\/#breadcrumb\",\"itemListElement\":[{\"@type\":\"ListItem\",\"position\":1,\"name\":\"Home\",\"item\":\"https:\/\/jbsy-china.com\/\"},{\"@type\":\"ListItem\",\"position\":2,\"name\":\"Products\",\"item\":\"https:\/\/jbsy-china.com\/shop\/\"},{\"@type\":\"ListItem\",\"position\":3,\"name\":\"Twelve head bolt\"}]},{\"@type\":\"WebSite\",\"@id\":\"https:\/\/jbsy-china.com\/#website\",\"url\":\"https:\/\/jbsy-china.com\/\",\"name\":\"Jingbang Industrial\",\"description\":\"Hardware and electronics manufacturer\",\"publisher\":{\"@id\":\"https:\/\/jbsy-china.com\/#organization\"},\"potentialAction\":[{\"@type\":\"SearchAction\",\"target\":{\"@type\":\"EntryPoint\",\"urlTemplate\":\"https:\/\/jbsy-china.com\/?s={search_term_string}\"},\"query-input\":{\"@type\":\"PropertyValueSpecification\",\"valueRequired\":true,\"valueName\":\"search_term_string\"}}],\"inLanguage\":\"pt-PT\"},{\"@type\":\"Organization\",\"@id\":\"https:\/\/jbsy-china.com\/#organization\",\"name\":\"Jingbang Industrial\",\"url\":\"https:\/\/jbsy-china.com\/\",\"logo\":{\"@type\":\"ImageObject\",\"inLanguage\":\"pt-PT\",\"@id\":\"https:\/\/jbsy-china.com\/#\/schema\/logo\/image\/\",\"url\":\"https:\/\/jbsy-china.com\/wp-content\/uploads\/2023\/11\/cropped-\u56fe\u5c42-1.png\",\"contentUrl\":\"https:\/\/jbsy-china.com\/wp-content\/uploads\/2023\/11\/cropped-\u56fe\u5c42-1.png\",\"width\":1049,\"height\":739,\"caption\":\"Jingbang Industrial\"},\"image\":{\"@id\":\"https:\/\/jbsy-china.com\/#\/schema\/logo\/image\/\"}}]}<\/script>\n<!-- \/ Yoast SEO Premium plugin. -->","yoast_head_json":{"title":"Twelve head bolt - Jingbang Industrial","robots":{"index":"index","follow":"follow","max-snippet":"max-snippet:-1","max-image-preview":"max-image-preview:large","max-video-preview":"max-video-preview:-1"},"canonical":"https:\/\/jbsy-china.com\/pt\/produto\/twelve-head-bolt-2\/","og_locale":"pt_PT","og_type":"article","og_title":"Twelve head bolt","og_description":"Key Features:   Twelve-Sided Head: Allows for better grip with tools, improving torque application and reducing slipping.  High Torque Resistance: Designed for heavy-duty applications that require strong fastening and resistance to loosening.  Durability: Made from high-strength materials such as carbon steel or stainless steel.  Corrosion-Resistant: Often available with coatings like zinc or black oxide for protection against rust and wear.","og_url":"https:\/\/jbsy-china.com\/pt\/produto\/twelve-head-bolt-2\/","og_site_name":"Jingbang Industrial","article_modified_time":"2025-05-09T06:52:13+00:00","og_image":[{"width":800,"height":800,"url":"http:\/\/jbsy-china.com\/wp-content\/uploads\/2025\/05\/8140f8e2935d58f3b5ae17c237c3043.png","type":"image\/png"}],"twitter_card":"summary_large_image","twitter_misc":{"Tempo estimado de leitura":"1 minuto"},"schema":{"@context":"https:\/\/schema.org","@graph":[{"@type":"WebPage","@id":"https:\/\/jbsy-china.com\/product\/twelve-head-bolt-2\/","url":"https:\/\/jbsy-china.com\/product\/twelve-head-bolt-2\/","name":"Twelve head bolt - Jingbang Industrial","isPartOf":{"@id":"https:\/\/jbsy-china.com\/#website"},"primaryImageOfPage":{"@id":"https:\/\/jbsy-china.com\/product\/twelve-head-bolt-2\/#primaryimage"},"image":{"@id":"https:\/\/jbsy-china.com\/product\/twelve-head-bolt-2\/#primaryimage"},"thumbnailUrl":"https:\/\/jbsy-china.com\/wp-content\/uploads\/2025\/05\/8140f8e2935d58f3b5ae17c237c3043.png","datePublished":"2025-05-06T07:29:49+00:00","dateModified":"2025-05-09T06:52:13+00:00","breadcrumb":{"@id":"https:\/\/jbsy-china.com\/product\/twelve-head-bolt-2\/#breadcrumb"},"inLanguage":"pt-PT","potentialAction":[{"@type":"ReadAction","target":["https:\/\/jbsy-china.com\/product\/twelve-head-bolt-2\/"]}]},{"@type":"ImageObject","inLanguage":"pt-PT","@id":"https:\/\/jbsy-china.com\/product\/twelve-head-bolt-2\/#primaryimage","url":"https:\/\/jbsy-china.com\/wp-content\/uploads\/2025\/05\/8140f8e2935d58f3b5ae17c237c3043.png","contentUrl":"https:\/\/jbsy-china.com\/wp-content\/uploads\/2025\/05\/8140f8e2935d58f3b5ae17c237c3043.png","width":800,"height":800},{"@type":"BreadcrumbList","@id":"https:\/\/jbsy-china.com\/product\/twelve-head-bolt-2\/#breadcrumb","itemListElement":[{"@type":"ListItem","position":1,"name":"Home","item":"https:\/\/jbsy-china.com\/"},{"@type":"ListItem","position":2,"name":"Products","item":"https:\/\/jbsy-china.com\/shop\/"},{"@type":"ListItem","position":3,"name":"Twelve head bolt"}]},{"@type":"WebSite","@id":"https:\/\/jbsy-china.com\/#website","url":"https:\/\/jbsy-china.com\/","name":"Jingbang Industrial","description":"Fabricante de hardware e eletr\u00f3nica","publisher":{"@id":"https:\/\/jbsy-china.com\/#organization"},"potentialAction":[{"@type":"SearchAction","target":{"@type":"EntryPoint","urlTemplate":"https:\/\/jbsy-china.com\/?s={search_term_string}"},"query-input":{"@type":"PropertyValueSpecification","valueRequired":true,"valueName":"search_term_string"}}],"inLanguage":"pt-PT"},{"@type":"Organization","@id":"https:\/\/jbsy-china.com\/#organization","name":"Jingbang Industrial","url":"https:\/\/jbsy-china.com\/","logo":{"@type":"ImageObject","inLanguage":"pt-PT","@id":"https:\/\/jbsy-china.com\/#\/schema\/logo\/image\/","url":"https:\/\/jbsy-china.com\/wp-content\/uploads\/2023\/11\/cropped-\u56fe\u5c42-1.png","contentUrl":"https:\/\/jbsy-china.com\/wp-content\/uploads\/2023\/11\/cropped-\u56fe\u5c42-1.png","width":1049,"height":739,"caption":"Jingbang Industrial"},"image":{"@id":"https:\/\/jbsy-china.com\/#\/schema\/logo\/image\/"}}]}},"_links":{"self":[{"href":"https:\/\/jbsy-china.com\/pt\/wp-json\/wp\/v2\/product\/32935","targetHints":{"allow":["GET"]}}],"collection":[{"href":"https:\/\/jbsy-china.com\/pt\/wp-json\/wp\/v2\/product"}],"about":[{"href":"https:\/\/jbsy-china.com\/pt\/wp-json\/wp\/v2\/types\/product"}],"replies":[{"embeddable":true,"href":"https:\/\/jbsy-china.com\/pt\/wp-json\/wp\/v2\/comments?post=32935"}],"wp:featuredmedia":[{"embeddable":true,"href":"https:\/\/jbsy-china.com\/pt\/wp-json\/wp\/v2\/media\/33019"}],"wp:attachment":[{"href":"https:\/\/jbsy-china.com\/pt\/wp-json\/wp\/v2\/media?parent=32935"}],"wp:term":[{"taxonomy":"product_brand","embeddable":true,"href":"https:\/\/jbsy-china.com\/pt\/wp-json\/wp\/v2\/product_brand?post=32935"},{"taxonomy":"product_cat","embeddable":true,"href":"https:\/\/jbsy-china.com\/pt\/wp-json\/wp\/v2\/product_cat?post=32935"},{"taxonomy":"product_tag","embeddable":true,"href":"https:\/\/jbsy-china.com\/pt\/wp-json\/wp\/v2\/product_tag?post=32935"}],"curies":[{"name":"wp","href":"https:\/\/api.w.org\/{rel}","templated":true}]}}