{"id":32938,"date":"2025-05-06T07:29:49","date_gmt":"2025-05-06T07:29:49","guid":{"rendered":"https:\/\/jbsy-china.com\/?post_type=product&#038;p=32938"},"modified":"2025-05-06T07:31:02","modified_gmt":"2025-05-06T07:31:02","slug":"safety-nut-2","status":"publish","type":"product","link":"https:\/\/jbsy-china.com\/pt\/produto\/safety-nut-2\/","title":{"rendered":"Porca de seguran\u00e7a"},"content":{"rendered":"<p><img fetchpriority=\"high\" decoding=\"async\" class=\"alignnone size-full wp-image-7963\" src=\"https:\/\/jb-bolt.com\/wp-content\/uploads\/2025\/02\/\u4e3b\u63a8-\u9632\u76d7\u87ba\u6bcd_01.jpg\" alt=\"\" width=\"790\" height=\"1330\" \/><img decoding=\"async\" class=\"alignnone size-full wp-image-7964\" src=\"https:\/\/jb-bolt.com\/wp-content\/uploads\/2025\/02\/\u4e3b\u63a8-\u9632\u76d7\u87ba\u6bcd_02.jpg\" alt=\"\" width=\"790\" height=\"930\" \/><img decoding=\"async\" class=\"alignnone size-full wp-image-7965\" src=\"https:\/\/jb-bolt.com\/wp-content\/uploads\/2025\/02\/\u4e3b\u63a8-\u9632\u76d7\u87ba\u6bcd_03.jpg\" alt=\"\" width=\"790\" height=\"1060\" \/><img loading=\"lazy\" decoding=\"async\" class=\"alignnone size-full wp-image-7966\" src=\"https:\/\/jb-bolt.com\/wp-content\/uploads\/2025\/02\/\u4e3b\u63a8-\u9632\u76d7\u87ba\u6bcd_04.jpg\" alt=\"\" width=\"790\" height=\"850\" \/><\/p>\n<p><strong>A fixa\u00e7\u00e3o e abertura de parafusos e porcas adopta um design n\u00e3o normalizado, e a correspond\u00eancia<\/strong><br \/>\n<strong>s\u00e3o utilizadas ferramentas n\u00e3o normalizadas para resolver os problemas de abertura e de fixa\u00e7\u00e3o. Em geral, outras<\/strong><br \/>\n<strong>n\u00e3o podem ser inseridas chaves de bocas. Na conce\u00e7\u00e3o visual das porcas e parafusos, as ranhuras n\u00e3o normalizadas<\/strong><br \/>\n<strong>ferramentas de abertura ou de ranhuras correspondentes pentagonais, heptagonais, de nove cantos ou feitas por medida<\/strong><br \/>\n<strong>t\u00eam um efeito antirroubo muito bom<\/strong><\/p>\n<p><img loading=\"lazy\" decoding=\"async\" class=\"alignnone size-full wp-image-7968\" src=\"https:\/\/jb-bolt.com\/wp-content\/uploads\/2025\/02\/\u4e3b\u63a8-\u9632\u76d7\u87ba\u6bcd_06.jpg\" alt=\"\" width=\"790\" height=\"690\" \/><\/p>\n<p><strong>O processo de encabe\u00e7amento a frio \u00e9 um dos novos processos para a maquinagem sob press\u00e3o com menos ou nenhum corte<\/strong><br \/>\n<strong>metal. \u00c9 um m\u00e9todo de processamento que utiliza a deforma\u00e7\u00e3o pl\u00e1stica do metal sob a a\u00e7\u00e3o de<\/strong><br \/>\n<strong>for\u00e7as externas e, com a ajuda de moldes, redistribui e transfere o volume de metal para formar<\/strong><br \/>\n<strong>as pe\u00e7as ou os espa\u00e7os em branco necess\u00e1rios. O processo de encabe\u00e7amento a frio \u00e9 o mais adequado para a produ\u00e7\u00e3o de<\/strong><br \/>\n<strong>elementos de fixa\u00e7\u00e3o, tais como cavilhas, parafusos, porcas, rebites, cavilhas, etc.<\/strong><\/p>\n<p><img loading=\"lazy\" decoding=\"async\" class=\"alignnone size-full wp-image-7970\" src=\"https:\/\/jb-bolt.com\/wp-content\/uploads\/2025\/02\/\u4e3b\u63a8-\u9632\u76d7\u87ba\u6bcd_08.jpg\" alt=\"\" width=\"790\" height=\"590\" \/><img loading=\"lazy\" decoding=\"async\" class=\"alignnone size-full wp-image-7971\" src=\"https:\/\/jb-bolt.com\/wp-content\/uploads\/2025\/02\/\u4e3b\u63a8-\u9632\u76d7\u87ba\u6bcd_09.jpg\" alt=\"\" width=\"790\" height=\"720\" \/><\/p>\n<p>A\u00a0<strong>seguran\u00e7a <a href=\"https:\/\/jb-bolt.com\/product-category\/safety-nut\/\">noz<\/a><\/strong>\u00a0\u00e9 um tipo de fixador especificamente concebido para resistir ao afrouxamento sob vibra\u00e7\u00e3o, expans\u00e3o t\u00e9rmica ou outras for\u00e7as din\u00e2micas. Garante uma liga\u00e7\u00e3o segura e fi\u00e1vel em aplica\u00e7\u00f5es cr\u00edticas onde a seguran\u00e7a e a estabilidade s\u00e3o fundamentais. Eis uma descri\u00e7\u00e3o pormenorizada:<\/p>\n<hr \/>\n<h3><strong>Carater\u00edsticas principais:<\/strong><\/h3>\n<ol start=\"1\">\n<li><strong>Mecanismo de bloqueio<\/strong>:\n<ul>\n<li>As porcas de seguran\u00e7a incorporam uma carater\u00edstica de bloqueio, como uma inser\u00e7\u00e3o de nylon, roscas deformadas ou uma flange com serrilhas, para evitar um desaperto involunt\u00e1rio.<\/li>\n<\/ul>\n<\/li>\n<li><strong>Material<\/strong>:\n<ul>\n<li>Normalmente fabricados a partir de materiais dur\u00e1veis como o a\u00e7o, o a\u00e7o inoxid\u00e1vel ou o lat\u00e3o, muitas vezes com revestimentos (por exemplo, zincagem) para resist\u00eancia \u00e0 corros\u00e3o.<\/li>\n<\/ul>\n<\/li>\n<li><strong>Tipo de rosca<\/strong>:\n<ul>\n<li>Compat\u00edvel com roscas m\u00e9tricas ou imperiais padr\u00e3o, consoante a aplica\u00e7\u00e3o.<\/li>\n<\/ul>\n<\/li>\n<li><strong>Varia\u00e7\u00f5es de design<\/strong>:\n<ul>\n<li>Dispon\u00edvel em v\u00e1rios modelos, incluindo porcas de bloqueio com inser\u00e7\u00e3o de nylon, porcas de bloqueio superior, porcas de flange e porcas de castelo.<\/li>\n<\/ul>\n<\/li>\n<\/ol>\n<hr \/>\n<h3><strong>Tipos comuns de porcas de seguran\u00e7a:<\/strong><\/h3>\n<ol start=\"1\">\n<li><strong>Porca Nyloc (porca de bloqueio de inser\u00e7\u00e3o de nylon)<\/strong>:\n<ul>\n<li>Inclui um anel de nylon no interior da porca que cria fric\u00e7\u00e3o contra as roscas dos parafusos, evitando o seu afrouxamento.<\/li>\n<\/ul>\n<\/li>\n<li><strong>Porca de bloqueio superior<\/strong>:\n<ul>\n<li>A sec\u00e7\u00e3o superior da porca \u00e9 ligeiramente deformada para criar uma a\u00e7\u00e3o de bloqueio quando apertada.<\/li>\n<\/ul>\n<\/li>\n<li><strong>Porca de flange<\/strong>:\n<ul>\n<li>Possui uma flange larga numa extremidade que distribui a press\u00e3o e proporciona um efeito de bloqueio atrav\u00e9s de serrilhas na flange.<\/li>\n<\/ul>\n<\/li>\n<li><strong>Porca do castelo<\/strong>:\n<ul>\n<li>Inclui ranhuras (castelheiras) para um contrapino ou arame para fixar a porca no lugar, normalmente utilizado em aplica\u00e7\u00f5es autom\u00f3veis e de maquinaria.<\/li>\n<\/ul>\n<\/li>\n<li><strong>Noz de compota<\/strong>:\n<ul>\n<li>Uma porca mais fina utilizada em conjunto com uma porca normal para \"encravar\" e bloquear o conjunto.<\/li>\n<\/ul>\n<\/li>\n<li><strong>Porca Keps (Porca K-Lock)<\/strong>:\n<ul>\n<li>Inclui uma anilha de bloqueio de rota\u00e7\u00e3o livre para maior seguran\u00e7a.<\/li>\n<\/ul>\n<\/li>\n<\/ol>\n<hr \/>\n<h3><strong>Como funciona:<\/strong><\/h3>\n<ul>\n<li>O mecanismo de bloqueio da porca de seguran\u00e7a (por exemplo, inser\u00e7\u00e3o de nylon, roscas deformadas ou serrilhas) cria resist\u00eancia contra for\u00e7as rotacionais, assegurando que a porca permanece firmemente presa mesmo sob vibra\u00e7\u00e3o ou ciclo t\u00e9rmico.<\/li>\n<\/ul>\n<hr \/>\n<h3><strong>Aplica\u00e7\u00f5es:<\/strong><\/h3>\n<ul>\n<li><strong>Autom\u00f3vel<\/strong>: Cubos de rodas, sistemas de suspens\u00e3o e componentes do motor.<\/li>\n<li><strong>Aeroespacial<\/strong>: Fixa\u00e7\u00e3o cr\u00edtica em estruturas de aeronaves.<\/li>\n<li><strong>M\u00e1quinas<\/strong>: Equipamentos pesados e m\u00e1quinas rotativas.<\/li>\n<li><strong>Constru\u00e7\u00e3o<\/strong>: Liga\u00e7\u00f5es estruturais que exigem uma elevada fiabilidade.<\/li>\n<li><strong>Industrial<\/strong>: Sistemas de transporte, bombas e motores.<\/li>\n<\/ul>\n<hr \/>\n<p>&nbsp;<\/p>","protected":false},"excerpt":{"rendered":"<h5 data-start=\"173\" data-end=\"194\"><strong data-start=\"177\" data-end=\"193\">Carater\u00edsticas principais<\/strong>:<\/h5>\n<ul data-start=\"195\" data-end=\"332\">\n<li data-start=\"195\" data-end=\"239\"><strong data-start=\"197\" data-end=\"218\">Mecanismo de bloqueio<\/strong>: Evita o afrouxamento.<\/li>\n<li data-start=\"240\" data-end=\"282\"><strong data-start=\"242\" data-end=\"253\">Duradouro<\/strong>: Fabricado com materiais resistentes.<\/li>\n<li data-start=\"283\" data-end=\"332\"><strong data-start=\"285\" data-end=\"308\">Resistente \u00e0 corros\u00e3o<\/strong>: Revestido para prote\u00e7\u00e3o.<\/li>\n<\/ul>","protected":false},"featured_media":33037,"comment_status":"open","ping_status":"closed","template":"","meta":{"site-sidebar-layout":"default","site-content-layout":"","ast-site-content-layout":"default","site-content-style":"default","site-sidebar-style":"default","ast-global-header-display":"","ast-banner-title-visibility":"","ast-main-header-display":"","ast-hfb-above-header-display":"","ast-hfb-below-header-display":"","ast-hfb-mobile-header-display":"","site-post-title":"","ast-breadcrumbs-content":"","ast-featured-img":"","footer-sml-layout":"","ast-disable-related-posts":"","theme-transparent-header-meta":"","adv-header-id-meta":"","stick-header-meta":"","header-above-stick-meta":"","header-main-stick-meta":"","header-below-stick-meta":"","astra-migrate-meta-layouts":"default","ast-page-background-enabled":"default","ast-page-background-meta":{"desktop":{"background-color":"var(--ast-global-color-4)","background-image":"","background-repeat":"repeat","background-position":"center center","background-size":"auto","background-attachment":"scroll","background-type":"","background-media":"","overlay-type":"","overlay-color":"","overlay-opacity":"","overlay-gradient":""},"tablet":{"background-color":"","background-image":"","background-repeat":"repeat","background-position":"center center","background-size":"auto","background-attachment":"scroll","background-type":"","background-media":"","overlay-type":"","overlay-color":"","overlay-opacity":"","overlay-gradient":""},"mobile":{"background-color":"","background-image":"","background-repeat":"repeat","background-position":"center center","background-size":"auto","background-attachment":"scroll","background-type":"","background-media":"","overlay-type":"","overlay-color":"","overlay-opacity":"","overlay-gradient":""}},"ast-content-background-meta":{"desktop":{"background-color":"var(--ast-global-color-5)","background-image":"","background-repeat":"repeat","background-position":"center center","background-size":"auto","background-attachment":"scroll","background-type":"","background-media":"","overlay-type":"","overlay-color":"","overlay-opacity":"","overlay-gradient":""},"tablet":{"background-color":"var(--ast-global-color-5)","background-image":"","background-repeat":"repeat","background-position":"center center","background-size":"auto","background-attachment":"scroll","background-type":"","background-media":"","overlay-type":"","overlay-color":"","overlay-opacity":"","overlay-gradient":""},"mobile":{"background-color":"var(--ast-global-color-5)","background-image":"","background-repeat":"repeat","background-position":"center center","background-size":"auto","background-attachment":"scroll","background-type":"","background-media":"","overlay-type":"","overlay-color":"","overlay-opacity":"","overlay-gradient":""}},"_themeisle_gutenberg_block_has_review":false,"_ti_tpc_template_sync":false,"_ti_tpc_template_id":""},"product_brand":[],"product_cat":[1265],"product_tag":[1237,1238],"class_list":{"0":"post-32938","1":"product","2":"type-product","3":"status-publish","4":"has-post-thumbnail","6":"product_cat-safety-nut","7":"product_tag-lock-nut","8":"product_tag-self-locking-nut","9":"desktop-align-left","10":"tablet-align-left","11":"mobile-align-left","12":"ast-product-gallery-layout-horizontal-slider","13":"ast-product-tabs-layout-horizontal","14":"ast-qv-on-image","16":"first","17":"instock","18":"shipping-taxable","19":"product-type-simple"},"yoast_head":"<!-- This site is optimized with the Yoast SEO Premium plugin v21.7 (Yoast SEO v25.7) - https:\/\/yoast.com\/wordpress\/plugins\/seo\/ -->\n<title>Safety nut - Jingbang Industrial<\/title>\n<meta name=\"robots\" content=\"index, follow, max-snippet:-1, max-image-preview:large, max-video-preview:-1\" \/>\n<link rel=\"canonical\" href=\"https:\/\/jbsy-china.com\/pt\/produto\/safety-nut-2\/\" \/>\n<meta property=\"og:locale\" content=\"pt_PT\" \/>\n<meta property=\"og:type\" content=\"article\" \/>\n<meta property=\"og:title\" content=\"Safety nut\" \/>\n<meta property=\"og:description\" content=\"Key Features:   Locking Mechanism: Prevents loosening.  Durable: Made from strong materials.  Corrosion-Resistant: Coated for protection.\" \/>\n<meta property=\"og:url\" content=\"https:\/\/jbsy-china.com\/pt\/produto\/safety-nut-2\/\" \/>\n<meta property=\"og:site_name\" content=\"Jingbang Industrial\" \/>\n<meta property=\"article:modified_time\" content=\"2025-05-06T07:31:02+00:00\" \/>\n<meta name=\"twitter:card\" content=\"summary_large_image\" \/>\n<meta name=\"twitter:label1\" content=\"Tempo estimado de leitura\" \/>\n\t<meta name=\"twitter:data1\" content=\"2 minutos\" \/>\n<script type=\"application\/ld+json\" class=\"yoast-schema-graph\">{\"@context\":\"https:\/\/schema.org\",\"@graph\":[{\"@type\":\"WebPage\",\"@id\":\"https:\/\/jbsy-china.com\/product\/safety-nut-2\/\",\"url\":\"https:\/\/jbsy-china.com\/product\/safety-nut-2\/\",\"name\":\"Safety nut - Jingbang Industrial\",\"isPartOf\":{\"@id\":\"https:\/\/jbsy-china.com\/#website\"},\"primaryImageOfPage\":{\"@id\":\"https:\/\/jbsy-china.com\/product\/safety-nut-2\/#primaryimage\"},\"image\":{\"@id\":\"https:\/\/jbsy-china.com\/product\/safety-nut-2\/#primaryimage\"},\"thumbnailUrl\":\"https:\/\/jbsy-china.com\/wp-content\/uploads\/2025\/05\/Security-Nuts.jpg\",\"datePublished\":\"2025-05-06T07:29:49+00:00\",\"dateModified\":\"2025-05-06T07:31:02+00:00\",\"breadcrumb\":{\"@id\":\"https:\/\/jbsy-china.com\/product\/safety-nut-2\/#breadcrumb\"},\"inLanguage\":\"pt-PT\",\"potentialAction\":[{\"@type\":\"ReadAction\",\"target\":[\"https:\/\/jbsy-china.com\/product\/safety-nut-2\/\"]}]},{\"@type\":\"ImageObject\",\"inLanguage\":\"pt-PT\",\"@id\":\"https:\/\/jbsy-china.com\/product\/safety-nut-2\/#primaryimage\",\"url\":\"https:\/\/jbsy-china.com\/wp-content\/uploads\/2025\/05\/Security-Nuts.jpg\",\"contentUrl\":\"https:\/\/jbsy-china.com\/wp-content\/uploads\/2025\/05\/Security-Nuts.jpg\",\"width\":480,\"height\":481},{\"@type\":\"BreadcrumbList\",\"@id\":\"https:\/\/jbsy-china.com\/product\/safety-nut-2\/#breadcrumb\",\"itemListElement\":[{\"@type\":\"ListItem\",\"position\":1,\"name\":\"Home\",\"item\":\"https:\/\/jbsy-china.com\/\"},{\"@type\":\"ListItem\",\"position\":2,\"name\":\"Products\",\"item\":\"https:\/\/jbsy-china.com\/shop\/\"},{\"@type\":\"ListItem\",\"position\":3,\"name\":\"Safety nut\"}]},{\"@type\":\"WebSite\",\"@id\":\"https:\/\/jbsy-china.com\/#website\",\"url\":\"https:\/\/jbsy-china.com\/\",\"name\":\"Jingbang Industrial\",\"description\":\"Hardware and electronics manufacturer\",\"publisher\":{\"@id\":\"https:\/\/jbsy-china.com\/#organization\"},\"potentialAction\":[{\"@type\":\"SearchAction\",\"target\":{\"@type\":\"EntryPoint\",\"urlTemplate\":\"https:\/\/jbsy-china.com\/?s={search_term_string}\"},\"query-input\":{\"@type\":\"PropertyValueSpecification\",\"valueRequired\":true,\"valueName\":\"search_term_string\"}}],\"inLanguage\":\"pt-PT\"},{\"@type\":\"Organization\",\"@id\":\"https:\/\/jbsy-china.com\/#organization\",\"name\":\"Jingbang Industrial\",\"url\":\"https:\/\/jbsy-china.com\/\",\"logo\":{\"@type\":\"ImageObject\",\"inLanguage\":\"pt-PT\",\"@id\":\"https:\/\/jbsy-china.com\/#\/schema\/logo\/image\/\",\"url\":\"https:\/\/jbsy-china.com\/wp-content\/uploads\/2023\/11\/cropped-\u56fe\u5c42-1.png\",\"contentUrl\":\"https:\/\/jbsy-china.com\/wp-content\/uploads\/2023\/11\/cropped-\u56fe\u5c42-1.png\",\"width\":1049,\"height\":739,\"caption\":\"Jingbang Industrial\"},\"image\":{\"@id\":\"https:\/\/jbsy-china.com\/#\/schema\/logo\/image\/\"}}]}<\/script>\n<!-- \/ Yoast SEO Premium plugin. -->","yoast_head_json":{"title":"Safety nut - Jingbang Industrial","robots":{"index":"index","follow":"follow","max-snippet":"max-snippet:-1","max-image-preview":"max-image-preview:large","max-video-preview":"max-video-preview:-1"},"canonical":"https:\/\/jbsy-china.com\/pt\/produto\/safety-nut-2\/","og_locale":"pt_PT","og_type":"article","og_title":"Safety nut","og_description":"Key Features:   Locking Mechanism: Prevents loosening.  Durable: Made from strong materials.  Corrosion-Resistant: Coated for protection.","og_url":"https:\/\/jbsy-china.com\/pt\/produto\/safety-nut-2\/","og_site_name":"Jingbang Industrial","article_modified_time":"2025-05-06T07:31:02+00:00","twitter_card":"summary_large_image","twitter_misc":{"Tempo estimado de leitura":"2 minutos"},"schema":{"@context":"https:\/\/schema.org","@graph":[{"@type":"WebPage","@id":"https:\/\/jbsy-china.com\/product\/safety-nut-2\/","url":"https:\/\/jbsy-china.com\/product\/safety-nut-2\/","name":"Safety nut - Jingbang Industrial","isPartOf":{"@id":"https:\/\/jbsy-china.com\/#website"},"primaryImageOfPage":{"@id":"https:\/\/jbsy-china.com\/product\/safety-nut-2\/#primaryimage"},"image":{"@id":"https:\/\/jbsy-china.com\/product\/safety-nut-2\/#primaryimage"},"thumbnailUrl":"https:\/\/jbsy-china.com\/wp-content\/uploads\/2025\/05\/Security-Nuts.jpg","datePublished":"2025-05-06T07:29:49+00:00","dateModified":"2025-05-06T07:31:02+00:00","breadcrumb":{"@id":"https:\/\/jbsy-china.com\/product\/safety-nut-2\/#breadcrumb"},"inLanguage":"pt-PT","potentialAction":[{"@type":"ReadAction","target":["https:\/\/jbsy-china.com\/product\/safety-nut-2\/"]}]},{"@type":"ImageObject","inLanguage":"pt-PT","@id":"https:\/\/jbsy-china.com\/product\/safety-nut-2\/#primaryimage","url":"https:\/\/jbsy-china.com\/wp-content\/uploads\/2025\/05\/Security-Nuts.jpg","contentUrl":"https:\/\/jbsy-china.com\/wp-content\/uploads\/2025\/05\/Security-Nuts.jpg","width":480,"height":481},{"@type":"BreadcrumbList","@id":"https:\/\/jbsy-china.com\/product\/safety-nut-2\/#breadcrumb","itemListElement":[{"@type":"ListItem","position":1,"name":"Home","item":"https:\/\/jbsy-china.com\/"},{"@type":"ListItem","position":2,"name":"Products","item":"https:\/\/jbsy-china.com\/shop\/"},{"@type":"ListItem","position":3,"name":"Safety nut"}]},{"@type":"WebSite","@id":"https:\/\/jbsy-china.com\/#website","url":"https:\/\/jbsy-china.com\/","name":"Jingbang Industrial","description":"Fabricante de hardware e eletr\u00f3nica","publisher":{"@id":"https:\/\/jbsy-china.com\/#organization"},"potentialAction":[{"@type":"SearchAction","target":{"@type":"EntryPoint","urlTemplate":"https:\/\/jbsy-china.com\/?s={search_term_string}"},"query-input":{"@type":"PropertyValueSpecification","valueRequired":true,"valueName":"search_term_string"}}],"inLanguage":"pt-PT"},{"@type":"Organization","@id":"https:\/\/jbsy-china.com\/#organization","name":"Jingbang Industrial","url":"https:\/\/jbsy-china.com\/","logo":{"@type":"ImageObject","inLanguage":"pt-PT","@id":"https:\/\/jbsy-china.com\/#\/schema\/logo\/image\/","url":"https:\/\/jbsy-china.com\/wp-content\/uploads\/2023\/11\/cropped-\u56fe\u5c42-1.png","contentUrl":"https:\/\/jbsy-china.com\/wp-content\/uploads\/2023\/11\/cropped-\u56fe\u5c42-1.png","width":1049,"height":739,"caption":"Jingbang Industrial"},"image":{"@id":"https:\/\/jbsy-china.com\/#\/schema\/logo\/image\/"}}]}},"_links":{"self":[{"href":"https:\/\/jbsy-china.com\/pt\/wp-json\/wp\/v2\/product\/32938","targetHints":{"allow":["GET"]}}],"collection":[{"href":"https:\/\/jbsy-china.com\/pt\/wp-json\/wp\/v2\/product"}],"about":[{"href":"https:\/\/jbsy-china.com\/pt\/wp-json\/wp\/v2\/types\/product"}],"replies":[{"embeddable":true,"href":"https:\/\/jbsy-china.com\/pt\/wp-json\/wp\/v2\/comments?post=32938"}],"wp:featuredmedia":[{"embeddable":true,"href":"https:\/\/jbsy-china.com\/pt\/wp-json\/wp\/v2\/media\/33037"}],"wp:attachment":[{"href":"https:\/\/jbsy-china.com\/pt\/wp-json\/wp\/v2\/media?parent=32938"}],"wp:term":[{"taxonomy":"product_brand","embeddable":true,"href":"https:\/\/jbsy-china.com\/pt\/wp-json\/wp\/v2\/product_brand?post=32938"},{"taxonomy":"product_cat","embeddable":true,"href":"https:\/\/jbsy-china.com\/pt\/wp-json\/wp\/v2\/product_cat?post=32938"},{"taxonomy":"product_tag","embeddable":true,"href":"https:\/\/jbsy-china.com\/pt\/wp-json\/wp\/v2\/product_tag?post=32938"}],"curies":[{"name":"wp","href":"https:\/\/api.w.org\/{rel}","templated":true}]}}