{"id":33097,"date":"2025-05-06T07:32:15","date_gmt":"2025-05-06T07:32:15","guid":{"rendered":"https:\/\/jbsy-china.com\/?post_type=product&#038;p=33097"},"modified":"2025-08-05T07:29:16","modified_gmt":"2025-08-05T07:29:16","slug":"triangular-groove-safety-bolt","status":"publish","type":"product","link":"https:\/\/jbsy-china.com\/pt\/produto\/triangular-groove-safety-bolt\/","title":{"rendered":"Cavilha de seguran\u00e7a com ranhura triangular"},"content":{"rendered":"<p><img fetchpriority=\"high\" decoding=\"async\" class=\"alignnone size-full wp-image-7978\" src=\"http:\/\/jb-bolt.com\/wp-content\/uploads\/2025\/02\/\u51b7\u9566\u8be6\u60c5\u9875_01.jpg\" alt=\"\" width=\"790\" height=\"329\" \/> <img decoding=\"async\" class=\"alignnone size-full wp-image-7979\" src=\"http:\/\/jb-bolt.com\/wp-content\/uploads\/2025\/02\/\u51b7\u9566\u8be6\u60c5\u9875_02.jpg\" alt=\"\" width=\"790\" height=\"981\" \/> <img decoding=\"async\" class=\"alignnone size-full wp-image-7980\" src=\"http:\/\/jb-bolt.com\/wp-content\/uploads\/2025\/02\/\u51b7\u9566\u8be6\u60c5\u9875_03.jpg\" alt=\"\" width=\"790\" height=\"740\" \/> <img loading=\"lazy\" decoding=\"async\" class=\"alignnone size-full wp-image-7981\" src=\"http:\/\/jb-bolt.com\/wp-content\/uploads\/2025\/02\/\u51b7\u9566\u8be6\u60c5\u9875_04.jpg\" alt=\"\" width=\"790\" height=\"739\" \/> <img loading=\"lazy\" decoding=\"async\" class=\"alignnone size-full wp-image-7983\" src=\"http:\/\/jb-bolt.com\/wp-content\/uploads\/2025\/02\/\u51b7\u9566\u8be6\u60c5\u9875_05_01.jpg\" alt=\"\" width=\"790\" height=\"677\" \/><\/p>\n<p><strong>O processo de encabe\u00e7amento a frio \u00e9 um dos novos processos para a maquinagem sob press\u00e3o com menos ou nenhum corte<\/strong><br \/>\n<strong>metal. \u00c9 um m\u00e9todo de processamento que utiliza a deforma\u00e7\u00e3o pl\u00e1stica do metal sob a a\u00e7\u00e3o de<\/strong><br \/>\n<strong>for\u00e7as externas e, com a ajuda de moldes, redistribui e transfere o volume de metal para formar<\/strong><br \/>\n<strong>as pe\u00e7as ou os espa\u00e7os em branco necess\u00e1rios. O processo de encabe\u00e7amento a frio \u00e9 o mais adequado para a produ\u00e7\u00e3o de<\/strong><br \/>\n<strong>elementos de fixa\u00e7\u00e3o, tais como cavilhas, parafusos, porcas, rebites, cavilhas, etc.<\/strong><\/p>\n<p><img loading=\"lazy\" decoding=\"async\" class=\"alignnone size-full wp-image-7985\" src=\"http:\/\/jb-bolt.com\/wp-content\/uploads\/2025\/02\/\u51b7\u9566\u8be6\u60c5\u9875_05_03.jpg\" alt=\"\" width=\"790\" height=\"603\" \/> <img loading=\"lazy\" decoding=\"async\" class=\"alignnone size-full wp-image-7986\" src=\"http:\/\/jb-bolt.com\/wp-content\/uploads\/2025\/02\/\u51b7\u9566\u8be6\u60c5\u9875_06.jpg\" alt=\"\" width=\"790\" height=\"742\" \/><\/p>\n<p class=\"ds-markdown-paragraph\">A\u00a0<strong>ranhura triangular <a href=\"https:\/\/jbsy-china.com\/pt\/safety-bolt\/\">cavilha de seguran\u00e7a<\/a><\/strong>\u00a0\u00e9 um fixador especializado concebido para proporcionar maior seguran\u00e7a e resist\u00eancia \u00e0 manipula\u00e7\u00e3o. Apresenta uma ranhura \u00fanica de forma triangular na cabe\u00e7a do parafuso, exigindo uma broca de acionamento triangular correspondente para instala\u00e7\u00e3o e remo\u00e7\u00e3o. Este design ajuda a evitar o acesso n\u00e3o autorizado ou a adultera\u00e7\u00e3o utilizando ferramentas normais como chaves de fendas de cabe\u00e7a chata ou Phillips.<\/p>\n<h5><strong>Carater\u00edsticas principais:<\/strong><\/h5>\n<ol start=\"1\">\n<li>\n<p class=\"ds-markdown-paragraph\"><strong>Cabe\u00e7a de ranhura triangular<\/strong>\u00a0- O parafuso tem uma reentr\u00e2ncia triangular rebaixada, o que torna dif\u00edcil a sua remo\u00e7\u00e3o sem a ferramenta correta.<\/p>\n<\/li>\n<li>\n<p class=\"ds-markdown-paragraph\"><strong>Resistente \u00e0 viola\u00e7\u00e3o<\/strong>\u00a0- Ao contr\u00e1rio dos parafusos convencionais, n\u00e3o pode ser facilmente desapertado com ferramentas comuns, o que aumenta a seguran\u00e7a.<\/p>\n<\/li>\n<li>\n<p class=\"ds-markdown-paragraph\"><strong>Material dur\u00e1vel<\/strong>\u00a0- Frequentemente fabricados em a\u00e7o endurecido, a\u00e7o inoxid\u00e1vel ou outros materiais robustos para maior resist\u00eancia e resist\u00eancia \u00e0 corros\u00e3o.<\/p>\n<\/li>\n<li>\n<p class=\"ds-markdown-paragraph\"><strong>Aplica\u00e7\u00f5es<\/strong>\u00a0- Utilizado em ambientes de alta seguran\u00e7a, como infra-estruturas p\u00fablicas, eletr\u00f3nica, maquinaria e sistemas de transporte, onde \u00e9 necess\u00e1rio impedir a manipula\u00e7\u00e3o.<\/p>\n<\/li>\n<\/ol>\n<h5><strong>Vantagens:<\/strong><\/h5>\n<ul>\n<li>\n<p class=\"ds-markdown-paragraph\"><strong>Seguran\u00e7a refor\u00e7ada<\/strong>\u00a0- Det\u00e9m a adultera\u00e7\u00e3o casual e o vandalismo.<\/p>\n<\/li>\n<li>\n<p class=\"ds-markdown-paragraph\"><strong>Acesso Controlado<\/strong>\u00a0- Apenas pessoas com a chave triangular correta podem remover o parafuso.<\/p>\n<\/li>\n<li>\n<p class=\"ds-markdown-paragraph\"><strong>Utiliza\u00e7\u00e3o alargada<\/strong>\u00a0- Adequado para ind\u00fastrias que requerem uma fixa\u00e7\u00e3o segura, incluindo a ind\u00fastria aeroespacial, autom\u00f3vel e eletr\u00f3nica.<\/p>\n<\/li>\n<\/ul>\n<h5><strong>Utiliza\u00e7\u00f5es comuns:<\/strong><\/h5>\n<ul>\n<li>\n<p class=\"ds-markdown-paragraph\"><strong>Instala\u00e7\u00f5es p\u00fablicas<\/strong>\u00a0(por exemplo, divis\u00f3rias de casas de banho, sinais de tr\u00e2nsito)<\/p>\n<\/li>\n<li>\n<p class=\"ds-markdown-paragraph\"><strong>Caixas para eletr\u00f3nica<\/strong>\u00a0(por exemplo, m\u00e1quinas de jogo, quiosques)<\/p>\n<\/li>\n<li>\n<p class=\"ds-markdown-paragraph\"><strong>M\u00e1quinas industriais<\/strong>\u00a0(por exemplo, protec\u00e7\u00f5es de seguran\u00e7a, pain\u00e9is de acesso)<\/p>\n<\/li>\n<\/ul>\n<h5><strong>Instala\u00e7\u00e3o e remo\u00e7\u00e3o:<\/strong><\/h5>\n<ul>\n<li>\n<p class=\"ds-markdown-paragraph\">Requer um\u00a0<strong>ponta de chave de fendas triangular<\/strong>\u00a0ou\u00a0<strong>bit de seguran\u00e7a definido<\/strong>.<\/p>\n<\/li>\n<li>\n<p class=\"ds-markdown-paragraph\">Algumas vers\u00f5es podem ter carater\u00edsticas de seguran\u00e7a adicionais, como variantes de pino no centro, para uma resist\u00eancia ainda maior.<\/p>\n<\/li>\n<\/ul>\n<p class=\"ds-markdown-paragraph\">Este tipo de parafuso \u00e9 ideal para aplica\u00e7\u00f5es em que os fixadores normais podem representar um risco de seguran\u00e7a. Gostaria de obter pormenores sobre fornecedores ou dicas de instala\u00e7\u00e3o?<\/p>","protected":false},"excerpt":{"rendered":"<h6><strong>Carater\u00edsticas principais:<\/strong><\/h6>\n<ul>\n<li class=\"ds-markdown-paragraph\"><strong>Cabe\u00e7a de ranhura triangular<\/strong>\u00a0- O parafuso tem uma reentr\u00e2ncia triangular rebaixada, o que torna dif\u00edcil a sua remo\u00e7\u00e3o sem a ferramenta correta.<\/li>\n<li class=\"ds-markdown-paragraph\"><strong>Resistente \u00e0 viola\u00e7\u00e3o<\/strong>\u00a0- Ao contr\u00e1rio dos parafusos convencionais, n\u00e3o pode ser facilmente desapertado com ferramentas comuns, o que aumenta a seguran\u00e7a.<\/li>\n<li class=\"ds-markdown-paragraph\"><strong>Material dur\u00e1vel<\/strong>\u00a0- Frequentemente fabricados em a\u00e7o endurecido, a\u00e7o inoxid\u00e1vel ou outros materiais robustos para maior resist\u00eancia e resist\u00eancia \u00e0 corros\u00e3o.<\/li>\n<\/ul>","protected":false},"featured_media":33122,"comment_status":"closed","ping_status":"closed","template":"","meta":{"site-sidebar-layout":"default","site-content-layout":"","ast-site-content-layout":"default","site-content-style":"default","site-sidebar-style":"default","ast-global-header-display":"","ast-banner-title-visibility":"","ast-main-header-display":"","ast-hfb-above-header-display":"","ast-hfb-below-header-display":"","ast-hfb-mobile-header-display":"","site-post-title":"","ast-breadcrumbs-content":"","ast-featured-img":"","footer-sml-layout":"","ast-disable-related-posts":"","theme-transparent-header-meta":"default","adv-header-id-meta":"","stick-header-meta":"default","header-above-stick-meta":"","header-main-stick-meta":"","header-below-stick-meta":"","astra-migrate-meta-layouts":"set","ast-page-background-enabled":"default","ast-page-background-meta":{"desktop":{"background-color":"var(--ast-global-color-4)","background-image":"","background-repeat":"repeat","background-position":"center center","background-size":"auto","background-attachment":"scroll","background-type":"","background-media":"","overlay-type":"","overlay-color":"","overlay-opacity":"","overlay-gradient":""},"tablet":{"background-color":"","background-image":"","background-repeat":"repeat","background-position":"center center","background-size":"auto","background-attachment":"scroll","background-type":"","background-media":"","overlay-type":"","overlay-color":"","overlay-opacity":"","overlay-gradient":""},"mobile":{"background-color":"","background-image":"","background-repeat":"repeat","background-position":"center center","background-size":"auto","background-attachment":"scroll","background-type":"","background-media":"","overlay-type":"","overlay-color":"","overlay-opacity":"","overlay-gradient":""}},"ast-content-background-meta":{"desktop":{"background-color":"var(--ast-global-color-5)","background-image":"","background-repeat":"repeat","background-position":"center center","background-size":"auto","background-attachment":"scroll","background-type":"","background-media":"","overlay-type":"","overlay-color":"","overlay-opacity":"","overlay-gradient":""},"tablet":{"background-color":"var(--ast-global-color-5)","background-image":"","background-repeat":"repeat","background-position":"center center","background-size":"auto","background-attachment":"scroll","background-type":"","background-media":"","overlay-type":"","overlay-color":"","overlay-opacity":"","overlay-gradient":""},"mobile":{"background-color":"var(--ast-global-color-5)","background-image":"","background-repeat":"repeat","background-position":"center center","background-size":"auto","background-attachment":"scroll","background-type":"","background-media":"","overlay-type":"","overlay-color":"","overlay-opacity":"","overlay-gradient":""}},"_themeisle_gutenberg_block_has_review":false,"_ti_tpc_template_sync":false,"_ti_tpc_template_id":""},"product_brand":[],"product_cat":[1268],"product_tag":[],"class_list":{"0":"post-33097","1":"product","2":"type-product","3":"status-publish","4":"has-post-thumbnail","6":"product_cat-safety-bolt","7":"desktop-align-left","8":"tablet-align-left","9":"mobile-align-left","10":"ast-product-gallery-layout-horizontal-slider","11":"ast-product-tabs-layout-horizontal","12":"ast-qv-on-image","14":"first","15":"instock","16":"shipping-taxable","17":"product-type-simple"},"yoast_head":"<!-- This site is optimized with the Yoast SEO Premium plugin v21.7 (Yoast SEO v25.7) - https:\/\/yoast.com\/wordpress\/plugins\/seo\/ -->\n<title>Triangular groove safety bolt - Jingbang Industrial<\/title>\n<meta name=\"description\" content=\"The Triangular groove safety bolt is a specialized fastener designed to provide enhanced security and tamper resistance to prevent unauthorized tampering.\" \/>\n<meta name=\"robots\" content=\"index, follow, max-snippet:-1, max-image-preview:large, max-video-preview:-1\" \/>\n<link rel=\"canonical\" href=\"https:\/\/jbsy-china.com\/pt\/produto\/triangular-groove-safety-bolt\/\" \/>\n<meta property=\"og:locale\" content=\"pt_PT\" \/>\n<meta property=\"og:type\" content=\"article\" \/>\n<meta property=\"og:title\" content=\"Triangular groove safety bolt\" \/>\n<meta property=\"og:description\" content=\"The Triangular groove safety bolt is a specialized fastener designed to provide enhanced security and tamper resistance to prevent unauthorized tampering.\" \/>\n<meta property=\"og:url\" content=\"https:\/\/jbsy-china.com\/pt\/produto\/triangular-groove-safety-bolt\/\" \/>\n<meta property=\"og:site_name\" content=\"Jingbang Industrial\" \/>\n<meta property=\"article:modified_time\" content=\"2025-08-05T07:29:16+00:00\" \/>\n<meta property=\"og:image\" content=\"http:\/\/jbsy-china.com\/wp-content\/uploads\/2025\/05\/\u4e09\u89d2\u69fd\u9632\u76d7\u87ba\u6813.jpg\" \/>\n\t<meta property=\"og:image:width\" content=\"900\" \/>\n\t<meta property=\"og:image:height\" content=\"900\" \/>\n\t<meta property=\"og:image:type\" content=\"image\/jpeg\" \/>\n<meta name=\"twitter:card\" content=\"summary_large_image\" \/>\n<meta name=\"twitter:label1\" content=\"Tempo estimado de leitura\" \/>\n\t<meta name=\"twitter:data1\" content=\"3 minutos\" \/>\n<script type=\"application\/ld+json\" class=\"yoast-schema-graph\">{\"@context\":\"https:\/\/schema.org\",\"@graph\":[{\"@type\":\"WebPage\",\"@id\":\"https:\/\/jbsy-china.com\/product\/triangular-groove-safety-bolt\/\",\"url\":\"https:\/\/jbsy-china.com\/product\/triangular-groove-safety-bolt\/\",\"name\":\"Triangular groove safety bolt - Jingbang Industrial\",\"isPartOf\":{\"@id\":\"https:\/\/jbsy-china.com\/#website\"},\"primaryImageOfPage\":{\"@id\":\"https:\/\/jbsy-china.com\/product\/triangular-groove-safety-bolt\/#primaryimage\"},\"image\":{\"@id\":\"https:\/\/jbsy-china.com\/product\/triangular-groove-safety-bolt\/#primaryimage\"},\"thumbnailUrl\":\"https:\/\/jbsy-china.com\/wp-content\/uploads\/2025\/05\/\u4e09\u89d2\u69fd\u9632\u76d7\u87ba\u6813.jpg\",\"datePublished\":\"2025-05-06T07:32:15+00:00\",\"dateModified\":\"2025-08-05T07:29:16+00:00\",\"description\":\"The Triangular groove safety bolt is a specialized fastener designed to provide enhanced security and tamper resistance to prevent unauthorized tampering.\",\"breadcrumb\":{\"@id\":\"https:\/\/jbsy-china.com\/product\/triangular-groove-safety-bolt\/#breadcrumb\"},\"inLanguage\":\"pt-PT\",\"potentialAction\":[{\"@type\":\"ReadAction\",\"target\":[\"https:\/\/jbsy-china.com\/product\/triangular-groove-safety-bolt\/\"]}]},{\"@type\":\"ImageObject\",\"inLanguage\":\"pt-PT\",\"@id\":\"https:\/\/jbsy-china.com\/product\/triangular-groove-safety-bolt\/#primaryimage\",\"url\":\"https:\/\/jbsy-china.com\/wp-content\/uploads\/2025\/05\/\u4e09\u89d2\u69fd\u9632\u76d7\u87ba\u6813.jpg\",\"contentUrl\":\"https:\/\/jbsy-china.com\/wp-content\/uploads\/2025\/05\/\u4e09\u89d2\u69fd\u9632\u76d7\u87ba\u6813.jpg\",\"width\":900,\"height\":900},{\"@type\":\"BreadcrumbList\",\"@id\":\"https:\/\/jbsy-china.com\/product\/triangular-groove-safety-bolt\/#breadcrumb\",\"itemListElement\":[{\"@type\":\"ListItem\",\"position\":1,\"name\":\"Home\",\"item\":\"https:\/\/jbsy-china.com\/\"},{\"@type\":\"ListItem\",\"position\":2,\"name\":\"Products\",\"item\":\"https:\/\/jbsy-china.com\/shop\/\"},{\"@type\":\"ListItem\",\"position\":3,\"name\":\"Triangular groove safety bolt\"}]},{\"@type\":\"WebSite\",\"@id\":\"https:\/\/jbsy-china.com\/#website\",\"url\":\"https:\/\/jbsy-china.com\/\",\"name\":\"Jingbang Industrial\",\"description\":\"Hardware and electronics manufacturer\",\"publisher\":{\"@id\":\"https:\/\/jbsy-china.com\/#organization\"},\"potentialAction\":[{\"@type\":\"SearchAction\",\"target\":{\"@type\":\"EntryPoint\",\"urlTemplate\":\"https:\/\/jbsy-china.com\/?s={search_term_string}\"},\"query-input\":{\"@type\":\"PropertyValueSpecification\",\"valueRequired\":true,\"valueName\":\"search_term_string\"}}],\"inLanguage\":\"pt-PT\"},{\"@type\":\"Organization\",\"@id\":\"https:\/\/jbsy-china.com\/#organization\",\"name\":\"Jingbang Industrial\",\"url\":\"https:\/\/jbsy-china.com\/\",\"logo\":{\"@type\":\"ImageObject\",\"inLanguage\":\"pt-PT\",\"@id\":\"https:\/\/jbsy-china.com\/#\/schema\/logo\/image\/\",\"url\":\"https:\/\/jbsy-china.com\/wp-content\/uploads\/2023\/11\/cropped-\u56fe\u5c42-1.png\",\"contentUrl\":\"https:\/\/jbsy-china.com\/wp-content\/uploads\/2023\/11\/cropped-\u56fe\u5c42-1.png\",\"width\":1049,\"height\":739,\"caption\":\"Jingbang Industrial\"},\"image\":{\"@id\":\"https:\/\/jbsy-china.com\/#\/schema\/logo\/image\/\"}}]}<\/script>\n<!-- \/ Yoast SEO Premium plugin. -->","yoast_head_json":{"title":"Triangular groove safety bolt - Jingbang Industrial","description":"The Triangular groove safety bolt is a specialized fastener designed to provide enhanced security and tamper resistance to prevent unauthorized tampering.","robots":{"index":"index","follow":"follow","max-snippet":"max-snippet:-1","max-image-preview":"max-image-preview:large","max-video-preview":"max-video-preview:-1"},"canonical":"https:\/\/jbsy-china.com\/pt\/produto\/triangular-groove-safety-bolt\/","og_locale":"pt_PT","og_type":"article","og_title":"Triangular groove safety bolt","og_description":"The Triangular groove safety bolt is a specialized fastener designed to provide enhanced security and tamper resistance to prevent unauthorized tampering.","og_url":"https:\/\/jbsy-china.com\/pt\/produto\/triangular-groove-safety-bolt\/","og_site_name":"Jingbang Industrial","article_modified_time":"2025-08-05T07:29:16+00:00","og_image":[{"width":900,"height":900,"url":"http:\/\/jbsy-china.com\/wp-content\/uploads\/2025\/05\/\u4e09\u89d2\u69fd\u9632\u76d7\u87ba\u6813.jpg","type":"image\/jpeg"}],"twitter_card":"summary_large_image","twitter_misc":{"Tempo estimado de leitura":"3 minutos"},"schema":{"@context":"https:\/\/schema.org","@graph":[{"@type":"WebPage","@id":"https:\/\/jbsy-china.com\/product\/triangular-groove-safety-bolt\/","url":"https:\/\/jbsy-china.com\/product\/triangular-groove-safety-bolt\/","name":"Triangular groove safety bolt - Jingbang Industrial","isPartOf":{"@id":"https:\/\/jbsy-china.com\/#website"},"primaryImageOfPage":{"@id":"https:\/\/jbsy-china.com\/product\/triangular-groove-safety-bolt\/#primaryimage"},"image":{"@id":"https:\/\/jbsy-china.com\/product\/triangular-groove-safety-bolt\/#primaryimage"},"thumbnailUrl":"https:\/\/jbsy-china.com\/wp-content\/uploads\/2025\/05\/\u4e09\u89d2\u69fd\u9632\u76d7\u87ba\u6813.jpg","datePublished":"2025-05-06T07:32:15+00:00","dateModified":"2025-08-05T07:29:16+00:00","description":"The Triangular groove safety bolt is a specialized fastener designed to provide enhanced security and tamper resistance to prevent unauthorized tampering.","breadcrumb":{"@id":"https:\/\/jbsy-china.com\/product\/triangular-groove-safety-bolt\/#breadcrumb"},"inLanguage":"pt-PT","potentialAction":[{"@type":"ReadAction","target":["https:\/\/jbsy-china.com\/product\/triangular-groove-safety-bolt\/"]}]},{"@type":"ImageObject","inLanguage":"pt-PT","@id":"https:\/\/jbsy-china.com\/product\/triangular-groove-safety-bolt\/#primaryimage","url":"https:\/\/jbsy-china.com\/wp-content\/uploads\/2025\/05\/\u4e09\u89d2\u69fd\u9632\u76d7\u87ba\u6813.jpg","contentUrl":"https:\/\/jbsy-china.com\/wp-content\/uploads\/2025\/05\/\u4e09\u89d2\u69fd\u9632\u76d7\u87ba\u6813.jpg","width":900,"height":900},{"@type":"BreadcrumbList","@id":"https:\/\/jbsy-china.com\/product\/triangular-groove-safety-bolt\/#breadcrumb","itemListElement":[{"@type":"ListItem","position":1,"name":"Home","item":"https:\/\/jbsy-china.com\/"},{"@type":"ListItem","position":2,"name":"Products","item":"https:\/\/jbsy-china.com\/shop\/"},{"@type":"ListItem","position":3,"name":"Triangular groove safety bolt"}]},{"@type":"WebSite","@id":"https:\/\/jbsy-china.com\/#website","url":"https:\/\/jbsy-china.com\/","name":"Jingbang Industrial","description":"Fabricante de hardware e eletr\u00f3nica","publisher":{"@id":"https:\/\/jbsy-china.com\/#organization"},"potentialAction":[{"@type":"SearchAction","target":{"@type":"EntryPoint","urlTemplate":"https:\/\/jbsy-china.com\/?s={search_term_string}"},"query-input":{"@type":"PropertyValueSpecification","valueRequired":true,"valueName":"search_term_string"}}],"inLanguage":"pt-PT"},{"@type":"Organization","@id":"https:\/\/jbsy-china.com\/#organization","name":"Jingbang Industrial","url":"https:\/\/jbsy-china.com\/","logo":{"@type":"ImageObject","inLanguage":"pt-PT","@id":"https:\/\/jbsy-china.com\/#\/schema\/logo\/image\/","url":"https:\/\/jbsy-china.com\/wp-content\/uploads\/2023\/11\/cropped-\u56fe\u5c42-1.png","contentUrl":"https:\/\/jbsy-china.com\/wp-content\/uploads\/2023\/11\/cropped-\u56fe\u5c42-1.png","width":1049,"height":739,"caption":"Jingbang Industrial"},"image":{"@id":"https:\/\/jbsy-china.com\/#\/schema\/logo\/image\/"}}]}},"_links":{"self":[{"href":"https:\/\/jbsy-china.com\/pt\/wp-json\/wp\/v2\/product\/33097","targetHints":{"allow":["GET"]}}],"collection":[{"href":"https:\/\/jbsy-china.com\/pt\/wp-json\/wp\/v2\/product"}],"about":[{"href":"https:\/\/jbsy-china.com\/pt\/wp-json\/wp\/v2\/types\/product"}],"replies":[{"embeddable":true,"href":"https:\/\/jbsy-china.com\/pt\/wp-json\/wp\/v2\/comments?post=33097"}],"wp:featuredmedia":[{"embeddable":true,"href":"https:\/\/jbsy-china.com\/pt\/wp-json\/wp\/v2\/media\/33122"}],"wp:attachment":[{"href":"https:\/\/jbsy-china.com\/pt\/wp-json\/wp\/v2\/media?parent=33097"}],"wp:term":[{"taxonomy":"product_brand","embeddable":true,"href":"https:\/\/jbsy-china.com\/pt\/wp-json\/wp\/v2\/product_brand?post=33097"},{"taxonomy":"product_cat","embeddable":true,"href":"https:\/\/jbsy-china.com\/pt\/wp-json\/wp\/v2\/product_cat?post=33097"},{"taxonomy":"product_tag","embeddable":true,"href":"https:\/\/jbsy-china.com\/pt\/wp-json\/wp\/v2\/product_tag?post=33097"}],"curies":[{"name":"wp","href":"https:\/\/api.w.org\/{rel}","templated":true}]}}