{"id":33098,"date":"2025-05-06T07:32:15","date_gmt":"2025-05-06T07:32:15","guid":{"rendered":"https:\/\/jbsy-china.com\/?post_type=product&#038;p=33098"},"modified":"2025-08-05T07:49:28","modified_gmt":"2025-08-05T07:49:28","slug":"square-slot-with-column","status":"publish","type":"product","link":"https:\/\/jbsy-china.com\/pt\/produto\/square-slot-with-column\/","title":{"rendered":"Ranhura quadrada com coluna"},"content":{"rendered":"<p><img fetchpriority=\"high\" decoding=\"async\" class=\"alignnone size-full wp-image-7978\" src=\"http:\/\/jb-bolt.com\/wp-content\/uploads\/2025\/02\/\u51b7\u9566\u8be6\u60c5\u9875_01.jpg\" alt=\"\" width=\"790\" height=\"329\" \/> <img decoding=\"async\" class=\"alignnone size-full wp-image-7979\" src=\"http:\/\/jb-bolt.com\/wp-content\/uploads\/2025\/02\/\u51b7\u9566\u8be6\u60c5\u9875_02.jpg\" alt=\"\" width=\"790\" height=\"981\" \/> <img decoding=\"async\" class=\"alignnone size-full wp-image-7980\" src=\"http:\/\/jb-bolt.com\/wp-content\/uploads\/2025\/02\/\u51b7\u9566\u8be6\u60c5\u9875_03.jpg\" alt=\"\" width=\"790\" height=\"740\" \/> <img loading=\"lazy\" decoding=\"async\" class=\"alignnone size-full wp-image-7981\" src=\"http:\/\/jb-bolt.com\/wp-content\/uploads\/2025\/02\/\u51b7\u9566\u8be6\u60c5\u9875_04.jpg\" alt=\"\" width=\"790\" height=\"739\" \/> <img loading=\"lazy\" decoding=\"async\" class=\"alignnone size-full wp-image-7983\" src=\"http:\/\/jb-bolt.com\/wp-content\/uploads\/2025\/02\/\u51b7\u9566\u8be6\u60c5\u9875_05_01.jpg\" alt=\"\" width=\"790\" height=\"677\" \/><\/p>\n<p><strong>O processo de encabe\u00e7amento a frio \u00e9 um dos novos processos para a maquinagem sob press\u00e3o com menos ou nenhum corte<\/strong><br \/>\n<strong>metal. \u00c9 um m\u00e9todo de processamento que utiliza a deforma\u00e7\u00e3o pl\u00e1stica do metal sob a a\u00e7\u00e3o de<\/strong><br \/>\n<strong>for\u00e7as externas e, com a ajuda de moldes, redistribui e transfere o volume de metal para formar<\/strong><br \/>\n<strong>as pe\u00e7as ou os espa\u00e7os em branco necess\u00e1rios. O processo de encabe\u00e7amento a frio \u00e9 o mais adequado para a produ\u00e7\u00e3o de<\/strong><br \/>\n<strong>elementos de fixa\u00e7\u00e3o, tais como cavilhas, parafusos, porcas, rebites, cavilhas, etc.<\/strong><\/p>\n<p><img loading=\"lazy\" decoding=\"async\" class=\"alignnone size-full wp-image-7985\" src=\"http:\/\/jb-bolt.com\/wp-content\/uploads\/2025\/02\/\u51b7\u9566\u8be6\u60c5\u9875_05_03.jpg\" alt=\"\" width=\"790\" height=\"603\" \/> <img loading=\"lazy\" decoding=\"async\" class=\"alignnone size-full wp-image-7986\" src=\"http:\/\/jb-bolt.com\/wp-content\/uploads\/2025\/02\/\u51b7\u9566\u8be6\u60c5\u9875_06.jpg\" alt=\"\" width=\"790\" height=\"742\" \/><\/p>\n<p class=\"ds-markdown-paragraph\">A\u00a0<strong>coluna com um <a href=\"https:\/\/jbsy-china.com\/pt\/safety-bolt\/\">ranhura quadrada<\/a><\/strong>\u00a0\u00e9 um elemento estrutural que apresenta um canal ou recesso longitudinal (longitudinal) de forma quadrada ao longo da sua superf\u00edcie. Este design pode ter objectivos funcionais, est\u00e9ticos ou de suporte de carga, dependendo da aplica\u00e7\u00e3o.<\/p>\n<h5><strong>Carater\u00edsticas principais:<\/strong><\/h5>\n<ol start=\"1\">\n<li>\n<p class=\"ds-markdown-paragraph\"><strong>Forma e estrutura:<\/strong><\/p>\n<ul>\n<li>\n<p class=\"ds-markdown-paragraph\">O pilar pode ser cil\u00edndrico, retangular ou ter outra forma de sec\u00e7\u00e3o transversal.<\/p>\n<\/li>\n<li>\n<p class=\"ds-markdown-paragraph\">O\u00a0<strong>ranhura quadrada<\/strong>\u00a0\u00e9 um canal rebaixado cortado na coluna, paralelo ao seu comprimento.<\/p>\n<\/li>\n<li>\n<p class=\"ds-markdown-paragraph\">A ranhura pode ser centrada, deslocada ou repetida num padr\u00e3o (por exemplo, v\u00e1rias ranhuras para canelura).<\/p>\n<\/li>\n<li>Ranhura quadrada com coluna<\/li>\n<\/ul>\n<\/li>\n<li>\n<p class=\"ds-markdown-paragraph\"><strong>Objetivo e aplica\u00e7\u00f5es:<\/strong><\/p>\n<ul>\n<li>\n<p class=\"ds-markdown-paragraph\"><strong>Conce\u00e7\u00e3o est\u00e9tica:<\/strong>\u00a0Acrescenta interesse visual, frequentemente observado em colunas arquitect\u00f3nicas (por exemplo, caneluras decorativas em pilares cl\u00e1ssicos).<\/p>\n<\/li>\n<li>\n<p class=\"ds-markdown-paragraph\"><strong>Utiliza\u00e7\u00e3o funcional:<\/strong>\u00a0Proporciona espa\u00e7o para cablagem, tubagem ou barras de refor\u00e7o na constru\u00e7\u00e3o.<\/p>\n<\/li>\n<li>\n<p class=\"ds-markdown-paragraph\"><strong>Redu\u00e7\u00e3o de peso:<\/strong>\u00a0As ranhuras podem reduzir a utiliza\u00e7\u00e3o de material, mantendo a integridade estrutural.<\/p>\n<\/li>\n<li>\n<p class=\"ds-markdown-paragraph\"><strong>Montagem e alinhamento:<\/strong>\u00a0Ajuda na montagem de componentes adjacentes (por exemplo, pain\u00e9is deslizantes ou vigas de uni\u00e3o).<\/p>\n<\/li>\n<\/ul>\n<\/li>\n<li>\n<p class=\"ds-markdown-paragraph\"><strong>Materiais:<\/strong><\/p>\n<ul>\n<li>\n<p class=\"ds-markdown-paragraph\"><strong>Bet\u00e3o:<\/strong>\u00a0Utilizado na constru\u00e7\u00e3o de pilares refor\u00e7ados.<\/p>\n<\/li>\n<li>\n<p class=\"ds-markdown-paragraph\"><strong>Metal (a\u00e7o\/alum\u00ednio):<\/strong>\u00a0Comum em aplica\u00e7\u00f5es industriais e mec\u00e2nicas.<\/p>\n<\/li>\n<li>\n<p class=\"ds-markdown-paragraph\"><strong>Madeira:<\/strong>\u00a0Encontrado no design decorativo ou de mobili\u00e1rio.<\/p>\n<\/li>\n<li>\n<p class=\"ds-markdown-paragraph\"><strong>Materiais comp\u00f3sitos:<\/strong>\u00a0Para necessidades leves e de elevada resist\u00eancia.<\/p>\n<\/li>\n<\/ul>\n<\/li>\n<li>\n<p class=\"ds-markdown-paragraph\"><strong>M\u00e9todos de fabrico:<\/strong><\/p>\n<ul>\n<li>\n<p class=\"ds-markdown-paragraph\"><strong>Maquina\u00e7\u00e3o:<\/strong>\u00a0Para colunas de metal ou pl\u00e1stico (fresagem CNC, torneamento).<\/p>\n<\/li>\n<li>\n<p class=\"ds-markdown-paragraph\"><strong>Moldagem\/fundi\u00e7\u00e3o:<\/strong>\u00a0Para colunas de bet\u00e3o, pol\u00edmero ou metal.<\/p>\n<\/li>\n<li>\n<p class=\"ds-markdown-paragraph\"><strong>Extrus\u00e3o:<\/strong>\u00a0Comum para perfis de alum\u00ednio com ranhuras.<\/p>\n<\/li>\n<li>\n<p class=\"ds-markdown-paragraph\"><strong>Esculpir\/rotear:<\/strong>\u00a0Para colunas de madeira.<\/p>\n<\/li>\n<li><strong>Ranhura quadrada com coluna<\/strong><\/li>\n<\/ul>\n<\/li>\n<\/ol>\n<h5><strong>Exemplos de utiliza\u00e7\u00e3o:<\/strong><\/h5>\n<ul>\n<li>\n<p class=\"ds-markdown-paragraph\"><strong>Arquitetura:<\/strong>\u00a0Colunas caneladas com desenhos greco-romanos.<\/p>\n<\/li>\n<li>\n<p class=\"ds-markdown-paragraph\"><strong>Engenharia:<\/strong>\u00a0Veios com ranhuras quadradas para encaixes de chaveta.<\/p>\n<\/li>\n<li>\n<p class=\"ds-markdown-paragraph\"><strong>Mobili\u00e1rio:<\/strong>\u00a0Pernas de mesa decorativas ou vigas de suporte.<\/p>\n<\/li>\n<li>\n<p class=\"ds-markdown-paragraph\"><strong>Industrial:<\/strong>\u00a0Calhas de guia com ranhuras para alinhamento da m\u00e1quina.<\/p>\n<\/li>\n<\/ul>","protected":false},"excerpt":{"rendered":"<h6><strong>Carater\u00edsticas principais:<\/strong><\/h6>\n<ul>\n<li style=\"list-style-type: none;\">\n<ul>\n<li>\n<p class=\"ds-markdown-paragraph\">O pilar pode ser cil\u00edndrico, retangular ou ter outra forma de sec\u00e7\u00e3o transversal.<\/p>\n<\/li>\n<li>\n<p class=\"ds-markdown-paragraph\">O\u00a0<strong>ranhura quadrada<\/strong>\u00a0\u00e9 um canal rebaixado cortado na coluna, paralelo ao seu comprimento.<\/p>\n<\/li>\n<li>\n<p class=\"ds-markdown-paragraph\">A ranhura pode ser centrada, deslocada ou repetida num padr\u00e3o (por exemplo, v\u00e1rias ranhuras para canelura).<\/p>\n<\/li>\n<\/ul>\n<\/li>\n<\/ul>","protected":false},"featured_media":33112,"comment_status":"closed","ping_status":"closed","template":"","meta":{"site-sidebar-layout":"default","site-content-layout":"","ast-site-content-layout":"default","site-content-style":"default","site-sidebar-style":"default","ast-global-header-display":"","ast-banner-title-visibility":"","ast-main-header-display":"","ast-hfb-above-header-display":"","ast-hfb-below-header-display":"","ast-hfb-mobile-header-display":"","site-post-title":"","ast-breadcrumbs-content":"","ast-featured-img":"","footer-sml-layout":"","ast-disable-related-posts":"","theme-transparent-header-meta":"default","adv-header-id-meta":"","stick-header-meta":"default","header-above-stick-meta":"","header-main-stick-meta":"","header-below-stick-meta":"","astra-migrate-meta-layouts":"set","ast-page-background-enabled":"default","ast-page-background-meta":{"desktop":{"background-color":"var(--ast-global-color-4)","background-image":"","background-repeat":"repeat","background-position":"center center","background-size":"auto","background-attachment":"scroll","background-type":"","background-media":"","overlay-type":"","overlay-color":"","overlay-opacity":"","overlay-gradient":""},"tablet":{"background-color":"","background-image":"","background-repeat":"repeat","background-position":"center center","background-size":"auto","background-attachment":"scroll","background-type":"","background-media":"","overlay-type":"","overlay-color":"","overlay-opacity":"","overlay-gradient":""},"mobile":{"background-color":"","background-image":"","background-repeat":"repeat","background-position":"center center","background-size":"auto","background-attachment":"scroll","background-type":"","background-media":"","overlay-type":"","overlay-color":"","overlay-opacity":"","overlay-gradient":""}},"ast-content-background-meta":{"desktop":{"background-color":"var(--ast-global-color-5)","background-image":"","background-repeat":"repeat","background-position":"center center","background-size":"auto","background-attachment":"scroll","background-type":"","background-media":"","overlay-type":"","overlay-color":"","overlay-opacity":"","overlay-gradient":""},"tablet":{"background-color":"var(--ast-global-color-5)","background-image":"","background-repeat":"repeat","background-position":"center center","background-size":"auto","background-attachment":"scroll","background-type":"","background-media":"","overlay-type":"","overlay-color":"","overlay-opacity":"","overlay-gradient":""},"mobile":{"background-color":"var(--ast-global-color-5)","background-image":"","background-repeat":"repeat","background-position":"center center","background-size":"auto","background-attachment":"scroll","background-type":"","background-media":"","overlay-type":"","overlay-color":"","overlay-opacity":"","overlay-gradient":""}},"_themeisle_gutenberg_block_has_review":false,"_ti_tpc_template_sync":false,"_ti_tpc_template_id":""},"product_brand":[],"product_cat":[1268],"product_tag":[],"class_list":{"0":"post-33098","1":"product","2":"type-product","3":"status-publish","4":"has-post-thumbnail","6":"product_cat-safety-bolt","7":"desktop-align-left","8":"tablet-align-left","9":"mobile-align-left","10":"ast-product-gallery-layout-horizontal-slider","11":"ast-product-tabs-layout-horizontal","12":"ast-qv-on-image","14":"first","15":"instock","16":"shipping-taxable","17":"product-type-simple"},"yoast_head":"<!-- This site is optimized with the Yoast SEO Premium plugin v21.7 (Yoast SEO v25.7) - https:\/\/yoast.com\/wordpress\/plugins\/seo\/ -->\n<title>Square slot with column - Jingbang Industrial<\/title>\n<meta name=\"description\" content=\"A Square slot with column is a structural element that features a longitudinal (lengthwise) square-shaped channel or recess along its surface.\" \/>\n<meta name=\"robots\" content=\"index, follow, max-snippet:-1, max-image-preview:large, max-video-preview:-1\" \/>\n<link rel=\"canonical\" href=\"https:\/\/jbsy-china.com\/pt\/produto\/square-slot-with-column\/\" \/>\n<meta property=\"og:locale\" content=\"pt_PT\" \/>\n<meta property=\"og:type\" content=\"article\" \/>\n<meta property=\"og:title\" content=\"Square slot with column\" \/>\n<meta property=\"og:description\" content=\"A Square slot with column is a structural element that features a longitudinal (lengthwise) square-shaped channel or recess along its surface.\" \/>\n<meta property=\"og:url\" content=\"https:\/\/jbsy-china.com\/pt\/produto\/square-slot-with-column\/\" \/>\n<meta property=\"og:site_name\" content=\"Jingbang Industrial\" \/>\n<meta property=\"article:modified_time\" content=\"2025-08-05T07:49:28+00:00\" \/>\n<meta property=\"og:image\" content=\"http:\/\/jbsy-china.com\/wp-content\/uploads\/2025\/05\/\u65b9\u5f62\u69fd\u5e26\u67f1\u9632\u76d7\u87ba\u6813.jpg\" \/>\n\t<meta property=\"og:image:width\" content=\"900\" \/>\n\t<meta property=\"og:image:height\" content=\"900\" \/>\n\t<meta property=\"og:image:type\" content=\"image\/jpeg\" \/>\n<meta name=\"twitter:card\" content=\"summary_large_image\" \/>\n<meta name=\"twitter:label1\" content=\"Tempo estimado de leitura\" \/>\n\t<meta name=\"twitter:data1\" content=\"3 minutos\" \/>\n<script type=\"application\/ld+json\" class=\"yoast-schema-graph\">{\"@context\":\"https:\/\/schema.org\",\"@graph\":[{\"@type\":\"WebPage\",\"@id\":\"https:\/\/jbsy-china.com\/product\/square-slot-with-column\/\",\"url\":\"https:\/\/jbsy-china.com\/product\/square-slot-with-column\/\",\"name\":\"Square slot with column - Jingbang Industrial\",\"isPartOf\":{\"@id\":\"https:\/\/jbsy-china.com\/#website\"},\"primaryImageOfPage\":{\"@id\":\"https:\/\/jbsy-china.com\/product\/square-slot-with-column\/#primaryimage\"},\"image\":{\"@id\":\"https:\/\/jbsy-china.com\/product\/square-slot-with-column\/#primaryimage\"},\"thumbnailUrl\":\"https:\/\/jbsy-china.com\/wp-content\/uploads\/2025\/05\/\u65b9\u5f62\u69fd\u5e26\u67f1\u9632\u76d7\u87ba\u6813.jpg\",\"datePublished\":\"2025-05-06T07:32:15+00:00\",\"dateModified\":\"2025-08-05T07:49:28+00:00\",\"description\":\"A Square slot with column is a structural element that features a longitudinal (lengthwise) square-shaped channel or recess along its surface.\",\"breadcrumb\":{\"@id\":\"https:\/\/jbsy-china.com\/product\/square-slot-with-column\/#breadcrumb\"},\"inLanguage\":\"pt-PT\",\"potentialAction\":[{\"@type\":\"ReadAction\",\"target\":[\"https:\/\/jbsy-china.com\/product\/square-slot-with-column\/\"]}]},{\"@type\":\"ImageObject\",\"inLanguage\":\"pt-PT\",\"@id\":\"https:\/\/jbsy-china.com\/product\/square-slot-with-column\/#primaryimage\",\"url\":\"https:\/\/jbsy-china.com\/wp-content\/uploads\/2025\/05\/\u65b9\u5f62\u69fd\u5e26\u67f1\u9632\u76d7\u87ba\u6813.jpg\",\"contentUrl\":\"https:\/\/jbsy-china.com\/wp-content\/uploads\/2025\/05\/\u65b9\u5f62\u69fd\u5e26\u67f1\u9632\u76d7\u87ba\u6813.jpg\",\"width\":900,\"height\":900},{\"@type\":\"BreadcrumbList\",\"@id\":\"https:\/\/jbsy-china.com\/product\/square-slot-with-column\/#breadcrumb\",\"itemListElement\":[{\"@type\":\"ListItem\",\"position\":1,\"name\":\"Home\",\"item\":\"https:\/\/jbsy-china.com\/\"},{\"@type\":\"ListItem\",\"position\":2,\"name\":\"Products\",\"item\":\"https:\/\/jbsy-china.com\/shop\/\"},{\"@type\":\"ListItem\",\"position\":3,\"name\":\"Square slot with column\"}]},{\"@type\":\"WebSite\",\"@id\":\"https:\/\/jbsy-china.com\/#website\",\"url\":\"https:\/\/jbsy-china.com\/\",\"name\":\"Jingbang Industrial\",\"description\":\"Hardware and electronics manufacturer\",\"publisher\":{\"@id\":\"https:\/\/jbsy-china.com\/#organization\"},\"potentialAction\":[{\"@type\":\"SearchAction\",\"target\":{\"@type\":\"EntryPoint\",\"urlTemplate\":\"https:\/\/jbsy-china.com\/?s={search_term_string}\"},\"query-input\":{\"@type\":\"PropertyValueSpecification\",\"valueRequired\":true,\"valueName\":\"search_term_string\"}}],\"inLanguage\":\"pt-PT\"},{\"@type\":\"Organization\",\"@id\":\"https:\/\/jbsy-china.com\/#organization\",\"name\":\"Jingbang Industrial\",\"url\":\"https:\/\/jbsy-china.com\/\",\"logo\":{\"@type\":\"ImageObject\",\"inLanguage\":\"pt-PT\",\"@id\":\"https:\/\/jbsy-china.com\/#\/schema\/logo\/image\/\",\"url\":\"https:\/\/jbsy-china.com\/wp-content\/uploads\/2023\/11\/cropped-\u56fe\u5c42-1.png\",\"contentUrl\":\"https:\/\/jbsy-china.com\/wp-content\/uploads\/2023\/11\/cropped-\u56fe\u5c42-1.png\",\"width\":1049,\"height\":739,\"caption\":\"Jingbang Industrial\"},\"image\":{\"@id\":\"https:\/\/jbsy-china.com\/#\/schema\/logo\/image\/\"}}]}<\/script>\n<!-- \/ Yoast SEO Premium plugin. -->","yoast_head_json":{"title":"Square slot with column - Jingbang Industrial","description":"A Square slot with column is a structural element that features a longitudinal (lengthwise) square-shaped channel or recess along its surface.","robots":{"index":"index","follow":"follow","max-snippet":"max-snippet:-1","max-image-preview":"max-image-preview:large","max-video-preview":"max-video-preview:-1"},"canonical":"https:\/\/jbsy-china.com\/pt\/produto\/square-slot-with-column\/","og_locale":"pt_PT","og_type":"article","og_title":"Square slot with column","og_description":"A Square slot with column is a structural element that features a longitudinal (lengthwise) square-shaped channel or recess along its surface.","og_url":"https:\/\/jbsy-china.com\/pt\/produto\/square-slot-with-column\/","og_site_name":"Jingbang Industrial","article_modified_time":"2025-08-05T07:49:28+00:00","og_image":[{"width":900,"height":900,"url":"http:\/\/jbsy-china.com\/wp-content\/uploads\/2025\/05\/\u65b9\u5f62\u69fd\u5e26\u67f1\u9632\u76d7\u87ba\u6813.jpg","type":"image\/jpeg"}],"twitter_card":"summary_large_image","twitter_misc":{"Tempo estimado de leitura":"3 minutos"},"schema":{"@context":"https:\/\/schema.org","@graph":[{"@type":"WebPage","@id":"https:\/\/jbsy-china.com\/product\/square-slot-with-column\/","url":"https:\/\/jbsy-china.com\/product\/square-slot-with-column\/","name":"Square slot with column - Jingbang Industrial","isPartOf":{"@id":"https:\/\/jbsy-china.com\/#website"},"primaryImageOfPage":{"@id":"https:\/\/jbsy-china.com\/product\/square-slot-with-column\/#primaryimage"},"image":{"@id":"https:\/\/jbsy-china.com\/product\/square-slot-with-column\/#primaryimage"},"thumbnailUrl":"https:\/\/jbsy-china.com\/wp-content\/uploads\/2025\/05\/\u65b9\u5f62\u69fd\u5e26\u67f1\u9632\u76d7\u87ba\u6813.jpg","datePublished":"2025-05-06T07:32:15+00:00","dateModified":"2025-08-05T07:49:28+00:00","description":"A Square slot with column is a structural element that features a longitudinal (lengthwise) square-shaped channel or recess along its surface.","breadcrumb":{"@id":"https:\/\/jbsy-china.com\/product\/square-slot-with-column\/#breadcrumb"},"inLanguage":"pt-PT","potentialAction":[{"@type":"ReadAction","target":["https:\/\/jbsy-china.com\/product\/square-slot-with-column\/"]}]},{"@type":"ImageObject","inLanguage":"pt-PT","@id":"https:\/\/jbsy-china.com\/product\/square-slot-with-column\/#primaryimage","url":"https:\/\/jbsy-china.com\/wp-content\/uploads\/2025\/05\/\u65b9\u5f62\u69fd\u5e26\u67f1\u9632\u76d7\u87ba\u6813.jpg","contentUrl":"https:\/\/jbsy-china.com\/wp-content\/uploads\/2025\/05\/\u65b9\u5f62\u69fd\u5e26\u67f1\u9632\u76d7\u87ba\u6813.jpg","width":900,"height":900},{"@type":"BreadcrumbList","@id":"https:\/\/jbsy-china.com\/product\/square-slot-with-column\/#breadcrumb","itemListElement":[{"@type":"ListItem","position":1,"name":"Home","item":"https:\/\/jbsy-china.com\/"},{"@type":"ListItem","position":2,"name":"Products","item":"https:\/\/jbsy-china.com\/shop\/"},{"@type":"ListItem","position":3,"name":"Square slot with column"}]},{"@type":"WebSite","@id":"https:\/\/jbsy-china.com\/#website","url":"https:\/\/jbsy-china.com\/","name":"Jingbang Industrial","description":"Fabricante de hardware e eletr\u00f3nica","publisher":{"@id":"https:\/\/jbsy-china.com\/#organization"},"potentialAction":[{"@type":"SearchAction","target":{"@type":"EntryPoint","urlTemplate":"https:\/\/jbsy-china.com\/?s={search_term_string}"},"query-input":{"@type":"PropertyValueSpecification","valueRequired":true,"valueName":"search_term_string"}}],"inLanguage":"pt-PT"},{"@type":"Organization","@id":"https:\/\/jbsy-china.com\/#organization","name":"Jingbang Industrial","url":"https:\/\/jbsy-china.com\/","logo":{"@type":"ImageObject","inLanguage":"pt-PT","@id":"https:\/\/jbsy-china.com\/#\/schema\/logo\/image\/","url":"https:\/\/jbsy-china.com\/wp-content\/uploads\/2023\/11\/cropped-\u56fe\u5c42-1.png","contentUrl":"https:\/\/jbsy-china.com\/wp-content\/uploads\/2023\/11\/cropped-\u56fe\u5c42-1.png","width":1049,"height":739,"caption":"Jingbang Industrial"},"image":{"@id":"https:\/\/jbsy-china.com\/#\/schema\/logo\/image\/"}}]}},"_links":{"self":[{"href":"https:\/\/jbsy-china.com\/pt\/wp-json\/wp\/v2\/product\/33098","targetHints":{"allow":["GET"]}}],"collection":[{"href":"https:\/\/jbsy-china.com\/pt\/wp-json\/wp\/v2\/product"}],"about":[{"href":"https:\/\/jbsy-china.com\/pt\/wp-json\/wp\/v2\/types\/product"}],"replies":[{"embeddable":true,"href":"https:\/\/jbsy-china.com\/pt\/wp-json\/wp\/v2\/comments?post=33098"}],"wp:featuredmedia":[{"embeddable":true,"href":"https:\/\/jbsy-china.com\/pt\/wp-json\/wp\/v2\/media\/33112"}],"wp:attachment":[{"href":"https:\/\/jbsy-china.com\/pt\/wp-json\/wp\/v2\/media?parent=33098"}],"wp:term":[{"taxonomy":"product_brand","embeddable":true,"href":"https:\/\/jbsy-china.com\/pt\/wp-json\/wp\/v2\/product_brand?post=33098"},{"taxonomy":"product_cat","embeddable":true,"href":"https:\/\/jbsy-china.com\/pt\/wp-json\/wp\/v2\/product_cat?post=33098"},{"taxonomy":"product_tag","embeddable":true,"href":"https:\/\/jbsy-china.com\/pt\/wp-json\/wp\/v2\/product_tag?post=33098"}],"curies":[{"name":"wp","href":"https:\/\/api.w.org\/{rel}","templated":true}]}}