{"id":33108,"date":"2025-05-06T07:32:15","date_gmt":"2025-05-06T07:32:15","guid":{"rendered":"https:\/\/jbsy-china.com\/?post_type=product&#038;p=33108"},"modified":"2025-08-05T08:07:51","modified_gmt":"2025-08-05T08:07:51","slug":"flat-head-hexagon-socket-barrel-nut","status":"publish","type":"product","link":"https:\/\/jbsy-china.com\/pt\/produto\/flat-head-hexagon-socket-barrel-nut\/","title":{"rendered":"Porca de cabe\u00e7a chata com sextavado interior"},"content":{"rendered":"<p><img fetchpriority=\"high\" decoding=\"async\" class=\"alignnone size-full wp-image-7978\" src=\"http:\/\/jb-bolt.com\/wp-content\/uploads\/2025\/02\/\u51b7\u9566\u8be6\u60c5\u9875_01.jpg\" alt=\"\" width=\"790\" height=\"329\" \/> <img decoding=\"async\" class=\"alignnone size-full wp-image-7979\" src=\"http:\/\/jb-bolt.com\/wp-content\/uploads\/2025\/02\/\u51b7\u9566\u8be6\u60c5\u9875_02.jpg\" alt=\"\" width=\"790\" height=\"981\" \/> <img decoding=\"async\" class=\"alignnone size-full wp-image-7980\" src=\"http:\/\/jb-bolt.com\/wp-content\/uploads\/2025\/02\/\u51b7\u9566\u8be6\u60c5\u9875_03.jpg\" alt=\"\" width=\"790\" height=\"740\" \/> <img loading=\"lazy\" decoding=\"async\" class=\"alignnone size-full wp-image-7981\" src=\"http:\/\/jb-bolt.com\/wp-content\/uploads\/2025\/02\/\u51b7\u9566\u8be6\u60c5\u9875_04.jpg\" alt=\"\" width=\"790\" height=\"739\" \/> <img loading=\"lazy\" decoding=\"async\" class=\"alignnone size-full wp-image-7983\" src=\"http:\/\/jb-bolt.com\/wp-content\/uploads\/2025\/02\/\u51b7\u9566\u8be6\u60c5\u9875_05_01.jpg\" alt=\"\" width=\"790\" height=\"677\" \/><\/p>\n<p><strong>O processo de encabe\u00e7amento a frio \u00e9 um dos novos processos para a maquinagem sob press\u00e3o com menos ou nenhum corte<\/strong><br \/>\n<strong>metal. \u00c9 um m\u00e9todo de processamento que utiliza a deforma\u00e7\u00e3o pl\u00e1stica do metal sob a a\u00e7\u00e3o de<\/strong><br \/>\n<strong>for\u00e7as externas e, com a ajuda de moldes, redistribui e transfere o volume de metal para formar<\/strong><br \/>\n<strong>as pe\u00e7as ou os espa\u00e7os em branco necess\u00e1rios. O processo de encabe\u00e7amento a frio \u00e9 o mais adequado para a produ\u00e7\u00e3o de<\/strong><br \/>\n<strong>elementos de fixa\u00e7\u00e3o, tais como cavilhas, parafusos, porcas, rebites, cavilhas, etc.<\/strong><\/p>\n<p><img loading=\"lazy\" decoding=\"async\" class=\"alignnone size-full wp-image-7985\" src=\"http:\/\/jb-bolt.com\/wp-content\/uploads\/2025\/02\/\u51b7\u9566\u8be6\u60c5\u9875_05_03.jpg\" alt=\"\" width=\"790\" height=\"603\" \/> <img loading=\"lazy\" decoding=\"async\" class=\"alignnone size-full wp-image-7986\" src=\"http:\/\/jb-bolt.com\/wp-content\/uploads\/2025\/02\/\u51b7\u9566\u8be6\u60c5\u9875_06.jpg\" alt=\"\" width=\"790\" height=\"742\" \/><\/p>\n<p class=\"ds-markdown-paragraph\">Soquete hexagonal de cabe\u00e7a chata <a href=\"https:\/\/jbsy-china.com\/pt\/barrel-nut-2\/\">Porcas de barril<\/a>, tamb\u00e9m conhecido por\u00a0<strong>porcas de caixa<\/strong>\u00a0ou\u00a0<strong>porcas de canh\u00e3o com sextavado interior<\/strong>, s\u00e3o fixadores especializados concebidos para aplica\u00e7\u00f5es que requerem uma liga\u00e7\u00e3o nivelada ou de baixo perfil com compatibilidade de acionamento hexagonal interno.<\/p>\n<h5><strong>Carater\u00edsticas principais:<\/strong><\/h5>\n<ol start=\"1\">\n<li>\n<p class=\"ds-markdown-paragraph\"><strong>Design de cabe\u00e7a plana<\/strong>\u00a0- A parte superior da porca \u00e9 plana (escareada), permitindo que fique nivelada com ou abaixo da superf\u00edcie do material, proporcionando um acabamento suave.<\/p>\n<\/li>\n<li>\n<p class=\"ds-markdown-paragraph\"><strong>Porca de cabe\u00e7a chata com sextavado interior<\/strong><\/p>\n<\/li>\n<li>\n<p class=\"ds-markdown-paragraph\"><strong>Soquete hexagonal (acionamento hexagonal interno)<\/strong>\u00a0- A porca possui um rebaixo hexagonal (como um parafuso de cabe\u00e7a cil\u00edndrica) que requer um\u00a0<strong>Chave Allen (chave hexagonal)<\/strong>\u00a0ou um\u00a0<strong>broca hexagonal<\/strong>\u00a0para instala\u00e7\u00e3o e remo\u00e7\u00e3o.<\/p>\n<\/li>\n<li>\n<p class=\"ds-markdown-paragraph\"><strong>Forma de barril<\/strong>\u00a0- O corpo da porca \u00e9 cil\u00edndrico (em forma de barril), o que a torna adequada para aplica\u00e7\u00f5es onde uma porca sextavada tradicional pode n\u00e3o encaixar ou onde \u00e9 necess\u00e1ria estabilidade de rota\u00e7\u00e3o.<\/p>\n<\/li>\n<li>\n<p class=\"ds-markdown-paragraph\"><strong>Interior roscado<\/strong>\u00a0- Cont\u00e9m roscas internas para encaixar num parafuso ou numa barra roscada correspondente.<\/p>\n<\/li>\n<li>\n<p class=\"ds-markdown-paragraph\"><strong>Materiais e acabamentos<\/strong>\u00a0- Normalmente fabricado com\u00a0<strong>a\u00e7o (graus 8.8, 10.9 ou 12.9), a\u00e7o inoxid\u00e1vel (A2\/A4) ou lat\u00e3o<\/strong>, com revestimentos opcionais como\u00a0<strong>zincagem, \u00f3xido preto ou galvaniza\u00e7\u00e3o<\/strong>\u00a0para resist\u00eancia \u00e0 corros\u00e3o.<\/p>\n<\/li>\n<\/ol>\n<h5><strong>Utiliza\u00e7\u00f5es comuns:<\/strong><\/h5>\n<ul>\n<li>\n<p class=\"ds-markdown-paragraph\"><strong>Aeroespacial e eletr\u00f3nica<\/strong>\u00a0devido \u00e0 sua fixa\u00e7\u00e3o compacta e segura.<\/p>\n<\/li>\n<li>\n<p class=\"ds-markdown-paragraph\"><strong>Projectos de bricolage e trabalhos em madeira<\/strong>\u00a0que requerem porcas ocultas ou encastradas.<\/p>\n<\/li>\n<\/ul>\n<h5><strong>Dimensionamento e especifica\u00e7\u00f5es:<\/strong><\/h5>\n<ul>\n<li>\n<p class=\"ds-markdown-paragraph\">Dispon\u00edvel em\u00a0<strong>m\u00e9trica (M3, M4, M5, M6, etc.)<\/strong>\u00a0e\u00a0<strong>imperial (1\/4\u2033, 5\/16\u2033, etc.)<\/strong>\u00a0tamanhos.<\/p>\n<\/li>\n<li>\n<p class=\"ds-markdown-paragraph\">O passo da rosca varia (roscas finas ou grossas consoante a aplica\u00e7\u00e3o).<\/p>\n<\/li>\n<li>Porca de cabe\u00e7a chata com sextavado interior<\/li>\n<\/ul>","protected":false},"excerpt":{"rendered":"<h6><strong>Carater\u00edsticas principais:<\/strong><\/h6>\n<ul>\n<li class=\"ds-markdown-paragraph\"><strong>Design de cabe\u00e7a plana<\/strong>\u00a0- A parte superior da porca \u00e9 plana (escareada), permitindo que fique nivelada com ou abaixo da superf\u00edcie do material, proporcionando um acabamento suave.<\/li>\n<li class=\"ds-markdown-paragraph\"><strong>Soquete hexagonal (acionamento hexagonal interno)<\/strong>\u00a0- A porca possui um rebaixo hexagonal (como um parafuso de cabe\u00e7a cil\u00edndrica) que requer um\u00a0<strong>Chave Allen (chave hexagonal)<\/strong>\u00a0ou um\u00a0<strong>broca hexagonal<\/strong>\u00a0para instala\u00e7\u00e3o e remo\u00e7\u00e3o.<\/li>\n<li class=\"ds-markdown-paragraph\"><strong>Forma de barril<\/strong>\u00a0- O corpo da porca \u00e9 cil\u00edndrico (em forma de barril), o que a torna adequada para aplica\u00e7\u00f5es onde uma porca sextavada tradicional pode n\u00e3o encaixar ou onde \u00e9 necess\u00e1ria estabilidade de rota\u00e7\u00e3o<\/li>\n<\/ul>","protected":false},"featured_media":33151,"comment_status":"closed","ping_status":"closed","template":"","meta":{"site-sidebar-layout":"default","site-content-layout":"","ast-site-content-layout":"default","site-content-style":"default","site-sidebar-style":"default","ast-global-header-display":"","ast-banner-title-visibility":"","ast-main-header-display":"","ast-hfb-above-header-display":"","ast-hfb-below-header-display":"","ast-hfb-mobile-header-display":"","site-post-title":"","ast-breadcrumbs-content":"","ast-featured-img":"","footer-sml-layout":"","ast-disable-related-posts":"","theme-transparent-header-meta":"default","adv-header-id-meta":"","stick-header-meta":"default","header-above-stick-meta":"","header-main-stick-meta":"","header-below-stick-meta":"","astra-migrate-meta-layouts":"set","ast-page-background-enabled":"default","ast-page-background-meta":{"desktop":{"background-color":"var(--ast-global-color-4)","background-image":"","background-repeat":"repeat","background-position":"center center","background-size":"auto","background-attachment":"scroll","background-type":"","background-media":"","overlay-type":"","overlay-color":"","overlay-opacity":"","overlay-gradient":""},"tablet":{"background-color":"","background-image":"","background-repeat":"repeat","background-position":"center center","background-size":"auto","background-attachment":"scroll","background-type":"","background-media":"","overlay-type":"","overlay-color":"","overlay-opacity":"","overlay-gradient":""},"mobile":{"background-color":"","background-image":"","background-repeat":"repeat","background-position":"center center","background-size":"auto","background-attachment":"scroll","background-type":"","background-media":"","overlay-type":"","overlay-color":"","overlay-opacity":"","overlay-gradient":""}},"ast-content-background-meta":{"desktop":{"background-color":"var(--ast-global-color-5)","background-image":"","background-repeat":"repeat","background-position":"center center","background-size":"auto","background-attachment":"scroll","background-type":"","background-media":"","overlay-type":"","overlay-color":"","overlay-opacity":"","overlay-gradient":""},"tablet":{"background-color":"var(--ast-global-color-5)","background-image":"","background-repeat":"repeat","background-position":"center center","background-size":"auto","background-attachment":"scroll","background-type":"","background-media":"","overlay-type":"","overlay-color":"","overlay-opacity":"","overlay-gradient":""},"mobile":{"background-color":"var(--ast-global-color-5)","background-image":"","background-repeat":"repeat","background-position":"center center","background-size":"auto","background-attachment":"scroll","background-type":"","background-media":"","overlay-type":"","overlay-color":"","overlay-opacity":"","overlay-gradient":""}},"_themeisle_gutenberg_block_has_review":false,"_ti_tpc_template_sync":false,"_ti_tpc_template_id":""},"product_brand":[],"product_cat":[1266],"product_tag":[],"class_list":{"0":"post-33108","1":"product","2":"type-product","3":"status-publish","4":"has-post-thumbnail","6":"product_cat-barrel-nut","7":"desktop-align-left","8":"tablet-align-left","9":"mobile-align-left","10":"ast-product-gallery-layout-horizontal-slider","11":"ast-product-tabs-layout-horizontal","12":"ast-qv-on-image","14":"first","15":"instock","16":"shipping-taxable","17":"product-type-simple"},"yoast_head":"<!-- This site is optimized with the Yoast SEO Premium plugin v21.7 (Yoast SEO v25.7) - https:\/\/yoast.com\/wordpress\/plugins\/seo\/ -->\n<title>Flat head hexagon socket barrel nut - Jingbang Industrial<\/title>\n<meta name=\"description\" content=\"Flat head hexagon socket barrel nut are specialty fasteners designed for applications requiring a flush fit with internal hex drive compatibility.\" \/>\n<meta name=\"robots\" content=\"index, follow, max-snippet:-1, max-image-preview:large, max-video-preview:-1\" \/>\n<link rel=\"canonical\" href=\"https:\/\/jbsy-china.com\/pt\/produto\/flat-head-hexagon-socket-barrel-nut\/\" \/>\n<meta property=\"og:locale\" content=\"pt_PT\" \/>\n<meta property=\"og:type\" content=\"article\" \/>\n<meta property=\"og:title\" content=\"Flat head hexagon socket barrel nut\" \/>\n<meta property=\"og:description\" content=\"Flat head hexagon socket barrel nut are specialty fasteners designed for applications requiring a flush fit with internal hex drive compatibility.\" \/>\n<meta property=\"og:url\" content=\"https:\/\/jbsy-china.com\/pt\/produto\/flat-head-hexagon-socket-barrel-nut\/\" \/>\n<meta property=\"og:site_name\" content=\"Jingbang Industrial\" \/>\n<meta property=\"article:modified_time\" content=\"2025-08-05T08:07:51+00:00\" \/>\n<meta property=\"og:image\" content=\"http:\/\/jbsy-china.com\/wp-content\/uploads\/2025\/05\/\u5e73\u5934\u5185\u516d\u89d2\u6876\u87ba\u6bcd.jpg\" \/>\n\t<meta property=\"og:image:width\" content=\"800\" \/>\n\t<meta property=\"og:image:height\" content=\"800\" \/>\n\t<meta property=\"og:image:type\" content=\"image\/jpeg\" \/>\n<meta name=\"twitter:card\" content=\"summary_large_image\" \/>\n<meta name=\"twitter:label1\" content=\"Tempo estimado de leitura\" \/>\n\t<meta name=\"twitter:data1\" content=\"3 minutos\" \/>\n<script type=\"application\/ld+json\" class=\"yoast-schema-graph\">{\"@context\":\"https:\/\/schema.org\",\"@graph\":[{\"@type\":\"WebPage\",\"@id\":\"https:\/\/jbsy-china.com\/product\/flat-head-hexagon-socket-barrel-nut\/\",\"url\":\"https:\/\/jbsy-china.com\/product\/flat-head-hexagon-socket-barrel-nut\/\",\"name\":\"Flat head hexagon socket barrel nut - Jingbang Industrial\",\"isPartOf\":{\"@id\":\"https:\/\/jbsy-china.com\/#website\"},\"primaryImageOfPage\":{\"@id\":\"https:\/\/jbsy-china.com\/product\/flat-head-hexagon-socket-barrel-nut\/#primaryimage\"},\"image\":{\"@id\":\"https:\/\/jbsy-china.com\/product\/flat-head-hexagon-socket-barrel-nut\/#primaryimage\"},\"thumbnailUrl\":\"https:\/\/jbsy-china.com\/wp-content\/uploads\/2025\/05\/\u5e73\u5934\u5185\u516d\u89d2\u6876\u87ba\u6bcd.jpg\",\"datePublished\":\"2025-05-06T07:32:15+00:00\",\"dateModified\":\"2025-08-05T08:07:51+00:00\",\"description\":\"Flat head hexagon socket barrel nut are specialty fasteners designed for applications requiring a flush fit with internal hex drive compatibility.\",\"breadcrumb\":{\"@id\":\"https:\/\/jbsy-china.com\/product\/flat-head-hexagon-socket-barrel-nut\/#breadcrumb\"},\"inLanguage\":\"pt-PT\",\"potentialAction\":[{\"@type\":\"ReadAction\",\"target\":[\"https:\/\/jbsy-china.com\/product\/flat-head-hexagon-socket-barrel-nut\/\"]}]},{\"@type\":\"ImageObject\",\"inLanguage\":\"pt-PT\",\"@id\":\"https:\/\/jbsy-china.com\/product\/flat-head-hexagon-socket-barrel-nut\/#primaryimage\",\"url\":\"https:\/\/jbsy-china.com\/wp-content\/uploads\/2025\/05\/\u5e73\u5934\u5185\u516d\u89d2\u6876\u87ba\u6bcd.jpg\",\"contentUrl\":\"https:\/\/jbsy-china.com\/wp-content\/uploads\/2025\/05\/\u5e73\u5934\u5185\u516d\u89d2\u6876\u87ba\u6bcd.jpg\",\"width\":800,\"height\":800},{\"@type\":\"BreadcrumbList\",\"@id\":\"https:\/\/jbsy-china.com\/product\/flat-head-hexagon-socket-barrel-nut\/#breadcrumb\",\"itemListElement\":[{\"@type\":\"ListItem\",\"position\":1,\"name\":\"Home\",\"item\":\"https:\/\/jbsy-china.com\/\"},{\"@type\":\"ListItem\",\"position\":2,\"name\":\"Products\",\"item\":\"https:\/\/jbsy-china.com\/shop\/\"},{\"@type\":\"ListItem\",\"position\":3,\"name\":\"Flat head hexagon socket barrel nut\"}]},{\"@type\":\"WebSite\",\"@id\":\"https:\/\/jbsy-china.com\/#website\",\"url\":\"https:\/\/jbsy-china.com\/\",\"name\":\"Jingbang Industrial\",\"description\":\"Hardware and electronics manufacturer\",\"publisher\":{\"@id\":\"https:\/\/jbsy-china.com\/#organization\"},\"potentialAction\":[{\"@type\":\"SearchAction\",\"target\":{\"@type\":\"EntryPoint\",\"urlTemplate\":\"https:\/\/jbsy-china.com\/?s={search_term_string}\"},\"query-input\":{\"@type\":\"PropertyValueSpecification\",\"valueRequired\":true,\"valueName\":\"search_term_string\"}}],\"inLanguage\":\"pt-PT\"},{\"@type\":\"Organization\",\"@id\":\"https:\/\/jbsy-china.com\/#organization\",\"name\":\"Jingbang Industrial\",\"url\":\"https:\/\/jbsy-china.com\/\",\"logo\":{\"@type\":\"ImageObject\",\"inLanguage\":\"pt-PT\",\"@id\":\"https:\/\/jbsy-china.com\/#\/schema\/logo\/image\/\",\"url\":\"https:\/\/jbsy-china.com\/wp-content\/uploads\/2023\/11\/cropped-\u56fe\u5c42-1.png\",\"contentUrl\":\"https:\/\/jbsy-china.com\/wp-content\/uploads\/2023\/11\/cropped-\u56fe\u5c42-1.png\",\"width\":1049,\"height\":739,\"caption\":\"Jingbang Industrial\"},\"image\":{\"@id\":\"https:\/\/jbsy-china.com\/#\/schema\/logo\/image\/\"}}]}<\/script>\n<!-- \/ Yoast SEO Premium plugin. -->","yoast_head_json":{"title":"Flat head hexagon socket barrel nut - Jingbang Industrial","description":"Flat head hexagon socket barrel nut are specialty fasteners designed for applications requiring a flush fit with internal hex drive compatibility.","robots":{"index":"index","follow":"follow","max-snippet":"max-snippet:-1","max-image-preview":"max-image-preview:large","max-video-preview":"max-video-preview:-1"},"canonical":"https:\/\/jbsy-china.com\/pt\/produto\/flat-head-hexagon-socket-barrel-nut\/","og_locale":"pt_PT","og_type":"article","og_title":"Flat head hexagon socket barrel nut","og_description":"Flat head hexagon socket barrel nut are specialty fasteners designed for applications requiring a flush fit with internal hex drive compatibility.","og_url":"https:\/\/jbsy-china.com\/pt\/produto\/flat-head-hexagon-socket-barrel-nut\/","og_site_name":"Jingbang Industrial","article_modified_time":"2025-08-05T08:07:51+00:00","og_image":[{"width":800,"height":800,"url":"http:\/\/jbsy-china.com\/wp-content\/uploads\/2025\/05\/\u5e73\u5934\u5185\u516d\u89d2\u6876\u87ba\u6bcd.jpg","type":"image\/jpeg"}],"twitter_card":"summary_large_image","twitter_misc":{"Tempo estimado de leitura":"3 minutos"},"schema":{"@context":"https:\/\/schema.org","@graph":[{"@type":"WebPage","@id":"https:\/\/jbsy-china.com\/product\/flat-head-hexagon-socket-barrel-nut\/","url":"https:\/\/jbsy-china.com\/product\/flat-head-hexagon-socket-barrel-nut\/","name":"Flat head hexagon socket barrel nut - Jingbang Industrial","isPartOf":{"@id":"https:\/\/jbsy-china.com\/#website"},"primaryImageOfPage":{"@id":"https:\/\/jbsy-china.com\/product\/flat-head-hexagon-socket-barrel-nut\/#primaryimage"},"image":{"@id":"https:\/\/jbsy-china.com\/product\/flat-head-hexagon-socket-barrel-nut\/#primaryimage"},"thumbnailUrl":"https:\/\/jbsy-china.com\/wp-content\/uploads\/2025\/05\/\u5e73\u5934\u5185\u516d\u89d2\u6876\u87ba\u6bcd.jpg","datePublished":"2025-05-06T07:32:15+00:00","dateModified":"2025-08-05T08:07:51+00:00","description":"Flat head hexagon socket barrel nut are specialty fasteners designed for applications requiring a flush fit with internal hex drive compatibility.","breadcrumb":{"@id":"https:\/\/jbsy-china.com\/product\/flat-head-hexagon-socket-barrel-nut\/#breadcrumb"},"inLanguage":"pt-PT","potentialAction":[{"@type":"ReadAction","target":["https:\/\/jbsy-china.com\/product\/flat-head-hexagon-socket-barrel-nut\/"]}]},{"@type":"ImageObject","inLanguage":"pt-PT","@id":"https:\/\/jbsy-china.com\/product\/flat-head-hexagon-socket-barrel-nut\/#primaryimage","url":"https:\/\/jbsy-china.com\/wp-content\/uploads\/2025\/05\/\u5e73\u5934\u5185\u516d\u89d2\u6876\u87ba\u6bcd.jpg","contentUrl":"https:\/\/jbsy-china.com\/wp-content\/uploads\/2025\/05\/\u5e73\u5934\u5185\u516d\u89d2\u6876\u87ba\u6bcd.jpg","width":800,"height":800},{"@type":"BreadcrumbList","@id":"https:\/\/jbsy-china.com\/product\/flat-head-hexagon-socket-barrel-nut\/#breadcrumb","itemListElement":[{"@type":"ListItem","position":1,"name":"Home","item":"https:\/\/jbsy-china.com\/"},{"@type":"ListItem","position":2,"name":"Products","item":"https:\/\/jbsy-china.com\/shop\/"},{"@type":"ListItem","position":3,"name":"Flat head hexagon socket barrel nut"}]},{"@type":"WebSite","@id":"https:\/\/jbsy-china.com\/#website","url":"https:\/\/jbsy-china.com\/","name":"Jingbang Industrial","description":"Fabricante de hardware e eletr\u00f3nica","publisher":{"@id":"https:\/\/jbsy-china.com\/#organization"},"potentialAction":[{"@type":"SearchAction","target":{"@type":"EntryPoint","urlTemplate":"https:\/\/jbsy-china.com\/?s={search_term_string}"},"query-input":{"@type":"PropertyValueSpecification","valueRequired":true,"valueName":"search_term_string"}}],"inLanguage":"pt-PT"},{"@type":"Organization","@id":"https:\/\/jbsy-china.com\/#organization","name":"Jingbang Industrial","url":"https:\/\/jbsy-china.com\/","logo":{"@type":"ImageObject","inLanguage":"pt-PT","@id":"https:\/\/jbsy-china.com\/#\/schema\/logo\/image\/","url":"https:\/\/jbsy-china.com\/wp-content\/uploads\/2023\/11\/cropped-\u56fe\u5c42-1.png","contentUrl":"https:\/\/jbsy-china.com\/wp-content\/uploads\/2023\/11\/cropped-\u56fe\u5c42-1.png","width":1049,"height":739,"caption":"Jingbang Industrial"},"image":{"@id":"https:\/\/jbsy-china.com\/#\/schema\/logo\/image\/"}}]}},"_links":{"self":[{"href":"https:\/\/jbsy-china.com\/pt\/wp-json\/wp\/v2\/product\/33108","targetHints":{"allow":["GET"]}}],"collection":[{"href":"https:\/\/jbsy-china.com\/pt\/wp-json\/wp\/v2\/product"}],"about":[{"href":"https:\/\/jbsy-china.com\/pt\/wp-json\/wp\/v2\/types\/product"}],"replies":[{"embeddable":true,"href":"https:\/\/jbsy-china.com\/pt\/wp-json\/wp\/v2\/comments?post=33108"}],"wp:featuredmedia":[{"embeddable":true,"href":"https:\/\/jbsy-china.com\/pt\/wp-json\/wp\/v2\/media\/33151"}],"wp:attachment":[{"href":"https:\/\/jbsy-china.com\/pt\/wp-json\/wp\/v2\/media?parent=33108"}],"wp:term":[{"taxonomy":"product_brand","embeddable":true,"href":"https:\/\/jbsy-china.com\/pt\/wp-json\/wp\/v2\/product_brand?post=33108"},{"taxonomy":"product_cat","embeddable":true,"href":"https:\/\/jbsy-china.com\/pt\/wp-json\/wp\/v2\/product_cat?post=33108"},{"taxonomy":"product_tag","embeddable":true,"href":"https:\/\/jbsy-china.com\/pt\/wp-json\/wp\/v2\/product_tag?post=33108"}],"curies":[{"name":"wp","href":"https:\/\/api.w.org\/{rel}","templated":true}]}}