{"id":33130,"date":"2025-05-06T07:32:35","date_gmt":"2025-05-06T07:32:35","guid":{"rendered":"https:\/\/jbsy-china.com\/?post_type=product&#038;p=33130"},"modified":"2025-07-31T09:42:43","modified_gmt":"2025-07-31T09:42:43","slug":"hexagon-socket-shear-bolt","status":"publish","type":"product","link":"https:\/\/jbsy-china.com\/pt\/produto\/hexagon-socket-shear-bolt\/","title":{"rendered":"Parafuso de cisalhamento com sextavado interno"},"content":{"rendered":"<p><img fetchpriority=\"high\" decoding=\"async\" class=\"alignnone size-full wp-image-7978\" src=\"http:\/\/jb-bolt.com\/wp-content\/uploads\/2025\/02\/\u51b7\u9566\u8be6\u60c5\u9875_01.jpg\" alt=\"\" width=\"790\" height=\"329\" \/> <img decoding=\"async\" class=\"alignnone size-full wp-image-7979\" src=\"http:\/\/jb-bolt.com\/wp-content\/uploads\/2025\/02\/\u51b7\u9566\u8be6\u60c5\u9875_02.jpg\" alt=\"\" width=\"790\" height=\"981\" \/> <img decoding=\"async\" class=\"alignnone size-full wp-image-7980\" src=\"http:\/\/jb-bolt.com\/wp-content\/uploads\/2025\/02\/\u51b7\u9566\u8be6\u60c5\u9875_03.jpg\" alt=\"\" width=\"790\" height=\"740\" \/> <img loading=\"lazy\" decoding=\"async\" class=\"alignnone size-full wp-image-7981\" src=\"http:\/\/jb-bolt.com\/wp-content\/uploads\/2025\/02\/\u51b7\u9566\u8be6\u60c5\u9875_04.jpg\" alt=\"\" width=\"790\" height=\"739\" \/> <img loading=\"lazy\" decoding=\"async\" class=\"alignnone size-full wp-image-7983\" src=\"http:\/\/jb-bolt.com\/wp-content\/uploads\/2025\/02\/\u51b7\u9566\u8be6\u60c5\u9875_05_01.jpg\" alt=\"\" width=\"790\" height=\"677\" \/><\/p>\n<p><strong>O processo de encabe\u00e7amento a frio \u00e9 um dos novos processos para a maquinagem sob press\u00e3o com menos ou nenhum corte<\/strong><br \/>\n<strong>metal. \u00c9 um m\u00e9todo de processamento que utiliza a deforma\u00e7\u00e3o pl\u00e1stica do metal sob a a\u00e7\u00e3o de<\/strong><br \/>\n<strong>for\u00e7as externas e, com a ajuda de moldes, redistribui e transfere o volume de metal para formar<\/strong><br \/>\n<strong>as pe\u00e7as ou os espa\u00e7os em branco necess\u00e1rios. O processo de encabe\u00e7amento a frio \u00e9 o mais adequado para a produ\u00e7\u00e3o de<\/strong><br \/>\n<strong>elementos de fixa\u00e7\u00e3o, tais como cavilhas, parafusos, porcas, rebites, cavilhas, etc.<\/strong><\/p>\n<p><img loading=\"lazy\" decoding=\"async\" class=\"alignnone size-full wp-image-7985\" src=\"http:\/\/jb-bolt.com\/wp-content\/uploads\/2025\/02\/\u51b7\u9566\u8be6\u60c5\u9875_05_03.jpg\" alt=\"\" width=\"790\" height=\"603\" \/> <img loading=\"lazy\" decoding=\"async\" class=\"alignnone size-full wp-image-7986\" src=\"http:\/\/jb-bolt.com\/wp-content\/uploads\/2025\/02\/\u51b7\u9566\u8be6\u60c5\u9875_06.jpg\" alt=\"\" width=\"790\" height=\"742\" \/><\/p>\n<p class=\"ds-markdown-paragraph\">Soquete hexagonal <a href=\"https:\/\/jbsy-china.com\/pt\/shear-off-nuts-and-bolts\/\">parafusos de cisalhamento<\/a>, tamb\u00e9m conhecido por\u00a0<strong>parafusos de cabe\u00e7a de cisalhamento<\/strong>\u00a0ou\u00a0<strong>cavilhas de separa\u00e7\u00e3o<\/strong>s\u00e3o fechos especializados concebidos para proporcionar uma seguran\u00e7a inviol\u00e1vel. Eis uma descri\u00e7\u00e3o pormenorizada:<\/p>\n<h5><strong>Carater\u00edsticas principais:<\/strong><\/h5>\n<ol start=\"1\">\n<li>\n<p class=\"ds-markdown-paragraph\"><strong>Soquete hexagonal (acionamento Allen):<\/strong><\/p>\n<ul>\n<li>\n<p class=\"ds-markdown-paragraph\">O parafuso tem um acionamento hexagonal interno (chave Allen) para a instala\u00e7\u00e3o.<\/p>\n<\/li>\n<li>\n<p class=\"ds-markdown-paragraph\">Uma vez apertada com um bin\u00e1rio especificado, a cabe\u00e7a \u00e9 cortada, deixando apenas uma superf\u00edcie lisa e n\u00e3o grip\u00e1vel.<\/p>\n<\/li>\n<li>Parafuso de cisalhamento com sextavado interno<\/li>\n<\/ul>\n<\/li>\n<li>\n<p class=\"ds-markdown-paragraph\"><strong>Mecanismo de cisalhamento:<\/strong><\/p>\n<ul>\n<li>\n<p class=\"ds-markdown-paragraph\">A cabe\u00e7a do parafuso foi concebida para\u00a0<strong>romper<\/strong>\u00a0ap\u00f3s a instala\u00e7\u00e3o, impedindo a remo\u00e7\u00e3o com ferramentas normais.<\/p>\n<\/li>\n<li>\n<p class=\"ds-markdown-paragraph\">A haste restante est\u00e1 nivelada com a superf\u00edcie, tornando-a dif\u00edcil de adulterar.<\/p>\n<\/li>\n<\/ul>\n<\/li>\n<li>\n<p class=\"ds-markdown-paragraph\"><strong>Materiais e acabamentos:<\/strong><\/p>\n<ul>\n<li>\n<p class=\"ds-markdown-paragraph\">Normalmente fabricado com\u00a0<strong>a\u00e7o de alta resist\u00eancia<\/strong>a\u00e7o inoxid\u00e1vel ou ligas met\u00e1licas.<\/p>\n<\/li>\n<li>\n<p class=\"ds-markdown-paragraph\">Os acabamentos mais comuns incluem\u00a0<strong>zincagem, \u00f3xido negro ou revestimentos resistentes \u00e0 corros\u00e3o<\/strong>.<\/p>\n<\/li>\n<\/ul>\n<\/li>\n<li>\n<p class=\"ds-markdown-paragraph\"><strong>Design inviol\u00e1vel:<\/strong><\/p>\n<ul>\n<li>\n<p class=\"ds-markdown-paragraph\">Utilizado em aplica\u00e7\u00f5es em que\u00a0<strong>seguran\u00e7a e preven\u00e7\u00e3o do vandalismo<\/strong>\u00a0s\u00e3o cr\u00edticos (por exemplo, infra-estruturas p\u00fablicas, pain\u00e9is el\u00e9ctricos, sistemas ferrovi\u00e1rios).<\/p>\n<\/li>\n<\/ul>\n<\/li>\n<li>\n<p class=\"ds-markdown-paragraph\"><strong>Aplica\u00e7\u00f5es comuns:<\/strong><\/p>\n<ul>\n<li>\n<p class=\"ds-markdown-paragraph\"><strong>Pain\u00e9is de seguran\u00e7a<\/strong>\u00a0(sinais de tr\u00e2nsito, contadores de servi\u00e7os p\u00fablicos)<\/p>\n<\/li>\n<li>\n<p class=\"ds-markdown-paragraph\"><strong>Montagens para o sector aeroespacial e autom\u00f3vel<\/strong><\/p>\n<\/li>\n<li>\n<p class=\"ds-markdown-paragraph\"><strong>Caminhos-de-ferro e constru\u00e7\u00e3o<\/strong>\u00a0(fixa\u00e7\u00e3o permanente)<\/p>\n<\/li>\n<li>\n<p class=\"ds-markdown-paragraph\"><strong>Equipamento militar e de defesa<\/strong><\/p>\n<\/li>\n<li><strong>Parafuso de cisalhamento com sextavado interno<\/strong><\/li>\n<\/ul>\n<\/li>\n<\/ol>\n<h5><strong>Tipos de parafusos de cisalhamento sextavados:<\/strong><\/h5>\n<ul>\n<li>\n<p class=\"ds-markdown-paragraph\"><strong>Parafusos de cisalhamento padr\u00e3o:<\/strong>\u00a0Quebra com um bin\u00e1rio pr\u00e9-definido.<\/p>\n<\/li>\n<li>\n<p class=\"ds-markdown-paragraph\"><strong>Parafusos de cisalhamento escareados:<\/strong>\u00a0Assentam \u00e0 superf\u00edcie ap\u00f3s o corte.<\/p>\n<\/li>\n<li>\n<p class=\"ds-markdown-paragraph\"><strong>Parafusos de cisalhamento de ombro:<\/strong>\u00a0Possuem uma sec\u00e7\u00e3o n\u00e3o roscada para um alinhamento preciso.<\/p>\n<\/li>\n<\/ul>","protected":false},"excerpt":{"rendered":"<h6><strong>Carater\u00edsticas principais:<\/strong><\/h6>\n<ul>\n<li style=\"list-style-type: none;\">\n<ul>\n<li>\n<p class=\"ds-markdown-paragraph\">O parafuso tem um acionamento hexagonal interno (chave Allen) para a instala\u00e7\u00e3o.<\/p>\n<\/li>\n<li>\n<p class=\"ds-markdown-paragraph\">Uma vez apertada com um bin\u00e1rio especificado, a cabe\u00e7a \u00e9 cortada, deixando apenas uma superf\u00edcie lisa e n\u00e3o grip\u00e1vel.<\/p>\n<\/li>\n<li>\n<p class=\"ds-markdown-paragraph\">A cabe\u00e7a do parafuso foi concebida para\u00a0<strong>romper<\/strong>\u00a0ap\u00f3s a instala\u00e7\u00e3o, impedindo a remo\u00e7\u00e3o com ferramentas normais.<\/p>\n<\/li>\n<\/ul>\n<\/li>\n<\/ul>","protected":false},"featured_media":33161,"comment_status":"closed","ping_status":"closed","template":"","meta":{"site-sidebar-layout":"default","site-content-layout":"","ast-site-content-layout":"default","site-content-style":"default","site-sidebar-style":"default","ast-global-header-display":"","ast-banner-title-visibility":"","ast-main-header-display":"","ast-hfb-above-header-display":"","ast-hfb-below-header-display":"","ast-hfb-mobile-header-display":"","site-post-title":"","ast-breadcrumbs-content":"","ast-featured-img":"","footer-sml-layout":"","ast-disable-related-posts":"","theme-transparent-header-meta":"default","adv-header-id-meta":"","stick-header-meta":"default","header-above-stick-meta":"","header-main-stick-meta":"","header-below-stick-meta":"","astra-migrate-meta-layouts":"set","ast-page-background-enabled":"default","ast-page-background-meta":{"desktop":{"background-color":"var(--ast-global-color-4)","background-image":"","background-repeat":"repeat","background-position":"center center","background-size":"auto","background-attachment":"scroll","background-type":"","background-media":"","overlay-type":"","overlay-color":"","overlay-opacity":"","overlay-gradient":""},"tablet":{"background-color":"","background-image":"","background-repeat":"repeat","background-position":"center center","background-size":"auto","background-attachment":"scroll","background-type":"","background-media":"","overlay-type":"","overlay-color":"","overlay-opacity":"","overlay-gradient":""},"mobile":{"background-color":"","background-image":"","background-repeat":"repeat","background-position":"center center","background-size":"auto","background-attachment":"scroll","background-type":"","background-media":"","overlay-type":"","overlay-color":"","overlay-opacity":"","overlay-gradient":""}},"ast-content-background-meta":{"desktop":{"background-color":"var(--ast-global-color-5)","background-image":"","background-repeat":"repeat","background-position":"center center","background-size":"auto","background-attachment":"scroll","background-type":"","background-media":"","overlay-type":"","overlay-color":"","overlay-opacity":"","overlay-gradient":""},"tablet":{"background-color":"var(--ast-global-color-5)","background-image":"","background-repeat":"repeat","background-position":"center center","background-size":"auto","background-attachment":"scroll","background-type":"","background-media":"","overlay-type":"","overlay-color":"","overlay-opacity":"","overlay-gradient":""},"mobile":{"background-color":"var(--ast-global-color-5)","background-image":"","background-repeat":"repeat","background-position":"center center","background-size":"auto","background-attachment":"scroll","background-type":"","background-media":"","overlay-type":"","overlay-color":"","overlay-opacity":"","overlay-gradient":""}},"_themeisle_gutenberg_block_has_review":false,"_ti_tpc_template_sync":false,"_ti_tpc_template_id":""},"product_brand":[],"product_cat":[1272],"product_tag":[],"class_list":{"0":"post-33130","1":"product","2":"type-product","3":"status-publish","4":"has-post-thumbnail","6":"product_cat-shear-off-nuts-and-bolts","7":"desktop-align-left","8":"tablet-align-left","9":"mobile-align-left","10":"ast-product-gallery-layout-horizontal-slider","11":"ast-product-tabs-layout-horizontal","12":"ast-qv-on-image","14":"first","15":"instock","16":"shipping-taxable","17":"product-type-simple"},"yoast_head":"<!-- This site is optimized with the Yoast SEO Premium plugin v21.7 (Yoast SEO v25.7) - https:\/\/yoast.com\/wordpress\/plugins\/seo\/ -->\n<title>Hexagon socket shear bolt - Jingbang Industrial<\/title>\n<meta name=\"description\" content=\"Hexagon socket shear bolt, also known as shear head bolts or breakaway bolts, are specialized fasteners designed to provide tamper-resistant security.\" \/>\n<meta name=\"robots\" content=\"index, follow, max-snippet:-1, max-image-preview:large, max-video-preview:-1\" \/>\n<link rel=\"canonical\" href=\"https:\/\/jbsy-china.com\/pt\/produto\/hexagon-socket-shear-bolt\/\" \/>\n<meta property=\"og:locale\" content=\"pt_PT\" \/>\n<meta property=\"og:type\" content=\"article\" \/>\n<meta property=\"og:title\" content=\"Hexagon socket shear bolt\" \/>\n<meta property=\"og:description\" content=\"Hexagon socket shear bolt, also known as shear head bolts or breakaway bolts, are specialized fasteners designed to provide tamper-resistant security.\" \/>\n<meta property=\"og:url\" content=\"https:\/\/jbsy-china.com\/pt\/produto\/hexagon-socket-shear-bolt\/\" \/>\n<meta property=\"og:site_name\" content=\"Jingbang Industrial\" \/>\n<meta property=\"article:modified_time\" content=\"2025-07-31T09:42:43+00:00\" \/>\n<meta property=\"og:image\" content=\"http:\/\/jbsy-china.com\/wp-content\/uploads\/2025\/05\/\u5185\u516d\u89d2\u526a\u5207\u87ba\u6813\u78b3\u94a2.jpg\" \/>\n\t<meta property=\"og:image:width\" content=\"800\" \/>\n\t<meta property=\"og:image:height\" content=\"800\" \/>\n\t<meta property=\"og:image:type\" content=\"image\/jpeg\" \/>\n<meta name=\"twitter:card\" content=\"summary_large_image\" \/>\n<meta name=\"twitter:label1\" content=\"Tempo estimado de leitura\" \/>\n\t<meta name=\"twitter:data1\" content=\"3 minutos\" \/>\n<script type=\"application\/ld+json\" class=\"yoast-schema-graph\">{\"@context\":\"https:\/\/schema.org\",\"@graph\":[{\"@type\":\"WebPage\",\"@id\":\"https:\/\/jbsy-china.com\/product\/hexagon-socket-shear-bolt\/\",\"url\":\"https:\/\/jbsy-china.com\/product\/hexagon-socket-shear-bolt\/\",\"name\":\"Hexagon socket shear bolt - Jingbang Industrial\",\"isPartOf\":{\"@id\":\"https:\/\/jbsy-china.com\/#website\"},\"primaryImageOfPage\":{\"@id\":\"https:\/\/jbsy-china.com\/product\/hexagon-socket-shear-bolt\/#primaryimage\"},\"image\":{\"@id\":\"https:\/\/jbsy-china.com\/product\/hexagon-socket-shear-bolt\/#primaryimage\"},\"thumbnailUrl\":\"https:\/\/jbsy-china.com\/wp-content\/uploads\/2025\/05\/\u5185\u516d\u89d2\u526a\u5207\u87ba\u6813\u78b3\u94a2.jpg\",\"datePublished\":\"2025-05-06T07:32:35+00:00\",\"dateModified\":\"2025-07-31T09:42:43+00:00\",\"description\":\"Hexagon socket shear bolt, also known as shear head bolts or breakaway bolts, are specialized fasteners designed to provide tamper-resistant security.\",\"breadcrumb\":{\"@id\":\"https:\/\/jbsy-china.com\/product\/hexagon-socket-shear-bolt\/#breadcrumb\"},\"inLanguage\":\"pt-PT\",\"potentialAction\":[{\"@type\":\"ReadAction\",\"target\":[\"https:\/\/jbsy-china.com\/product\/hexagon-socket-shear-bolt\/\"]}]},{\"@type\":\"ImageObject\",\"inLanguage\":\"pt-PT\",\"@id\":\"https:\/\/jbsy-china.com\/product\/hexagon-socket-shear-bolt\/#primaryimage\",\"url\":\"https:\/\/jbsy-china.com\/wp-content\/uploads\/2025\/05\/\u5185\u516d\u89d2\u526a\u5207\u87ba\u6813\u78b3\u94a2.jpg\",\"contentUrl\":\"https:\/\/jbsy-china.com\/wp-content\/uploads\/2025\/05\/\u5185\u516d\u89d2\u526a\u5207\u87ba\u6813\u78b3\u94a2.jpg\",\"width\":800,\"height\":800},{\"@type\":\"BreadcrumbList\",\"@id\":\"https:\/\/jbsy-china.com\/product\/hexagon-socket-shear-bolt\/#breadcrumb\",\"itemListElement\":[{\"@type\":\"ListItem\",\"position\":1,\"name\":\"Home\",\"item\":\"https:\/\/jbsy-china.com\/\"},{\"@type\":\"ListItem\",\"position\":2,\"name\":\"Products\",\"item\":\"https:\/\/jbsy-china.com\/shop\/\"},{\"@type\":\"ListItem\",\"position\":3,\"name\":\"Hexagon socket shear bolt\"}]},{\"@type\":\"WebSite\",\"@id\":\"https:\/\/jbsy-china.com\/#website\",\"url\":\"https:\/\/jbsy-china.com\/\",\"name\":\"Jingbang Industrial\",\"description\":\"Hardware and electronics manufacturer\",\"publisher\":{\"@id\":\"https:\/\/jbsy-china.com\/#organization\"},\"potentialAction\":[{\"@type\":\"SearchAction\",\"target\":{\"@type\":\"EntryPoint\",\"urlTemplate\":\"https:\/\/jbsy-china.com\/?s={search_term_string}\"},\"query-input\":{\"@type\":\"PropertyValueSpecification\",\"valueRequired\":true,\"valueName\":\"search_term_string\"}}],\"inLanguage\":\"pt-PT\"},{\"@type\":\"Organization\",\"@id\":\"https:\/\/jbsy-china.com\/#organization\",\"name\":\"Jingbang Industrial\",\"url\":\"https:\/\/jbsy-china.com\/\",\"logo\":{\"@type\":\"ImageObject\",\"inLanguage\":\"pt-PT\",\"@id\":\"https:\/\/jbsy-china.com\/#\/schema\/logo\/image\/\",\"url\":\"https:\/\/jbsy-china.com\/wp-content\/uploads\/2023\/11\/cropped-\u56fe\u5c42-1.png\",\"contentUrl\":\"https:\/\/jbsy-china.com\/wp-content\/uploads\/2023\/11\/cropped-\u56fe\u5c42-1.png\",\"width\":1049,\"height\":739,\"caption\":\"Jingbang Industrial\"},\"image\":{\"@id\":\"https:\/\/jbsy-china.com\/#\/schema\/logo\/image\/\"}}]}<\/script>\n<!-- \/ Yoast SEO Premium plugin. -->","yoast_head_json":{"title":"Hexagon socket shear bolt - Jingbang Industrial","description":"Hexagon socket shear bolt, also known as shear head bolts or breakaway bolts, are specialized fasteners designed to provide tamper-resistant security.","robots":{"index":"index","follow":"follow","max-snippet":"max-snippet:-1","max-image-preview":"max-image-preview:large","max-video-preview":"max-video-preview:-1"},"canonical":"https:\/\/jbsy-china.com\/pt\/produto\/hexagon-socket-shear-bolt\/","og_locale":"pt_PT","og_type":"article","og_title":"Hexagon socket shear bolt","og_description":"Hexagon socket shear bolt, also known as shear head bolts or breakaway bolts, are specialized fasteners designed to provide tamper-resistant security.","og_url":"https:\/\/jbsy-china.com\/pt\/produto\/hexagon-socket-shear-bolt\/","og_site_name":"Jingbang Industrial","article_modified_time":"2025-07-31T09:42:43+00:00","og_image":[{"width":800,"height":800,"url":"http:\/\/jbsy-china.com\/wp-content\/uploads\/2025\/05\/\u5185\u516d\u89d2\u526a\u5207\u87ba\u6813\u78b3\u94a2.jpg","type":"image\/jpeg"}],"twitter_card":"summary_large_image","twitter_misc":{"Tempo estimado de leitura":"3 minutos"},"schema":{"@context":"https:\/\/schema.org","@graph":[{"@type":"WebPage","@id":"https:\/\/jbsy-china.com\/product\/hexagon-socket-shear-bolt\/","url":"https:\/\/jbsy-china.com\/product\/hexagon-socket-shear-bolt\/","name":"Hexagon socket shear bolt - Jingbang Industrial","isPartOf":{"@id":"https:\/\/jbsy-china.com\/#website"},"primaryImageOfPage":{"@id":"https:\/\/jbsy-china.com\/product\/hexagon-socket-shear-bolt\/#primaryimage"},"image":{"@id":"https:\/\/jbsy-china.com\/product\/hexagon-socket-shear-bolt\/#primaryimage"},"thumbnailUrl":"https:\/\/jbsy-china.com\/wp-content\/uploads\/2025\/05\/\u5185\u516d\u89d2\u526a\u5207\u87ba\u6813\u78b3\u94a2.jpg","datePublished":"2025-05-06T07:32:35+00:00","dateModified":"2025-07-31T09:42:43+00:00","description":"Hexagon socket shear bolt, also known as shear head bolts or breakaway bolts, are specialized fasteners designed to provide tamper-resistant security.","breadcrumb":{"@id":"https:\/\/jbsy-china.com\/product\/hexagon-socket-shear-bolt\/#breadcrumb"},"inLanguage":"pt-PT","potentialAction":[{"@type":"ReadAction","target":["https:\/\/jbsy-china.com\/product\/hexagon-socket-shear-bolt\/"]}]},{"@type":"ImageObject","inLanguage":"pt-PT","@id":"https:\/\/jbsy-china.com\/product\/hexagon-socket-shear-bolt\/#primaryimage","url":"https:\/\/jbsy-china.com\/wp-content\/uploads\/2025\/05\/\u5185\u516d\u89d2\u526a\u5207\u87ba\u6813\u78b3\u94a2.jpg","contentUrl":"https:\/\/jbsy-china.com\/wp-content\/uploads\/2025\/05\/\u5185\u516d\u89d2\u526a\u5207\u87ba\u6813\u78b3\u94a2.jpg","width":800,"height":800},{"@type":"BreadcrumbList","@id":"https:\/\/jbsy-china.com\/product\/hexagon-socket-shear-bolt\/#breadcrumb","itemListElement":[{"@type":"ListItem","position":1,"name":"Home","item":"https:\/\/jbsy-china.com\/"},{"@type":"ListItem","position":2,"name":"Products","item":"https:\/\/jbsy-china.com\/shop\/"},{"@type":"ListItem","position":3,"name":"Hexagon socket shear bolt"}]},{"@type":"WebSite","@id":"https:\/\/jbsy-china.com\/#website","url":"https:\/\/jbsy-china.com\/","name":"Jingbang Industrial","description":"Fabricante de hardware e eletr\u00f3nica","publisher":{"@id":"https:\/\/jbsy-china.com\/#organization"},"potentialAction":[{"@type":"SearchAction","target":{"@type":"EntryPoint","urlTemplate":"https:\/\/jbsy-china.com\/?s={search_term_string}"},"query-input":{"@type":"PropertyValueSpecification","valueRequired":true,"valueName":"search_term_string"}}],"inLanguage":"pt-PT"},{"@type":"Organization","@id":"https:\/\/jbsy-china.com\/#organization","name":"Jingbang Industrial","url":"https:\/\/jbsy-china.com\/","logo":{"@type":"ImageObject","inLanguage":"pt-PT","@id":"https:\/\/jbsy-china.com\/#\/schema\/logo\/image\/","url":"https:\/\/jbsy-china.com\/wp-content\/uploads\/2023\/11\/cropped-\u56fe\u5c42-1.png","contentUrl":"https:\/\/jbsy-china.com\/wp-content\/uploads\/2023\/11\/cropped-\u56fe\u5c42-1.png","width":1049,"height":739,"caption":"Jingbang Industrial"},"image":{"@id":"https:\/\/jbsy-china.com\/#\/schema\/logo\/image\/"}}]}},"_links":{"self":[{"href":"https:\/\/jbsy-china.com\/pt\/wp-json\/wp\/v2\/product\/33130","targetHints":{"allow":["GET"]}}],"collection":[{"href":"https:\/\/jbsy-china.com\/pt\/wp-json\/wp\/v2\/product"}],"about":[{"href":"https:\/\/jbsy-china.com\/pt\/wp-json\/wp\/v2\/types\/product"}],"replies":[{"embeddable":true,"href":"https:\/\/jbsy-china.com\/pt\/wp-json\/wp\/v2\/comments?post=33130"}],"wp:featuredmedia":[{"embeddable":true,"href":"https:\/\/jbsy-china.com\/pt\/wp-json\/wp\/v2\/media\/33161"}],"wp:attachment":[{"href":"https:\/\/jbsy-china.com\/pt\/wp-json\/wp\/v2\/media?parent=33130"}],"wp:term":[{"taxonomy":"product_brand","embeddable":true,"href":"https:\/\/jbsy-china.com\/pt\/wp-json\/wp\/v2\/product_brand?post=33130"},{"taxonomy":"product_cat","embeddable":true,"href":"https:\/\/jbsy-china.com\/pt\/wp-json\/wp\/v2\/product_cat?post=33130"},{"taxonomy":"product_tag","embeddable":true,"href":"https:\/\/jbsy-china.com\/pt\/wp-json\/wp\/v2\/product_tag?post=33130"}],"curies":[{"name":"wp","href":"https:\/\/api.w.org\/{rel}","templated":true}]}}