{"id":33131,"date":"2025-05-06T07:32:36","date_gmt":"2025-05-06T07:32:36","guid":{"rendered":"https:\/\/jbsy-china.com\/?post_type=product&#038;p=33131"},"modified":"2025-07-31T08:53:32","modified_gmt":"2025-07-31T08:53:32","slug":"cup-head-shear-bolt","status":"publish","type":"product","link":"https:\/\/jbsy-china.com\/pt\/produto\/cup-head-shear-bolt\/","title":{"rendered":"Parafuso de cisalhamento com cabe\u00e7a de copo"},"content":{"rendered":"<p><img fetchpriority=\"high\" decoding=\"async\" class=\"alignnone size-full wp-image-7978\" src=\"http:\/\/jb-bolt.com\/wp-content\/uploads\/2025\/02\/\u51b7\u9566\u8be6\u60c5\u9875_01.jpg\" alt=\"\" width=\"790\" height=\"329\" \/> <img decoding=\"async\" class=\"alignnone size-full wp-image-7979\" src=\"http:\/\/jb-bolt.com\/wp-content\/uploads\/2025\/02\/\u51b7\u9566\u8be6\u60c5\u9875_02.jpg\" alt=\"\" width=\"790\" height=\"981\" \/> <img decoding=\"async\" class=\"alignnone size-full wp-image-7980\" src=\"http:\/\/jb-bolt.com\/wp-content\/uploads\/2025\/02\/\u51b7\u9566\u8be6\u60c5\u9875_03.jpg\" alt=\"\" width=\"790\" height=\"740\" \/> <img loading=\"lazy\" decoding=\"async\" class=\"alignnone size-full wp-image-7981\" src=\"http:\/\/jb-bolt.com\/wp-content\/uploads\/2025\/02\/\u51b7\u9566\u8be6\u60c5\u9875_04.jpg\" alt=\"\" width=\"790\" height=\"739\" \/> <img loading=\"lazy\" decoding=\"async\" class=\"alignnone size-full wp-image-7983\" src=\"http:\/\/jb-bolt.com\/wp-content\/uploads\/2025\/02\/\u51b7\u9566\u8be6\u60c5\u9875_05_01.jpg\" alt=\"\" width=\"790\" height=\"677\" \/><\/p>\n<p><strong>O processo de encabe\u00e7amento a frio \u00e9 um dos novos processos para a maquinagem sob press\u00e3o com menos ou nenhum corte<\/strong><br \/>\n<strong>metal. \u00c9 um m\u00e9todo de processamento que utiliza a deforma\u00e7\u00e3o pl\u00e1stica do metal sob a a\u00e7\u00e3o de<\/strong><br \/>\n<strong>for\u00e7as externas e, com a ajuda de moldes, redistribui e transfere o volume de metal para formar<\/strong><br \/>\n<strong>as pe\u00e7as ou os espa\u00e7os em branco necess\u00e1rios. O processo de encabe\u00e7amento a frio \u00e9 o mais adequado para a produ\u00e7\u00e3o de<\/strong><br \/>\n<strong>elementos de fixa\u00e7\u00e3o, tais como cavilhas, parafusos, porcas, rebites, cavilhas, etc.<\/strong><\/p>\n<p><img loading=\"lazy\" decoding=\"async\" class=\"alignnone size-full wp-image-7985\" src=\"http:\/\/jb-bolt.com\/wp-content\/uploads\/2025\/02\/\u51b7\u9566\u8be6\u60c5\u9875_05_03.jpg\" alt=\"\" width=\"790\" height=\"603\" \/> <img loading=\"lazy\" decoding=\"async\" class=\"alignnone size-full wp-image-7986\" src=\"http:\/\/jb-bolt.com\/wp-content\/uploads\/2025\/02\/\u51b7\u9566\u8be6\u60c5\u9875_06.jpg\" alt=\"\" width=\"790\" height=\"742\" \/><\/p>\n<p class=\"ds-markdown-paragraph\">Aqui est\u00e1 uma vis\u00e3o geral concisa mas abrangente de\u00a0<strong>parafusos de cisalhamento de cabe\u00e7a semi-redonda<\/strong>A sua conce\u00e7\u00e3o, funcionamento e aplica\u00e7\u00f5es t\u00edpicas:<\/p>\n<h5><strong>Cabe\u00e7a meia-volta <a href=\"https:\/\/jbsy-china.com\/pt\/shear-off-nuts-and-bolts\/\">Parafusos de cisalhamento<\/a>: Vis\u00e3o geral<\/strong><\/h5>\n<p class=\"ds-markdown-paragraph\"><strong>Defini\u00e7\u00e3o<\/strong>: Um fixador especializado com um\u00a0<strong>cabe\u00e7a em forma de meia esfera (abobadada)<\/strong>\u00a0e\u00a0<strong>haste resistente ao cisalhamento<\/strong>O sistema de prote\u00e7\u00e3o contra as for\u00e7as laterais foi concebido para resistir \u00e0s for\u00e7as laterais, mantendo uma superf\u00edcie lisa e de baixo perfil.<\/p>\n<h4><strong>Carater\u00edsticas principais<\/strong>:<\/h4>\n<ol start=\"1\">\n<li>\n<p class=\"ds-markdown-paragraph\"><strong>Desenho da cabe\u00e7a<\/strong>:<\/p>\n<ul>\n<li>\n<p class=\"ds-markdown-paragraph\"><strong>C\u00fapula semicircular<\/strong>\u00a0para reduzir o risco de encravamento e a aerodin\u00e2mica (comum nas utiliza\u00e7\u00f5es aeron\u00e1uticas\/automotivas).<\/p>\n<\/li>\n<li>\n<p class=\"ds-markdown-paragraph\">Inclui frequentemente\u00a0<strong>com fenda ou Phillips<\/strong>\u00a0para instala\u00e7\u00e3o.<\/p>\n<\/li>\n<li>Parafuso de cisalhamento com cabe\u00e7a de copo<\/li>\n<\/ul>\n<\/li>\n<li>\n<p class=\"ds-markdown-paragraph\"><strong>Resist\u00eancia ao cisalhamento<\/strong>:<\/p>\n<ul>\n<li>\n<p class=\"ds-markdown-paragraph\"><strong>Haste endurecida<\/strong>\u00a0resiste \u00e0 rutura sob tens\u00e3o lateral (por exemplo, em m\u00e1quinas ou juntas estruturais).<\/p>\n<\/li>\n<li>\n<p class=\"ds-markdown-paragraph\">Carater\u00edstica de maio\u00a0<strong>sec\u00e7\u00f5es com ou sem rosca<\/strong>\u00a0para controlar os pontos de cisalhamento.<\/p>\n<\/li>\n<\/ul>\n<\/li>\n<li>\n<p class=\"ds-markdown-paragraph\"><strong>Materiais<\/strong>:<\/p>\n<ul>\n<li>\n<p class=\"ds-markdown-paragraph\">Tipicamente\u00a0<strong>a\u00e7o inoxid\u00e1vel<\/strong>,\u00a0<strong>liga de a\u00e7o<\/strong>, ou\u00a0<strong>tit\u00e2nio<\/strong>\u00a0para necessidades de corros\u00e3o\/resist\u00eancia.<\/p>\n<\/li>\n<li>\n<p class=\"ds-markdown-paragraph\">Revestimentos (por exemplo, zinco, c\u00e1dmio) para maior durabilidade.<\/p>\n<\/li>\n<li>Parafuso de cisalhamento com cabe\u00e7a de copo<\/li>\n<\/ul>\n<\/li>\n<\/ol>\n<h4><strong>Utiliza\u00e7\u00f5es comuns<\/strong>:<\/h4>\n<ul>\n<li>\n<p class=\"ds-markdown-paragraph\"><strong>Aeroespacial<\/strong>: Fixar pain\u00e9is\/pain\u00e9is de acesso quando as superf\u00edcies niveladas s\u00e3o cr\u00edticas.<\/p>\n<\/li>\n<li>\n<p class=\"ds-markdown-paragraph\"><strong>Autom\u00f3vel<\/strong>: Componentes da suspens\u00e3o, sistemas de travagem.<\/p>\n<\/li>\n<li>\n<p class=\"ds-markdown-paragraph\"><strong>M\u00e1quinas industriais<\/strong>: Ambientes de vibra\u00e7\u00e3o elevada.<\/p>\n<\/li>\n<\/ul>\n<h4><strong>Vantagens<\/strong>:<\/h4>\n<ul>\n<li>\n<p class=\"ds-markdown-paragraph\"><strong>Perfil simplificado<\/strong>\u00a0minimiza a sali\u00eancia.<\/p>\n<\/li>\n<li>\n<p class=\"ds-markdown-paragraph\"><strong>For\u00e7a equilibrada<\/strong>\u00a0contra o cisalhamento\u00a0<em>e<\/em>\u00a0cargas de tra\u00e7\u00e3o.<\/p>\n<\/li>\n<li>\n<p class=\"ds-markdown-paragraph\"><strong>Resistente \u00e0 corros\u00e3o<\/strong>\u00a0variantes dispon\u00edveis.<\/p>\n<\/li>\n<li>Parafuso de cisalhamento com cabe\u00e7a de copo<\/li>\n<\/ul>\n<p class=\"ds-markdown-paragraph\"><strong>Nota<\/strong>: Muitas vezes confundidas com parafusos de \"cabe\u00e7a de bot\u00e3o\" - as cabe\u00e7as de meia-volta t\u00eam uma\u00a0<strong>c\u00fapula mais alta<\/strong>, enquanto as cabe\u00e7as dos bot\u00f5es s\u00e3o mais planas.<\/p>","protected":false},"excerpt":{"rendered":"<h6><strong>Carater\u00edsticas principais<\/strong>:<\/h6>\n<ul>\n<li style=\"list-style-type: none;\">\n<ul>\n<li>\n<p class=\"ds-markdown-paragraph\"><strong>C\u00fapula semicircular<\/strong>\u00a0para reduzir o risco de encravamento e a aerodin\u00e2mica (comum nas utiliza\u00e7\u00f5es aeron\u00e1uticas\/automotivas).<\/p>\n<\/li>\n<li>\n<p class=\"ds-markdown-paragraph\">Carater\u00edstica de maio\u00a0<strong>sec\u00e7\u00f5es com ou sem rosca<\/strong>\u00a0para controlar os pontos de cisalhamento.<\/p>\n<\/li>\n<li>\n<p class=\"ds-markdown-paragraph\"><strong>Haste endurecida<\/strong>\u00a0resiste \u00e0 rutura sob tens\u00e3o lateral (por exemplo, em m\u00e1quinas ou juntas estruturais).<\/p>\n<\/li>\n<\/ul>\n<\/li>\n<\/ul>","protected":false},"featured_media":33160,"comment_status":"closed","ping_status":"closed","template":"","meta":{"site-sidebar-layout":"default","site-content-layout":"","ast-site-content-layout":"default","site-content-style":"default","site-sidebar-style":"default","ast-global-header-display":"","ast-banner-title-visibility":"","ast-main-header-display":"","ast-hfb-above-header-display":"","ast-hfb-below-header-display":"","ast-hfb-mobile-header-display":"","site-post-title":"","ast-breadcrumbs-content":"","ast-featured-img":"","footer-sml-layout":"","ast-disable-related-posts":"","theme-transparent-header-meta":"default","adv-header-id-meta":"","stick-header-meta":"default","header-above-stick-meta":"","header-main-stick-meta":"","header-below-stick-meta":"","astra-migrate-meta-layouts":"set","ast-page-background-enabled":"default","ast-page-background-meta":{"desktop":{"background-color":"var(--ast-global-color-4)","background-image":"","background-repeat":"repeat","background-position":"center center","background-size":"auto","background-attachment":"scroll","background-type":"","background-media":"","overlay-type":"","overlay-color":"","overlay-opacity":"","overlay-gradient":""},"tablet":{"background-color":"","background-image":"","background-repeat":"repeat","background-position":"center center","background-size":"auto","background-attachment":"scroll","background-type":"","background-media":"","overlay-type":"","overlay-color":"","overlay-opacity":"","overlay-gradient":""},"mobile":{"background-color":"","background-image":"","background-repeat":"repeat","background-position":"center center","background-size":"auto","background-attachment":"scroll","background-type":"","background-media":"","overlay-type":"","overlay-color":"","overlay-opacity":"","overlay-gradient":""}},"ast-content-background-meta":{"desktop":{"background-color":"var(--ast-global-color-5)","background-image":"","background-repeat":"repeat","background-position":"center center","background-size":"auto","background-attachment":"scroll","background-type":"","background-media":"","overlay-type":"","overlay-color":"","overlay-opacity":"","overlay-gradient":""},"tablet":{"background-color":"var(--ast-global-color-5)","background-image":"","background-repeat":"repeat","background-position":"center center","background-size":"auto","background-attachment":"scroll","background-type":"","background-media":"","overlay-type":"","overlay-color":"","overlay-opacity":"","overlay-gradient":""},"mobile":{"background-color":"var(--ast-global-color-5)","background-image":"","background-repeat":"repeat","background-position":"center center","background-size":"auto","background-attachment":"scroll","background-type":"","background-media":"","overlay-type":"","overlay-color":"","overlay-opacity":"","overlay-gradient":""}},"_themeisle_gutenberg_block_has_review":false,"_ti_tpc_template_sync":false,"_ti_tpc_template_id":""},"product_brand":[],"product_cat":[1272],"product_tag":[],"class_list":{"0":"post-33131","1":"product","2":"type-product","3":"status-publish","4":"has-post-thumbnail","6":"product_cat-shear-off-nuts-and-bolts","7":"desktop-align-left","8":"tablet-align-left","9":"mobile-align-left","10":"ast-product-gallery-layout-horizontal-slider","11":"ast-product-tabs-layout-horizontal","12":"ast-qv-on-image","14":"first","15":"instock","16":"shipping-taxable","17":"product-type-simple"},"yoast_head":"<!-- This site is optimized with the Yoast SEO Premium plugin v21.7 (Yoast SEO v25.7) - https:\/\/yoast.com\/wordpress\/plugins\/seo\/ -->\n<title>Cup head shear bolt - Jingbang Industrial<\/title>\n<meta name=\"description\" content=\"The cup head shear bolt is a specialized fastener with a hemispherical head and shear shank designed to carry lateral forces.\" \/>\n<meta name=\"robots\" content=\"index, follow, max-snippet:-1, max-image-preview:large, max-video-preview:-1\" \/>\n<link rel=\"canonical\" href=\"https:\/\/jbsy-china.com\/pt\/produto\/cup-head-shear-bolt\/\" \/>\n<meta property=\"og:locale\" content=\"pt_PT\" \/>\n<meta property=\"og:type\" content=\"article\" \/>\n<meta property=\"og:title\" content=\"Cup head shear bolt\" \/>\n<meta property=\"og:description\" content=\"The cup head shear bolt is a specialized fastener with a hemispherical head and shear shank designed to carry lateral forces.\" \/>\n<meta property=\"og:url\" content=\"https:\/\/jbsy-china.com\/pt\/produto\/cup-head-shear-bolt\/\" \/>\n<meta property=\"og:site_name\" content=\"Jingbang Industrial\" \/>\n<meta property=\"article:modified_time\" content=\"2025-07-31T08:53:32+00:00\" \/>\n<meta property=\"og:image\" content=\"http:\/\/jbsy-china.com\/wp-content\/uploads\/2025\/05\/\u5185\u516d\u89d2\u5e26\u6eda\u82b1\u526a\u5207\u87ba\u6813\u78b3\u94a2.jpg\" \/>\n\t<meta property=\"og:image:width\" content=\"800\" \/>\n\t<meta property=\"og:image:height\" content=\"800\" \/>\n\t<meta property=\"og:image:type\" content=\"image\/jpeg\" \/>\n<meta name=\"twitter:card\" content=\"summary_large_image\" \/>\n<meta name=\"twitter:label1\" content=\"Tempo estimado de leitura\" \/>\n\t<meta name=\"twitter:data1\" content=\"3 minutos\" \/>\n<script type=\"application\/ld+json\" class=\"yoast-schema-graph\">{\"@context\":\"https:\/\/schema.org\",\"@graph\":[{\"@type\":\"WebPage\",\"@id\":\"https:\/\/jbsy-china.com\/product\/cup-head-shear-bolt\/\",\"url\":\"https:\/\/jbsy-china.com\/product\/cup-head-shear-bolt\/\",\"name\":\"Cup head shear bolt - Jingbang Industrial\",\"isPartOf\":{\"@id\":\"https:\/\/jbsy-china.com\/#website\"},\"primaryImageOfPage\":{\"@id\":\"https:\/\/jbsy-china.com\/product\/cup-head-shear-bolt\/#primaryimage\"},\"image\":{\"@id\":\"https:\/\/jbsy-china.com\/product\/cup-head-shear-bolt\/#primaryimage\"},\"thumbnailUrl\":\"https:\/\/jbsy-china.com\/wp-content\/uploads\/2025\/05\/\u5185\u516d\u89d2\u5e26\u6eda\u82b1\u526a\u5207\u87ba\u6813\u78b3\u94a2.jpg\",\"datePublished\":\"2025-05-06T07:32:36+00:00\",\"dateModified\":\"2025-07-31T08:53:32+00:00\",\"description\":\"The cup head shear bolt is a specialized fastener with a hemispherical head and shear shank designed to carry lateral forces.\",\"breadcrumb\":{\"@id\":\"https:\/\/jbsy-china.com\/product\/cup-head-shear-bolt\/#breadcrumb\"},\"inLanguage\":\"pt-PT\",\"potentialAction\":[{\"@type\":\"ReadAction\",\"target\":[\"https:\/\/jbsy-china.com\/product\/cup-head-shear-bolt\/\"]}]},{\"@type\":\"ImageObject\",\"inLanguage\":\"pt-PT\",\"@id\":\"https:\/\/jbsy-china.com\/product\/cup-head-shear-bolt\/#primaryimage\",\"url\":\"https:\/\/jbsy-china.com\/wp-content\/uploads\/2025\/05\/\u5185\u516d\u89d2\u5e26\u6eda\u82b1\u526a\u5207\u87ba\u6813\u78b3\u94a2.jpg\",\"contentUrl\":\"https:\/\/jbsy-china.com\/wp-content\/uploads\/2025\/05\/\u5185\u516d\u89d2\u5e26\u6eda\u82b1\u526a\u5207\u87ba\u6813\u78b3\u94a2.jpg\",\"width\":800,\"height\":800},{\"@type\":\"BreadcrumbList\",\"@id\":\"https:\/\/jbsy-china.com\/product\/cup-head-shear-bolt\/#breadcrumb\",\"itemListElement\":[{\"@type\":\"ListItem\",\"position\":1,\"name\":\"Home\",\"item\":\"https:\/\/jbsy-china.com\/\"},{\"@type\":\"ListItem\",\"position\":2,\"name\":\"Products\",\"item\":\"https:\/\/jbsy-china.com\/shop\/\"},{\"@type\":\"ListItem\",\"position\":3,\"name\":\"Cup head shear bolt\"}]},{\"@type\":\"WebSite\",\"@id\":\"https:\/\/jbsy-china.com\/#website\",\"url\":\"https:\/\/jbsy-china.com\/\",\"name\":\"Jingbang Industrial\",\"description\":\"Hardware and electronics manufacturer\",\"publisher\":{\"@id\":\"https:\/\/jbsy-china.com\/#organization\"},\"potentialAction\":[{\"@type\":\"SearchAction\",\"target\":{\"@type\":\"EntryPoint\",\"urlTemplate\":\"https:\/\/jbsy-china.com\/?s={search_term_string}\"},\"query-input\":{\"@type\":\"PropertyValueSpecification\",\"valueRequired\":true,\"valueName\":\"search_term_string\"}}],\"inLanguage\":\"pt-PT\"},{\"@type\":\"Organization\",\"@id\":\"https:\/\/jbsy-china.com\/#organization\",\"name\":\"Jingbang Industrial\",\"url\":\"https:\/\/jbsy-china.com\/\",\"logo\":{\"@type\":\"ImageObject\",\"inLanguage\":\"pt-PT\",\"@id\":\"https:\/\/jbsy-china.com\/#\/schema\/logo\/image\/\",\"url\":\"https:\/\/jbsy-china.com\/wp-content\/uploads\/2023\/11\/cropped-\u56fe\u5c42-1.png\",\"contentUrl\":\"https:\/\/jbsy-china.com\/wp-content\/uploads\/2023\/11\/cropped-\u56fe\u5c42-1.png\",\"width\":1049,\"height\":739,\"caption\":\"Jingbang Industrial\"},\"image\":{\"@id\":\"https:\/\/jbsy-china.com\/#\/schema\/logo\/image\/\"}}]}<\/script>\n<!-- \/ Yoast SEO Premium plugin. -->","yoast_head_json":{"title":"Cup head shear bolt - Jingbang Industrial","description":"The cup head shear bolt is a specialized fastener with a hemispherical head and shear shank designed to carry lateral forces.","robots":{"index":"index","follow":"follow","max-snippet":"max-snippet:-1","max-image-preview":"max-image-preview:large","max-video-preview":"max-video-preview:-1"},"canonical":"https:\/\/jbsy-china.com\/pt\/produto\/cup-head-shear-bolt\/","og_locale":"pt_PT","og_type":"article","og_title":"Cup head shear bolt","og_description":"The cup head shear bolt is a specialized fastener with a hemispherical head and shear shank designed to carry lateral forces.","og_url":"https:\/\/jbsy-china.com\/pt\/produto\/cup-head-shear-bolt\/","og_site_name":"Jingbang Industrial","article_modified_time":"2025-07-31T08:53:32+00:00","og_image":[{"width":800,"height":800,"url":"http:\/\/jbsy-china.com\/wp-content\/uploads\/2025\/05\/\u5185\u516d\u89d2\u5e26\u6eda\u82b1\u526a\u5207\u87ba\u6813\u78b3\u94a2.jpg","type":"image\/jpeg"}],"twitter_card":"summary_large_image","twitter_misc":{"Tempo estimado de leitura":"3 minutos"},"schema":{"@context":"https:\/\/schema.org","@graph":[{"@type":"WebPage","@id":"https:\/\/jbsy-china.com\/product\/cup-head-shear-bolt\/","url":"https:\/\/jbsy-china.com\/product\/cup-head-shear-bolt\/","name":"Cup head shear bolt - Jingbang Industrial","isPartOf":{"@id":"https:\/\/jbsy-china.com\/#website"},"primaryImageOfPage":{"@id":"https:\/\/jbsy-china.com\/product\/cup-head-shear-bolt\/#primaryimage"},"image":{"@id":"https:\/\/jbsy-china.com\/product\/cup-head-shear-bolt\/#primaryimage"},"thumbnailUrl":"https:\/\/jbsy-china.com\/wp-content\/uploads\/2025\/05\/\u5185\u516d\u89d2\u5e26\u6eda\u82b1\u526a\u5207\u87ba\u6813\u78b3\u94a2.jpg","datePublished":"2025-05-06T07:32:36+00:00","dateModified":"2025-07-31T08:53:32+00:00","description":"The cup head shear bolt is a specialized fastener with a hemispherical head and shear shank designed to carry lateral forces.","breadcrumb":{"@id":"https:\/\/jbsy-china.com\/product\/cup-head-shear-bolt\/#breadcrumb"},"inLanguage":"pt-PT","potentialAction":[{"@type":"ReadAction","target":["https:\/\/jbsy-china.com\/product\/cup-head-shear-bolt\/"]}]},{"@type":"ImageObject","inLanguage":"pt-PT","@id":"https:\/\/jbsy-china.com\/product\/cup-head-shear-bolt\/#primaryimage","url":"https:\/\/jbsy-china.com\/wp-content\/uploads\/2025\/05\/\u5185\u516d\u89d2\u5e26\u6eda\u82b1\u526a\u5207\u87ba\u6813\u78b3\u94a2.jpg","contentUrl":"https:\/\/jbsy-china.com\/wp-content\/uploads\/2025\/05\/\u5185\u516d\u89d2\u5e26\u6eda\u82b1\u526a\u5207\u87ba\u6813\u78b3\u94a2.jpg","width":800,"height":800},{"@type":"BreadcrumbList","@id":"https:\/\/jbsy-china.com\/product\/cup-head-shear-bolt\/#breadcrumb","itemListElement":[{"@type":"ListItem","position":1,"name":"Home","item":"https:\/\/jbsy-china.com\/"},{"@type":"ListItem","position":2,"name":"Products","item":"https:\/\/jbsy-china.com\/shop\/"},{"@type":"ListItem","position":3,"name":"Cup head shear bolt"}]},{"@type":"WebSite","@id":"https:\/\/jbsy-china.com\/#website","url":"https:\/\/jbsy-china.com\/","name":"Jingbang Industrial","description":"Fabricante de hardware e eletr\u00f3nica","publisher":{"@id":"https:\/\/jbsy-china.com\/#organization"},"potentialAction":[{"@type":"SearchAction","target":{"@type":"EntryPoint","urlTemplate":"https:\/\/jbsy-china.com\/?s={search_term_string}"},"query-input":{"@type":"PropertyValueSpecification","valueRequired":true,"valueName":"search_term_string"}}],"inLanguage":"pt-PT"},{"@type":"Organization","@id":"https:\/\/jbsy-china.com\/#organization","name":"Jingbang Industrial","url":"https:\/\/jbsy-china.com\/","logo":{"@type":"ImageObject","inLanguage":"pt-PT","@id":"https:\/\/jbsy-china.com\/#\/schema\/logo\/image\/","url":"https:\/\/jbsy-china.com\/wp-content\/uploads\/2023\/11\/cropped-\u56fe\u5c42-1.png","contentUrl":"https:\/\/jbsy-china.com\/wp-content\/uploads\/2023\/11\/cropped-\u56fe\u5c42-1.png","width":1049,"height":739,"caption":"Jingbang Industrial"},"image":{"@id":"https:\/\/jbsy-china.com\/#\/schema\/logo\/image\/"}}]}},"_links":{"self":[{"href":"https:\/\/jbsy-china.com\/pt\/wp-json\/wp\/v2\/product\/33131","targetHints":{"allow":["GET"]}}],"collection":[{"href":"https:\/\/jbsy-china.com\/pt\/wp-json\/wp\/v2\/product"}],"about":[{"href":"https:\/\/jbsy-china.com\/pt\/wp-json\/wp\/v2\/types\/product"}],"replies":[{"embeddable":true,"href":"https:\/\/jbsy-china.com\/pt\/wp-json\/wp\/v2\/comments?post=33131"}],"wp:featuredmedia":[{"embeddable":true,"href":"https:\/\/jbsy-china.com\/pt\/wp-json\/wp\/v2\/media\/33160"}],"wp:attachment":[{"href":"https:\/\/jbsy-china.com\/pt\/wp-json\/wp\/v2\/media?parent=33131"}],"wp:term":[{"taxonomy":"product_brand","embeddable":true,"href":"https:\/\/jbsy-china.com\/pt\/wp-json\/wp\/v2\/product_brand?post=33131"},{"taxonomy":"product_cat","embeddable":true,"href":"https:\/\/jbsy-china.com\/pt\/wp-json\/wp\/v2\/product_cat?post=33131"},{"taxonomy":"product_tag","embeddable":true,"href":"https:\/\/jbsy-china.com\/pt\/wp-json\/wp\/v2\/product_tag?post=33131"}],"curies":[{"name":"wp","href":"https:\/\/api.w.org\/{rel}","templated":true}]}}