{"id":33137,"date":"2025-05-06T07:32:36","date_gmt":"2025-05-06T07:32:36","guid":{"rendered":"https:\/\/jbsy-china.com\/?post_type=product&#038;p=33137"},"modified":"2025-07-31T08:23:57","modified_gmt":"2025-07-31T08:23:57","slug":"hexagon-shear-bolt-tail-cutting","status":"publish","type":"product","link":"https:\/\/jbsy-china.com\/pt\/produto\/hexagon-shear-bolt-tail-cutting\/","title":{"rendered":"Parafuso hexagonal de cisalhamento"},"content":{"rendered":"<p><img fetchpriority=\"high\" decoding=\"async\" class=\"alignnone size-full wp-image-7978\" src=\"http:\/\/jb-bolt.com\/wp-content\/uploads\/2025\/02\/\u51b7\u9566\u8be6\u60c5\u9875_01.jpg\" alt=\"\" width=\"790\" height=\"329\" \/> <img decoding=\"async\" class=\"alignnone size-full wp-image-7979\" src=\"http:\/\/jb-bolt.com\/wp-content\/uploads\/2025\/02\/\u51b7\u9566\u8be6\u60c5\u9875_02.jpg\" alt=\"\" width=\"790\" height=\"981\" \/> <img decoding=\"async\" class=\"alignnone size-full wp-image-7980\" src=\"http:\/\/jb-bolt.com\/wp-content\/uploads\/2025\/02\/\u51b7\u9566\u8be6\u60c5\u9875_03.jpg\" alt=\"\" width=\"790\" height=\"740\" \/> <img loading=\"lazy\" decoding=\"async\" class=\"alignnone size-full wp-image-7981\" src=\"http:\/\/jb-bolt.com\/wp-content\/uploads\/2025\/02\/\u51b7\u9566\u8be6\u60c5\u9875_04.jpg\" alt=\"\" width=\"790\" height=\"739\" \/> <img loading=\"lazy\" decoding=\"async\" class=\"alignnone size-full wp-image-7983\" src=\"http:\/\/jb-bolt.com\/wp-content\/uploads\/2025\/02\/\u51b7\u9566\u8be6\u60c5\u9875_05_01.jpg\" alt=\"\" width=\"790\" height=\"677\" \/><\/p>\n<p><strong>O processo de encabe\u00e7amento a frio \u00e9 um dos novos processos para a maquinagem sob press\u00e3o com menos ou nenhum corte<\/strong><br \/>\n<strong>metal. \u00c9 um m\u00e9todo de processamento que utiliza a deforma\u00e7\u00e3o pl\u00e1stica do metal sob a a\u00e7\u00e3o de<\/strong><br \/>\n<strong>for\u00e7as externas e, com a ajuda de moldes, redistribui e transfere o volume de metal para formar<\/strong><br \/>\n<strong>as pe\u00e7as ou os espa\u00e7os em branco necess\u00e1rios. O processo de encabe\u00e7amento a frio \u00e9 o mais adequado para a produ\u00e7\u00e3o de<\/strong><br \/>\n<strong>elementos de fixa\u00e7\u00e3o, tais como cavilhas, parafusos, porcas, rebites, cavilhas, etc.<\/strong><\/p>\n<p><img loading=\"lazy\" decoding=\"async\" class=\"alignnone size-full wp-image-7985\" src=\"http:\/\/jb-bolt.com\/wp-content\/uploads\/2025\/02\/\u51b7\u9566\u8be6\u60c5\u9875_05_03.jpg\" alt=\"\" width=\"790\" height=\"603\" \/> <img loading=\"lazy\" decoding=\"async\" class=\"alignnone size-full wp-image-7986\" src=\"http:\/\/jb-bolt.com\/wp-content\/uploads\/2025\/02\/\u51b7\u9566\u8be6\u60c5\u9875_06.jpg\" alt=\"\" width=\"790\" height=\"742\" \/><\/p>\n<h5><strong>Hexagonal <a href=\"https:\/\/jbsy-china.com\/pt\/shear-off-nuts-and-bolts\/\">Parafusos de cisalhamento<\/a> - Descri\u00e7\u00e3o e funcionalidade<\/strong><\/h5>\n<p class=\"ds-markdown-paragraph\">Os parafusos de cisalhamento hexagonais s\u00e3o fixadores especializados concebidos para\u00a0<strong>aplica\u00e7\u00f5es inviol\u00e1veis e cr\u00edticas em termos de seguran\u00e7a<\/strong>. Apresentam um design \u00fanico que impede a remo\u00e7\u00e3o n\u00e3o autorizada depois de instalados.<\/p>\n<hr \/>\n<h5><strong>Carater\u00edsticas principais<\/strong><\/h5>\n<ol start=\"1\">\n<li>\n<p class=\"ds-markdown-paragraph\"><strong>Design de cabe\u00e7a hexagonal<\/strong><\/p>\n<ul>\n<li>\n<p class=\"ds-markdown-paragraph\">Padr\u00e3o\u00a0<strong>Cabe\u00e7a de 6 faces<\/strong>\u00a0para uma instala\u00e7\u00e3o f\u00e1cil com uma chave inglesa ou soquete.<\/p>\n<\/li>\n<li>\n<p class=\"ds-markdown-paragraph\">Fabricada para se desprender com um bin\u00e1rio pr\u00e9-determinado, n\u00e3o deixando qualquer superf\u00edcie de ader\u00eancia.<\/p>\n<\/li>\n<li>Parafuso hexagonal de cisalhamento<\/li>\n<\/ul>\n<\/li>\n<li>\n<p class=\"ds-markdown-paragraph\"><strong>Mecanismo de cisalhamento<\/strong><\/p>\n<ul>\n<li>\n<p class=\"ds-markdown-paragraph\">A cabe\u00e7a foi concebida para\u00a0<strong>romper<\/strong>\u00a0quando o parafuso atingir o bin\u00e1rio de aperto especificado.<\/p>\n<\/li>\n<li>\n<p class=\"ds-markdown-paragraph\">Ap\u00f3s o corte, resta apenas uma haste lisa e cil\u00edndrica, o que dificulta a remo\u00e7\u00e3o sem ferramentas especializadas.<\/p>\n<\/li>\n<\/ul>\n<\/li>\n<li>\n<p class=\"ds-markdown-paragraph\"><strong>Haste e cauda roscadas<\/strong><\/p>\n<ul>\n<li>\n<p class=\"ds-markdown-paragraph\">O\u00a0<strong>cauda saliente<\/strong>\u00a0(excesso de comprimento) pode ser cortado \u00e0 face por raz\u00f5es de seguran\u00e7a e de est\u00e9tica.<\/p>\n<\/li>\n<\/ul>\n<\/li>\n<li>\n<p class=\"ds-markdown-paragraph\"><strong>Material e dureza<\/strong><\/p>\n<ul>\n<li>\n<p class=\"ds-markdown-paragraph\">Normalmente fabricado com\u00a0<strong>a\u00e7o endurecido<\/strong>\u00a0(grau 8.8, 10.9, ou a\u00e7o inoxid\u00e1vel).<\/p>\n<\/li>\n<li>\n<p class=\"ds-markdown-paragraph\">Resiste \u00e0 perfura\u00e7\u00e3o, ao corte e \u00e0 manipula\u00e7\u00e3o.<\/p>\n<\/li>\n<\/ul>\n<\/li>\n<li>\n<p class=\"ds-markdown-paragraph\"><strong>Benef\u00edcios de seguran\u00e7a<\/strong><\/p>\n<ul>\n<li>\n<p class=\"ds-markdown-paragraph\"><strong>Inviol\u00e1vel:<\/strong>\u00a0Sem cabe\u00e7a exposta ap\u00f3s a instala\u00e7\u00e3o.<\/p>\n<\/li>\n<li>\n<p class=\"ds-markdown-paragraph\"><strong>Resistente a vandalismo:<\/strong>\u00a0Dif\u00edcil de remover sem m\u00e9todos destrutivos.<\/p>\n<\/li>\n<li>\n<p class=\"ds-markdown-paragraph\"><strong>Instala\u00e7\u00e3o controlada:<\/strong>\u00a0Assegura uma for\u00e7a de aperto adequada.<\/p>\n<\/li>\n<\/ul>\n<\/li>\n<\/ol>\n<hr \/>\n<h5><strong>Como funcionam os parafusos de corte hexagonais<\/strong><\/h5>\n<ol start=\"1\">\n<li>\n<p class=\"ds-markdown-paragraph\"><strong>Instala\u00e7\u00e3o<\/strong><\/p>\n<ul>\n<li>\n<p class=\"ds-markdown-paragraph\">Inserido num orif\u00edcio pr\u00e9-perfurado e apertado com uma chave inglesa.<\/p>\n<\/li>\n<li>\n<p class=\"ds-markdown-paragraph\">No\u00a0<strong>bin\u00e1rio preciso<\/strong>A cabe\u00e7a hexagonal solta-se.<\/p>\n<\/li>\n<\/ul>\n<\/li>\n<li>\n<p class=\"ds-markdown-paragraph\"><strong>Remo\u00e7\u00e3o (se necess\u00e1rio)<\/strong><\/p>\n<ul>\n<li>\n<p class=\"ds-markdown-paragraph\">Requer\u00a0<strong>ferramentas especiais de extra\u00e7\u00e3o<\/strong>\u00a0(por exemplo, brocas para a esquerda, extractores de parafusos).<\/p>\n<\/li>\n<li>\n<p class=\"ds-markdown-paragraph\">Muitas vezes \u00e9 necess\u00e1rio furar ou retificar.<\/p>\n<\/li>\n<li>Parafuso hexagonal de cisalhamento<\/li>\n<\/ul>\n<\/li>\n<\/ol>\n<hr \/>\n<h5><strong>Aplica\u00e7\u00f5es comuns<\/strong><\/h5>\n<ul>\n<li>\n<p class=\"ds-markdown-paragraph\"><strong>Tr\u00e1fego e infra-estruturas:<\/strong>\u00a0Sinais de tr\u00e2nsito, sem\u00e1foros, carris de comboio.<\/p>\n<\/li>\n<li>\n<p class=\"ds-markdown-paragraph\"><strong>Servi\u00e7os p\u00fablicos:<\/strong>\u00a0Arm\u00e1rios el\u00e9ctricos, caixas de contadores.<\/p>\n<\/li>\n<li>\n<p class=\"ds-markdown-paragraph\"><strong>Sistemas de seguran\u00e7a:<\/strong>\u00a0Pilares, veda\u00e7\u00f5es, pain\u00e9is de acesso.<\/p>\n<\/li>\n<li>\n<p class=\"ds-markdown-paragraph\"><strong>M\u00e1quinas pesadas e autom\u00f3veis:<\/strong>\u00a0Montagens cr\u00edticas que exigem resist\u00eancia \u00e0 viola\u00e7\u00e3o.<\/p>\n<\/li>\n<\/ul>\n<p class=\"ds-markdown-paragraph\">","protected":false},"excerpt":{"rendered":"<h6><strong>Carater\u00edsticas principais\uff1a<\/strong><\/h6>\n<ol start=\"1\">\n<li style=\"list-style-type: none;\">\n<ul>\n<li>\n<p class=\"ds-markdown-paragraph\">Padr\u00e3o\u00a0<strong>Cabe\u00e7a de 6 faces<\/strong>\u00a0para uma instala\u00e7\u00e3o f\u00e1cil com uma chave inglesa ou soquete.<\/p>\n<\/li>\n<li>\n<p class=\"ds-markdown-paragraph\">Fabricada para se desprender com um bin\u00e1rio pr\u00e9-determinado, n\u00e3o deixando qualquer superf\u00edcie de ader\u00eancia.<\/p>\n<\/li>\n<li>\n<p class=\"ds-markdown-paragraph\">A cabe\u00e7a foi concebida para\u00a0<strong>romper<\/strong>\u00a0quando o parafuso atingir o bin\u00e1rio de aperto especificado.<\/p>\n<\/li>\n<\/ul>\n<\/li>\n<\/ol>","protected":false},"featured_media":33171,"comment_status":"closed","ping_status":"closed","template":"","meta":{"site-sidebar-layout":"default","site-content-layout":"","ast-site-content-layout":"default","site-content-style":"default","site-sidebar-style":"default","ast-global-header-display":"","ast-banner-title-visibility":"","ast-main-header-display":"","ast-hfb-above-header-display":"","ast-hfb-below-header-display":"","ast-hfb-mobile-header-display":"","site-post-title":"","ast-breadcrumbs-content":"","ast-featured-img":"","footer-sml-layout":"","ast-disable-related-posts":"","theme-transparent-header-meta":"default","adv-header-id-meta":"","stick-header-meta":"default","header-above-stick-meta":"","header-main-stick-meta":"","header-below-stick-meta":"","astra-migrate-meta-layouts":"set","ast-page-background-enabled":"default","ast-page-background-meta":{"desktop":{"background-color":"var(--ast-global-color-4)","background-image":"","background-repeat":"repeat","background-position":"center center","background-size":"auto","background-attachment":"scroll","background-type":"","background-media":"","overlay-type":"","overlay-color":"","overlay-opacity":"","overlay-gradient":""},"tablet":{"background-color":"","background-image":"","background-repeat":"repeat","background-position":"center center","background-size":"auto","background-attachment":"scroll","background-type":"","background-media":"","overlay-type":"","overlay-color":"","overlay-opacity":"","overlay-gradient":""},"mobile":{"background-color":"","background-image":"","background-repeat":"repeat","background-position":"center center","background-size":"auto","background-attachment":"scroll","background-type":"","background-media":"","overlay-type":"","overlay-color":"","overlay-opacity":"","overlay-gradient":""}},"ast-content-background-meta":{"desktop":{"background-color":"var(--ast-global-color-5)","background-image":"","background-repeat":"repeat","background-position":"center center","background-size":"auto","background-attachment":"scroll","background-type":"","background-media":"","overlay-type":"","overlay-color":"","overlay-opacity":"","overlay-gradient":""},"tablet":{"background-color":"var(--ast-global-color-5)","background-image":"","background-repeat":"repeat","background-position":"center center","background-size":"auto","background-attachment":"scroll","background-type":"","background-media":"","overlay-type":"","overlay-color":"","overlay-opacity":"","overlay-gradient":""},"mobile":{"background-color":"var(--ast-global-color-5)","background-image":"","background-repeat":"repeat","background-position":"center center","background-size":"auto","background-attachment":"scroll","background-type":"","background-media":"","overlay-type":"","overlay-color":"","overlay-opacity":"","overlay-gradient":""}},"_themeisle_gutenberg_block_has_review":false,"_ti_tpc_template_sync":false,"_ti_tpc_template_id":""},"product_brand":[],"product_cat":[1272],"product_tag":[],"class_list":{"0":"post-33137","1":"product","2":"type-product","3":"status-publish","4":"has-post-thumbnail","6":"product_cat-shear-off-nuts-and-bolts","7":"desktop-align-left","8":"tablet-align-left","9":"mobile-align-left","10":"ast-product-gallery-layout-horizontal-slider","11":"ast-product-tabs-layout-horizontal","12":"ast-qv-on-image","14":"first","15":"instock","16":"shipping-taxable","17":"product-type-simple"},"yoast_head":"<!-- This site is optimized with the Yoast SEO Premium plugin v21.7 (Yoast SEO v25.7) - https:\/\/yoast.com\/wordpress\/plugins\/seo\/ -->\n<title>Hexagon shear bolt - Jingbang Industrial<\/title>\n<meta name=\"description\" content=\"Hexagon shear bolt are specialized fasteners designed for tamper-resistant and safety-critical applications, they feature a unique breakaway design.\" \/>\n<meta name=\"robots\" content=\"index, follow, max-snippet:-1, max-image-preview:large, max-video-preview:-1\" \/>\n<link rel=\"canonical\" href=\"https:\/\/jbsy-china.com\/pt\/produto\/hexagon-shear-bolt-tail-cutting\/\" \/>\n<meta property=\"og:locale\" content=\"pt_PT\" \/>\n<meta property=\"og:type\" content=\"article\" \/>\n<meta property=\"og:title\" content=\"Hexagon shear bolt\" \/>\n<meta property=\"og:description\" content=\"Hexagon shear bolt are specialized fasteners designed for tamper-resistant and safety-critical applications, they feature a unique breakaway design.\" \/>\n<meta property=\"og:url\" content=\"https:\/\/jbsy-china.com\/pt\/produto\/hexagon-shear-bolt-tail-cutting\/\" \/>\n<meta property=\"og:site_name\" content=\"Jingbang Industrial\" \/>\n<meta property=\"article:modified_time\" content=\"2025-07-31T08:23:57+00:00\" \/>\n<meta property=\"og:image\" content=\"http:\/\/jbsy-china.com\/wp-content\/uploads\/2025\/05\/\u5916\u516d\u89d2\u526a\u5207\u87ba\u6813\u9540\u91d1\u5272\u5c3e.jpg\" \/>\n\t<meta property=\"og:image:width\" content=\"800\" \/>\n\t<meta property=\"og:image:height\" content=\"800\" \/>\n\t<meta property=\"og:image:type\" content=\"image\/jpeg\" \/>\n<meta name=\"twitter:card\" content=\"summary_large_image\" \/>\n<meta name=\"twitter:label1\" content=\"Tempo estimado de leitura\" \/>\n\t<meta name=\"twitter:data1\" content=\"3 minutos\" \/>\n<script type=\"application\/ld+json\" class=\"yoast-schema-graph\">{\"@context\":\"https:\/\/schema.org\",\"@graph\":[{\"@type\":\"WebPage\",\"@id\":\"https:\/\/jbsy-china.com\/product\/hexagon-shear-bolt-tail-cutting\/\",\"url\":\"https:\/\/jbsy-china.com\/product\/hexagon-shear-bolt-tail-cutting\/\",\"name\":\"Hexagon shear bolt - Jingbang Industrial\",\"isPartOf\":{\"@id\":\"https:\/\/jbsy-china.com\/#website\"},\"primaryImageOfPage\":{\"@id\":\"https:\/\/jbsy-china.com\/product\/hexagon-shear-bolt-tail-cutting\/#primaryimage\"},\"image\":{\"@id\":\"https:\/\/jbsy-china.com\/product\/hexagon-shear-bolt-tail-cutting\/#primaryimage\"},\"thumbnailUrl\":\"https:\/\/jbsy-china.com\/wp-content\/uploads\/2025\/05\/\u5916\u516d\u89d2\u526a\u5207\u87ba\u6813\u9540\u91d1\u5272\u5c3e.jpg\",\"datePublished\":\"2025-05-06T07:32:36+00:00\",\"dateModified\":\"2025-07-31T08:23:57+00:00\",\"description\":\"Hexagon shear bolt are specialized fasteners designed for tamper-resistant and safety-critical applications, they feature a unique breakaway design.\",\"breadcrumb\":{\"@id\":\"https:\/\/jbsy-china.com\/product\/hexagon-shear-bolt-tail-cutting\/#breadcrumb\"},\"inLanguage\":\"pt-PT\",\"potentialAction\":[{\"@type\":\"ReadAction\",\"target\":[\"https:\/\/jbsy-china.com\/product\/hexagon-shear-bolt-tail-cutting\/\"]}]},{\"@type\":\"ImageObject\",\"inLanguage\":\"pt-PT\",\"@id\":\"https:\/\/jbsy-china.com\/product\/hexagon-shear-bolt-tail-cutting\/#primaryimage\",\"url\":\"https:\/\/jbsy-china.com\/wp-content\/uploads\/2025\/05\/\u5916\u516d\u89d2\u526a\u5207\u87ba\u6813\u9540\u91d1\u5272\u5c3e.jpg\",\"contentUrl\":\"https:\/\/jbsy-china.com\/wp-content\/uploads\/2025\/05\/\u5916\u516d\u89d2\u526a\u5207\u87ba\u6813\u9540\u91d1\u5272\u5c3e.jpg\",\"width\":800,\"height\":800},{\"@type\":\"BreadcrumbList\",\"@id\":\"https:\/\/jbsy-china.com\/product\/hexagon-shear-bolt-tail-cutting\/#breadcrumb\",\"itemListElement\":[{\"@type\":\"ListItem\",\"position\":1,\"name\":\"Home\",\"item\":\"https:\/\/jbsy-china.com\/\"},{\"@type\":\"ListItem\",\"position\":2,\"name\":\"Products\",\"item\":\"https:\/\/jbsy-china.com\/shop\/\"},{\"@type\":\"ListItem\",\"position\":3,\"name\":\"Hexagon shear bolt\"}]},{\"@type\":\"WebSite\",\"@id\":\"https:\/\/jbsy-china.com\/#website\",\"url\":\"https:\/\/jbsy-china.com\/\",\"name\":\"Jingbang Industrial\",\"description\":\"Hardware and electronics manufacturer\",\"publisher\":{\"@id\":\"https:\/\/jbsy-china.com\/#organization\"},\"potentialAction\":[{\"@type\":\"SearchAction\",\"target\":{\"@type\":\"EntryPoint\",\"urlTemplate\":\"https:\/\/jbsy-china.com\/?s={search_term_string}\"},\"query-input\":{\"@type\":\"PropertyValueSpecification\",\"valueRequired\":true,\"valueName\":\"search_term_string\"}}],\"inLanguage\":\"pt-PT\"},{\"@type\":\"Organization\",\"@id\":\"https:\/\/jbsy-china.com\/#organization\",\"name\":\"Jingbang Industrial\",\"url\":\"https:\/\/jbsy-china.com\/\",\"logo\":{\"@type\":\"ImageObject\",\"inLanguage\":\"pt-PT\",\"@id\":\"https:\/\/jbsy-china.com\/#\/schema\/logo\/image\/\",\"url\":\"https:\/\/jbsy-china.com\/wp-content\/uploads\/2023\/11\/cropped-\u56fe\u5c42-1.png\",\"contentUrl\":\"https:\/\/jbsy-china.com\/wp-content\/uploads\/2023\/11\/cropped-\u56fe\u5c42-1.png\",\"width\":1049,\"height\":739,\"caption\":\"Jingbang Industrial\"},\"image\":{\"@id\":\"https:\/\/jbsy-china.com\/#\/schema\/logo\/image\/\"}}]}<\/script>\n<!-- \/ Yoast SEO Premium plugin. -->","yoast_head_json":{"title":"Hexagon shear bolt - Jingbang Industrial","description":"Hexagon shear bolt are specialized fasteners designed for tamper-resistant and safety-critical applications, they feature a unique breakaway design.","robots":{"index":"index","follow":"follow","max-snippet":"max-snippet:-1","max-image-preview":"max-image-preview:large","max-video-preview":"max-video-preview:-1"},"canonical":"https:\/\/jbsy-china.com\/pt\/produto\/hexagon-shear-bolt-tail-cutting\/","og_locale":"pt_PT","og_type":"article","og_title":"Hexagon shear bolt","og_description":"Hexagon shear bolt are specialized fasteners designed for tamper-resistant and safety-critical applications, they feature a unique breakaway design.","og_url":"https:\/\/jbsy-china.com\/pt\/produto\/hexagon-shear-bolt-tail-cutting\/","og_site_name":"Jingbang Industrial","article_modified_time":"2025-07-31T08:23:57+00:00","og_image":[{"width":800,"height":800,"url":"http:\/\/jbsy-china.com\/wp-content\/uploads\/2025\/05\/\u5916\u516d\u89d2\u526a\u5207\u87ba\u6813\u9540\u91d1\u5272\u5c3e.jpg","type":"image\/jpeg"}],"twitter_card":"summary_large_image","twitter_misc":{"Tempo estimado de leitura":"3 minutos"},"schema":{"@context":"https:\/\/schema.org","@graph":[{"@type":"WebPage","@id":"https:\/\/jbsy-china.com\/product\/hexagon-shear-bolt-tail-cutting\/","url":"https:\/\/jbsy-china.com\/product\/hexagon-shear-bolt-tail-cutting\/","name":"Hexagon shear bolt - Jingbang Industrial","isPartOf":{"@id":"https:\/\/jbsy-china.com\/#website"},"primaryImageOfPage":{"@id":"https:\/\/jbsy-china.com\/product\/hexagon-shear-bolt-tail-cutting\/#primaryimage"},"image":{"@id":"https:\/\/jbsy-china.com\/product\/hexagon-shear-bolt-tail-cutting\/#primaryimage"},"thumbnailUrl":"https:\/\/jbsy-china.com\/wp-content\/uploads\/2025\/05\/\u5916\u516d\u89d2\u526a\u5207\u87ba\u6813\u9540\u91d1\u5272\u5c3e.jpg","datePublished":"2025-05-06T07:32:36+00:00","dateModified":"2025-07-31T08:23:57+00:00","description":"Hexagon shear bolt are specialized fasteners designed for tamper-resistant and safety-critical applications, they feature a unique breakaway design.","breadcrumb":{"@id":"https:\/\/jbsy-china.com\/product\/hexagon-shear-bolt-tail-cutting\/#breadcrumb"},"inLanguage":"pt-PT","potentialAction":[{"@type":"ReadAction","target":["https:\/\/jbsy-china.com\/product\/hexagon-shear-bolt-tail-cutting\/"]}]},{"@type":"ImageObject","inLanguage":"pt-PT","@id":"https:\/\/jbsy-china.com\/product\/hexagon-shear-bolt-tail-cutting\/#primaryimage","url":"https:\/\/jbsy-china.com\/wp-content\/uploads\/2025\/05\/\u5916\u516d\u89d2\u526a\u5207\u87ba\u6813\u9540\u91d1\u5272\u5c3e.jpg","contentUrl":"https:\/\/jbsy-china.com\/wp-content\/uploads\/2025\/05\/\u5916\u516d\u89d2\u526a\u5207\u87ba\u6813\u9540\u91d1\u5272\u5c3e.jpg","width":800,"height":800},{"@type":"BreadcrumbList","@id":"https:\/\/jbsy-china.com\/product\/hexagon-shear-bolt-tail-cutting\/#breadcrumb","itemListElement":[{"@type":"ListItem","position":1,"name":"Home","item":"https:\/\/jbsy-china.com\/"},{"@type":"ListItem","position":2,"name":"Products","item":"https:\/\/jbsy-china.com\/shop\/"},{"@type":"ListItem","position":3,"name":"Hexagon shear bolt"}]},{"@type":"WebSite","@id":"https:\/\/jbsy-china.com\/#website","url":"https:\/\/jbsy-china.com\/","name":"Jingbang Industrial","description":"Fabricante de hardware e eletr\u00f3nica","publisher":{"@id":"https:\/\/jbsy-china.com\/#organization"},"potentialAction":[{"@type":"SearchAction","target":{"@type":"EntryPoint","urlTemplate":"https:\/\/jbsy-china.com\/?s={search_term_string}"},"query-input":{"@type":"PropertyValueSpecification","valueRequired":true,"valueName":"search_term_string"}}],"inLanguage":"pt-PT"},{"@type":"Organization","@id":"https:\/\/jbsy-china.com\/#organization","name":"Jingbang Industrial","url":"https:\/\/jbsy-china.com\/","logo":{"@type":"ImageObject","inLanguage":"pt-PT","@id":"https:\/\/jbsy-china.com\/#\/schema\/logo\/image\/","url":"https:\/\/jbsy-china.com\/wp-content\/uploads\/2023\/11\/cropped-\u56fe\u5c42-1.png","contentUrl":"https:\/\/jbsy-china.com\/wp-content\/uploads\/2023\/11\/cropped-\u56fe\u5c42-1.png","width":1049,"height":739,"caption":"Jingbang Industrial"},"image":{"@id":"https:\/\/jbsy-china.com\/#\/schema\/logo\/image\/"}}]}},"_links":{"self":[{"href":"https:\/\/jbsy-china.com\/pt\/wp-json\/wp\/v2\/product\/33137","targetHints":{"allow":["GET"]}}],"collection":[{"href":"https:\/\/jbsy-china.com\/pt\/wp-json\/wp\/v2\/product"}],"about":[{"href":"https:\/\/jbsy-china.com\/pt\/wp-json\/wp\/v2\/types\/product"}],"replies":[{"embeddable":true,"href":"https:\/\/jbsy-china.com\/pt\/wp-json\/wp\/v2\/comments?post=33137"}],"wp:featuredmedia":[{"embeddable":true,"href":"https:\/\/jbsy-china.com\/pt\/wp-json\/wp\/v2\/media\/33171"}],"wp:attachment":[{"href":"https:\/\/jbsy-china.com\/pt\/wp-json\/wp\/v2\/media?parent=33137"}],"wp:term":[{"taxonomy":"product_brand","embeddable":true,"href":"https:\/\/jbsy-china.com\/pt\/wp-json\/wp\/v2\/product_brand?post=33137"},{"taxonomy":"product_cat","embeddable":true,"href":"https:\/\/jbsy-china.com\/pt\/wp-json\/wp\/v2\/product_cat?post=33137"},{"taxonomy":"product_tag","embeddable":true,"href":"https:\/\/jbsy-china.com\/pt\/wp-json\/wp\/v2\/product_tag?post=33137"}],"curies":[{"name":"wp","href":"https:\/\/api.w.org\/{rel}","templated":true}]}}