{"id":33345,"date":"2025-05-12T08:39:44","date_gmt":"2025-05-12T08:39:44","guid":{"rendered":"https:\/\/jbsy-china.com\/?post_type=product&#038;p=33345"},"modified":"2025-07-25T07:01:57","modified_gmt":"2025-07-25T07:01:57","slug":"safety-wire-bolt-copper-plated","status":"publish","type":"product","link":"https:\/\/jbsy-china.com\/pt\/produto\/safety-wire-bolt-copper-plated\/","title":{"rendered":"Cavilha de seguran\u00e7a revestida a cobre"},"content":{"rendered":"<p><img fetchpriority=\"high\" decoding=\"async\" class=\"alignnone size-full wp-image-31578\" src=\"http:\/\/jbsy-china.com\/wp-content\/uploads\/2025\/02\/\u51b7\u9566\u8be6\u60c5\u9875_01.jpg\" alt=\"\" width=\"790\" height=\"329\" srcset=\"https:\/\/jbsy-china.com\/wp-content\/uploads\/2025\/02\/\u51b7\u9566\u8be6\u60c5\u9875_01.jpg 790w, https:\/\/jbsy-china.com\/wp-content\/uploads\/2025\/02\/\u51b7\u9566\u8be6\u60c5\u9875_01-300x125.jpg 300w, https:\/\/jbsy-china.com\/wp-content\/uploads\/2025\/02\/\u51b7\u9566\u8be6\u60c5\u9875_01-768x320.jpg 768w, https:\/\/jbsy-china.com\/wp-content\/uploads\/2025\/02\/\u51b7\u9566\u8be6\u60c5\u9875_01-600x250.jpg 600w\" sizes=\"(max-width: 790px) 100vw, 790px\" \/> <img decoding=\"async\" class=\"alignnone size-full wp-image-31579\" src=\"http:\/\/jbsy-china.com\/wp-content\/uploads\/2025\/02\/\u51b7\u9566\u8be6\u60c5\u9875_02.jpg\" alt=\"\" width=\"790\" height=\"981\" srcset=\"https:\/\/jbsy-china.com\/wp-content\/uploads\/2025\/02\/\u51b7\u9566\u8be6\u60c5\u9875_02.jpg 790w, https:\/\/jbsy-china.com\/wp-content\/uploads\/2025\/02\/\u51b7\u9566\u8be6\u60c5\u9875_02-242x300.jpg 242w, https:\/\/jbsy-china.com\/wp-content\/uploads\/2025\/02\/\u51b7\u9566\u8be6\u60c5\u9875_02-768x954.jpg 768w, https:\/\/jbsy-china.com\/wp-content\/uploads\/2025\/02\/\u51b7\u9566\u8be6\u60c5\u9875_02-600x745.jpg 600w\" sizes=\"(max-width: 790px) 100vw, 790px\" \/> <img decoding=\"async\" class=\"alignnone size-full wp-image-31580\" src=\"http:\/\/jbsy-china.com\/wp-content\/uploads\/2025\/02\/\u51b7\u9566\u8be6\u60c5\u9875_03.jpg\" alt=\"\" width=\"790\" height=\"740\" srcset=\"https:\/\/jbsy-china.com\/wp-content\/uploads\/2025\/02\/\u51b7\u9566\u8be6\u60c5\u9875_03.jpg 790w, https:\/\/jbsy-china.com\/wp-content\/uploads\/2025\/02\/\u51b7\u9566\u8be6\u60c5\u9875_03-300x281.jpg 300w, https:\/\/jbsy-china.com\/wp-content\/uploads\/2025\/02\/\u51b7\u9566\u8be6\u60c5\u9875_03-768x719.jpg 768w, https:\/\/jbsy-china.com\/wp-content\/uploads\/2025\/02\/\u51b7\u9566\u8be6\u60c5\u9875_03-600x562.jpg 600w\" sizes=\"(max-width: 790px) 100vw, 790px\" \/> <img loading=\"lazy\" decoding=\"async\" class=\"alignnone size-full wp-image-31581\" src=\"http:\/\/jbsy-china.com\/wp-content\/uploads\/2025\/02\/\u51b7\u9566\u8be6\u60c5\u9875_04.jpg\" alt=\"\" width=\"790\" height=\"739\" srcset=\"https:\/\/jbsy-china.com\/wp-content\/uploads\/2025\/02\/\u51b7\u9566\u8be6\u60c5\u9875_04.jpg 790w, https:\/\/jbsy-china.com\/wp-content\/uploads\/2025\/02\/\u51b7\u9566\u8be6\u60c5\u9875_04-300x281.jpg 300w, https:\/\/jbsy-china.com\/wp-content\/uploads\/2025\/02\/\u51b7\u9566\u8be6\u60c5\u9875_04-768x718.jpg 768w, https:\/\/jbsy-china.com\/wp-content\/uploads\/2025\/02\/\u51b7\u9566\u8be6\u60c5\u9875_04-600x561.jpg 600w\" sizes=\"(max-width: 790px) 100vw, 790px\" \/> <img loading=\"lazy\" decoding=\"async\" class=\"alignnone size-full wp-image-31583\" src=\"http:\/\/jbsy-china.com\/wp-content\/uploads\/2025\/02\/\u51b7\u9566\u8be6\u60c5\u9875_05_01.jpg\" alt=\"\" width=\"790\" height=\"677\" srcset=\"https:\/\/jbsy-china.com\/wp-content\/uploads\/2025\/02\/\u51b7\u9566\u8be6\u60c5\u9875_05_01.jpg 790w, https:\/\/jbsy-china.com\/wp-content\/uploads\/2025\/02\/\u51b7\u9566\u8be6\u60c5\u9875_05_01-300x257.jpg 300w, https:\/\/jbsy-china.com\/wp-content\/uploads\/2025\/02\/\u51b7\u9566\u8be6\u60c5\u9875_05_01-768x658.jpg 768w, https:\/\/jbsy-china.com\/wp-content\/uploads\/2025\/02\/\u51b7\u9566\u8be6\u60c5\u9875_05_01-600x514.jpg 600w\" sizes=\"(max-width: 790px) 100vw, 790px\" \/><\/p>\n<p><strong>O processo de encabe\u00e7amento a frio \u00e9 um dos novos processos para a maquinagem sob press\u00e3o com menos ou nenhum corte<\/strong><br \/>\n<strong>metal. \u00c9 um m\u00e9todo de processamento que utiliza a deforma\u00e7\u00e3o pl\u00e1stica do metal sob a a\u00e7\u00e3o de<\/strong><br \/>\n<strong>for\u00e7as externas e, com a ajuda de moldes, redistribui e transfere o volume de metal para formar<\/strong><br \/>\n<strong>as pe\u00e7as ou os espa\u00e7os em branco necess\u00e1rios. O processo de encabe\u00e7amento a frio \u00e9 o mais adequado para a produ\u00e7\u00e3o de<\/strong><br \/>\n<strong>elementos de fixa\u00e7\u00e3o, tais como cavilhas, parafusos, porcas, rebites, cavilhas, etc.<\/strong><\/p>\n<p><img loading=\"lazy\" decoding=\"async\" class=\"alignnone size-full wp-image-31585\" src=\"http:\/\/jbsy-china.com\/wp-content\/uploads\/2025\/02\/\u51b7\u9566\u8be6\u60c5\u9875_05_03.jpg\" alt=\"\" width=\"790\" height=\"603\" srcset=\"https:\/\/jbsy-china.com\/wp-content\/uploads\/2025\/02\/\u51b7\u9566\u8be6\u60c5\u9875_05_03.jpg 790w, https:\/\/jbsy-china.com\/wp-content\/uploads\/2025\/02\/\u51b7\u9566\u8be6\u60c5\u9875_05_03-300x229.jpg 300w, https:\/\/jbsy-china.com\/wp-content\/uploads\/2025\/02\/\u51b7\u9566\u8be6\u60c5\u9875_05_03-768x586.jpg 768w, https:\/\/jbsy-china.com\/wp-content\/uploads\/2025\/02\/\u51b7\u9566\u8be6\u60c5\u9875_05_03-600x458.jpg 600w\" sizes=\"(max-width: 790px) 100vw, 790px\" \/> <img loading=\"lazy\" decoding=\"async\" class=\"alignnone size-full wp-image-31586\" src=\"http:\/\/jbsy-china.com\/wp-content\/uploads\/2025\/02\/\u51b7\u9566\u8be6\u60c5\u9875_06.jpg\" alt=\"\" width=\"790\" height=\"742\" srcset=\"https:\/\/jbsy-china.com\/wp-content\/uploads\/2025\/02\/\u51b7\u9566\u8be6\u60c5\u9875_06.jpg 790w, https:\/\/jbsy-china.com\/wp-content\/uploads\/2025\/02\/\u51b7\u9566\u8be6\u60c5\u9875_06-300x282.jpg 300w, https:\/\/jbsy-china.com\/wp-content\/uploads\/2025\/02\/\u51b7\u9566\u8be6\u60c5\u9875_06-768x721.jpg 768w, https:\/\/jbsy-china.com\/wp-content\/uploads\/2025\/02\/\u51b7\u9566\u8be6\u60c5\u9875_06-600x564.jpg 600w\" sizes=\"(max-width: 790px) 100vw, 790px\" \/><\/p>\n<p class=\"ds-markdown-paragraph\">Cobreado <a href=\"https:\/\/jbsy-china.com\/pt\/safety-wire-bolts\/\">cavilhas de seguran\u00e7a<\/a> s\u00e3o fixadores especializados concebidos para aplica\u00e7\u00f5es em que a resist\u00eancia \u00e0 vibra\u00e7\u00e3o e a prote\u00e7\u00e3o contra a corros\u00e3o s\u00e3o fundamentais. Segue-se uma descri\u00e7\u00e3o geral das suas carater\u00edsticas e utiliza\u00e7\u00f5es:<\/p>\n<h5><strong>Carater\u00edsticas principais:<\/strong><\/h5>\n<ol start=\"1\">\n<li>\n<p class=\"ds-markdown-paragraph\"><strong>Material e revestimento:<\/strong><\/p>\n<ul>\n<li>\n<p class=\"ds-markdown-paragraph\">Normalmente fabricado com\u00a0<strong>a\u00e7o-carbono, a\u00e7o inoxid\u00e1vel ou a\u00e7o-liga<\/strong>\u00a0para a for\u00e7a.<\/p>\n<\/li>\n<li>\n<p class=\"ds-markdown-paragraph\"><strong>Cobreado<\/strong>\u00a0para uma maior resist\u00eancia \u00e0 corros\u00e3o, condutividade el\u00e9ctrica e lubrifica\u00e7\u00e3o durante a instala\u00e7\u00e3o.<\/p>\n<\/li>\n<\/ul>\n<\/li>\n<li>\n<p class=\"ds-markdown-paragraph\"><strong>Furos para cabos de seguran\u00e7a:<\/strong><\/p>\n<ul>\n<li>\n<p class=\"ds-markdown-paragraph\">Carater\u00edstica\u00a0<strong>furos pr\u00e9-perfurados<\/strong>\u00a0(normalmente dois) na cabe\u00e7a ou na haste do parafuso para permitir a instala\u00e7\u00e3o do cabo de seguran\u00e7a (cabo de bloqueio).<\/p>\n<\/li>\n<li>\n<p class=\"ds-markdown-paragraph\">O fio impede que se solte devido a vibra\u00e7\u00f5es ou rota\u00e7\u00e3o.<\/p>\n<\/li>\n<li>Cavilha de seguran\u00e7a revestida a cobre<\/li>\n<\/ul>\n<\/li>\n<li>\n<p class=\"ds-markdown-paragraph\"><strong>Tipo de rosca:<\/strong><\/p>\n<ul>\n<li>\n<p class=\"ds-markdown-paragraph\">Muitas vezes t\u00eam\u00a0<strong>fios finos<\/strong>\u00a0para um melhor controlo da tens\u00e3o e resist\u00eancia \u00e0s vibra\u00e7\u00f5es.<\/p>\n<\/li>\n<li>\n<p class=\"ds-markdown-paragraph\">As normas comuns incluem\u00a0<strong>UNC, UNF ou m\u00e9trico<\/strong>.<\/p>\n<\/li>\n<\/ul>\n<\/li>\n<li>\n<p class=\"ds-markdown-paragraph\"><strong>Estilos de cabe\u00e7a:<\/strong><\/p>\n<ul>\n<li>\n<p class=\"ds-markdown-paragraph\">Dispon\u00edvel em\u00a0<strong>cabe\u00e7a sextavada, cabe\u00e7a de forquilha ou cabe\u00e7a perfurada<\/strong>\u00a0consoante a aplica\u00e7\u00e3o.<\/p>\n<\/li>\n<\/ul>\n<\/li>\n<li>\n<p class=\"ds-markdown-paragraph\"><strong>Normas e graus de ensino:<\/strong><\/p>\n<ul>\n<li>\n<p class=\"ds-markdown-paragraph\">Fabricado para cumprir\u00a0<strong>Especifica\u00e7\u00f5es ANSI, MS (norma militar), NAS (norma aeroespacial nacional) ou DIN<\/strong>.<\/p>\n<\/li>\n<li>\n<p class=\"ds-markdown-paragraph\">Graus de alta resist\u00eancia (por exemplo, Grau 5, Grau 8 ou A286 para o sector aeroespacial).<\/p>\n<\/li>\n<li>Cavilha de seguran\u00e7a revestida a cobre<\/li>\n<\/ul>\n<\/li>\n<\/ol>\n<h5><strong>Aplica\u00e7\u00f5es:<\/strong><\/h5>\n<ul>\n<li>\n<p class=\"ds-markdown-paragraph\"><strong>Aeroespacial:<\/strong>\u00a0Utilizado em motores de aeronaves, trens de aterragem e componentes estruturais.<\/p>\n<\/li>\n<li>\n<p class=\"ds-markdown-paragraph\"><strong>Militar e Defesa:<\/strong>\u00a0Proteger componentes cr\u00edticos em ve\u00edculos, armas e maquinaria.<\/p>\n<\/li>\n<li>\n<p class=\"ds-markdown-paragraph\"><strong>Autom\u00f3vel e Corridas:<\/strong>\u00a0Evita o afrouxamento dos parafusos em ambientes de elevada vibra\u00e7\u00e3o.<\/p>\n<\/li>\n<li>\n<p class=\"ds-markdown-paragraph\"><strong>Mar\u00edtimo e industrial:<\/strong>\u00a0O revestimento de cobre proporciona resist\u00eancia \u00e0 corros\u00e3o em condi\u00e7\u00f5es adversas.<\/p>\n<\/li>\n<\/ul>\n<h5><strong>Notas de instala\u00e7\u00e3o:<\/strong><\/h5>\n<ul>\n<li>\n<p class=\"ds-markdown-paragraph\">O cabo de seguran\u00e7a deve ser enfiado corretamente (normalmente numa\u00a0<strong>m\u00e9todo de dupla tor\u00e7\u00e3o<\/strong>) para evitar que se solte.<\/p>\n<\/li>\n<li>\n<p class=\"ds-markdown-paragraph\">Deve ser aplicado um bin\u00e1rio adequado antes da cablagem para evitar sobrecarregar o parafuso.<\/p>\n<\/li>\n<\/ul>\n<p class=\"ds-markdown-paragraph\">Estes parafusos s\u00e3o essenciais em ind\u00fastrias onde a falha devido a vibra\u00e7\u00e3o ou corros\u00e3o n\u00e3o \u00e9 uma op\u00e7\u00e3o. Deseja obter pormenores sobre normas espec\u00edficas ou t\u00e9cnicas de instala\u00e7\u00e3o?<\/p>","protected":false},"excerpt":{"rendered":"<h5><strong>Carater\u00edsticas principais:<\/strong><\/h5>\n<ol start=\"1\">\n<li style=\"list-style-type: none;\">\n<ul>\n<li>\n<p class=\"ds-markdown-paragraph\">Normalmente fabricado com\u00a0<strong>a\u00e7o-carbono, a\u00e7o inoxid\u00e1vel ou a\u00e7o-liga<\/strong>\u00a0para a for\u00e7a.<\/p>\n<\/li>\n<li>\n<p class=\"ds-markdown-paragraph\"><strong>Cobreado<\/strong>\u00a0para uma maior resist\u00eancia \u00e0 corros\u00e3o, condutividade el\u00e9ctrica e lubrifica\u00e7\u00e3o durante a instala\u00e7\u00e3o.<\/p>\n<\/li>\n<li>\n<p class=\"ds-markdown-paragraph\">Carater\u00edstica\u00a0<strong>furos pr\u00e9-perfurados<\/strong>\u00a0(normalmente dois) na cabe\u00e7a ou na haste do parafuso para permitir a instala\u00e7\u00e3o do cabo de seguran\u00e7a (cabo de bloqueio).<\/p>\n<\/li>\n<\/ul>\n<\/li>\n<\/ol>","protected":false},"featured_media":33294,"comment_status":"open","ping_status":"closed","template":"","meta":{"site-sidebar-layout":"default","site-content-layout":"","ast-site-content-layout":"default","site-content-style":"default","site-sidebar-style":"default","ast-global-header-display":"","ast-banner-title-visibility":"","ast-main-header-display":"","ast-hfb-above-header-display":"","ast-hfb-below-header-display":"","ast-hfb-mobile-header-display":"","site-post-title":"","ast-breadcrumbs-content":"","ast-featured-img":"","footer-sml-layout":"","ast-disable-related-posts":"","theme-transparent-header-meta":"default","adv-header-id-meta":"","stick-header-meta":"default","header-above-stick-meta":"","header-main-stick-meta":"","header-below-stick-meta":"","astra-migrate-meta-layouts":"set","ast-page-background-enabled":"default","ast-page-background-meta":{"desktop":{"background-color":"var(--ast-global-color-4)","background-image":"","background-repeat":"repeat","background-position":"center center","background-size":"auto","background-attachment":"scroll","background-type":"","background-media":"","overlay-type":"","overlay-color":"","overlay-opacity":"","overlay-gradient":""},"tablet":{"background-color":"","background-image":"","background-repeat":"repeat","background-position":"center center","background-size":"auto","background-attachment":"scroll","background-type":"","background-media":"","overlay-type":"","overlay-color":"","overlay-opacity":"","overlay-gradient":""},"mobile":{"background-color":"","background-image":"","background-repeat":"repeat","background-position":"center center","background-size":"auto","background-attachment":"scroll","background-type":"","background-media":"","overlay-type":"","overlay-color":"","overlay-opacity":"","overlay-gradient":""}},"ast-content-background-meta":{"desktop":{"background-color":"var(--ast-global-color-5)","background-image":"","background-repeat":"repeat","background-position":"center center","background-size":"auto","background-attachment":"scroll","background-type":"","background-media":"","overlay-type":"","overlay-color":"","overlay-opacity":"","overlay-gradient":""},"tablet":{"background-color":"var(--ast-global-color-5)","background-image":"","background-repeat":"repeat","background-position":"center center","background-size":"auto","background-attachment":"scroll","background-type":"","background-media":"","overlay-type":"","overlay-color":"","overlay-opacity":"","overlay-gradient":""},"mobile":{"background-color":"var(--ast-global-color-5)","background-image":"","background-repeat":"repeat","background-position":"center center","background-size":"auto","background-attachment":"scroll","background-type":"","background-media":"","overlay-type":"","overlay-color":"","overlay-opacity":"","overlay-gradient":""}},"_themeisle_gutenberg_block_has_review":false,"_ti_tpc_template_sync":false,"_ti_tpc_template_id":""},"product_brand":[],"product_cat":[1275],"product_tag":[],"class_list":{"0":"post-33345","1":"product","2":"type-product","3":"status-publish","4":"has-post-thumbnail","6":"product_cat-safety-wire-bolts","7":"desktop-align-left","8":"tablet-align-left","9":"mobile-align-left","10":"ast-product-gallery-layout-horizontal-slider","11":"ast-product-tabs-layout-horizontal","12":"ast-qv-on-image","14":"first","15":"instock","16":"shipping-taxable","17":"product-type-simple"},"yoast_head":"<!-- This site is optimized with the Yoast SEO Premium plugin v21.7 (Yoast SEO v25.7) - https:\/\/yoast.com\/wordpress\/plugins\/seo\/ -->\n<title>Safety wire bolt copper plated - Jingbang Industrial<\/title>\n<meta name=\"description\" content=\"Safety wire bolt copper plated are specialized fasteners designed for applications where vibration resistance and corrosion protection are critical.\" \/>\n<meta name=\"robots\" content=\"index, follow, max-snippet:-1, max-image-preview:large, max-video-preview:-1\" \/>\n<link rel=\"canonical\" href=\"https:\/\/jbsy-china.com\/pt\/produto\/safety-wire-bolt-copper-plated\/\" \/>\n<meta property=\"og:locale\" content=\"pt_PT\" \/>\n<meta property=\"og:type\" content=\"article\" \/>\n<meta property=\"og:title\" content=\"Safety wire bolt copper plated\" \/>\n<meta property=\"og:description\" content=\"Safety wire bolt copper plated are specialized fasteners designed for applications where vibration resistance and corrosion protection are critical.\" \/>\n<meta property=\"og:url\" content=\"https:\/\/jbsy-china.com\/pt\/produto\/safety-wire-bolt-copper-plated\/\" \/>\n<meta property=\"og:site_name\" content=\"Jingbang Industrial\" \/>\n<meta property=\"article:modified_time\" content=\"2025-07-25T07:01:57+00:00\" \/>\n<meta property=\"og:image\" content=\"http:\/\/jbsy-china.com\/wp-content\/uploads\/2025\/05\/M10\u5b89\u5168\u94a2\u4e1d\u87ba\u6813\u4e2d\u95f4\u5e26\u5b54\u7535\u9540\u9ec4\u94dc\u8272.jpg\" \/>\n\t<meta property=\"og:image:width\" content=\"800\" \/>\n\t<meta property=\"og:image:height\" content=\"800\" \/>\n\t<meta property=\"og:image:type\" content=\"image\/jpeg\" \/>\n<meta name=\"twitter:card\" content=\"summary_large_image\" \/>\n<meta name=\"twitter:label1\" content=\"Tempo estimado de leitura\" \/>\n\t<meta name=\"twitter:data1\" content=\"4 minutos\" \/>\n<script type=\"application\/ld+json\" class=\"yoast-schema-graph\">{\"@context\":\"https:\/\/schema.org\",\"@graph\":[{\"@type\":\"WebPage\",\"@id\":\"https:\/\/jbsy-china.com\/product\/safety-wire-bolt-copper-plated\/\",\"url\":\"https:\/\/jbsy-china.com\/product\/safety-wire-bolt-copper-plated\/\",\"name\":\"Safety wire bolt copper plated - Jingbang Industrial\",\"isPartOf\":{\"@id\":\"https:\/\/jbsy-china.com\/#website\"},\"primaryImageOfPage\":{\"@id\":\"https:\/\/jbsy-china.com\/product\/safety-wire-bolt-copper-plated\/#primaryimage\"},\"image\":{\"@id\":\"https:\/\/jbsy-china.com\/product\/safety-wire-bolt-copper-plated\/#primaryimage\"},\"thumbnailUrl\":\"https:\/\/jbsy-china.com\/wp-content\/uploads\/2025\/05\/M10\u5b89\u5168\u94a2\u4e1d\u87ba\u6813\u4e2d\u95f4\u5e26\u5b54\u7535\u9540\u9ec4\u94dc\u8272.jpg\",\"datePublished\":\"2025-05-12T08:39:44+00:00\",\"dateModified\":\"2025-07-25T07:01:57+00:00\",\"description\":\"Safety wire bolt copper plated are specialized fasteners designed for applications where vibration resistance and corrosion protection are critical.\",\"breadcrumb\":{\"@id\":\"https:\/\/jbsy-china.com\/product\/safety-wire-bolt-copper-plated\/#breadcrumb\"},\"inLanguage\":\"pt-PT\",\"potentialAction\":[{\"@type\":\"ReadAction\",\"target\":[\"https:\/\/jbsy-china.com\/product\/safety-wire-bolt-copper-plated\/\"]}]},{\"@type\":\"ImageObject\",\"inLanguage\":\"pt-PT\",\"@id\":\"https:\/\/jbsy-china.com\/product\/safety-wire-bolt-copper-plated\/#primaryimage\",\"url\":\"https:\/\/jbsy-china.com\/wp-content\/uploads\/2025\/05\/M10\u5b89\u5168\u94a2\u4e1d\u87ba\u6813\u4e2d\u95f4\u5e26\u5b54\u7535\u9540\u9ec4\u94dc\u8272.jpg\",\"contentUrl\":\"https:\/\/jbsy-china.com\/wp-content\/uploads\/2025\/05\/M10\u5b89\u5168\u94a2\u4e1d\u87ba\u6813\u4e2d\u95f4\u5e26\u5b54\u7535\u9540\u9ec4\u94dc\u8272.jpg\",\"width\":800,\"height\":800},{\"@type\":\"BreadcrumbList\",\"@id\":\"https:\/\/jbsy-china.com\/product\/safety-wire-bolt-copper-plated\/#breadcrumb\",\"itemListElement\":[{\"@type\":\"ListItem\",\"position\":1,\"name\":\"Home\",\"item\":\"https:\/\/jbsy-china.com\/\"},{\"@type\":\"ListItem\",\"position\":2,\"name\":\"Products\",\"item\":\"https:\/\/jbsy-china.com\/shop\/\"},{\"@type\":\"ListItem\",\"position\":3,\"name\":\"Safety wire bolt copper plated\"}]},{\"@type\":\"WebSite\",\"@id\":\"https:\/\/jbsy-china.com\/#website\",\"url\":\"https:\/\/jbsy-china.com\/\",\"name\":\"Jingbang Industrial\",\"description\":\"Hardware and electronics manufacturer\",\"publisher\":{\"@id\":\"https:\/\/jbsy-china.com\/#organization\"},\"potentialAction\":[{\"@type\":\"SearchAction\",\"target\":{\"@type\":\"EntryPoint\",\"urlTemplate\":\"https:\/\/jbsy-china.com\/?s={search_term_string}\"},\"query-input\":{\"@type\":\"PropertyValueSpecification\",\"valueRequired\":true,\"valueName\":\"search_term_string\"}}],\"inLanguage\":\"pt-PT\"},{\"@type\":\"Organization\",\"@id\":\"https:\/\/jbsy-china.com\/#organization\",\"name\":\"Jingbang Industrial\",\"url\":\"https:\/\/jbsy-china.com\/\",\"logo\":{\"@type\":\"ImageObject\",\"inLanguage\":\"pt-PT\",\"@id\":\"https:\/\/jbsy-china.com\/#\/schema\/logo\/image\/\",\"url\":\"https:\/\/jbsy-china.com\/wp-content\/uploads\/2023\/11\/cropped-\u56fe\u5c42-1.png\",\"contentUrl\":\"https:\/\/jbsy-china.com\/wp-content\/uploads\/2023\/11\/cropped-\u56fe\u5c42-1.png\",\"width\":1049,\"height\":739,\"caption\":\"Jingbang Industrial\"},\"image\":{\"@id\":\"https:\/\/jbsy-china.com\/#\/schema\/logo\/image\/\"}}]}<\/script>\n<!-- \/ Yoast SEO Premium plugin. -->","yoast_head_json":{"title":"Safety wire bolt copper plated - Jingbang Industrial","description":"Safety wire bolt copper plated are specialized fasteners designed for applications where vibration resistance and corrosion protection are critical.","robots":{"index":"index","follow":"follow","max-snippet":"max-snippet:-1","max-image-preview":"max-image-preview:large","max-video-preview":"max-video-preview:-1"},"canonical":"https:\/\/jbsy-china.com\/pt\/produto\/safety-wire-bolt-copper-plated\/","og_locale":"pt_PT","og_type":"article","og_title":"Safety wire bolt copper plated","og_description":"Safety wire bolt copper plated are specialized fasteners designed for applications where vibration resistance and corrosion protection are critical.","og_url":"https:\/\/jbsy-china.com\/pt\/produto\/safety-wire-bolt-copper-plated\/","og_site_name":"Jingbang Industrial","article_modified_time":"2025-07-25T07:01:57+00:00","og_image":[{"width":800,"height":800,"url":"http:\/\/jbsy-china.com\/wp-content\/uploads\/2025\/05\/M10\u5b89\u5168\u94a2\u4e1d\u87ba\u6813\u4e2d\u95f4\u5e26\u5b54\u7535\u9540\u9ec4\u94dc\u8272.jpg","type":"image\/jpeg"}],"twitter_card":"summary_large_image","twitter_misc":{"Tempo estimado de leitura":"4 minutos"},"schema":{"@context":"https:\/\/schema.org","@graph":[{"@type":"WebPage","@id":"https:\/\/jbsy-china.com\/product\/safety-wire-bolt-copper-plated\/","url":"https:\/\/jbsy-china.com\/product\/safety-wire-bolt-copper-plated\/","name":"Safety wire bolt copper plated - Jingbang Industrial","isPartOf":{"@id":"https:\/\/jbsy-china.com\/#website"},"primaryImageOfPage":{"@id":"https:\/\/jbsy-china.com\/product\/safety-wire-bolt-copper-plated\/#primaryimage"},"image":{"@id":"https:\/\/jbsy-china.com\/product\/safety-wire-bolt-copper-plated\/#primaryimage"},"thumbnailUrl":"https:\/\/jbsy-china.com\/wp-content\/uploads\/2025\/05\/M10\u5b89\u5168\u94a2\u4e1d\u87ba\u6813\u4e2d\u95f4\u5e26\u5b54\u7535\u9540\u9ec4\u94dc\u8272.jpg","datePublished":"2025-05-12T08:39:44+00:00","dateModified":"2025-07-25T07:01:57+00:00","description":"Safety wire bolt copper plated are specialized fasteners designed for applications where vibration resistance and corrosion protection are critical.","breadcrumb":{"@id":"https:\/\/jbsy-china.com\/product\/safety-wire-bolt-copper-plated\/#breadcrumb"},"inLanguage":"pt-PT","potentialAction":[{"@type":"ReadAction","target":["https:\/\/jbsy-china.com\/product\/safety-wire-bolt-copper-plated\/"]}]},{"@type":"ImageObject","inLanguage":"pt-PT","@id":"https:\/\/jbsy-china.com\/product\/safety-wire-bolt-copper-plated\/#primaryimage","url":"https:\/\/jbsy-china.com\/wp-content\/uploads\/2025\/05\/M10\u5b89\u5168\u94a2\u4e1d\u87ba\u6813\u4e2d\u95f4\u5e26\u5b54\u7535\u9540\u9ec4\u94dc\u8272.jpg","contentUrl":"https:\/\/jbsy-china.com\/wp-content\/uploads\/2025\/05\/M10\u5b89\u5168\u94a2\u4e1d\u87ba\u6813\u4e2d\u95f4\u5e26\u5b54\u7535\u9540\u9ec4\u94dc\u8272.jpg","width":800,"height":800},{"@type":"BreadcrumbList","@id":"https:\/\/jbsy-china.com\/product\/safety-wire-bolt-copper-plated\/#breadcrumb","itemListElement":[{"@type":"ListItem","position":1,"name":"Home","item":"https:\/\/jbsy-china.com\/"},{"@type":"ListItem","position":2,"name":"Products","item":"https:\/\/jbsy-china.com\/shop\/"},{"@type":"ListItem","position":3,"name":"Safety wire bolt copper plated"}]},{"@type":"WebSite","@id":"https:\/\/jbsy-china.com\/#website","url":"https:\/\/jbsy-china.com\/","name":"Jingbang Industrial","description":"Fabricante de hardware e eletr\u00f3nica","publisher":{"@id":"https:\/\/jbsy-china.com\/#organization"},"potentialAction":[{"@type":"SearchAction","target":{"@type":"EntryPoint","urlTemplate":"https:\/\/jbsy-china.com\/?s={search_term_string}"},"query-input":{"@type":"PropertyValueSpecification","valueRequired":true,"valueName":"search_term_string"}}],"inLanguage":"pt-PT"},{"@type":"Organization","@id":"https:\/\/jbsy-china.com\/#organization","name":"Jingbang Industrial","url":"https:\/\/jbsy-china.com\/","logo":{"@type":"ImageObject","inLanguage":"pt-PT","@id":"https:\/\/jbsy-china.com\/#\/schema\/logo\/image\/","url":"https:\/\/jbsy-china.com\/wp-content\/uploads\/2023\/11\/cropped-\u56fe\u5c42-1.png","contentUrl":"https:\/\/jbsy-china.com\/wp-content\/uploads\/2023\/11\/cropped-\u56fe\u5c42-1.png","width":1049,"height":739,"caption":"Jingbang Industrial"},"image":{"@id":"https:\/\/jbsy-china.com\/#\/schema\/logo\/image\/"}}]}},"_links":{"self":[{"href":"https:\/\/jbsy-china.com\/pt\/wp-json\/wp\/v2\/product\/33345","targetHints":{"allow":["GET"]}}],"collection":[{"href":"https:\/\/jbsy-china.com\/pt\/wp-json\/wp\/v2\/product"}],"about":[{"href":"https:\/\/jbsy-china.com\/pt\/wp-json\/wp\/v2\/types\/product"}],"replies":[{"embeddable":true,"href":"https:\/\/jbsy-china.com\/pt\/wp-json\/wp\/v2\/comments?post=33345"}],"wp:featuredmedia":[{"embeddable":true,"href":"https:\/\/jbsy-china.com\/pt\/wp-json\/wp\/v2\/media\/33294"}],"wp:attachment":[{"href":"https:\/\/jbsy-china.com\/pt\/wp-json\/wp\/v2\/media?parent=33345"}],"wp:term":[{"taxonomy":"product_brand","embeddable":true,"href":"https:\/\/jbsy-china.com\/pt\/wp-json\/wp\/v2\/product_brand?post=33345"},{"taxonomy":"product_cat","embeddable":true,"href":"https:\/\/jbsy-china.com\/pt\/wp-json\/wp\/v2\/product_cat?post=33345"},{"taxonomy":"product_tag","embeddable":true,"href":"https:\/\/jbsy-china.com\/pt\/wp-json\/wp\/v2\/product_tag?post=33345"}],"curies":[{"name":"wp","href":"https:\/\/api.w.org\/{rel}","templated":true}]}}