{"id":33361,"date":"2025-05-12T09:02:18","date_gmt":"2025-05-12T09:02:18","guid":{"rendered":"https:\/\/jbsy-china.com\/?post_type=product&#038;p=33361"},"modified":"2025-07-24T09:06:44","modified_gmt":"2025-07-24T09:06:44","slug":"aluminum-oxide-red","status":"publish","type":"product","link":"https:\/\/jbsy-china.com\/pt\/produto\/aluminum-oxide-red\/","title":{"rendered":"\u00d3xido de alum\u00ednio vermelho"},"content":{"rendered":"<p><img fetchpriority=\"high\" decoding=\"async\" class=\"alignnone size-full wp-image-31578\" src=\"http:\/\/jbsy-china.com\/wp-content\/uploads\/2025\/02\/\u51b7\u9566\u8be6\u60c5\u9875_01.jpg\" alt=\"\" width=\"790\" height=\"329\" srcset=\"https:\/\/jbsy-china.com\/wp-content\/uploads\/2025\/02\/\u51b7\u9566\u8be6\u60c5\u9875_01.jpg 790w, https:\/\/jbsy-china.com\/wp-content\/uploads\/2025\/02\/\u51b7\u9566\u8be6\u60c5\u9875_01-300x125.jpg 300w, https:\/\/jbsy-china.com\/wp-content\/uploads\/2025\/02\/\u51b7\u9566\u8be6\u60c5\u9875_01-768x320.jpg 768w, https:\/\/jbsy-china.com\/wp-content\/uploads\/2025\/02\/\u51b7\u9566\u8be6\u60c5\u9875_01-600x250.jpg 600w\" sizes=\"(max-width: 790px) 100vw, 790px\" \/> <img decoding=\"async\" class=\"alignnone size-full wp-image-31579\" src=\"http:\/\/jbsy-china.com\/wp-content\/uploads\/2025\/02\/\u51b7\u9566\u8be6\u60c5\u9875_02.jpg\" alt=\"\" width=\"790\" height=\"981\" srcset=\"https:\/\/jbsy-china.com\/wp-content\/uploads\/2025\/02\/\u51b7\u9566\u8be6\u60c5\u9875_02.jpg 790w, https:\/\/jbsy-china.com\/wp-content\/uploads\/2025\/02\/\u51b7\u9566\u8be6\u60c5\u9875_02-242x300.jpg 242w, https:\/\/jbsy-china.com\/wp-content\/uploads\/2025\/02\/\u51b7\u9566\u8be6\u60c5\u9875_02-768x954.jpg 768w, https:\/\/jbsy-china.com\/wp-content\/uploads\/2025\/02\/\u51b7\u9566\u8be6\u60c5\u9875_02-600x745.jpg 600w\" sizes=\"(max-width: 790px) 100vw, 790px\" \/> <img decoding=\"async\" class=\"alignnone size-full wp-image-31580\" src=\"http:\/\/jbsy-china.com\/wp-content\/uploads\/2025\/02\/\u51b7\u9566\u8be6\u60c5\u9875_03.jpg\" alt=\"\" width=\"790\" height=\"740\" srcset=\"https:\/\/jbsy-china.com\/wp-content\/uploads\/2025\/02\/\u51b7\u9566\u8be6\u60c5\u9875_03.jpg 790w, https:\/\/jbsy-china.com\/wp-content\/uploads\/2025\/02\/\u51b7\u9566\u8be6\u60c5\u9875_03-300x281.jpg 300w, https:\/\/jbsy-china.com\/wp-content\/uploads\/2025\/02\/\u51b7\u9566\u8be6\u60c5\u9875_03-768x719.jpg 768w, https:\/\/jbsy-china.com\/wp-content\/uploads\/2025\/02\/\u51b7\u9566\u8be6\u60c5\u9875_03-600x562.jpg 600w\" sizes=\"(max-width: 790px) 100vw, 790px\" \/> <img loading=\"lazy\" decoding=\"async\" class=\"alignnone size-full wp-image-31581\" src=\"http:\/\/jbsy-china.com\/wp-content\/uploads\/2025\/02\/\u51b7\u9566\u8be6\u60c5\u9875_04.jpg\" alt=\"\" width=\"790\" height=\"739\" srcset=\"https:\/\/jbsy-china.com\/wp-content\/uploads\/2025\/02\/\u51b7\u9566\u8be6\u60c5\u9875_04.jpg 790w, https:\/\/jbsy-china.com\/wp-content\/uploads\/2025\/02\/\u51b7\u9566\u8be6\u60c5\u9875_04-300x281.jpg 300w, https:\/\/jbsy-china.com\/wp-content\/uploads\/2025\/02\/\u51b7\u9566\u8be6\u60c5\u9875_04-768x718.jpg 768w, https:\/\/jbsy-china.com\/wp-content\/uploads\/2025\/02\/\u51b7\u9566\u8be6\u60c5\u9875_04-600x561.jpg 600w\" sizes=\"(max-width: 790px) 100vw, 790px\" \/> <img loading=\"lazy\" decoding=\"async\" class=\"alignnone size-full wp-image-31583\" src=\"http:\/\/jbsy-china.com\/wp-content\/uploads\/2025\/02\/\u51b7\u9566\u8be6\u60c5\u9875_05_01.jpg\" alt=\"\" width=\"790\" height=\"677\" srcset=\"https:\/\/jbsy-china.com\/wp-content\/uploads\/2025\/02\/\u51b7\u9566\u8be6\u60c5\u9875_05_01.jpg 790w, https:\/\/jbsy-china.com\/wp-content\/uploads\/2025\/02\/\u51b7\u9566\u8be6\u60c5\u9875_05_01-300x257.jpg 300w, https:\/\/jbsy-china.com\/wp-content\/uploads\/2025\/02\/\u51b7\u9566\u8be6\u60c5\u9875_05_01-768x658.jpg 768w, https:\/\/jbsy-china.com\/wp-content\/uploads\/2025\/02\/\u51b7\u9566\u8be6\u60c5\u9875_05_01-600x514.jpg 600w\" sizes=\"(max-width: 790px) 100vw, 790px\" \/><\/p>\n<p><strong>O processo de encabe\u00e7amento a frio \u00e9 um dos novos processos para a maquinagem sob press\u00e3o com menos ou nenhum corte<\/strong><br \/>\n<strong>metal. \u00c9 um m\u00e9todo de processamento que utiliza a deforma\u00e7\u00e3o pl\u00e1stica do metal sob a a\u00e7\u00e3o de<\/strong><br \/>\n<strong>for\u00e7as externas e, com a ajuda de moldes, redistribui e transfere o volume de metal para formar<\/strong><br \/>\n<strong>as pe\u00e7as ou os espa\u00e7os em branco necess\u00e1rios. O processo de encabe\u00e7amento a frio \u00e9 o mais adequado para a produ\u00e7\u00e3o de<\/strong><br \/>\n<strong>elementos de fixa\u00e7\u00e3o, tais como cavilhas, parafusos, porcas, rebites, cavilhas, etc.<\/strong><\/p>\n<p><img loading=\"lazy\" decoding=\"async\" class=\"alignnone size-full wp-image-31585\" src=\"http:\/\/jbsy-china.com\/wp-content\/uploads\/2025\/02\/\u51b7\u9566\u8be6\u60c5\u9875_05_03.jpg\" alt=\"\" width=\"790\" height=\"603\" srcset=\"https:\/\/jbsy-china.com\/wp-content\/uploads\/2025\/02\/\u51b7\u9566\u8be6\u60c5\u9875_05_03.jpg 790w, https:\/\/jbsy-china.com\/wp-content\/uploads\/2025\/02\/\u51b7\u9566\u8be6\u60c5\u9875_05_03-300x229.jpg 300w, https:\/\/jbsy-china.com\/wp-content\/uploads\/2025\/02\/\u51b7\u9566\u8be6\u60c5\u9875_05_03-768x586.jpg 768w, https:\/\/jbsy-china.com\/wp-content\/uploads\/2025\/02\/\u51b7\u9566\u8be6\u60c5\u9875_05_03-600x458.jpg 600w\" sizes=\"(max-width: 790px) 100vw, 790px\" \/> <img loading=\"lazy\" decoding=\"async\" class=\"alignnone size-full wp-image-31586\" src=\"http:\/\/jbsy-china.com\/wp-content\/uploads\/2025\/02\/\u51b7\u9566\u8be6\u60c5\u9875_06.jpg\" alt=\"\" width=\"790\" height=\"742\" srcset=\"https:\/\/jbsy-china.com\/wp-content\/uploads\/2025\/02\/\u51b7\u9566\u8be6\u60c5\u9875_06.jpg 790w, https:\/\/jbsy-china.com\/wp-content\/uploads\/2025\/02\/\u51b7\u9566\u8be6\u60c5\u9875_06-300x282.jpg 300w, https:\/\/jbsy-china.com\/wp-content\/uploads\/2025\/02\/\u51b7\u9566\u8be6\u60c5\u9875_06-768x721.jpg 768w, https:\/\/jbsy-china.com\/wp-content\/uploads\/2025\/02\/\u51b7\u9566\u8be6\u60c5\u9875_06-600x564.jpg 600w\" sizes=\"(max-width: 790px) 100vw, 790px\" \/><\/p>\n<p class=\"ds-markdown-paragraph\">O\u00a0<strong><a href=\"https:\/\/jbsy-china.com\/pt\/safety-wire-bolts\/\">Porca do cabo de seguran\u00e7a<\/a> \u00d3xido de alum\u00ednio vermelho<\/strong>\u00a0parece ser um fixador ou conetor especializado concebido para aplica\u00e7\u00f5es el\u00e9ctricas ou mec\u00e2nicas seguras, especialmente quando a resist\u00eancia a altas temperaturas, a prote\u00e7\u00e3o contra a corros\u00e3o e a seguran\u00e7a s\u00e3o fundamentais. Segue-se uma descri\u00e7\u00e3o geral baseada no nome e nas normas comuns da ind\u00fastria:<\/p>\n<h5><strong>Descri\u00e7\u00e3o:<\/strong><\/h5>\n<ol start=\"1\">\n<li>\n<p class=\"ds-markdown-paragraph\"><strong>Tipo:<\/strong>\u00a0Porca de fio (conetor de tor\u00e7\u00e3o)<\/p>\n<ul>\n<li>\n<p class=\"ds-markdown-paragraph\">Utilizado para unir e isolar de forma segura os fios el\u00e9ctricos.<\/p>\n<\/li>\n<li>\n<p class=\"ds-markdown-paragraph\">Normalmente fabricados com materiais ign\u00edfugos.<\/p>\n<\/li>\n<\/ul>\n<\/li>\n<li>\n<p class=\"ds-markdown-paragraph\"><strong>Material:<\/strong>\u00a0\u00d3xido de alum\u00ednio (Al\u2082O\u2083)<\/p>\n<ul>\n<li>\n<p class=\"ds-markdown-paragraph\"><strong>\u00d3xido de alum\u00ednio<\/strong>\u00a0\u00e9 um composto cer\u00e2mico conhecido por:<\/p>\n<ul>\n<li>\n<p class=\"ds-markdown-paragraph\">Elevada resist\u00eancia t\u00e9rmica (resiste a calor extremo).<\/p>\n<\/li>\n<li>\n<p class=\"ds-markdown-paragraph\">Propriedades de isolamento el\u00e9trico.<\/p>\n<\/li>\n<li>\u00d3xido de alum\u00ednio vermelho<\/li>\n<li>\n<p class=\"ds-markdown-paragraph\">Resist\u00eancia \u00e0 corros\u00e3o e aos produtos qu\u00edmicos.<\/p>\n<\/li>\n<\/ul>\n<\/li>\n<li>\n<p class=\"ds-markdown-paragraph\">Frequentemente utilizados em ambientes de alta temperatura ou agressivos (por exemplo, aplica\u00e7\u00f5es aeroespaciais, industriais ou autom\u00f3veis).<\/p>\n<\/li>\n<\/ul>\n<\/li>\n<li>\n<p class=\"ds-markdown-paragraph\"><strong>Cor: vermelho<\/strong><\/p>\n<ul>\n<li>\n<p class=\"ds-markdown-paragraph\">Pode indicar:<\/p>\n<ul>\n<li>\n<p class=\"ds-markdown-paragraph\">Um tamanho espec\u00edfico ou capacidade de calibre de fio (o c\u00f3digo de cores \u00e9 comum nas porcas de fio).<\/p>\n<\/li>\n<li>\n<p class=\"ds-markdown-paragraph\">Classifica\u00e7\u00e3o de alta temperatura ou alta tens\u00e3o.<\/p>\n<\/li>\n<li>\n<p class=\"ds-markdown-paragraph\">Conformidade com uma norma de seguran\u00e7a (por exemplo, UL, IEC).<\/p>\n<\/li>\n<li>\u00d3xido de alum\u00ednio vermelho<\/li>\n<\/ul>\n<\/li>\n<\/ul>\n<\/li>\n<li>\n<p class=\"ds-markdown-paragraph\"><strong>Carater\u00edsticas de seguran\u00e7a:<\/strong><\/p>\n<ul>\n<li>\n<p class=\"ds-markdown-paragraph\">Provavelmente inclui:<\/p>\n<ul>\n<li>\n<p class=\"ds-markdown-paragraph\"><strong>Mecanismo de bloqueio<\/strong>\u00a0(por exemplo, bobina ou mola met\u00e1lica interna para evitar que se solte).<\/p>\n<\/li>\n<li>\n<p class=\"ds-markdown-paragraph\"><strong>Revestimento ign\u00edfugo<\/strong>\u00a0(se revestido com pol\u00edmero sobre a base cer\u00e2mica).<\/p>\n<\/li>\n<li>\n<p class=\"ds-markdown-paragraph\"><strong>Resist\u00eancia \u00e0 vibra\u00e7\u00e3o<\/strong>\u00a0(essencial em aplica\u00e7\u00f5es autom\u00f3veis\/militares).<\/p>\n<\/li>\n<\/ul>\n<\/li>\n<\/ul>\n<\/li>\n<\/ol>\n<h5><strong>Poss\u00edveis aplica\u00e7\u00f5es:<\/strong><\/h5>\n<ul>\n<li>\n<p class=\"ds-markdown-paragraph\">Sistemas el\u00e9ctricos de alta temperatura (fornos, fornalhas, equipamentos industriais).<\/p>\n<\/li>\n<li>\n<p class=\"ds-markdown-paragraph\">Cablagem aeroespacial ou autom\u00f3vel (quando \u00e9 necess\u00e1ria resist\u00eancia \u00e0 vibra\u00e7\u00e3o).<\/p>\n<\/li>\n<li>\n<p class=\"ds-markdown-paragraph\">Ambientes perigosos (f\u00e1bricas de produtos qu\u00edmicos, petr\u00f3leo e g\u00e1s).<\/p>\n<\/li>\n<li>\u00d3xido de alum\u00ednio vermelho.<\/li>\n<\/ul>\n<h5><strong>Normas e certifica\u00e7\u00f5es:<\/strong><\/h5>\n<ul>\n<li>\n<p class=\"ds-markdown-paragraph\">Reuni\u00e3o de maio\u00a0<strong>UL 486C<\/strong>,\u00a0<strong>MIL-SPEC<\/strong>, ou\u00a0<strong>CEI<\/strong>\u00a0normas de seguran\u00e7a e desempenho.<\/p>\n<\/li>\n<\/ul>\n<p class=\"ds-markdown-paragraph\">Gostaria de obter pormenores sobre a instala\u00e7\u00e3o, as especifica\u00e7\u00f5es ou o aprovisionamento? Diga-me como posso melhorar ainda mais esta informa\u00e7\u00e3o!<\/p>","protected":false},"excerpt":{"rendered":"<h6><strong>Carater\u00edsticas principais<\/strong><\/h6>\n<ul>\n<li style=\"list-style-type: none;\">\n<ul>\n<li>\n<p class=\"ds-markdown-paragraph\"><strong>Inv\u00f3lucro cer\u00e2mico de \u00f3xido de alum\u00ednio<\/strong>\u00a0- Oferece uma resist\u00eancia excecional ao calor (suporta temperaturas superiores a\u00a0<strong>1000\u00b0C+<\/strong>), isolamento el\u00e9trico e resist\u00eancia \u00e0 corros\u00e3o.<\/p>\n<\/li>\n<li>\n<p class=\"ds-markdown-paragraph\"><strong>Bobina met\u00e1lica interna (mola)<\/strong>\u00a0- Assegura uma liga\u00e7\u00e3o estanque e \u00e0 prova de vibra\u00e7\u00f5es.<\/p>\n<\/li>\n<li>\n<p class=\"ds-markdown-paragraph\"><strong>Revestimento retardador de chama (se aplic\u00e1vel)<\/strong>\u00a0- Camada adicional de pol\u00edmero para maior seguran\u00e7a.<\/p>\n<\/li>\n<\/ul>\n<\/li>\n<\/ul>","protected":false},"featured_media":33305,"comment_status":"open","ping_status":"closed","template":"","meta":{"site-sidebar-layout":"default","site-content-layout":"","ast-site-content-layout":"default","site-content-style":"default","site-sidebar-style":"default","ast-global-header-display":"","ast-banner-title-visibility":"","ast-main-header-display":"","ast-hfb-above-header-display":"","ast-hfb-below-header-display":"","ast-hfb-mobile-header-display":"","site-post-title":"","ast-breadcrumbs-content":"","ast-featured-img":"","footer-sml-layout":"","ast-disable-related-posts":"","theme-transparent-header-meta":"default","adv-header-id-meta":"","stick-header-meta":"default","header-above-stick-meta":"","header-main-stick-meta":"","header-below-stick-meta":"","astra-migrate-meta-layouts":"set","ast-page-background-enabled":"default","ast-page-background-meta":{"desktop":{"background-color":"var(--ast-global-color-4)","background-image":"","background-repeat":"repeat","background-position":"center center","background-size":"auto","background-attachment":"scroll","background-type":"","background-media":"","overlay-type":"","overlay-color":"","overlay-opacity":"","overlay-gradient":""},"tablet":{"background-color":"","background-image":"","background-repeat":"repeat","background-position":"center center","background-size":"auto","background-attachment":"scroll","background-type":"","background-media":"","overlay-type":"","overlay-color":"","overlay-opacity":"","overlay-gradient":""},"mobile":{"background-color":"","background-image":"","background-repeat":"repeat","background-position":"center center","background-size":"auto","background-attachment":"scroll","background-type":"","background-media":"","overlay-type":"","overlay-color":"","overlay-opacity":"","overlay-gradient":""}},"ast-content-background-meta":{"desktop":{"background-color":"var(--ast-global-color-5)","background-image":"","background-repeat":"repeat","background-position":"center center","background-size":"auto","background-attachment":"scroll","background-type":"","background-media":"","overlay-type":"","overlay-color":"","overlay-opacity":"","overlay-gradient":""},"tablet":{"background-color":"var(--ast-global-color-5)","background-image":"","background-repeat":"repeat","background-position":"center center","background-size":"auto","background-attachment":"scroll","background-type":"","background-media":"","overlay-type":"","overlay-color":"","overlay-opacity":"","overlay-gradient":""},"mobile":{"background-color":"var(--ast-global-color-5)","background-image":"","background-repeat":"repeat","background-position":"center center","background-size":"auto","background-attachment":"scroll","background-type":"","background-media":"","overlay-type":"","overlay-color":"","overlay-opacity":"","overlay-gradient":""}},"_themeisle_gutenberg_block_has_review":false,"_ti_tpc_template_sync":false,"_ti_tpc_template_id":""},"product_brand":[],"product_cat":[1275],"product_tag":[],"class_list":{"0":"post-33361","1":"product","2":"type-product","3":"status-publish","4":"has-post-thumbnail","6":"product_cat-safety-wire-bolts","7":"desktop-align-left","8":"tablet-align-left","9":"mobile-align-left","10":"ast-product-gallery-layout-horizontal-slider","11":"ast-product-tabs-layout-horizontal","12":"ast-qv-on-image","14":"first","15":"instock","16":"shipping-taxable","17":"product-type-simple"},"yoast_head":"<!-- This site is optimized with the Yoast SEO Premium plugin v21.7 (Yoast SEO v25.7) - https:\/\/yoast.com\/wordpress\/plugins\/seo\/ -->\n<title>Aluminum oxide red - Jingbang Industrial<\/title>\n<meta name=\"description\" content=\"Safety Wire Nut Aluminum Oxide Red appears to be a specially designed fastener or connector for use in safety electrical or mechanical applications.\" \/>\n<meta name=\"robots\" content=\"index, follow, max-snippet:-1, max-image-preview:large, max-video-preview:-1\" \/>\n<link rel=\"canonical\" href=\"https:\/\/jbsy-china.com\/pt\/produto\/aluminum-oxide-red\/\" \/>\n<meta property=\"og:locale\" content=\"pt_PT\" \/>\n<meta property=\"og:type\" content=\"article\" \/>\n<meta property=\"og:title\" content=\"Aluminum oxide red\" \/>\n<meta property=\"og:description\" content=\"Safety Wire Nut Aluminum Oxide Red appears to be a specially designed fastener or connector for use in safety electrical or mechanical applications.\" \/>\n<meta property=\"og:url\" content=\"https:\/\/jbsy-china.com\/pt\/produto\/aluminum-oxide-red\/\" \/>\n<meta property=\"og:site_name\" content=\"Jingbang Industrial\" \/>\n<meta property=\"article:modified_time\" content=\"2025-07-24T09:06:44+00:00\" \/>\n<meta property=\"og:image\" content=\"http:\/\/jbsy-china.com\/wp-content\/uploads\/2025\/05\/\u94dd\u5236\u6cd5\u5170\u87ba\u6bcd\u6c27\u5316\u7ea2\u8272.jpg\" \/>\n\t<meta property=\"og:image:width\" content=\"800\" \/>\n\t<meta property=\"og:image:height\" content=\"800\" \/>\n\t<meta property=\"og:image:type\" content=\"image\/jpeg\" \/>\n<meta name=\"twitter:card\" content=\"summary_large_image\" \/>\n<meta name=\"twitter:label1\" content=\"Tempo estimado de leitura\" \/>\n\t<meta name=\"twitter:data1\" content=\"3 minutos\" \/>\n<script type=\"application\/ld+json\" class=\"yoast-schema-graph\">{\"@context\":\"https:\/\/schema.org\",\"@graph\":[{\"@type\":\"WebPage\",\"@id\":\"https:\/\/jbsy-china.com\/product\/aluminum-oxide-red\/\",\"url\":\"https:\/\/jbsy-china.com\/product\/aluminum-oxide-red\/\",\"name\":\"Aluminum oxide red - Jingbang Industrial\",\"isPartOf\":{\"@id\":\"https:\/\/jbsy-china.com\/#website\"},\"primaryImageOfPage\":{\"@id\":\"https:\/\/jbsy-china.com\/product\/aluminum-oxide-red\/#primaryimage\"},\"image\":{\"@id\":\"https:\/\/jbsy-china.com\/product\/aluminum-oxide-red\/#primaryimage\"},\"thumbnailUrl\":\"https:\/\/jbsy-china.com\/wp-content\/uploads\/2025\/05\/\u94dd\u5236\u6cd5\u5170\u87ba\u6bcd\u6c27\u5316\u7ea2\u8272.jpg\",\"datePublished\":\"2025-05-12T09:02:18+00:00\",\"dateModified\":\"2025-07-24T09:06:44+00:00\",\"description\":\"Safety Wire Nut Aluminum Oxide Red appears to be a specially designed fastener or connector for use in safety electrical or mechanical applications.\",\"breadcrumb\":{\"@id\":\"https:\/\/jbsy-china.com\/product\/aluminum-oxide-red\/#breadcrumb\"},\"inLanguage\":\"pt-PT\",\"potentialAction\":[{\"@type\":\"ReadAction\",\"target\":[\"https:\/\/jbsy-china.com\/product\/aluminum-oxide-red\/\"]}]},{\"@type\":\"ImageObject\",\"inLanguage\":\"pt-PT\",\"@id\":\"https:\/\/jbsy-china.com\/product\/aluminum-oxide-red\/#primaryimage\",\"url\":\"https:\/\/jbsy-china.com\/wp-content\/uploads\/2025\/05\/\u94dd\u5236\u6cd5\u5170\u87ba\u6bcd\u6c27\u5316\u7ea2\u8272.jpg\",\"contentUrl\":\"https:\/\/jbsy-china.com\/wp-content\/uploads\/2025\/05\/\u94dd\u5236\u6cd5\u5170\u87ba\u6bcd\u6c27\u5316\u7ea2\u8272.jpg\",\"width\":800,\"height\":800},{\"@type\":\"BreadcrumbList\",\"@id\":\"https:\/\/jbsy-china.com\/product\/aluminum-oxide-red\/#breadcrumb\",\"itemListElement\":[{\"@type\":\"ListItem\",\"position\":1,\"name\":\"Home\",\"item\":\"https:\/\/jbsy-china.com\/\"},{\"@type\":\"ListItem\",\"position\":2,\"name\":\"Products\",\"item\":\"https:\/\/jbsy-china.com\/shop\/\"},{\"@type\":\"ListItem\",\"position\":3,\"name\":\"Aluminum oxide red\"}]},{\"@type\":\"WebSite\",\"@id\":\"https:\/\/jbsy-china.com\/#website\",\"url\":\"https:\/\/jbsy-china.com\/\",\"name\":\"Jingbang Industrial\",\"description\":\"Hardware and electronics manufacturer\",\"publisher\":{\"@id\":\"https:\/\/jbsy-china.com\/#organization\"},\"potentialAction\":[{\"@type\":\"SearchAction\",\"target\":{\"@type\":\"EntryPoint\",\"urlTemplate\":\"https:\/\/jbsy-china.com\/?s={search_term_string}\"},\"query-input\":{\"@type\":\"PropertyValueSpecification\",\"valueRequired\":true,\"valueName\":\"search_term_string\"}}],\"inLanguage\":\"pt-PT\"},{\"@type\":\"Organization\",\"@id\":\"https:\/\/jbsy-china.com\/#organization\",\"name\":\"Jingbang Industrial\",\"url\":\"https:\/\/jbsy-china.com\/\",\"logo\":{\"@type\":\"ImageObject\",\"inLanguage\":\"pt-PT\",\"@id\":\"https:\/\/jbsy-china.com\/#\/schema\/logo\/image\/\",\"url\":\"https:\/\/jbsy-china.com\/wp-content\/uploads\/2023\/11\/cropped-\u56fe\u5c42-1.png\",\"contentUrl\":\"https:\/\/jbsy-china.com\/wp-content\/uploads\/2023\/11\/cropped-\u56fe\u5c42-1.png\",\"width\":1049,\"height\":739,\"caption\":\"Jingbang Industrial\"},\"image\":{\"@id\":\"https:\/\/jbsy-china.com\/#\/schema\/logo\/image\/\"}}]}<\/script>\n<!-- \/ Yoast SEO Premium plugin. -->","yoast_head_json":{"title":"Aluminum oxide red - Jingbang Industrial","description":"Safety Wire Nut Aluminum Oxide Red appears to be a specially designed fastener or connector for use in safety electrical or mechanical applications.","robots":{"index":"index","follow":"follow","max-snippet":"max-snippet:-1","max-image-preview":"max-image-preview:large","max-video-preview":"max-video-preview:-1"},"canonical":"https:\/\/jbsy-china.com\/pt\/produto\/aluminum-oxide-red\/","og_locale":"pt_PT","og_type":"article","og_title":"Aluminum oxide red","og_description":"Safety Wire Nut Aluminum Oxide Red appears to be a specially designed fastener or connector for use in safety electrical or mechanical applications.","og_url":"https:\/\/jbsy-china.com\/pt\/produto\/aluminum-oxide-red\/","og_site_name":"Jingbang Industrial","article_modified_time":"2025-07-24T09:06:44+00:00","og_image":[{"width":800,"height":800,"url":"http:\/\/jbsy-china.com\/wp-content\/uploads\/2025\/05\/\u94dd\u5236\u6cd5\u5170\u87ba\u6bcd\u6c27\u5316\u7ea2\u8272.jpg","type":"image\/jpeg"}],"twitter_card":"summary_large_image","twitter_misc":{"Tempo estimado de leitura":"3 minutos"},"schema":{"@context":"https:\/\/schema.org","@graph":[{"@type":"WebPage","@id":"https:\/\/jbsy-china.com\/product\/aluminum-oxide-red\/","url":"https:\/\/jbsy-china.com\/product\/aluminum-oxide-red\/","name":"Aluminum oxide red - Jingbang Industrial","isPartOf":{"@id":"https:\/\/jbsy-china.com\/#website"},"primaryImageOfPage":{"@id":"https:\/\/jbsy-china.com\/product\/aluminum-oxide-red\/#primaryimage"},"image":{"@id":"https:\/\/jbsy-china.com\/product\/aluminum-oxide-red\/#primaryimage"},"thumbnailUrl":"https:\/\/jbsy-china.com\/wp-content\/uploads\/2025\/05\/\u94dd\u5236\u6cd5\u5170\u87ba\u6bcd\u6c27\u5316\u7ea2\u8272.jpg","datePublished":"2025-05-12T09:02:18+00:00","dateModified":"2025-07-24T09:06:44+00:00","description":"Safety Wire Nut Aluminum Oxide Red appears to be a specially designed fastener or connector for use in safety electrical or mechanical applications.","breadcrumb":{"@id":"https:\/\/jbsy-china.com\/product\/aluminum-oxide-red\/#breadcrumb"},"inLanguage":"pt-PT","potentialAction":[{"@type":"ReadAction","target":["https:\/\/jbsy-china.com\/product\/aluminum-oxide-red\/"]}]},{"@type":"ImageObject","inLanguage":"pt-PT","@id":"https:\/\/jbsy-china.com\/product\/aluminum-oxide-red\/#primaryimage","url":"https:\/\/jbsy-china.com\/wp-content\/uploads\/2025\/05\/\u94dd\u5236\u6cd5\u5170\u87ba\u6bcd\u6c27\u5316\u7ea2\u8272.jpg","contentUrl":"https:\/\/jbsy-china.com\/wp-content\/uploads\/2025\/05\/\u94dd\u5236\u6cd5\u5170\u87ba\u6bcd\u6c27\u5316\u7ea2\u8272.jpg","width":800,"height":800},{"@type":"BreadcrumbList","@id":"https:\/\/jbsy-china.com\/product\/aluminum-oxide-red\/#breadcrumb","itemListElement":[{"@type":"ListItem","position":1,"name":"Home","item":"https:\/\/jbsy-china.com\/"},{"@type":"ListItem","position":2,"name":"Products","item":"https:\/\/jbsy-china.com\/shop\/"},{"@type":"ListItem","position":3,"name":"Aluminum oxide red"}]},{"@type":"WebSite","@id":"https:\/\/jbsy-china.com\/#website","url":"https:\/\/jbsy-china.com\/","name":"Jingbang Industrial","description":"Fabricante de hardware e eletr\u00f3nica","publisher":{"@id":"https:\/\/jbsy-china.com\/#organization"},"potentialAction":[{"@type":"SearchAction","target":{"@type":"EntryPoint","urlTemplate":"https:\/\/jbsy-china.com\/?s={search_term_string}"},"query-input":{"@type":"PropertyValueSpecification","valueRequired":true,"valueName":"search_term_string"}}],"inLanguage":"pt-PT"},{"@type":"Organization","@id":"https:\/\/jbsy-china.com\/#organization","name":"Jingbang Industrial","url":"https:\/\/jbsy-china.com\/","logo":{"@type":"ImageObject","inLanguage":"pt-PT","@id":"https:\/\/jbsy-china.com\/#\/schema\/logo\/image\/","url":"https:\/\/jbsy-china.com\/wp-content\/uploads\/2023\/11\/cropped-\u56fe\u5c42-1.png","contentUrl":"https:\/\/jbsy-china.com\/wp-content\/uploads\/2023\/11\/cropped-\u56fe\u5c42-1.png","width":1049,"height":739,"caption":"Jingbang Industrial"},"image":{"@id":"https:\/\/jbsy-china.com\/#\/schema\/logo\/image\/"}}]}},"_links":{"self":[{"href":"https:\/\/jbsy-china.com\/pt\/wp-json\/wp\/v2\/product\/33361","targetHints":{"allow":["GET"]}}],"collection":[{"href":"https:\/\/jbsy-china.com\/pt\/wp-json\/wp\/v2\/product"}],"about":[{"href":"https:\/\/jbsy-china.com\/pt\/wp-json\/wp\/v2\/types\/product"}],"replies":[{"embeddable":true,"href":"https:\/\/jbsy-china.com\/pt\/wp-json\/wp\/v2\/comments?post=33361"}],"wp:featuredmedia":[{"embeddable":true,"href":"https:\/\/jbsy-china.com\/pt\/wp-json\/wp\/v2\/media\/33305"}],"wp:attachment":[{"href":"https:\/\/jbsy-china.com\/pt\/wp-json\/wp\/v2\/media?parent=33361"}],"wp:term":[{"taxonomy":"product_brand","embeddable":true,"href":"https:\/\/jbsy-china.com\/pt\/wp-json\/wp\/v2\/product_brand?post=33361"},{"taxonomy":"product_cat","embeddable":true,"href":"https:\/\/jbsy-china.com\/pt\/wp-json\/wp\/v2\/product_cat?post=33361"},{"taxonomy":"product_tag","embeddable":true,"href":"https:\/\/jbsy-china.com\/pt\/wp-json\/wp\/v2\/product_tag?post=33361"}],"curies":[{"name":"wp","href":"https:\/\/api.w.org\/{rel}","templated":true}]}}