{"id":33489,"date":"2025-05-16T07:00:37","date_gmt":"2025-05-16T07:00:37","guid":{"rendered":"https:\/\/jbsy-china.com\/?post_type=product&#038;p=33489"},"modified":"2025-06-07T06:28:41","modified_gmt":"2025-06-07T06:28:41","slug":"pan-head-chicago-screws","status":"publish","type":"product","link":"https:\/\/jbsy-china.com\/pt\/produto\/pan-head-chicago-screws\/","title":{"rendered":"Parafusos de cabe\u00e7a panela Chicago"},"content":{"rendered":"<p><img fetchpriority=\"high\" decoding=\"async\" class=\"alignnone size-full wp-image-31578\" src=\"http:\/\/jbsy-china.com\/wp-content\/uploads\/2025\/02\/\u51b7\u9566\u8be6\u60c5\u9875_01.jpg\" alt=\"\" width=\"790\" height=\"329\" srcset=\"https:\/\/jbsy-china.com\/wp-content\/uploads\/2025\/02\/\u51b7\u9566\u8be6\u60c5\u9875_01.jpg 790w, https:\/\/jbsy-china.com\/wp-content\/uploads\/2025\/02\/\u51b7\u9566\u8be6\u60c5\u9875_01-300x125.jpg 300w, https:\/\/jbsy-china.com\/wp-content\/uploads\/2025\/02\/\u51b7\u9566\u8be6\u60c5\u9875_01-768x320.jpg 768w, https:\/\/jbsy-china.com\/wp-content\/uploads\/2025\/02\/\u51b7\u9566\u8be6\u60c5\u9875_01-600x250.jpg 600w\" sizes=\"(max-width: 790px) 100vw, 790px\" \/> <img decoding=\"async\" class=\"alignnone size-full wp-image-31579\" src=\"http:\/\/jbsy-china.com\/wp-content\/uploads\/2025\/02\/\u51b7\u9566\u8be6\u60c5\u9875_02.jpg\" alt=\"\" width=\"790\" height=\"981\" srcset=\"https:\/\/jbsy-china.com\/wp-content\/uploads\/2025\/02\/\u51b7\u9566\u8be6\u60c5\u9875_02.jpg 790w, https:\/\/jbsy-china.com\/wp-content\/uploads\/2025\/02\/\u51b7\u9566\u8be6\u60c5\u9875_02-242x300.jpg 242w, https:\/\/jbsy-china.com\/wp-content\/uploads\/2025\/02\/\u51b7\u9566\u8be6\u60c5\u9875_02-768x954.jpg 768w, https:\/\/jbsy-china.com\/wp-content\/uploads\/2025\/02\/\u51b7\u9566\u8be6\u60c5\u9875_02-600x745.jpg 600w\" sizes=\"(max-width: 790px) 100vw, 790px\" \/> <img decoding=\"async\" class=\"alignnone size-full wp-image-31580\" src=\"http:\/\/jbsy-china.com\/wp-content\/uploads\/2025\/02\/\u51b7\u9566\u8be6\u60c5\u9875_03.jpg\" alt=\"\" width=\"790\" height=\"740\" srcset=\"https:\/\/jbsy-china.com\/wp-content\/uploads\/2025\/02\/\u51b7\u9566\u8be6\u60c5\u9875_03.jpg 790w, https:\/\/jbsy-china.com\/wp-content\/uploads\/2025\/02\/\u51b7\u9566\u8be6\u60c5\u9875_03-300x281.jpg 300w, https:\/\/jbsy-china.com\/wp-content\/uploads\/2025\/02\/\u51b7\u9566\u8be6\u60c5\u9875_03-768x719.jpg 768w, https:\/\/jbsy-china.com\/wp-content\/uploads\/2025\/02\/\u51b7\u9566\u8be6\u60c5\u9875_03-600x562.jpg 600w\" sizes=\"(max-width: 790px) 100vw, 790px\" \/> <img loading=\"lazy\" decoding=\"async\" class=\"alignnone size-full wp-image-31581\" src=\"http:\/\/jbsy-china.com\/wp-content\/uploads\/2025\/02\/\u51b7\u9566\u8be6\u60c5\u9875_04.jpg\" alt=\"\" width=\"790\" height=\"739\" srcset=\"https:\/\/jbsy-china.com\/wp-content\/uploads\/2025\/02\/\u51b7\u9566\u8be6\u60c5\u9875_04.jpg 790w, https:\/\/jbsy-china.com\/wp-content\/uploads\/2025\/02\/\u51b7\u9566\u8be6\u60c5\u9875_04-300x281.jpg 300w, https:\/\/jbsy-china.com\/wp-content\/uploads\/2025\/02\/\u51b7\u9566\u8be6\u60c5\u9875_04-768x718.jpg 768w, https:\/\/jbsy-china.com\/wp-content\/uploads\/2025\/02\/\u51b7\u9566\u8be6\u60c5\u9875_04-600x561.jpg 600w\" sizes=\"(max-width: 790px) 100vw, 790px\" \/> <img loading=\"lazy\" decoding=\"async\" class=\"alignnone size-full wp-image-31583\" src=\"http:\/\/jbsy-china.com\/wp-content\/uploads\/2025\/02\/\u51b7\u9566\u8be6\u60c5\u9875_05_01.jpg\" alt=\"\" width=\"790\" height=\"677\" srcset=\"https:\/\/jbsy-china.com\/wp-content\/uploads\/2025\/02\/\u51b7\u9566\u8be6\u60c5\u9875_05_01.jpg 790w, https:\/\/jbsy-china.com\/wp-content\/uploads\/2025\/02\/\u51b7\u9566\u8be6\u60c5\u9875_05_01-300x257.jpg 300w, https:\/\/jbsy-china.com\/wp-content\/uploads\/2025\/02\/\u51b7\u9566\u8be6\u60c5\u9875_05_01-768x658.jpg 768w, https:\/\/jbsy-china.com\/wp-content\/uploads\/2025\/02\/\u51b7\u9566\u8be6\u60c5\u9875_05_01-600x514.jpg 600w\" sizes=\"(max-width: 790px) 100vw, 790px\" \/><\/p>\n<p><strong>O processo de encabe\u00e7amento a frio \u00e9 um dos novos processos para a maquinagem sob press\u00e3o com menos ou nenhum corte<\/strong><br \/>\n<strong>metal. \u00c9 um m\u00e9todo de processamento que utiliza a deforma\u00e7\u00e3o pl\u00e1stica do metal sob a a\u00e7\u00e3o de<\/strong><br \/>\n<strong>for\u00e7as externas e, com a ajuda de moldes, redistribui e transfere o volume de metal para formar<\/strong><br \/>\n<strong>as pe\u00e7as ou os espa\u00e7os em branco necess\u00e1rios. O processo de encabe\u00e7amento a frio \u00e9 o mais adequado para a produ\u00e7\u00e3o de<\/strong><br \/>\n<strong>elementos de fixa\u00e7\u00e3o, tais como cavilhas, parafusos, porcas, rebites, cavilhas, etc.<\/strong><\/p>\n<p><img loading=\"lazy\" decoding=\"async\" class=\"alignnone size-full wp-image-31585\" src=\"http:\/\/jbsy-china.com\/wp-content\/uploads\/2025\/02\/\u51b7\u9566\u8be6\u60c5\u9875_05_03.jpg\" alt=\"\" width=\"790\" height=\"603\" srcset=\"https:\/\/jbsy-china.com\/wp-content\/uploads\/2025\/02\/\u51b7\u9566\u8be6\u60c5\u9875_05_03.jpg 790w, https:\/\/jbsy-china.com\/wp-content\/uploads\/2025\/02\/\u51b7\u9566\u8be6\u60c5\u9875_05_03-300x229.jpg 300w, https:\/\/jbsy-china.com\/wp-content\/uploads\/2025\/02\/\u51b7\u9566\u8be6\u60c5\u9875_05_03-768x586.jpg 768w, https:\/\/jbsy-china.com\/wp-content\/uploads\/2025\/02\/\u51b7\u9566\u8be6\u60c5\u9875_05_03-600x458.jpg 600w\" sizes=\"(max-width: 790px) 100vw, 790px\" \/> <img loading=\"lazy\" decoding=\"async\" class=\"alignnone size-full wp-image-31586\" src=\"http:\/\/jbsy-china.com\/wp-content\/uploads\/2025\/02\/\u51b7\u9566\u8be6\u60c5\u9875_06.jpg\" alt=\"\" width=\"790\" height=\"742\" srcset=\"https:\/\/jbsy-china.com\/wp-content\/uploads\/2025\/02\/\u51b7\u9566\u8be6\u60c5\u9875_06.jpg 790w, https:\/\/jbsy-china.com\/wp-content\/uploads\/2025\/02\/\u51b7\u9566\u8be6\u60c5\u9875_06-300x282.jpg 300w, https:\/\/jbsy-china.com\/wp-content\/uploads\/2025\/02\/\u51b7\u9566\u8be6\u60c5\u9875_06-768x721.jpg 768w, https:\/\/jbsy-china.com\/wp-content\/uploads\/2025\/02\/\u51b7\u9566\u8be6\u60c5\u9875_06-600x564.jpg 600w\" sizes=\"(max-width: 790px) 100vw, 790px\" \/><\/p>\n<p class=\"ds-markdown-paragraph\"><strong>Cabe\u00e7a de panela <a href=\"https:\/\/jbsy-china.com\/pt\/chicago-screw\/\">Parafusos de Chicago<\/a><\/strong>\u00a0(tamb\u00e9m conhecido como\u00a0<strong>parafusos sexuais<\/strong>,\u00a0<strong>postos de liga\u00e7\u00e3o<\/strong>, ou\u00a0<strong>porcas de barril<\/strong>) s\u00e3o um tipo de fixador de duas partes constitu\u00eddo por um\u00a0<strong>parafuso macho<\/strong>\u00a0(parafuso roscado) e um\u00a0<strong>porca f\u00eamea do tambor<\/strong>\u00a0(manga roscada). S\u00e3o concebidos para unir materiais de forma segura sem a necessidade de uma porca tradicional na parte de tr\u00e1s.<\/p>\n<h4><strong>Carater\u00edsticas principais:<\/strong><\/h4>\n<ul>\n<li>\n<p class=\"ds-markdown-paragraph\"><strong>Design da cabe\u00e7a de panela<\/strong>\u00a0- O parafuso tem uma cabe\u00e7a ligeiramente arredondada e de baixo perfil com uma superf\u00edcie de apoio plana, proporcionando um acabamento suave e distribuindo uniformemente a press\u00e3o.<\/p>\n<\/li>\n<li>\n<p class=\"ds-markdown-paragraph\"><strong>Rosca interna<\/strong>\u00a0- A porca do tambor (componente f\u00eamea) tem roscas internas que aceitam o parafuso macho, criando uma fixa\u00e7\u00e3o embutida ou semi-embutida.<\/p>\n<\/li>\n<li>\n<p class=\"ds-markdown-paragraph\"><strong>Fixa\u00e7\u00e3o segura<\/strong>\u00a0- Ao contr\u00e1rio dos parafusos e porcas normais, os parafusos Chicago permanecem bem apertados, reduzindo o seu afrouxamento devido a vibra\u00e7\u00f5es ou movimentos.<\/p>\n<\/li>\n<li>\n<p class=\"ds-markdown-paragraph\"><strong>Costas n\u00e3o salientes<\/strong>\u00a0- A porca do cano fica dentro de um orif\u00edcio pr\u00e9-perfurado, deixando um acabamento limpo em ambos os lados do conjunto.<\/p>\n<\/li>\n<\/ul>\n<h4><strong>Materiais comuns:<\/strong><\/h4>\n<ul>\n<li>\n<p class=\"ds-markdown-paragraph\"><strong>A\u00e7o inoxid\u00e1vel<\/strong>\u00a0(resistente \u00e0 ferrugem, duradouro)<\/p>\n<\/li>\n<li>\n<p class=\"ds-markdown-paragraph\"><strong>Lat\u00e3o<\/strong>\u00a0(resistente \u00e0 corros\u00e3o, decorativo)<\/p>\n<\/li>\n<li>\n<p class=\"ds-markdown-paragraph\"><strong>Alum\u00ednio<\/strong>\u00a0(leve, n\u00e3o magn\u00e9tico)<\/p>\n<\/li>\n<li>\n<p class=\"ds-markdown-paragraph\"><strong>Nylon\/Pl\u00e1stico<\/strong>\u00a0(n\u00e3o condutor, leve)<\/p>\n<\/li>\n<\/ul>\n<h4><strong>Aplica\u00e7\u00f5es:<\/strong><\/h4>\n<ul>\n<li>\n<p class=\"ds-markdown-paragraph\"><strong>Artesanato em couro<\/strong>\u00a0(cintos, coldres, bolsas, selas)<\/p>\n<\/li>\n<li>\n<p class=\"ds-markdown-paragraph\"><strong>Mobili\u00e1rio e marcenaria<\/strong>\u00a0(cadeiras, pain\u00e9is, sistemas modulares)<\/p>\n<\/li>\n<li>\n<p class=\"ds-markdown-paragraph\"><strong>Encaderna\u00e7\u00e3o e \u00e1lbuns<\/strong>\u00a0(cadernos de amostras, fich\u00e1rios de amostras)<\/p>\n<\/li>\n<li>\n<p class=\"ds-markdown-paragraph\"><strong>Ind\u00fastria e maquinaria<\/strong>\u00a0(pain\u00e9is, coberturas, acess\u00f3rios)<\/p>\n<\/li>\n<li>\n<p class=\"ds-markdown-paragraph\"><strong>Sinal\u00e9tica e expositores<\/strong>\u00a0(fecho seguro mas amov\u00edvel)<\/p>\n<\/li>\n<\/ul>\n<p class=\"ds-markdown-paragraph\">Os parafusos de cabe\u00e7a cil\u00edndrica Chicago s\u00e3o ideais para aplica\u00e7\u00f5es que requerem uma\u00a0<strong>fixador forte e embutido<\/strong>\u00a0com um aspeto profissional. S\u00e3o amplamente utilizados em ind\u00fastrias onde as porcas e parafusos tradicionais n\u00e3o s\u00e3o pr\u00e1ticos.<\/p>","protected":false},"excerpt":{"rendered":"<h6><strong>Carater\u00edsticas principais:<\/strong><\/h6>\n<ul>\n<li>\n<p class=\"ds-markdown-paragraph\"><strong>Design da cabe\u00e7a de panela<\/strong>\u00a0- O parafuso tem uma cabe\u00e7a ligeiramente arredondada e de baixo perfil com uma superf\u00edcie de apoio plana, proporcionando um acabamento suave e distribuindo uniformemente a press\u00e3o.<\/p>\n<\/li>\n<li>\n<p class=\"ds-markdown-paragraph\"><strong>Rosca interna<\/strong>\u00a0- A porca do tambor (componente f\u00eamea) tem roscas internas que aceitam o parafuso macho, criando uma fixa\u00e7\u00e3o embutida ou semi-embutida.<\/p>\n<\/li>\n<li>\n<p class=\"ds-markdown-paragraph\"><strong>Fixa\u00e7\u00e3o segura<\/strong>\u00a0- Ao contr\u00e1rio dos parafusos e porcas normais, os parafusos Chicago permanecem bem apertados, reduzindo o seu afrouxamento devido a vibra\u00e7\u00f5es ou movimentos.<\/p>\n<\/li>\n<\/ul>","protected":false},"featured_media":33471,"comment_status":"open","ping_status":"closed","template":"","meta":{"site-sidebar-layout":"default","site-content-layout":"","ast-site-content-layout":"default","site-content-style":"default","site-sidebar-style":"default","ast-global-header-display":"","ast-banner-title-visibility":"","ast-main-header-display":"","ast-hfb-above-header-display":"","ast-hfb-below-header-display":"","ast-hfb-mobile-header-display":"","site-post-title":"","ast-breadcrumbs-content":"","ast-featured-img":"","footer-sml-layout":"","ast-disable-related-posts":"","theme-transparent-header-meta":"default","adv-header-id-meta":"","stick-header-meta":"default","header-above-stick-meta":"","header-main-stick-meta":"","header-below-stick-meta":"","astra-migrate-meta-layouts":"set","ast-page-background-enabled":"default","ast-page-background-meta":{"desktop":{"background-color":"var(--ast-global-color-4)","background-image":"","background-repeat":"repeat","background-position":"center center","background-size":"auto","background-attachment":"scroll","background-type":"","background-media":"","overlay-type":"","overlay-color":"","overlay-opacity":"","overlay-gradient":""},"tablet":{"background-color":"","background-image":"","background-repeat":"repeat","background-position":"center center","background-size":"auto","background-attachment":"scroll","background-type":"","background-media":"","overlay-type":"","overlay-color":"","overlay-opacity":"","overlay-gradient":""},"mobile":{"background-color":"","background-image":"","background-repeat":"repeat","background-position":"center center","background-size":"auto","background-attachment":"scroll","background-type":"","background-media":"","overlay-type":"","overlay-color":"","overlay-opacity":"","overlay-gradient":""}},"ast-content-background-meta":{"desktop":{"background-color":"var(--ast-global-color-5)","background-image":"","background-repeat":"repeat","background-position":"center center","background-size":"auto","background-attachment":"scroll","background-type":"","background-media":"","overlay-type":"","overlay-color":"","overlay-opacity":"","overlay-gradient":""},"tablet":{"background-color":"var(--ast-global-color-5)","background-image":"","background-repeat":"repeat","background-position":"center center","background-size":"auto","background-attachment":"scroll","background-type":"","background-media":"","overlay-type":"","overlay-color":"","overlay-opacity":"","overlay-gradient":""},"mobile":{"background-color":"var(--ast-global-color-5)","background-image":"","background-repeat":"repeat","background-position":"center center","background-size":"auto","background-attachment":"scroll","background-type":"","background-media":"","overlay-type":"","overlay-color":"","overlay-opacity":"","overlay-gradient":""}},"_themeisle_gutenberg_block_has_review":false,"_ti_tpc_template_sync":false,"_ti_tpc_template_id":""},"product_brand":[],"product_cat":[1276],"product_tag":[],"class_list":{"0":"post-33489","1":"product","2":"type-product","3":"status-publish","4":"has-post-thumbnail","6":"product_cat-chicago-screw","7":"desktop-align-left","8":"tablet-align-left","9":"mobile-align-left","10":"ast-product-gallery-layout-horizontal-slider","11":"ast-product-tabs-layout-horizontal","12":"ast-qv-on-image","14":"first","15":"instock","16":"shipping-taxable","17":"product-type-simple"},"yoast_head":"<!-- This site is optimized with the Yoast SEO Premium plugin v21.7 (Yoast SEO v25.7) - https:\/\/yoast.com\/wordpress\/plugins\/seo\/ -->\n<title>Pan Head Chicago Screws - Jingbang Industrial<\/title>\n<meta name=\"description\" content=\"Pan Head Chicago Screws are a type of two-part fastener consisting of a male screw (threaded bolt) and a female barrel nut (threaded sleeve).\" \/>\n<meta name=\"robots\" content=\"index, follow, max-snippet:-1, max-image-preview:large, max-video-preview:-1\" \/>\n<link rel=\"canonical\" href=\"https:\/\/jbsy-china.com\/pt\/produto\/pan-head-chicago-screws\/\" \/>\n<meta property=\"og:locale\" content=\"pt_PT\" \/>\n<meta property=\"og:type\" content=\"article\" \/>\n<meta property=\"og:title\" content=\"Pan Head Chicago Screws\" \/>\n<meta property=\"og:description\" content=\"Pan Head Chicago Screws are a type of two-part fastener consisting of a male screw (threaded bolt) and a female barrel nut (threaded sleeve).\" \/>\n<meta property=\"og:url\" content=\"https:\/\/jbsy-china.com\/pt\/produto\/pan-head-chicago-screws\/\" \/>\n<meta property=\"og:site_name\" content=\"Jingbang Industrial\" \/>\n<meta property=\"article:modified_time\" content=\"2025-06-07T06:28:41+00:00\" \/>\n<meta property=\"og:image\" content=\"http:\/\/jbsy-china.com\/wp-content\/uploads\/2025\/05\/\u76d8\u5934\u5185\u516d\u89d2\u5b50\u6bcd\u87ba\u9489.jpg\" \/>\n\t<meta property=\"og:image:width\" content=\"800\" \/>\n\t<meta property=\"og:image:height\" content=\"800\" \/>\n\t<meta property=\"og:image:type\" content=\"image\/jpeg\" \/>\n<meta name=\"twitter:card\" content=\"summary_large_image\" \/>\n<meta name=\"twitter:label1\" content=\"Tempo estimado de leitura\" \/>\n\t<meta name=\"twitter:data1\" content=\"3 minutos\" \/>\n<script type=\"application\/ld+json\" class=\"yoast-schema-graph\">{\"@context\":\"https:\/\/schema.org\",\"@graph\":[{\"@type\":\"WebPage\",\"@id\":\"https:\/\/jbsy-china.com\/product\/pan-head-chicago-screws\/\",\"url\":\"https:\/\/jbsy-china.com\/product\/pan-head-chicago-screws\/\",\"name\":\"Pan Head Chicago Screws - Jingbang Industrial\",\"isPartOf\":{\"@id\":\"https:\/\/jbsy-china.com\/#website\"},\"primaryImageOfPage\":{\"@id\":\"https:\/\/jbsy-china.com\/product\/pan-head-chicago-screws\/#primaryimage\"},\"image\":{\"@id\":\"https:\/\/jbsy-china.com\/product\/pan-head-chicago-screws\/#primaryimage\"},\"thumbnailUrl\":\"https:\/\/jbsy-china.com\/wp-content\/uploads\/2025\/05\/\u76d8\u5934\u5185\u516d\u89d2\u5b50\u6bcd\u87ba\u9489.jpg\",\"datePublished\":\"2025-05-16T07:00:37+00:00\",\"dateModified\":\"2025-06-07T06:28:41+00:00\",\"description\":\"Pan Head Chicago Screws are a type of two-part fastener consisting of a male screw (threaded bolt) and a female barrel nut (threaded sleeve).\",\"breadcrumb\":{\"@id\":\"https:\/\/jbsy-china.com\/product\/pan-head-chicago-screws\/#breadcrumb\"},\"inLanguage\":\"pt-PT\",\"potentialAction\":[{\"@type\":\"ReadAction\",\"target\":[\"https:\/\/jbsy-china.com\/product\/pan-head-chicago-screws\/\"]}]},{\"@type\":\"ImageObject\",\"inLanguage\":\"pt-PT\",\"@id\":\"https:\/\/jbsy-china.com\/product\/pan-head-chicago-screws\/#primaryimage\",\"url\":\"https:\/\/jbsy-china.com\/wp-content\/uploads\/2025\/05\/\u76d8\u5934\u5185\u516d\u89d2\u5b50\u6bcd\u87ba\u9489.jpg\",\"contentUrl\":\"https:\/\/jbsy-china.com\/wp-content\/uploads\/2025\/05\/\u76d8\u5934\u5185\u516d\u89d2\u5b50\u6bcd\u87ba\u9489.jpg\",\"width\":800,\"height\":800},{\"@type\":\"BreadcrumbList\",\"@id\":\"https:\/\/jbsy-china.com\/product\/pan-head-chicago-screws\/#breadcrumb\",\"itemListElement\":[{\"@type\":\"ListItem\",\"position\":1,\"name\":\"Home\",\"item\":\"https:\/\/jbsy-china.com\/\"},{\"@type\":\"ListItem\",\"position\":2,\"name\":\"Products\",\"item\":\"https:\/\/jbsy-china.com\/shop\/\"},{\"@type\":\"ListItem\",\"position\":3,\"name\":\"Pan Head Chicago Screws\"}]},{\"@type\":\"WebSite\",\"@id\":\"https:\/\/jbsy-china.com\/#website\",\"url\":\"https:\/\/jbsy-china.com\/\",\"name\":\"Jingbang Industrial\",\"description\":\"Hardware and electronics manufacturer\",\"publisher\":{\"@id\":\"https:\/\/jbsy-china.com\/#organization\"},\"potentialAction\":[{\"@type\":\"SearchAction\",\"target\":{\"@type\":\"EntryPoint\",\"urlTemplate\":\"https:\/\/jbsy-china.com\/?s={search_term_string}\"},\"query-input\":{\"@type\":\"PropertyValueSpecification\",\"valueRequired\":true,\"valueName\":\"search_term_string\"}}],\"inLanguage\":\"pt-PT\"},{\"@type\":\"Organization\",\"@id\":\"https:\/\/jbsy-china.com\/#organization\",\"name\":\"Jingbang Industrial\",\"url\":\"https:\/\/jbsy-china.com\/\",\"logo\":{\"@type\":\"ImageObject\",\"inLanguage\":\"pt-PT\",\"@id\":\"https:\/\/jbsy-china.com\/#\/schema\/logo\/image\/\",\"url\":\"https:\/\/jbsy-china.com\/wp-content\/uploads\/2023\/11\/cropped-\u56fe\u5c42-1.png\",\"contentUrl\":\"https:\/\/jbsy-china.com\/wp-content\/uploads\/2023\/11\/cropped-\u56fe\u5c42-1.png\",\"width\":1049,\"height\":739,\"caption\":\"Jingbang Industrial\"},\"image\":{\"@id\":\"https:\/\/jbsy-china.com\/#\/schema\/logo\/image\/\"}}]}<\/script>\n<!-- \/ Yoast SEO Premium plugin. -->","yoast_head_json":{"title":"Pan Head Chicago Screws - Jingbang Industrial","description":"Pan Head Chicago Screws are a type of two-part fastener consisting of a male screw (threaded bolt) and a female barrel nut (threaded sleeve).","robots":{"index":"index","follow":"follow","max-snippet":"max-snippet:-1","max-image-preview":"max-image-preview:large","max-video-preview":"max-video-preview:-1"},"canonical":"https:\/\/jbsy-china.com\/pt\/produto\/pan-head-chicago-screws\/","og_locale":"pt_PT","og_type":"article","og_title":"Pan Head Chicago Screws","og_description":"Pan Head Chicago Screws are a type of two-part fastener consisting of a male screw (threaded bolt) and a female barrel nut (threaded sleeve).","og_url":"https:\/\/jbsy-china.com\/pt\/produto\/pan-head-chicago-screws\/","og_site_name":"Jingbang Industrial","article_modified_time":"2025-06-07T06:28:41+00:00","og_image":[{"width":800,"height":800,"url":"http:\/\/jbsy-china.com\/wp-content\/uploads\/2025\/05\/\u76d8\u5934\u5185\u516d\u89d2\u5b50\u6bcd\u87ba\u9489.jpg","type":"image\/jpeg"}],"twitter_card":"summary_large_image","twitter_misc":{"Tempo estimado de leitura":"3 minutos"},"schema":{"@context":"https:\/\/schema.org","@graph":[{"@type":"WebPage","@id":"https:\/\/jbsy-china.com\/product\/pan-head-chicago-screws\/","url":"https:\/\/jbsy-china.com\/product\/pan-head-chicago-screws\/","name":"Pan Head Chicago Screws - Jingbang Industrial","isPartOf":{"@id":"https:\/\/jbsy-china.com\/#website"},"primaryImageOfPage":{"@id":"https:\/\/jbsy-china.com\/product\/pan-head-chicago-screws\/#primaryimage"},"image":{"@id":"https:\/\/jbsy-china.com\/product\/pan-head-chicago-screws\/#primaryimage"},"thumbnailUrl":"https:\/\/jbsy-china.com\/wp-content\/uploads\/2025\/05\/\u76d8\u5934\u5185\u516d\u89d2\u5b50\u6bcd\u87ba\u9489.jpg","datePublished":"2025-05-16T07:00:37+00:00","dateModified":"2025-06-07T06:28:41+00:00","description":"Pan Head Chicago Screws are a type of two-part fastener consisting of a male screw (threaded bolt) and a female barrel nut (threaded sleeve).","breadcrumb":{"@id":"https:\/\/jbsy-china.com\/product\/pan-head-chicago-screws\/#breadcrumb"},"inLanguage":"pt-PT","potentialAction":[{"@type":"ReadAction","target":["https:\/\/jbsy-china.com\/product\/pan-head-chicago-screws\/"]}]},{"@type":"ImageObject","inLanguage":"pt-PT","@id":"https:\/\/jbsy-china.com\/product\/pan-head-chicago-screws\/#primaryimage","url":"https:\/\/jbsy-china.com\/wp-content\/uploads\/2025\/05\/\u76d8\u5934\u5185\u516d\u89d2\u5b50\u6bcd\u87ba\u9489.jpg","contentUrl":"https:\/\/jbsy-china.com\/wp-content\/uploads\/2025\/05\/\u76d8\u5934\u5185\u516d\u89d2\u5b50\u6bcd\u87ba\u9489.jpg","width":800,"height":800},{"@type":"BreadcrumbList","@id":"https:\/\/jbsy-china.com\/product\/pan-head-chicago-screws\/#breadcrumb","itemListElement":[{"@type":"ListItem","position":1,"name":"Home","item":"https:\/\/jbsy-china.com\/"},{"@type":"ListItem","position":2,"name":"Products","item":"https:\/\/jbsy-china.com\/shop\/"},{"@type":"ListItem","position":3,"name":"Pan Head Chicago Screws"}]},{"@type":"WebSite","@id":"https:\/\/jbsy-china.com\/#website","url":"https:\/\/jbsy-china.com\/","name":"Jingbang Industrial","description":"Fabricante de hardware e eletr\u00f3nica","publisher":{"@id":"https:\/\/jbsy-china.com\/#organization"},"potentialAction":[{"@type":"SearchAction","target":{"@type":"EntryPoint","urlTemplate":"https:\/\/jbsy-china.com\/?s={search_term_string}"},"query-input":{"@type":"PropertyValueSpecification","valueRequired":true,"valueName":"search_term_string"}}],"inLanguage":"pt-PT"},{"@type":"Organization","@id":"https:\/\/jbsy-china.com\/#organization","name":"Jingbang Industrial","url":"https:\/\/jbsy-china.com\/","logo":{"@type":"ImageObject","inLanguage":"pt-PT","@id":"https:\/\/jbsy-china.com\/#\/schema\/logo\/image\/","url":"https:\/\/jbsy-china.com\/wp-content\/uploads\/2023\/11\/cropped-\u56fe\u5c42-1.png","contentUrl":"https:\/\/jbsy-china.com\/wp-content\/uploads\/2023\/11\/cropped-\u56fe\u5c42-1.png","width":1049,"height":739,"caption":"Jingbang Industrial"},"image":{"@id":"https:\/\/jbsy-china.com\/#\/schema\/logo\/image\/"}}]}},"_links":{"self":[{"href":"https:\/\/jbsy-china.com\/pt\/wp-json\/wp\/v2\/product\/33489","targetHints":{"allow":["GET"]}}],"collection":[{"href":"https:\/\/jbsy-china.com\/pt\/wp-json\/wp\/v2\/product"}],"about":[{"href":"https:\/\/jbsy-china.com\/pt\/wp-json\/wp\/v2\/types\/product"}],"replies":[{"embeddable":true,"href":"https:\/\/jbsy-china.com\/pt\/wp-json\/wp\/v2\/comments?post=33489"}],"wp:featuredmedia":[{"embeddable":true,"href":"https:\/\/jbsy-china.com\/pt\/wp-json\/wp\/v2\/media\/33471"}],"wp:attachment":[{"href":"https:\/\/jbsy-china.com\/pt\/wp-json\/wp\/v2\/media?parent=33489"}],"wp:term":[{"taxonomy":"product_brand","embeddable":true,"href":"https:\/\/jbsy-china.com\/pt\/wp-json\/wp\/v2\/product_brand?post=33489"},{"taxonomy":"product_cat","embeddable":true,"href":"https:\/\/jbsy-china.com\/pt\/wp-json\/wp\/v2\/product_cat?post=33489"},{"taxonomy":"product_tag","embeddable":true,"href":"https:\/\/jbsy-china.com\/pt\/wp-json\/wp\/v2\/product_tag?post=33489"}],"curies":[{"name":"wp","href":"https:\/\/api.w.org\/{rel}","templated":true}]}}