{"id":33491,"date":"2025-05-16T07:02:17","date_gmt":"2025-05-16T07:02:17","guid":{"rendered":"https:\/\/jbsy-china.com\/?post_type=product&#038;p=33491"},"modified":"2025-06-05T09:46:01","modified_gmt":"2025-06-05T09:46:01","slug":"custom-chicago-screws","status":"publish","type":"product","link":"https:\/\/jbsy-china.com\/pt\/produto\/custom-chicago-screws\/","title":{"rendered":"Parafusos personalizados de Chicago"},"content":{"rendered":"<p><img fetchpriority=\"high\" decoding=\"async\" class=\"alignnone size-full wp-image-31578\" src=\"http:\/\/jbsy-china.com\/wp-content\/uploads\/2025\/02\/\u51b7\u9566\u8be6\u60c5\u9875_01.jpg\" alt=\"\" width=\"790\" height=\"329\" srcset=\"https:\/\/jbsy-china.com\/wp-content\/uploads\/2025\/02\/\u51b7\u9566\u8be6\u60c5\u9875_01.jpg 790w, https:\/\/jbsy-china.com\/wp-content\/uploads\/2025\/02\/\u51b7\u9566\u8be6\u60c5\u9875_01-300x125.jpg 300w, https:\/\/jbsy-china.com\/wp-content\/uploads\/2025\/02\/\u51b7\u9566\u8be6\u60c5\u9875_01-768x320.jpg 768w, https:\/\/jbsy-china.com\/wp-content\/uploads\/2025\/02\/\u51b7\u9566\u8be6\u60c5\u9875_01-600x250.jpg 600w\" sizes=\"(max-width: 790px) 100vw, 790px\" \/> <img decoding=\"async\" class=\"alignnone size-full wp-image-31579\" src=\"http:\/\/jbsy-china.com\/wp-content\/uploads\/2025\/02\/\u51b7\u9566\u8be6\u60c5\u9875_02.jpg\" alt=\"\" width=\"790\" height=\"981\" srcset=\"https:\/\/jbsy-china.com\/wp-content\/uploads\/2025\/02\/\u51b7\u9566\u8be6\u60c5\u9875_02.jpg 790w, https:\/\/jbsy-china.com\/wp-content\/uploads\/2025\/02\/\u51b7\u9566\u8be6\u60c5\u9875_02-242x300.jpg 242w, https:\/\/jbsy-china.com\/wp-content\/uploads\/2025\/02\/\u51b7\u9566\u8be6\u60c5\u9875_02-768x954.jpg 768w, https:\/\/jbsy-china.com\/wp-content\/uploads\/2025\/02\/\u51b7\u9566\u8be6\u60c5\u9875_02-600x745.jpg 600w\" sizes=\"(max-width: 790px) 100vw, 790px\" \/> <img decoding=\"async\" class=\"alignnone size-full wp-image-31580\" src=\"http:\/\/jbsy-china.com\/wp-content\/uploads\/2025\/02\/\u51b7\u9566\u8be6\u60c5\u9875_03.jpg\" alt=\"\" width=\"790\" height=\"740\" srcset=\"https:\/\/jbsy-china.com\/wp-content\/uploads\/2025\/02\/\u51b7\u9566\u8be6\u60c5\u9875_03.jpg 790w, https:\/\/jbsy-china.com\/wp-content\/uploads\/2025\/02\/\u51b7\u9566\u8be6\u60c5\u9875_03-300x281.jpg 300w, https:\/\/jbsy-china.com\/wp-content\/uploads\/2025\/02\/\u51b7\u9566\u8be6\u60c5\u9875_03-768x719.jpg 768w, https:\/\/jbsy-china.com\/wp-content\/uploads\/2025\/02\/\u51b7\u9566\u8be6\u60c5\u9875_03-600x562.jpg 600w\" sizes=\"(max-width: 790px) 100vw, 790px\" \/> <img loading=\"lazy\" decoding=\"async\" class=\"alignnone size-full wp-image-31581\" src=\"http:\/\/jbsy-china.com\/wp-content\/uploads\/2025\/02\/\u51b7\u9566\u8be6\u60c5\u9875_04.jpg\" alt=\"\" width=\"790\" height=\"739\" srcset=\"https:\/\/jbsy-china.com\/wp-content\/uploads\/2025\/02\/\u51b7\u9566\u8be6\u60c5\u9875_04.jpg 790w, https:\/\/jbsy-china.com\/wp-content\/uploads\/2025\/02\/\u51b7\u9566\u8be6\u60c5\u9875_04-300x281.jpg 300w, https:\/\/jbsy-china.com\/wp-content\/uploads\/2025\/02\/\u51b7\u9566\u8be6\u60c5\u9875_04-768x718.jpg 768w, https:\/\/jbsy-china.com\/wp-content\/uploads\/2025\/02\/\u51b7\u9566\u8be6\u60c5\u9875_04-600x561.jpg 600w\" sizes=\"(max-width: 790px) 100vw, 790px\" \/> <img loading=\"lazy\" decoding=\"async\" class=\"alignnone size-full wp-image-31583\" src=\"http:\/\/jbsy-china.com\/wp-content\/uploads\/2025\/02\/\u51b7\u9566\u8be6\u60c5\u9875_05_01.jpg\" alt=\"\" width=\"790\" height=\"677\" srcset=\"https:\/\/jbsy-china.com\/wp-content\/uploads\/2025\/02\/\u51b7\u9566\u8be6\u60c5\u9875_05_01.jpg 790w, https:\/\/jbsy-china.com\/wp-content\/uploads\/2025\/02\/\u51b7\u9566\u8be6\u60c5\u9875_05_01-300x257.jpg 300w, https:\/\/jbsy-china.com\/wp-content\/uploads\/2025\/02\/\u51b7\u9566\u8be6\u60c5\u9875_05_01-768x658.jpg 768w, https:\/\/jbsy-china.com\/wp-content\/uploads\/2025\/02\/\u51b7\u9566\u8be6\u60c5\u9875_05_01-600x514.jpg 600w\" sizes=\"(max-width: 790px) 100vw, 790px\" \/><\/p>\n<p><strong>O processo de encabe\u00e7amento a frio \u00e9 um dos novos processos para a maquinagem sob press\u00e3o com menos ou nenhum corte<\/strong><br \/>\n<strong>metal. \u00c9 um m\u00e9todo de processamento que utiliza a deforma\u00e7\u00e3o pl\u00e1stica do metal sob a a\u00e7\u00e3o de<\/strong><br \/>\n<strong>for\u00e7as externas e, com a ajuda de moldes, redistribui e transfere o volume de metal para formar<\/strong><br \/>\n<strong>as pe\u00e7as ou os espa\u00e7os em branco necess\u00e1rios. O processo de encabe\u00e7amento a frio \u00e9 o mais adequado para a produ\u00e7\u00e3o de<\/strong><br \/>\n<strong>elementos de fixa\u00e7\u00e3o, tais como cavilhas, parafusos, porcas, rebites, cavilhas, etc.<\/strong><\/p>\n<p><img loading=\"lazy\" decoding=\"async\" class=\"alignnone size-full wp-image-31585\" src=\"http:\/\/jbsy-china.com\/wp-content\/uploads\/2025\/02\/\u51b7\u9566\u8be6\u60c5\u9875_05_03.jpg\" alt=\"\" width=\"790\" height=\"603\" srcset=\"https:\/\/jbsy-china.com\/wp-content\/uploads\/2025\/02\/\u51b7\u9566\u8be6\u60c5\u9875_05_03.jpg 790w, https:\/\/jbsy-china.com\/wp-content\/uploads\/2025\/02\/\u51b7\u9566\u8be6\u60c5\u9875_05_03-300x229.jpg 300w, https:\/\/jbsy-china.com\/wp-content\/uploads\/2025\/02\/\u51b7\u9566\u8be6\u60c5\u9875_05_03-768x586.jpg 768w, https:\/\/jbsy-china.com\/wp-content\/uploads\/2025\/02\/\u51b7\u9566\u8be6\u60c5\u9875_05_03-600x458.jpg 600w\" sizes=\"(max-width: 790px) 100vw, 790px\" \/> <img loading=\"lazy\" decoding=\"async\" class=\"alignnone size-full wp-image-31586\" src=\"http:\/\/jbsy-china.com\/wp-content\/uploads\/2025\/02\/\u51b7\u9566\u8be6\u60c5\u9875_06.jpg\" alt=\"\" width=\"790\" height=\"742\" srcset=\"https:\/\/jbsy-china.com\/wp-content\/uploads\/2025\/02\/\u51b7\u9566\u8be6\u60c5\u9875_06.jpg 790w, https:\/\/jbsy-china.com\/wp-content\/uploads\/2025\/02\/\u51b7\u9566\u8be6\u60c5\u9875_06-300x282.jpg 300w, https:\/\/jbsy-china.com\/wp-content\/uploads\/2025\/02\/\u51b7\u9566\u8be6\u60c5\u9875_06-768x721.jpg 768w, https:\/\/jbsy-china.com\/wp-content\/uploads\/2025\/02\/\u51b7\u9566\u8be6\u60c5\u9875_06-600x564.jpg 600w\" sizes=\"(max-width: 790px) 100vw, 790px\" \/><\/p>\n<p class=\"ds-markdown-paragraph\"><strong>Personalizado <a href=\"https:\/\/jbsy-china.com\/pt\/chicago-screw\/\">Parafusos de Chicago<\/a><\/strong>\u00a0(tamb\u00e9m conhecido como\u00a0<strong>parafusos sextavados, porcas de barril ou postes de liga\u00e7\u00e3o<\/strong>) s\u00e3o fixadores especializados concebidos para aplica\u00e7\u00f5es funcionais e decorativas. S\u00e3o constitu\u00eddos por duas partes interligadas - um\u00a0<strong>tubo roscado (macho)<\/strong>\u00a0e um\u00a0<strong>parafuso de acoplamento (f\u00eamea)<\/strong>-que se aparafusam entre si para fixar com seguran\u00e7a os materiais sem necessidade de uma porca separada. Estes parafusos s\u00e3o amplamente utilizados em sectores como\u00a0<strong>trabalhos em couro, joalharia, encaderna\u00e7\u00e3o e fabrico industrial<\/strong>, onde tanto a durabilidade como a est\u00e9tica s\u00e3o importantes.<\/p>\n<hr \/>\n<h3><strong>Principais carater\u00edsticas dos parafusos personalizados de Chicago<\/strong><\/h3>\n<h4><strong>1. Op\u00e7\u00f5es de materiais<\/strong><\/h4>\n<ul>\n<li>\n<p class=\"ds-markdown-paragraph\"><strong>Metais:<\/strong>\u00a0Lat\u00e3o, a\u00e7o inoxid\u00e1vel, alum\u00ednio, n\u00edquel, cobre, liga de zinco<\/p>\n<\/li>\n<li>\n<p class=\"ds-markdown-paragraph\"><strong>Acabamentos chapeados:<\/strong>\u00a0Ouro, prata, ouro rosa, \u00f3xido preto, lat\u00e3o antigo, bronze<\/p>\n<\/li>\n<li>\n<p class=\"ds-markdown-paragraph\"><strong>Materiais alternativos:<\/strong>\u00a0Nylon, pl\u00e1stico (para utiliza\u00e7\u00f5es leves ou n\u00e3o condutoras)<\/p>\n<\/li>\n<\/ul>\n<h4><strong>2. Tamanho e dimens\u00f5es<\/strong><\/h4>\n<ul>\n<li>\n<p class=\"ds-markdown-paragraph\"><strong>Di\u00e2metro:<\/strong>\u00a0Tipicamente\u00a0<strong>1\/8\u2033 (3mm) a 1\/2\u2033 (12mm)<\/strong>mas tamb\u00e9m est\u00e3o dispon\u00edveis tamanhos personalizados<\/p>\n<\/li>\n<li>\n<p class=\"ds-markdown-paragraph\"><strong>Comprimento:<\/strong>\u00a0Ajust\u00e1vel para se adaptar \u00e0 espessura do material (por exemplo, couro, madeira, acr\u00edlico)<\/p>\n<\/li>\n<li>\n<p class=\"ds-markdown-paragraph\"><strong>Estilos de cabe\u00e7a:<\/strong>\u00a0Plano, abaulado, escareado, hexagonal, serrilhado ou decorativo<\/p>\n<\/li>\n<\/ul>\n<h4><strong>3. Personaliza\u00e7\u00e3o da linha<\/strong><\/h4>\n<ul>\n<li>\n<p class=\"ds-markdown-paragraph\"><strong>Roscas finas ou grossas<\/strong>\u00a0para diferentes for\u00e7as de preens\u00e3o<\/p>\n<\/li>\n<li>\n<p class=\"ds-markdown-paragraph\"><strong>Fios para canhotos<\/strong>\u00a0para aplica\u00e7\u00f5es de seguran\u00e7a<\/p>\n<\/li>\n<li>\n<p class=\"ds-markdown-paragraph\"><strong>Enfiamento personalizado<\/strong>\u00a0para necessidades industriais \u00fanicas<\/p>\n<\/li>\n<\/ul>\n<h4><strong>4. Acabamentos de superf\u00edcie e revestimentos<\/strong><\/h4>\n<ul>\n<li>\n<p class=\"ds-markdown-paragraph\"><strong>Polido, mate, escovado ou texturado<\/strong>\u00a0superf\u00edcies<\/p>\n<\/li>\n<li>\n<p class=\"ds-markdown-paragraph\"><strong>Revestimentos PVD<\/strong>\u00a0(para maior durabilidade e op\u00e7\u00f5es de cor)<\/p>\n<\/li>\n<li>\n<p class=\"ds-markdown-paragraph\"><strong>Acabamentos antiquados, oxidados ou em p\u00e1tina<\/strong>\u00a0para um look vintage<\/p>\n<\/li>\n<\/ul>\n<h4><strong>5. Grava\u00e7\u00e3o e marca<\/strong><\/h4>\n<ul>\n<li>\n<p class=\"ds-markdown-paragraph\"><strong>Grava\u00e7\u00e3o a laser<\/strong>\u00a0para log\u00f3tipos, texto ou n\u00fameros de s\u00e9rie<\/p>\n<\/li>\n<li>\n<p class=\"ds-markdown-paragraph\"><strong>Desenhos de cabe\u00e7as personalizados<\/strong>\u00a0(por exemplo, monogramas, padr\u00f5es geom\u00e9tricos)<\/p>\n<\/li>\n<li>\n<p class=\"ds-markdown-paragraph\"><strong>Marca\u00e7\u00f5es em relevo ou estampadas<\/strong>\u00a0para a marca<\/p>\n<\/li>\n<\/ul>\n<h4><strong>6. Variantes especializadas<\/strong><\/h4>\n<ul>\n<li>\n<p class=\"ds-markdown-paragraph\"><strong>Parafusos de seguran\u00e7a Chicago<\/strong>\u00a0(\u00e0 prova de adultera\u00e7\u00e3o com estilos de acionamento \u00fanicos)<\/p>\n<\/li>\n<li>\n<p class=\"ds-markdown-paragraph\"><strong>Modelos com flange ou com ressalto<\/strong>\u00a0para maior estabilidade em couro\/tecido<\/p>\n<\/li>\n<li>\n<p class=\"ds-markdown-paragraph\"><strong>Vers\u00f5es magn\u00e9ticas ou condutoras<\/strong>\u00a0para utiliza\u00e7\u00e3o eletr\u00f3nica\/industrial<\/p>\n<\/li>\n<li>\n<p class=\"ds-markdown-paragraph\"><strong>Modelos de aperto r\u00e1pido<\/strong>\u00a0para uma desmontagem f\u00e1cil<\/p>\n<\/li>\n<\/ul>\n<hr \/>\n<h3><strong>Porqu\u00ea escolher a personaliza\u00e7\u00e3o?<\/strong><\/h3>\n<ul>\n<li>\n<p class=\"ds-markdown-paragraph\"><strong>Marca:<\/strong>\u00a0Acrescentar log\u00f3tipos ou grava\u00e7\u00f5es exclusivas para a identidade do produto.<\/p>\n<\/li>\n<li>\n<p class=\"ds-markdown-paragraph\"><strong>Maior durabilidade:<\/strong>\u00a0Selecione materiais resistentes \u00e0 corros\u00e3o para utiliza\u00e7\u00e3o no exterior.<\/p>\n<\/li>\n<li>\n<p class=\"ds-markdown-paragraph\"><strong>Ajuste perfeito:<\/strong>\u00a0Ajuste o comprimento, o di\u00e2metro e o tipo de rosca para projectos espec\u00edficos.<\/p>\n<\/li>\n<li>\n<p class=\"ds-markdown-paragraph\"><strong>Flexibilidade de conce\u00e7\u00e3o:<\/strong>\u00a0Combinar o hardware com a est\u00e9tica do produto (por exemplo, parafusos de luxo banhados a ouro para artigos de couro de alta qualidade).<\/p>\n<\/li>\n<\/ul>\n<p class=\"ds-markdown-paragraph\">\n<p>&nbsp;<\/p>","protected":false},"excerpt":{"rendered":"<h6><strong>Carater\u00edsticas principais<\/strong><\/h6>\n<ul>\n<li>\n<p class=\"ds-markdown-paragraph\"><strong>Metais:<\/strong>\u00a0Lat\u00e3o, a\u00e7o inoxid\u00e1vel, alum\u00ednio, n\u00edquel, cobre, liga de zinco<\/p>\n<\/li>\n<li>\n<p class=\"ds-markdown-paragraph\"><strong>Acabamentos chapeados:<\/strong>\u00a0Ouro, prata, ouro rosa, \u00f3xido preto, lat\u00e3o antigo, bronze<\/p>\n<\/li>\n<li>\n<p class=\"ds-markdown-paragraph\"><strong>Materiais alternativos:<\/strong>\u00a0Nylon, pl\u00e1stico (para utiliza\u00e7\u00f5es leves ou n\u00e3o condutoras)<\/p>\n<\/li>\n<\/ul>","protected":false},"featured_media":33469,"comment_status":"open","ping_status":"closed","template":"","meta":{"site-sidebar-layout":"default","site-content-layout":"","ast-site-content-layout":"default","site-content-style":"default","site-sidebar-style":"default","ast-global-header-display":"","ast-banner-title-visibility":"","ast-main-header-display":"","ast-hfb-above-header-display":"","ast-hfb-below-header-display":"","ast-hfb-mobile-header-display":"","site-post-title":"","ast-breadcrumbs-content":"","ast-featured-img":"","footer-sml-layout":"","ast-disable-related-posts":"","theme-transparent-header-meta":"default","adv-header-id-meta":"","stick-header-meta":"default","header-above-stick-meta":"","header-main-stick-meta":"","header-below-stick-meta":"","astra-migrate-meta-layouts":"set","ast-page-background-enabled":"default","ast-page-background-meta":{"desktop":{"background-color":"var(--ast-global-color-4)","background-image":"","background-repeat":"repeat","background-position":"center center","background-size":"auto","background-attachment":"scroll","background-type":"","background-media":"","overlay-type":"","overlay-color":"","overlay-opacity":"","overlay-gradient":""},"tablet":{"background-color":"","background-image":"","background-repeat":"repeat","background-position":"center center","background-size":"auto","background-attachment":"scroll","background-type":"","background-media":"","overlay-type":"","overlay-color":"","overlay-opacity":"","overlay-gradient":""},"mobile":{"background-color":"","background-image":"","background-repeat":"repeat","background-position":"center center","background-size":"auto","background-attachment":"scroll","background-type":"","background-media":"","overlay-type":"","overlay-color":"","overlay-opacity":"","overlay-gradient":""}},"ast-content-background-meta":{"desktop":{"background-color":"var(--ast-global-color-5)","background-image":"","background-repeat":"repeat","background-position":"center center","background-size":"auto","background-attachment":"scroll","background-type":"","background-media":"","overlay-type":"","overlay-color":"","overlay-opacity":"","overlay-gradient":""},"tablet":{"background-color":"var(--ast-global-color-5)","background-image":"","background-repeat":"repeat","background-position":"center center","background-size":"auto","background-attachment":"scroll","background-type":"","background-media":"","overlay-type":"","overlay-color":"","overlay-opacity":"","overlay-gradient":""},"mobile":{"background-color":"var(--ast-global-color-5)","background-image":"","background-repeat":"repeat","background-position":"center center","background-size":"auto","background-attachment":"scroll","background-type":"","background-media":"","overlay-type":"","overlay-color":"","overlay-opacity":"","overlay-gradient":""}},"_themeisle_gutenberg_block_has_review":false,"_ti_tpc_template_sync":false,"_ti_tpc_template_id":""},"product_brand":[],"product_cat":[1276],"product_tag":[],"class_list":{"0":"post-33491","1":"product","2":"type-product","3":"status-publish","4":"has-post-thumbnail","6":"product_cat-chicago-screw","7":"desktop-align-left","8":"tablet-align-left","9":"mobile-align-left","10":"ast-product-gallery-layout-horizontal-slider","11":"ast-product-tabs-layout-horizontal","12":"ast-qv-on-image","14":"first","15":"instock","16":"shipping-taxable","17":"product-type-simple"},"yoast_head":"<!-- This site is optimized with the Yoast SEO Premium plugin v21.7 (Yoast SEO v25.7) - https:\/\/yoast.com\/wordpress\/plugins\/seo\/ -->\n<title>Custom Chicago Screws - Jingbang Industrial<\/title>\n<meta name=\"description\" content=\"Custom Chicago Screws, also known as barrel nuts or terminal posts, are universal fasteners used for leather processing, binding, and other crafts.\" \/>\n<meta name=\"robots\" content=\"index, follow, max-snippet:-1, max-image-preview:large, max-video-preview:-1\" \/>\n<link rel=\"canonical\" href=\"https:\/\/jbsy-china.com\/pt\/produto\/custom-chicago-screws\/\" \/>\n<meta property=\"og:locale\" content=\"pt_PT\" \/>\n<meta property=\"og:type\" content=\"article\" \/>\n<meta property=\"og:title\" content=\"Custom Chicago Screws\" \/>\n<meta property=\"og:description\" content=\"Custom Chicago Screws, also known as barrel nuts or terminal posts, are universal fasteners used for leather processing, binding, and other crafts.\" \/>\n<meta property=\"og:url\" content=\"https:\/\/jbsy-china.com\/pt\/produto\/custom-chicago-screws\/\" \/>\n<meta property=\"og:site_name\" content=\"Jingbang Industrial\" \/>\n<meta property=\"article:modified_time\" content=\"2025-06-05T09:46:01+00:00\" \/>\n<meta property=\"og:image\" content=\"http:\/\/jbsy-china.com\/wp-content\/uploads\/2025\/05\/\u5b9a\u5236304\u4e0d\u9508\u94a2\u5e73\u5934\u5b50\u6bcd\u87ba\u9489.jpg\" \/>\n\t<meta property=\"og:image:width\" content=\"800\" \/>\n\t<meta property=\"og:image:height\" content=\"800\" \/>\n\t<meta property=\"og:image:type\" content=\"image\/jpeg\" \/>\n<meta name=\"twitter:card\" content=\"summary_large_image\" \/>\n<meta name=\"twitter:label1\" content=\"Tempo estimado de leitura\" \/>\n\t<meta name=\"twitter:data1\" content=\"4 minutos\" \/>\n<script type=\"application\/ld+json\" class=\"yoast-schema-graph\">{\"@context\":\"https:\/\/schema.org\",\"@graph\":[{\"@type\":\"WebPage\",\"@id\":\"https:\/\/jbsy-china.com\/product\/custom-chicago-screws\/\",\"url\":\"https:\/\/jbsy-china.com\/product\/custom-chicago-screws\/\",\"name\":\"Custom Chicago Screws - Jingbang Industrial\",\"isPartOf\":{\"@id\":\"https:\/\/jbsy-china.com\/#website\"},\"primaryImageOfPage\":{\"@id\":\"https:\/\/jbsy-china.com\/product\/custom-chicago-screws\/#primaryimage\"},\"image\":{\"@id\":\"https:\/\/jbsy-china.com\/product\/custom-chicago-screws\/#primaryimage\"},\"thumbnailUrl\":\"https:\/\/jbsy-china.com\/wp-content\/uploads\/2025\/05\/\u5b9a\u5236304\u4e0d\u9508\u94a2\u5e73\u5934\u5b50\u6bcd\u87ba\u9489.jpg\",\"datePublished\":\"2025-05-16T07:02:17+00:00\",\"dateModified\":\"2025-06-05T09:46:01+00:00\",\"description\":\"Custom Chicago Screws, also known as barrel nuts or terminal posts, are universal fasteners used for leather processing, binding, and other crafts.\",\"breadcrumb\":{\"@id\":\"https:\/\/jbsy-china.com\/product\/custom-chicago-screws\/#breadcrumb\"},\"inLanguage\":\"pt-PT\",\"potentialAction\":[{\"@type\":\"ReadAction\",\"target\":[\"https:\/\/jbsy-china.com\/product\/custom-chicago-screws\/\"]}]},{\"@type\":\"ImageObject\",\"inLanguage\":\"pt-PT\",\"@id\":\"https:\/\/jbsy-china.com\/product\/custom-chicago-screws\/#primaryimage\",\"url\":\"https:\/\/jbsy-china.com\/wp-content\/uploads\/2025\/05\/\u5b9a\u5236304\u4e0d\u9508\u94a2\u5e73\u5934\u5b50\u6bcd\u87ba\u9489.jpg\",\"contentUrl\":\"https:\/\/jbsy-china.com\/wp-content\/uploads\/2025\/05\/\u5b9a\u5236304\u4e0d\u9508\u94a2\u5e73\u5934\u5b50\u6bcd\u87ba\u9489.jpg\",\"width\":800,\"height\":800},{\"@type\":\"BreadcrumbList\",\"@id\":\"https:\/\/jbsy-china.com\/product\/custom-chicago-screws\/#breadcrumb\",\"itemListElement\":[{\"@type\":\"ListItem\",\"position\":1,\"name\":\"Home\",\"item\":\"https:\/\/jbsy-china.com\/\"},{\"@type\":\"ListItem\",\"position\":2,\"name\":\"Products\",\"item\":\"https:\/\/jbsy-china.com\/shop\/\"},{\"@type\":\"ListItem\",\"position\":3,\"name\":\"Custom Chicago Screws\"}]},{\"@type\":\"WebSite\",\"@id\":\"https:\/\/jbsy-china.com\/#website\",\"url\":\"https:\/\/jbsy-china.com\/\",\"name\":\"Jingbang Industrial\",\"description\":\"Hardware and electronics manufacturer\",\"publisher\":{\"@id\":\"https:\/\/jbsy-china.com\/#organization\"},\"potentialAction\":[{\"@type\":\"SearchAction\",\"target\":{\"@type\":\"EntryPoint\",\"urlTemplate\":\"https:\/\/jbsy-china.com\/?s={search_term_string}\"},\"query-input\":{\"@type\":\"PropertyValueSpecification\",\"valueRequired\":true,\"valueName\":\"search_term_string\"}}],\"inLanguage\":\"pt-PT\"},{\"@type\":\"Organization\",\"@id\":\"https:\/\/jbsy-china.com\/#organization\",\"name\":\"Jingbang Industrial\",\"url\":\"https:\/\/jbsy-china.com\/\",\"logo\":{\"@type\":\"ImageObject\",\"inLanguage\":\"pt-PT\",\"@id\":\"https:\/\/jbsy-china.com\/#\/schema\/logo\/image\/\",\"url\":\"https:\/\/jbsy-china.com\/wp-content\/uploads\/2023\/11\/cropped-\u56fe\u5c42-1.png\",\"contentUrl\":\"https:\/\/jbsy-china.com\/wp-content\/uploads\/2023\/11\/cropped-\u56fe\u5c42-1.png\",\"width\":1049,\"height\":739,\"caption\":\"Jingbang Industrial\"},\"image\":{\"@id\":\"https:\/\/jbsy-china.com\/#\/schema\/logo\/image\/\"}}]}<\/script>\n<!-- \/ Yoast SEO Premium plugin. -->","yoast_head_json":{"title":"Custom Chicago Screws - Jingbang Industrial","description":"Custom Chicago Screws, also known as barrel nuts or terminal posts, are universal fasteners used for leather processing, binding, and other crafts.","robots":{"index":"index","follow":"follow","max-snippet":"max-snippet:-1","max-image-preview":"max-image-preview:large","max-video-preview":"max-video-preview:-1"},"canonical":"https:\/\/jbsy-china.com\/pt\/produto\/custom-chicago-screws\/","og_locale":"pt_PT","og_type":"article","og_title":"Custom Chicago Screws","og_description":"Custom Chicago Screws, also known as barrel nuts or terminal posts, are universal fasteners used for leather processing, binding, and other crafts.","og_url":"https:\/\/jbsy-china.com\/pt\/produto\/custom-chicago-screws\/","og_site_name":"Jingbang Industrial","article_modified_time":"2025-06-05T09:46:01+00:00","og_image":[{"width":800,"height":800,"url":"http:\/\/jbsy-china.com\/wp-content\/uploads\/2025\/05\/\u5b9a\u5236304\u4e0d\u9508\u94a2\u5e73\u5934\u5b50\u6bcd\u87ba\u9489.jpg","type":"image\/jpeg"}],"twitter_card":"summary_large_image","twitter_misc":{"Tempo estimado de leitura":"4 minutos"},"schema":{"@context":"https:\/\/schema.org","@graph":[{"@type":"WebPage","@id":"https:\/\/jbsy-china.com\/product\/custom-chicago-screws\/","url":"https:\/\/jbsy-china.com\/product\/custom-chicago-screws\/","name":"Custom Chicago Screws - Jingbang Industrial","isPartOf":{"@id":"https:\/\/jbsy-china.com\/#website"},"primaryImageOfPage":{"@id":"https:\/\/jbsy-china.com\/product\/custom-chicago-screws\/#primaryimage"},"image":{"@id":"https:\/\/jbsy-china.com\/product\/custom-chicago-screws\/#primaryimage"},"thumbnailUrl":"https:\/\/jbsy-china.com\/wp-content\/uploads\/2025\/05\/\u5b9a\u5236304\u4e0d\u9508\u94a2\u5e73\u5934\u5b50\u6bcd\u87ba\u9489.jpg","datePublished":"2025-05-16T07:02:17+00:00","dateModified":"2025-06-05T09:46:01+00:00","description":"Custom Chicago Screws, also known as barrel nuts or terminal posts, are universal fasteners used for leather processing, binding, and other crafts.","breadcrumb":{"@id":"https:\/\/jbsy-china.com\/product\/custom-chicago-screws\/#breadcrumb"},"inLanguage":"pt-PT","potentialAction":[{"@type":"ReadAction","target":["https:\/\/jbsy-china.com\/product\/custom-chicago-screws\/"]}]},{"@type":"ImageObject","inLanguage":"pt-PT","@id":"https:\/\/jbsy-china.com\/product\/custom-chicago-screws\/#primaryimage","url":"https:\/\/jbsy-china.com\/wp-content\/uploads\/2025\/05\/\u5b9a\u5236304\u4e0d\u9508\u94a2\u5e73\u5934\u5b50\u6bcd\u87ba\u9489.jpg","contentUrl":"https:\/\/jbsy-china.com\/wp-content\/uploads\/2025\/05\/\u5b9a\u5236304\u4e0d\u9508\u94a2\u5e73\u5934\u5b50\u6bcd\u87ba\u9489.jpg","width":800,"height":800},{"@type":"BreadcrumbList","@id":"https:\/\/jbsy-china.com\/product\/custom-chicago-screws\/#breadcrumb","itemListElement":[{"@type":"ListItem","position":1,"name":"Home","item":"https:\/\/jbsy-china.com\/"},{"@type":"ListItem","position":2,"name":"Products","item":"https:\/\/jbsy-china.com\/shop\/"},{"@type":"ListItem","position":3,"name":"Custom Chicago Screws"}]},{"@type":"WebSite","@id":"https:\/\/jbsy-china.com\/#website","url":"https:\/\/jbsy-china.com\/","name":"Jingbang Industrial","description":"Fabricante de hardware e eletr\u00f3nica","publisher":{"@id":"https:\/\/jbsy-china.com\/#organization"},"potentialAction":[{"@type":"SearchAction","target":{"@type":"EntryPoint","urlTemplate":"https:\/\/jbsy-china.com\/?s={search_term_string}"},"query-input":{"@type":"PropertyValueSpecification","valueRequired":true,"valueName":"search_term_string"}}],"inLanguage":"pt-PT"},{"@type":"Organization","@id":"https:\/\/jbsy-china.com\/#organization","name":"Jingbang Industrial","url":"https:\/\/jbsy-china.com\/","logo":{"@type":"ImageObject","inLanguage":"pt-PT","@id":"https:\/\/jbsy-china.com\/#\/schema\/logo\/image\/","url":"https:\/\/jbsy-china.com\/wp-content\/uploads\/2023\/11\/cropped-\u56fe\u5c42-1.png","contentUrl":"https:\/\/jbsy-china.com\/wp-content\/uploads\/2023\/11\/cropped-\u56fe\u5c42-1.png","width":1049,"height":739,"caption":"Jingbang Industrial"},"image":{"@id":"https:\/\/jbsy-china.com\/#\/schema\/logo\/image\/"}}]}},"_links":{"self":[{"href":"https:\/\/jbsy-china.com\/pt\/wp-json\/wp\/v2\/product\/33491","targetHints":{"allow":["GET"]}}],"collection":[{"href":"https:\/\/jbsy-china.com\/pt\/wp-json\/wp\/v2\/product"}],"about":[{"href":"https:\/\/jbsy-china.com\/pt\/wp-json\/wp\/v2\/types\/product"}],"replies":[{"embeddable":true,"href":"https:\/\/jbsy-china.com\/pt\/wp-json\/wp\/v2\/comments?post=33491"}],"wp:featuredmedia":[{"embeddable":true,"href":"https:\/\/jbsy-china.com\/pt\/wp-json\/wp\/v2\/media\/33469"}],"wp:attachment":[{"href":"https:\/\/jbsy-china.com\/pt\/wp-json\/wp\/v2\/media?parent=33491"}],"wp:term":[{"taxonomy":"product_brand","embeddable":true,"href":"https:\/\/jbsy-china.com\/pt\/wp-json\/wp\/v2\/product_brand?post=33491"},{"taxonomy":"product_cat","embeddable":true,"href":"https:\/\/jbsy-china.com\/pt\/wp-json\/wp\/v2\/product_cat?post=33491"},{"taxonomy":"product_tag","embeddable":true,"href":"https:\/\/jbsy-china.com\/pt\/wp-json\/wp\/v2\/product_tag?post=33491"}],"curies":[{"name":"wp","href":"https:\/\/api.w.org\/{rel}","templated":true}]}}