{"id":33495,"date":"2025-05-16T07:06:10","date_gmt":"2025-05-16T07:06:10","guid":{"rendered":"https:\/\/jbsy-china.com\/?post_type=product&#038;p=33495"},"modified":"2025-06-05T09:11:38","modified_gmt":"2025-06-05T09:11:38","slug":"slotted-chicago-screws","status":"publish","type":"product","link":"https:\/\/jbsy-china.com\/pt\/produto\/slotted-chicago-screws\/","title":{"rendered":"Parafusos Chicago com ranhuras"},"content":{"rendered":"<p><a href=\"https:\/\/jbsy-china.com\/pt\/chicago-screw\/\"><img fetchpriority=\"high\" decoding=\"async\" class=\"alignnone size-full wp-image-31578\" src=\"http:\/\/jbsy-china.com\/wp-content\/uploads\/2025\/02\/\u51b7\u9566\u8be6\u60c5\u9875_01.jpg\" alt=\"\" width=\"790\" height=\"329\" srcset=\"https:\/\/jbsy-china.com\/wp-content\/uploads\/2025\/02\/\u51b7\u9566\u8be6\u60c5\u9875_01.jpg 790w, https:\/\/jbsy-china.com\/wp-content\/uploads\/2025\/02\/\u51b7\u9566\u8be6\u60c5\u9875_01-300x125.jpg 300w, https:\/\/jbsy-china.com\/wp-content\/uploads\/2025\/02\/\u51b7\u9566\u8be6\u60c5\u9875_01-768x320.jpg 768w, https:\/\/jbsy-china.com\/wp-content\/uploads\/2025\/02\/\u51b7\u9566\u8be6\u60c5\u9875_01-600x250.jpg 600w\" sizes=\"(max-width: 790px) 100vw, 790px\" \/><\/a> <img decoding=\"async\" class=\"alignnone size-full wp-image-31579\" src=\"http:\/\/jbsy-china.com\/wp-content\/uploads\/2025\/02\/\u51b7\u9566\u8be6\u60c5\u9875_02.jpg\" alt=\"\" width=\"790\" height=\"981\" srcset=\"https:\/\/jbsy-china.com\/wp-content\/uploads\/2025\/02\/\u51b7\u9566\u8be6\u60c5\u9875_02.jpg 790w, https:\/\/jbsy-china.com\/wp-content\/uploads\/2025\/02\/\u51b7\u9566\u8be6\u60c5\u9875_02-242x300.jpg 242w, https:\/\/jbsy-china.com\/wp-content\/uploads\/2025\/02\/\u51b7\u9566\u8be6\u60c5\u9875_02-768x954.jpg 768w, https:\/\/jbsy-china.com\/wp-content\/uploads\/2025\/02\/\u51b7\u9566\u8be6\u60c5\u9875_02-600x745.jpg 600w\" sizes=\"(max-width: 790px) 100vw, 790px\" \/> <img decoding=\"async\" class=\"alignnone size-full wp-image-31580\" src=\"http:\/\/jbsy-china.com\/wp-content\/uploads\/2025\/02\/\u51b7\u9566\u8be6\u60c5\u9875_03.jpg\" alt=\"\" width=\"790\" height=\"740\" srcset=\"https:\/\/jbsy-china.com\/wp-content\/uploads\/2025\/02\/\u51b7\u9566\u8be6\u60c5\u9875_03.jpg 790w, https:\/\/jbsy-china.com\/wp-content\/uploads\/2025\/02\/\u51b7\u9566\u8be6\u60c5\u9875_03-300x281.jpg 300w, https:\/\/jbsy-china.com\/wp-content\/uploads\/2025\/02\/\u51b7\u9566\u8be6\u60c5\u9875_03-768x719.jpg 768w, https:\/\/jbsy-china.com\/wp-content\/uploads\/2025\/02\/\u51b7\u9566\u8be6\u60c5\u9875_03-600x562.jpg 600w\" sizes=\"(max-width: 790px) 100vw, 790px\" \/> <img loading=\"lazy\" decoding=\"async\" class=\"alignnone size-full wp-image-31581\" src=\"http:\/\/jbsy-china.com\/wp-content\/uploads\/2025\/02\/\u51b7\u9566\u8be6\u60c5\u9875_04.jpg\" alt=\"\" width=\"790\" height=\"739\" srcset=\"https:\/\/jbsy-china.com\/wp-content\/uploads\/2025\/02\/\u51b7\u9566\u8be6\u60c5\u9875_04.jpg 790w, https:\/\/jbsy-china.com\/wp-content\/uploads\/2025\/02\/\u51b7\u9566\u8be6\u60c5\u9875_04-300x281.jpg 300w, https:\/\/jbsy-china.com\/wp-content\/uploads\/2025\/02\/\u51b7\u9566\u8be6\u60c5\u9875_04-768x718.jpg 768w, https:\/\/jbsy-china.com\/wp-content\/uploads\/2025\/02\/\u51b7\u9566\u8be6\u60c5\u9875_04-600x561.jpg 600w\" sizes=\"(max-width: 790px) 100vw, 790px\" \/> <img loading=\"lazy\" decoding=\"async\" class=\"alignnone size-full wp-image-31583\" src=\"http:\/\/jbsy-china.com\/wp-content\/uploads\/2025\/02\/\u51b7\u9566\u8be6\u60c5\u9875_05_01.jpg\" alt=\"\" width=\"790\" height=\"677\" srcset=\"https:\/\/jbsy-china.com\/wp-content\/uploads\/2025\/02\/\u51b7\u9566\u8be6\u60c5\u9875_05_01.jpg 790w, https:\/\/jbsy-china.com\/wp-content\/uploads\/2025\/02\/\u51b7\u9566\u8be6\u60c5\u9875_05_01-300x257.jpg 300w, https:\/\/jbsy-china.com\/wp-content\/uploads\/2025\/02\/\u51b7\u9566\u8be6\u60c5\u9875_05_01-768x658.jpg 768w, https:\/\/jbsy-china.com\/wp-content\/uploads\/2025\/02\/\u51b7\u9566\u8be6\u60c5\u9875_05_01-600x514.jpg 600w\" sizes=\"(max-width: 790px) 100vw, 790px\" \/><\/p>\n<p><strong>O processo de encabe\u00e7amento a frio \u00e9 um dos novos processos para a maquinagem sob press\u00e3o com menos ou nenhum corte<\/strong><br \/>\n<strong>metal. \u00c9 um m\u00e9todo de processamento que utiliza a deforma\u00e7\u00e3o pl\u00e1stica do metal sob a a\u00e7\u00e3o de<\/strong><br \/>\n<strong>for\u00e7as externas e, com a ajuda de moldes, redistribui e transfere o volume de metal para formar<\/strong><br \/>\n<strong>as pe\u00e7as ou os espa\u00e7os em branco necess\u00e1rios. O processo de encabe\u00e7amento a frio \u00e9 o mais adequado para a produ\u00e7\u00e3o de<\/strong><br \/>\n<strong>elementos de fixa\u00e7\u00e3o, tais como cavilhas, parafusos, porcas, rebites, cavilhas, etc.<\/strong><\/p>\n<p><img loading=\"lazy\" decoding=\"async\" class=\"alignnone size-full wp-image-31585\" src=\"http:\/\/jbsy-china.com\/wp-content\/uploads\/2025\/02\/\u51b7\u9566\u8be6\u60c5\u9875_05_03.jpg\" alt=\"\" width=\"790\" height=\"603\" srcset=\"https:\/\/jbsy-china.com\/wp-content\/uploads\/2025\/02\/\u51b7\u9566\u8be6\u60c5\u9875_05_03.jpg 790w, https:\/\/jbsy-china.com\/wp-content\/uploads\/2025\/02\/\u51b7\u9566\u8be6\u60c5\u9875_05_03-300x229.jpg 300w, https:\/\/jbsy-china.com\/wp-content\/uploads\/2025\/02\/\u51b7\u9566\u8be6\u60c5\u9875_05_03-768x586.jpg 768w, https:\/\/jbsy-china.com\/wp-content\/uploads\/2025\/02\/\u51b7\u9566\u8be6\u60c5\u9875_05_03-600x458.jpg 600w\" sizes=\"(max-width: 790px) 100vw, 790px\" \/> <img loading=\"lazy\" decoding=\"async\" class=\"alignnone size-full wp-image-31586\" src=\"http:\/\/jbsy-china.com\/wp-content\/uploads\/2025\/02\/\u51b7\u9566\u8be6\u60c5\u9875_06.jpg\" alt=\"\" width=\"790\" height=\"742\" srcset=\"https:\/\/jbsy-china.com\/wp-content\/uploads\/2025\/02\/\u51b7\u9566\u8be6\u60c5\u9875_06.jpg 790w, https:\/\/jbsy-china.com\/wp-content\/uploads\/2025\/02\/\u51b7\u9566\u8be6\u60c5\u9875_06-300x282.jpg 300w, https:\/\/jbsy-china.com\/wp-content\/uploads\/2025\/02\/\u51b7\u9566\u8be6\u60c5\u9875_06-768x721.jpg 768w, https:\/\/jbsy-china.com\/wp-content\/uploads\/2025\/02\/\u51b7\u9566\u8be6\u60c5\u9875_06-600x564.jpg 600w\" sizes=\"(max-width: 790px) 100vw, 790px\" \/><\/p>\n<h4><strong>1. Defini\u00e7\u00e3o fundamental<\/strong><\/h4>\n<p class=\"ds-markdown-paragraph\">Parafusos Chicago com ranhuras (vulgarmente designados por\u00a0<em>parafusos sexuais<\/em>\u00a0ou\u00a0<em>barris de liga\u00e7\u00e3o<\/em>) s\u00e3o fixadores especializados de duas pe\u00e7as concebidos para montagens seguras e embutidas. Estes fixadores mec\u00e2nicos s\u00e3o constitu\u00eddos por dois componentes interligados:<\/p>\n<ul>\n<li>\n<p class=\"ds-markdown-paragraph\"><strong>Parafuso macho<\/strong>: Possui uma cabe\u00e7a de acionamento com ranhuras e roscas de m\u00e1quina externas<\/p>\n<\/li>\n<li>\n<p class=\"ds-markdown-paragraph\"><strong>Barril feminino<\/strong>: Cont\u00e9m roscas internas e uma flange externa para distribui\u00e7\u00e3o da carga<\/p>\n<\/li>\n<\/ul>\n<h4><strong>2. Carater\u00edsticas principais<\/strong><\/h4>\n<ul>\n<li>\n<p class=\"ds-markdown-paragraph\"><strong>Montagem revers\u00edvel<\/strong>: Permite a desmontagem repetida sem danos materiais<\/p>\n<\/li>\n<li>\n<p class=\"ds-markdown-paragraph\"><strong>Capacidade de montagem embutida<\/strong>: As cabe\u00e7as escareadas ficam quase niveladas com as superf\u00edcies<\/p>\n<\/li>\n<li>\n<p class=\"ds-markdown-paragraph\"><strong>Resist\u00eancia \u00e0 vibra\u00e7\u00e3o<\/strong>: A liga\u00e7\u00e3o roscada resiste ao auto-afrouxamento<\/p>\n<\/li>\n<li>\n<p class=\"ds-markdown-paragraph\"><strong>Amigo dos materiais<\/strong>: Elimina os danos por compress\u00e3o comuns aos rebites<\/p>\n<\/li>\n<\/ul>\n<h4><strong>4. Propriedades mec\u00e2nicas<\/strong><\/h4>\n<ul>\n<li>\n<p class=\"ds-markdown-paragraph\"><strong>Resist\u00eancia \u00e0 tra\u00e7\u00e3o<\/strong>: 45.000-70.000 psi (a\u00e7o carbono)<\/p>\n<\/li>\n<li>\n<p class=\"ds-markdown-paragraph\"><strong>Resist\u00eancia ao cisalhamento<\/strong>: ~60% de resist\u00eancia \u00e0 tra\u00e7\u00e3o<\/p>\n<\/li>\n<li>\n<p class=\"ds-markdown-paragraph\"><strong>Capacidade de bin\u00e1rio<\/strong>: 4-25 in-lbs dependendo do tamanho<\/p>\n<\/li>\n<li>\n<p class=\"ds-markdown-paragraph\"><strong>Gama de temperaturas<\/strong>: -20\u00b0F a +250\u00b0F (a\u00e7o n\u00e3o tratado)<\/p>\n<\/li>\n<\/ul>\n<h4><strong>5. Vantagens funcionais<\/strong><\/h4>\n<ul>\n<li>\n<p class=\"ds-markdown-paragraph\"><strong>Controlo de tens\u00e3o de precis\u00e3o<\/strong>: Aperto regul\u00e1vel<\/p>\n<\/li>\n<li>\n<p class=\"ds-markdown-paragraph\"><strong>Est\u00e9tica limpa<\/strong>: Instala\u00e7\u00e3o de baixo perfil<\/p>\n<\/li>\n<li>\n<p class=\"ds-markdown-paragraph\"><strong>Versatilidade de materiais<\/strong>: Compat\u00edvel com couro, madeira, pl\u00e1sticos, comp\u00f3sitos<\/p>\n<\/li>\n<li>\n<p class=\"ds-markdown-paragraph\"><strong>Facilidade de manuten\u00e7\u00e3o<\/strong>: Facilita o acesso para manuten\u00e7\u00e3o<\/p>\n<\/li>\n<\/ul>\n<h4><strong>6. Aplica\u00e7\u00f5es no sector<\/strong><\/h4>\n<ul>\n<li>\n<p class=\"ds-markdown-paragraph\"><strong>Artesanato em couro<\/strong>: Coldres, cintos, selas<\/p>\n<\/li>\n<li>\n<p class=\"ds-markdown-paragraph\"><strong>Trabalhos em madeira<\/strong>: M\u00f3veis, arm\u00e1rios, expositores<\/p>\n<\/li>\n<li>\n<p class=\"ds-markdown-paragraph\"><strong>Industrial<\/strong>: Pain\u00e9is de equipamento, sinal\u00e9tica<\/p>\n<\/li>\n<li>\n<p class=\"ds-markdown-paragraph\"><strong>Comercial<\/strong>: Expositores de retalho, caixas de amostras<\/p>\n<\/li>\n<\/ul>\n<ol start=\"1\">\n<li style=\"list-style-type: none;\"><\/li>\n<\/ol>\n<h4><strong>8. Indicadores de qualidade<\/strong><\/h4>\n<ul>\n<li>\n<p class=\"ds-markdown-paragraph\"><strong>Fios<\/strong>: Engate suave sem rosca cruzada<\/p>\n<\/li>\n<li>\n<p class=\"ds-markdown-paragraph\"><strong>Flange<\/strong>: Superf\u00edcie de apoio plana e sem rebarbas<\/p>\n<\/li>\n<li>\n<p class=\"ds-markdown-paragraph\"><strong>Ranhura<\/strong>: Centrado, corretamente maquinado para o encaixe do condutor<\/p>\n<\/li>\n<\/ul>\n<h4><strong>10. Considera\u00e7\u00f5es sobre manuten\u00e7\u00e3o<\/strong><\/h4>\n<ul>\n<li>\n<p class=\"ds-markdown-paragraph\"><strong>Inspe\u00e7\u00e3o<\/strong>: Controlo anual em caso de utiliza\u00e7\u00e3o com vibra\u00e7\u00f5es elevadas<\/p>\n<\/li>\n<li>\n<p class=\"ds-markdown-paragraph\"><strong>Substitui\u00e7\u00e3o<\/strong>: Quando as roscas apresentam um desgaste &gt;30%<\/p>\n<\/li>\n<li>\n<p class=\"ds-markdown-paragraph\"><strong>Preven\u00e7\u00e3o da corros\u00e3o<\/strong>: Utilizar as vers\u00f5es revestidas\/inoxid\u00e1veis em ambientes h\u00famidos<\/p>\n<\/li>\n<\/ul>\n<h4><strong>12. Contexto hist\u00f3rico<\/strong><\/h4>\n<p class=\"ds-markdown-paragraph\">Patenteados pela primeira vez no final do s\u00e9culo XIX para aplica\u00e7\u00f5es de encaderna\u00e7\u00e3o, os parafusos Chicago com ranhuras evolu\u00edram para fixadores essenciais em v\u00e1rios sectores. O seu design simples, mas eficaz, manteve-se praticamente inalterado durante mais de 100 anos, demonstrando uma longevidade funcional excecional.<\/p>","protected":false},"excerpt":{"rendered":"<h6><strong>Carater\u00edsticas principais<\/strong><\/h6>\n<ul>\n<li>\n<p class=\"ds-markdown-paragraph\"><strong>Montagem revers\u00edvel<\/strong>: Permite a desmontagem repetida sem danos materiais<\/p>\n<\/li>\n<li>\n<p class=\"ds-markdown-paragraph\"><strong>Capacidade de montagem embutida<\/strong>: As cabe\u00e7as escareadas ficam quase niveladas com as superf\u00edcies<\/p>\n<\/li>\n<li>\n<p class=\"ds-markdown-paragraph\"><strong>Resist\u00eancia \u00e0 vibra\u00e7\u00e3o<\/strong>: A liga\u00e7\u00e3o roscada resiste ao auto-afrouxamento<\/p>\n<\/li>\n<\/ul>","protected":false},"featured_media":33476,"comment_status":"open","ping_status":"closed","template":"","meta":{"site-sidebar-layout":"default","site-content-layout":"","ast-site-content-layout":"default","site-content-style":"default","site-sidebar-style":"default","ast-global-header-display":"","ast-banner-title-visibility":"","ast-main-header-display":"","ast-hfb-above-header-display":"","ast-hfb-below-header-display":"","ast-hfb-mobile-header-display":"","site-post-title":"","ast-breadcrumbs-content":"","ast-featured-img":"","footer-sml-layout":"","ast-disable-related-posts":"","theme-transparent-header-meta":"default","adv-header-id-meta":"","stick-header-meta":"default","header-above-stick-meta":"","header-main-stick-meta":"","header-below-stick-meta":"","astra-migrate-meta-layouts":"set","ast-page-background-enabled":"default","ast-page-background-meta":{"desktop":{"background-color":"var(--ast-global-color-4)","background-image":"","background-repeat":"repeat","background-position":"center center","background-size":"auto","background-attachment":"scroll","background-type":"","background-media":"","overlay-type":"","overlay-color":"","overlay-opacity":"","overlay-gradient":""},"tablet":{"background-color":"","background-image":"","background-repeat":"repeat","background-position":"center center","background-size":"auto","background-attachment":"scroll","background-type":"","background-media":"","overlay-type":"","overlay-color":"","overlay-opacity":"","overlay-gradient":""},"mobile":{"background-color":"","background-image":"","background-repeat":"repeat","background-position":"center center","background-size":"auto","background-attachment":"scroll","background-type":"","background-media":"","overlay-type":"","overlay-color":"","overlay-opacity":"","overlay-gradient":""}},"ast-content-background-meta":{"desktop":{"background-color":"var(--ast-global-color-5)","background-image":"","background-repeat":"repeat","background-position":"center center","background-size":"auto","background-attachment":"scroll","background-type":"","background-media":"","overlay-type":"","overlay-color":"","overlay-opacity":"","overlay-gradient":""},"tablet":{"background-color":"var(--ast-global-color-5)","background-image":"","background-repeat":"repeat","background-position":"center center","background-size":"auto","background-attachment":"scroll","background-type":"","background-media":"","overlay-type":"","overlay-color":"","overlay-opacity":"","overlay-gradient":""},"mobile":{"background-color":"var(--ast-global-color-5)","background-image":"","background-repeat":"repeat","background-position":"center center","background-size":"auto","background-attachment":"scroll","background-type":"","background-media":"","overlay-type":"","overlay-color":"","overlay-opacity":"","overlay-gradient":""}},"_themeisle_gutenberg_block_has_review":false,"_ti_tpc_template_sync":false,"_ti_tpc_template_id":""},"product_brand":[],"product_cat":[1276],"product_tag":[],"class_list":{"0":"post-33495","1":"product","2":"type-product","3":"status-publish","4":"has-post-thumbnail","6":"product_cat-chicago-screw","7":"desktop-align-left","8":"tablet-align-left","9":"mobile-align-left","10":"ast-product-gallery-layout-horizontal-slider","11":"ast-product-tabs-layout-horizontal","12":"ast-qv-on-image","14":"first","15":"instock","16":"shipping-taxable","17":"product-type-simple"},"yoast_head":"<!-- This site is optimized with the Yoast SEO Premium plugin v21.7 (Yoast SEO v25.7) - https:\/\/yoast.com\/wordpress\/plugins\/seo\/ -->\n<title>Slotted Chicago Screws - Jingbang Industrial<\/title>\n<meta name=\"description\" content=\"Slotted Chicago screws (commonly called sex bolts or binding barrels) are specialized two-piece fasteners designed for secure, flush-mounted assemblies.\" \/>\n<meta name=\"robots\" content=\"index, follow, max-snippet:-1, max-image-preview:large, max-video-preview:-1\" \/>\n<link rel=\"canonical\" href=\"https:\/\/jbsy-china.com\/pt\/produto\/slotted-chicago-screws\/\" \/>\n<meta property=\"og:locale\" content=\"pt_PT\" \/>\n<meta property=\"og:type\" content=\"article\" \/>\n<meta property=\"og:title\" content=\"Slotted Chicago Screws\" \/>\n<meta property=\"og:description\" content=\"Slotted Chicago screws (commonly called sex bolts or binding barrels) are specialized two-piece fasteners designed for secure, flush-mounted assemblies.\" \/>\n<meta property=\"og:url\" content=\"https:\/\/jbsy-china.com\/pt\/produto\/slotted-chicago-screws\/\" \/>\n<meta property=\"og:site_name\" content=\"Jingbang Industrial\" \/>\n<meta property=\"article:modified_time\" content=\"2025-06-05T09:11:38+00:00\" \/>\n<meta property=\"og:image\" content=\"http:\/\/jbsy-china.com\/wp-content\/uploads\/2025\/05\/\u4e00\u5b57\u6c89\u5934\u5b50\u6bcd\u87ba\u9489.jpg\" \/>\n\t<meta property=\"og:image:width\" content=\"800\" \/>\n\t<meta property=\"og:image:height\" content=\"800\" \/>\n\t<meta property=\"og:image:type\" content=\"image\/jpeg\" \/>\n<meta name=\"twitter:card\" content=\"summary_large_image\" \/>\n<meta name=\"twitter:label1\" content=\"Tempo estimado de leitura\" \/>\n\t<meta name=\"twitter:data1\" content=\"4 minutos\" \/>\n<script type=\"application\/ld+json\" class=\"yoast-schema-graph\">{\"@context\":\"https:\/\/schema.org\",\"@graph\":[{\"@type\":\"WebPage\",\"@id\":\"https:\/\/jbsy-china.com\/product\/slotted-chicago-screws\/\",\"url\":\"https:\/\/jbsy-china.com\/product\/slotted-chicago-screws\/\",\"name\":\"Slotted Chicago Screws - Jingbang Industrial\",\"isPartOf\":{\"@id\":\"https:\/\/jbsy-china.com\/#website\"},\"primaryImageOfPage\":{\"@id\":\"https:\/\/jbsy-china.com\/product\/slotted-chicago-screws\/#primaryimage\"},\"image\":{\"@id\":\"https:\/\/jbsy-china.com\/product\/slotted-chicago-screws\/#primaryimage\"},\"thumbnailUrl\":\"https:\/\/jbsy-china.com\/wp-content\/uploads\/2025\/05\/\u4e00\u5b57\u6c89\u5934\u5b50\u6bcd\u87ba\u9489.jpg\",\"datePublished\":\"2025-05-16T07:06:10+00:00\",\"dateModified\":\"2025-06-05T09:11:38+00:00\",\"description\":\"Slotted Chicago screws (commonly called sex bolts or binding barrels) are specialized two-piece fasteners designed for secure, flush-mounted assemblies.\",\"breadcrumb\":{\"@id\":\"https:\/\/jbsy-china.com\/product\/slotted-chicago-screws\/#breadcrumb\"},\"inLanguage\":\"pt-PT\",\"potentialAction\":[{\"@type\":\"ReadAction\",\"target\":[\"https:\/\/jbsy-china.com\/product\/slotted-chicago-screws\/\"]}]},{\"@type\":\"ImageObject\",\"inLanguage\":\"pt-PT\",\"@id\":\"https:\/\/jbsy-china.com\/product\/slotted-chicago-screws\/#primaryimage\",\"url\":\"https:\/\/jbsy-china.com\/wp-content\/uploads\/2025\/05\/\u4e00\u5b57\u6c89\u5934\u5b50\u6bcd\u87ba\u9489.jpg\",\"contentUrl\":\"https:\/\/jbsy-china.com\/wp-content\/uploads\/2025\/05\/\u4e00\u5b57\u6c89\u5934\u5b50\u6bcd\u87ba\u9489.jpg\",\"width\":800,\"height\":800},{\"@type\":\"BreadcrumbList\",\"@id\":\"https:\/\/jbsy-china.com\/product\/slotted-chicago-screws\/#breadcrumb\",\"itemListElement\":[{\"@type\":\"ListItem\",\"position\":1,\"name\":\"Home\",\"item\":\"https:\/\/jbsy-china.com\/\"},{\"@type\":\"ListItem\",\"position\":2,\"name\":\"Products\",\"item\":\"https:\/\/jbsy-china.com\/shop\/\"},{\"@type\":\"ListItem\",\"position\":3,\"name\":\"Slotted Chicago Screws\"}]},{\"@type\":\"WebSite\",\"@id\":\"https:\/\/jbsy-china.com\/#website\",\"url\":\"https:\/\/jbsy-china.com\/\",\"name\":\"Jingbang Industrial\",\"description\":\"Hardware and electronics manufacturer\",\"publisher\":{\"@id\":\"https:\/\/jbsy-china.com\/#organization\"},\"potentialAction\":[{\"@type\":\"SearchAction\",\"target\":{\"@type\":\"EntryPoint\",\"urlTemplate\":\"https:\/\/jbsy-china.com\/?s={search_term_string}\"},\"query-input\":{\"@type\":\"PropertyValueSpecification\",\"valueRequired\":true,\"valueName\":\"search_term_string\"}}],\"inLanguage\":\"pt-PT\"},{\"@type\":\"Organization\",\"@id\":\"https:\/\/jbsy-china.com\/#organization\",\"name\":\"Jingbang Industrial\",\"url\":\"https:\/\/jbsy-china.com\/\",\"logo\":{\"@type\":\"ImageObject\",\"inLanguage\":\"pt-PT\",\"@id\":\"https:\/\/jbsy-china.com\/#\/schema\/logo\/image\/\",\"url\":\"https:\/\/jbsy-china.com\/wp-content\/uploads\/2023\/11\/cropped-\u56fe\u5c42-1.png\",\"contentUrl\":\"https:\/\/jbsy-china.com\/wp-content\/uploads\/2023\/11\/cropped-\u56fe\u5c42-1.png\",\"width\":1049,\"height\":739,\"caption\":\"Jingbang Industrial\"},\"image\":{\"@id\":\"https:\/\/jbsy-china.com\/#\/schema\/logo\/image\/\"}}]}<\/script>\n<!-- \/ Yoast SEO Premium plugin. -->","yoast_head_json":{"title":"Slotted Chicago Screws - Jingbang Industrial","description":"Slotted Chicago screws (commonly called sex bolts or binding barrels) are specialized two-piece fasteners designed for secure, flush-mounted assemblies.","robots":{"index":"index","follow":"follow","max-snippet":"max-snippet:-1","max-image-preview":"max-image-preview:large","max-video-preview":"max-video-preview:-1"},"canonical":"https:\/\/jbsy-china.com\/pt\/produto\/slotted-chicago-screws\/","og_locale":"pt_PT","og_type":"article","og_title":"Slotted Chicago Screws","og_description":"Slotted Chicago screws (commonly called sex bolts or binding barrels) are specialized two-piece fasteners designed for secure, flush-mounted assemblies.","og_url":"https:\/\/jbsy-china.com\/pt\/produto\/slotted-chicago-screws\/","og_site_name":"Jingbang Industrial","article_modified_time":"2025-06-05T09:11:38+00:00","og_image":[{"width":800,"height":800,"url":"http:\/\/jbsy-china.com\/wp-content\/uploads\/2025\/05\/\u4e00\u5b57\u6c89\u5934\u5b50\u6bcd\u87ba\u9489.jpg","type":"image\/jpeg"}],"twitter_card":"summary_large_image","twitter_misc":{"Tempo estimado de leitura":"4 minutos"},"schema":{"@context":"https:\/\/schema.org","@graph":[{"@type":"WebPage","@id":"https:\/\/jbsy-china.com\/product\/slotted-chicago-screws\/","url":"https:\/\/jbsy-china.com\/product\/slotted-chicago-screws\/","name":"Slotted Chicago Screws - Jingbang Industrial","isPartOf":{"@id":"https:\/\/jbsy-china.com\/#website"},"primaryImageOfPage":{"@id":"https:\/\/jbsy-china.com\/product\/slotted-chicago-screws\/#primaryimage"},"image":{"@id":"https:\/\/jbsy-china.com\/product\/slotted-chicago-screws\/#primaryimage"},"thumbnailUrl":"https:\/\/jbsy-china.com\/wp-content\/uploads\/2025\/05\/\u4e00\u5b57\u6c89\u5934\u5b50\u6bcd\u87ba\u9489.jpg","datePublished":"2025-05-16T07:06:10+00:00","dateModified":"2025-06-05T09:11:38+00:00","description":"Slotted Chicago screws (commonly called sex bolts or binding barrels) are specialized two-piece fasteners designed for secure, flush-mounted assemblies.","breadcrumb":{"@id":"https:\/\/jbsy-china.com\/product\/slotted-chicago-screws\/#breadcrumb"},"inLanguage":"pt-PT","potentialAction":[{"@type":"ReadAction","target":["https:\/\/jbsy-china.com\/product\/slotted-chicago-screws\/"]}]},{"@type":"ImageObject","inLanguage":"pt-PT","@id":"https:\/\/jbsy-china.com\/product\/slotted-chicago-screws\/#primaryimage","url":"https:\/\/jbsy-china.com\/wp-content\/uploads\/2025\/05\/\u4e00\u5b57\u6c89\u5934\u5b50\u6bcd\u87ba\u9489.jpg","contentUrl":"https:\/\/jbsy-china.com\/wp-content\/uploads\/2025\/05\/\u4e00\u5b57\u6c89\u5934\u5b50\u6bcd\u87ba\u9489.jpg","width":800,"height":800},{"@type":"BreadcrumbList","@id":"https:\/\/jbsy-china.com\/product\/slotted-chicago-screws\/#breadcrumb","itemListElement":[{"@type":"ListItem","position":1,"name":"Home","item":"https:\/\/jbsy-china.com\/"},{"@type":"ListItem","position":2,"name":"Products","item":"https:\/\/jbsy-china.com\/shop\/"},{"@type":"ListItem","position":3,"name":"Slotted Chicago Screws"}]},{"@type":"WebSite","@id":"https:\/\/jbsy-china.com\/#website","url":"https:\/\/jbsy-china.com\/","name":"Jingbang Industrial","description":"Fabricante de hardware e eletr\u00f3nica","publisher":{"@id":"https:\/\/jbsy-china.com\/#organization"},"potentialAction":[{"@type":"SearchAction","target":{"@type":"EntryPoint","urlTemplate":"https:\/\/jbsy-china.com\/?s={search_term_string}"},"query-input":{"@type":"PropertyValueSpecification","valueRequired":true,"valueName":"search_term_string"}}],"inLanguage":"pt-PT"},{"@type":"Organization","@id":"https:\/\/jbsy-china.com\/#organization","name":"Jingbang Industrial","url":"https:\/\/jbsy-china.com\/","logo":{"@type":"ImageObject","inLanguage":"pt-PT","@id":"https:\/\/jbsy-china.com\/#\/schema\/logo\/image\/","url":"https:\/\/jbsy-china.com\/wp-content\/uploads\/2023\/11\/cropped-\u56fe\u5c42-1.png","contentUrl":"https:\/\/jbsy-china.com\/wp-content\/uploads\/2023\/11\/cropped-\u56fe\u5c42-1.png","width":1049,"height":739,"caption":"Jingbang Industrial"},"image":{"@id":"https:\/\/jbsy-china.com\/#\/schema\/logo\/image\/"}}]}},"_links":{"self":[{"href":"https:\/\/jbsy-china.com\/pt\/wp-json\/wp\/v2\/product\/33495","targetHints":{"allow":["GET"]}}],"collection":[{"href":"https:\/\/jbsy-china.com\/pt\/wp-json\/wp\/v2\/product"}],"about":[{"href":"https:\/\/jbsy-china.com\/pt\/wp-json\/wp\/v2\/types\/product"}],"replies":[{"embeddable":true,"href":"https:\/\/jbsy-china.com\/pt\/wp-json\/wp\/v2\/comments?post=33495"}],"wp:featuredmedia":[{"embeddable":true,"href":"https:\/\/jbsy-china.com\/pt\/wp-json\/wp\/v2\/media\/33476"}],"wp:attachment":[{"href":"https:\/\/jbsy-china.com\/pt\/wp-json\/wp\/v2\/media?parent=33495"}],"wp:term":[{"taxonomy":"product_brand","embeddable":true,"href":"https:\/\/jbsy-china.com\/pt\/wp-json\/wp\/v2\/product_brand?post=33495"},{"taxonomy":"product_cat","embeddable":true,"href":"https:\/\/jbsy-china.com\/pt\/wp-json\/wp\/v2\/product_cat?post=33495"},{"taxonomy":"product_tag","embeddable":true,"href":"https:\/\/jbsy-china.com\/pt\/wp-json\/wp\/v2\/product_tag?post=33495"}],"curies":[{"name":"wp","href":"https:\/\/api.w.org\/{rel}","templated":true}]}}