{"id":33525,"date":"2025-05-16T07:19:14","date_gmt":"2025-05-16T07:19:14","guid":{"rendered":"https:\/\/jbsy-china.com\/?post_type=product&#038;p=33525"},"modified":"2025-07-28T06:47:34","modified_gmt":"2025-07-28T06:47:34","slug":"pan-head-oil-plug-screw","status":"publish","type":"product","link":"https:\/\/jbsy-china.com\/pt\/produto\/pan-head-oil-plug-screw\/","title":{"rendered":"Parafuso de cabe\u00e7a cil\u00edndrica do buj\u00e3o de \u00f3leo"},"content":{"rendered":"<p><a href=\"https:\/\/jbsy-china.com\/pt\/oil-plug-screw\/\"><img fetchpriority=\"high\" decoding=\"async\" class=\"alignnone size-full wp-image-31578\" src=\"http:\/\/jbsy-china.com\/wp-content\/uploads\/2025\/02\/\u51b7\u9566\u8be6\u60c5\u9875_01.jpg\" alt=\"\" width=\"790\" height=\"329\" srcset=\"https:\/\/jbsy-china.com\/wp-content\/uploads\/2025\/02\/\u51b7\u9566\u8be6\u60c5\u9875_01.jpg 790w, https:\/\/jbsy-china.com\/wp-content\/uploads\/2025\/02\/\u51b7\u9566\u8be6\u60c5\u9875_01-300x125.jpg 300w, https:\/\/jbsy-china.com\/wp-content\/uploads\/2025\/02\/\u51b7\u9566\u8be6\u60c5\u9875_01-768x320.jpg 768w, https:\/\/jbsy-china.com\/wp-content\/uploads\/2025\/02\/\u51b7\u9566\u8be6\u60c5\u9875_01-600x250.jpg 600w\" sizes=\"(max-width: 790px) 100vw, 790px\" \/><\/a> <img decoding=\"async\" class=\"alignnone size-full wp-image-31579\" src=\"http:\/\/jbsy-china.com\/wp-content\/uploads\/2025\/02\/\u51b7\u9566\u8be6\u60c5\u9875_02.jpg\" alt=\"\" width=\"790\" height=\"981\" srcset=\"https:\/\/jbsy-china.com\/wp-content\/uploads\/2025\/02\/\u51b7\u9566\u8be6\u60c5\u9875_02.jpg 790w, https:\/\/jbsy-china.com\/wp-content\/uploads\/2025\/02\/\u51b7\u9566\u8be6\u60c5\u9875_02-242x300.jpg 242w, https:\/\/jbsy-china.com\/wp-content\/uploads\/2025\/02\/\u51b7\u9566\u8be6\u60c5\u9875_02-768x954.jpg 768w, https:\/\/jbsy-china.com\/wp-content\/uploads\/2025\/02\/\u51b7\u9566\u8be6\u60c5\u9875_02-600x745.jpg 600w\" sizes=\"(max-width: 790px) 100vw, 790px\" \/> <img decoding=\"async\" class=\"alignnone size-full wp-image-31580\" src=\"http:\/\/jbsy-china.com\/wp-content\/uploads\/2025\/02\/\u51b7\u9566\u8be6\u60c5\u9875_03.jpg\" alt=\"\" width=\"790\" height=\"740\" srcset=\"https:\/\/jbsy-china.com\/wp-content\/uploads\/2025\/02\/\u51b7\u9566\u8be6\u60c5\u9875_03.jpg 790w, https:\/\/jbsy-china.com\/wp-content\/uploads\/2025\/02\/\u51b7\u9566\u8be6\u60c5\u9875_03-300x281.jpg 300w, https:\/\/jbsy-china.com\/wp-content\/uploads\/2025\/02\/\u51b7\u9566\u8be6\u60c5\u9875_03-768x719.jpg 768w, https:\/\/jbsy-china.com\/wp-content\/uploads\/2025\/02\/\u51b7\u9566\u8be6\u60c5\u9875_03-600x562.jpg 600w\" sizes=\"(max-width: 790px) 100vw, 790px\" \/> <img loading=\"lazy\" decoding=\"async\" class=\"alignnone size-full wp-image-31581\" src=\"http:\/\/jbsy-china.com\/wp-content\/uploads\/2025\/02\/\u51b7\u9566\u8be6\u60c5\u9875_04.jpg\" alt=\"\" width=\"790\" height=\"739\" srcset=\"https:\/\/jbsy-china.com\/wp-content\/uploads\/2025\/02\/\u51b7\u9566\u8be6\u60c5\u9875_04.jpg 790w, https:\/\/jbsy-china.com\/wp-content\/uploads\/2025\/02\/\u51b7\u9566\u8be6\u60c5\u9875_04-300x281.jpg 300w, https:\/\/jbsy-china.com\/wp-content\/uploads\/2025\/02\/\u51b7\u9566\u8be6\u60c5\u9875_04-768x718.jpg 768w, https:\/\/jbsy-china.com\/wp-content\/uploads\/2025\/02\/\u51b7\u9566\u8be6\u60c5\u9875_04-600x561.jpg 600w\" sizes=\"(max-width: 790px) 100vw, 790px\" \/> <img loading=\"lazy\" decoding=\"async\" class=\"alignnone size-full wp-image-31583\" src=\"http:\/\/jbsy-china.com\/wp-content\/uploads\/2025\/02\/\u51b7\u9566\u8be6\u60c5\u9875_05_01.jpg\" alt=\"\" width=\"790\" height=\"677\" srcset=\"https:\/\/jbsy-china.com\/wp-content\/uploads\/2025\/02\/\u51b7\u9566\u8be6\u60c5\u9875_05_01.jpg 790w, https:\/\/jbsy-china.com\/wp-content\/uploads\/2025\/02\/\u51b7\u9566\u8be6\u60c5\u9875_05_01-300x257.jpg 300w, https:\/\/jbsy-china.com\/wp-content\/uploads\/2025\/02\/\u51b7\u9566\u8be6\u60c5\u9875_05_01-768x658.jpg 768w, https:\/\/jbsy-china.com\/wp-content\/uploads\/2025\/02\/\u51b7\u9566\u8be6\u60c5\u9875_05_01-600x514.jpg 600w\" sizes=\"(max-width: 790px) 100vw, 790px\" \/><\/p>\n<p><strong>O processo de encabe\u00e7amento a frio \u00e9 um dos novos processos para a maquinagem sob press\u00e3o com menos ou nenhum corte<\/strong><br \/>\n<strong>metal. \u00c9 um m\u00e9todo de processamento que utiliza a deforma\u00e7\u00e3o pl\u00e1stica do metal sob a a\u00e7\u00e3o de<\/strong><br \/>\n<strong>for\u00e7as externas e, com a ajuda de moldes, redistribui e transfere o volume de metal para formar<\/strong><br \/>\n<strong>as pe\u00e7as ou os espa\u00e7os em branco necess\u00e1rios. O processo de encabe\u00e7amento a frio \u00e9 o mais adequado para a produ\u00e7\u00e3o de<\/strong><br \/>\n<strong>elementos de fixa\u00e7\u00e3o, tais como cavilhas, parafusos, porcas, rebites, cavilhas, etc.<\/strong><\/p>\n<p><img loading=\"lazy\" decoding=\"async\" class=\"alignnone size-full wp-image-31585\" src=\"http:\/\/jbsy-china.com\/wp-content\/uploads\/2025\/02\/\u51b7\u9566\u8be6\u60c5\u9875_05_03.jpg\" alt=\"\" width=\"790\" height=\"603\" srcset=\"https:\/\/jbsy-china.com\/wp-content\/uploads\/2025\/02\/\u51b7\u9566\u8be6\u60c5\u9875_05_03.jpg 790w, https:\/\/jbsy-china.com\/wp-content\/uploads\/2025\/02\/\u51b7\u9566\u8be6\u60c5\u9875_05_03-300x229.jpg 300w, https:\/\/jbsy-china.com\/wp-content\/uploads\/2025\/02\/\u51b7\u9566\u8be6\u60c5\u9875_05_03-768x586.jpg 768w, https:\/\/jbsy-china.com\/wp-content\/uploads\/2025\/02\/\u51b7\u9566\u8be6\u60c5\u9875_05_03-600x458.jpg 600w\" sizes=\"(max-width: 790px) 100vw, 790px\" \/> <img loading=\"lazy\" decoding=\"async\" class=\"alignnone size-full wp-image-31586\" src=\"http:\/\/jbsy-china.com\/wp-content\/uploads\/2025\/02\/\u51b7\u9566\u8be6\u60c5\u9875_06.jpg\" alt=\"\" width=\"790\" height=\"742\" srcset=\"https:\/\/jbsy-china.com\/wp-content\/uploads\/2025\/02\/\u51b7\u9566\u8be6\u60c5\u9875_06.jpg 790w, https:\/\/jbsy-china.com\/wp-content\/uploads\/2025\/02\/\u51b7\u9566\u8be6\u60c5\u9875_06-300x282.jpg 300w, https:\/\/jbsy-china.com\/wp-content\/uploads\/2025\/02\/\u51b7\u9566\u8be6\u60c5\u9875_06-768x721.jpg 768w, https:\/\/jbsy-china.com\/wp-content\/uploads\/2025\/02\/\u51b7\u9566\u8be6\u60c5\u9875_06-600x564.jpg 600w\" sizes=\"(max-width: 790px) 100vw, 790px\" \/><\/p>\n<h5><strong>Parafuso de cabe\u00e7a cil\u00edndrica para buj\u00e3o de \u00f3leo - Vis\u00e3o geral<\/strong><\/h5>\n<p class=\"ds-markdown-paragraph\">A\u00a0<strong>cabe\u00e7a de panela <a href=\"https:\/\/jbsy-china.com\/pt\/oil-plug-screw\/\">parafuso do buj\u00e3o de \u00f3leo<\/a><\/strong>\u00a0\u00e9 um fixador roscado concebido para vedar orif\u00edcios de \u00f3leo, orif\u00edcios de drenagem ou reservat\u00f3rios de fluido em sistemas mec\u00e2nicos. Possui uma\u00a0<strong>cabe\u00e7a abobadada (em forma de panela)<\/strong>\u00a0com um acionamento externo (normalmente ranhurado, Phillips ou hexagonal) e um corpo roscado para uma instala\u00e7\u00e3o segura.<\/p>\n<hr \/>\n<h5><strong>Principais carater\u00edsticas e carater\u00edsticas<\/strong><\/h5>\n<ol start=\"1\">\n<li>\n<p class=\"ds-markdown-paragraph\"><strong>Desenho da cabe\u00e7a:<\/strong><\/p>\n<ul>\n<li>\n<p class=\"ds-markdown-paragraph\"><strong>Cabe\u00e7a de panela<\/strong>\u00a0(baixo perfil, topo arredondado com superf\u00edcie de apoio plana).<\/p>\n<\/li>\n<li>\n<p class=\"ds-markdown-paragraph\">Proporciona uma ligeira sali\u00eancia para facilitar o acesso \u00e0 ferramenta, mantendo um contorno suave.<\/p>\n<\/li>\n<\/ul>\n<\/li>\n<li>\n<p class=\"ds-markdown-paragraph\"><strong>Tipos de acionamento:<\/strong><\/p>\n<ul>\n<li>\n<p class=\"ds-markdown-paragraph\"><strong>Ranhurado<\/strong>\u00a0(chave de fendas de cabe\u00e7a chata).<\/p>\n<\/li>\n<li>\n<p class=\"ds-markdown-paragraph\"><strong>Phillips<\/strong>\u00a0(chave de fendas de cabe\u00e7a cruzada).<\/p>\n<\/li>\n<li>\n<p class=\"ds-markdown-paragraph\"><strong>Chave hexagonal (Allen)<\/strong>\u00a0(menos comum, mas utilizado para bin\u00e1rios mais elevados).<\/p>\n<\/li>\n<\/ul>\n<\/li>\n<li>\n<p class=\"ds-markdown-paragraph\"><strong>Tipo de rosca:<\/strong><\/p>\n<ul>\n<li>\n<p class=\"ds-markdown-paragraph\"><strong>M\u00e9trico (M6, M8, etc.)<\/strong>\u00a0ou\u00a0<strong>imperial (UNC\/UNF)<\/strong>\u00a0fios.<\/p>\n<\/li>\n<li>\n<p class=\"ds-markdown-paragraph\">Pode incluir\u00a0<strong>roscas c\u00f3nicas (NPT)<\/strong>\u00a0ou\u00a0<strong>roscas rectas com carater\u00edsticas de veda\u00e7\u00e3o<\/strong>.<\/p>\n<\/li>\n<\/ul>\n<\/li>\n<li>\n<p class=\"ds-markdown-paragraph\"><strong>Mecanismo de veda\u00e7\u00e3o:<\/strong><\/p>\n<ul>\n<li>\n<p class=\"ds-markdown-paragraph\">Muitas vezes, emparelhado com um\u00a0<strong>anilha integrada, O-ring ou junta de cobre<\/strong>\u00a0para evitar fugas de \u00f3leo.<\/p>\n<\/li>\n<li>\n<p class=\"ds-markdown-paragraph\">Alguns projectos baseiam-se em\u00a0<strong>vedante de roscas (por exemplo, fita de Teflon)<\/strong>.<\/p>\n<\/li>\n<\/ul>\n<\/li>\n<li>\n<p class=\"ds-markdown-paragraph\"><strong>Materiais e revestimentos:<\/strong><\/p>\n<ul>\n<li>\n<p class=\"ds-markdown-paragraph\"><strong>A\u00e7o<\/strong>\u00a0(carbono ou liga),\u00a0<strong>a\u00e7o inoxid\u00e1vel<\/strong>\u00a0(resistente \u00e0 corros\u00e3o), ou\u00a0<strong>lat\u00e3o<\/strong>\u00a0(para aplica\u00e7\u00f5es que n\u00e3o produzam fa\u00edscas).<\/p>\n<\/li>\n<li>\n<p class=\"ds-markdown-paragraph\">Revestimentos:\u00a0<strong>Zincado, \u00f3xido preto ou revestido a PTFE<\/strong>\u00a0para maior durabilidade.<\/p>\n<\/li>\n<li>Parafuso de cabe\u00e7a panela do buj\u00e3o de \u00f3leo.<\/li>\n<\/ul>\n<\/li>\n<\/ol>\n<hr \/>\n<h5><strong>Aplica\u00e7\u00f5es comuns<\/strong><\/h5>\n<ul>\n<li>\n<p class=\"ds-markdown-paragraph\">Veda\u00e7\u00e3o\u00a0<strong>c\u00e1rteres de \u00f3leo do motor, caixas de velocidades, sistemas hidr\u00e1ulicos e caixas de diferencial<\/strong>.<\/p>\n<\/li>\n<li>\n<p class=\"ds-markdown-paragraph\">Actuando como\u00a0<strong>tamp\u00f5es de drenagem\/enchimento<\/strong>\u00a0em equipamento autom\u00f3vel e industrial.<\/p>\n<\/li>\n<li>\n<p class=\"ds-markdown-paragraph\">Utilizado quando um\u00a0<strong>cabe\u00e7a de baixo perfil<\/strong>\u00a0\u00e9 prefer\u00edvel aos parafusos sextavados ou aos tamp\u00f5es flangeados.<\/p>\n<\/li>\n<\/ul>\n<hr \/>\n<h5><strong>Variantes<\/strong><\/h5>\n<ul>\n<li>\n<p class=\"ds-markdown-paragraph\"><strong>Tamp\u00e3o de cabe\u00e7a de panela com ranhuras<\/strong>\u00a0(b\u00e1sico, simples de utilizar).<\/p>\n<\/li>\n<li>\n<p class=\"ds-markdown-paragraph\"><strong>Buj\u00e3o de \u00f3leo com cabe\u00e7a de panela Phillips<\/strong>\u00a0(comum nas m\u00e1quinas de consumo).<\/p>\n<\/li>\n<li>\n<p class=\"ds-markdown-paragraph\"><strong>Tamp\u00e3o de parafuso de cabe\u00e7a cil\u00edndrica com anel em O<\/strong>\u00a0(veda\u00e7\u00e3o integrada para uma melhor preven\u00e7\u00e3o de fugas).<\/p>\n<\/li>\n<\/ul>","protected":false},"excerpt":{"rendered":"<p>Cold heading process is one of the new processes for pressure machining of less or no cutting metal. It is a processing method that utilizes the plastic deformation of metal under the action of external forces, and with the aid of molds, redistributes and transfers the volume of metal to form the required parts or [&hellip;]<\/p>","protected":false},"featured_media":33511,"comment_status":"open","ping_status":"closed","template":"","meta":{"site-sidebar-layout":"default","site-content-layout":"","ast-site-content-layout":"default","site-content-style":"default","site-sidebar-style":"default","ast-global-header-display":"","ast-banner-title-visibility":"","ast-main-header-display":"","ast-hfb-above-header-display":"","ast-hfb-below-header-display":"","ast-hfb-mobile-header-display":"","site-post-title":"","ast-breadcrumbs-content":"","ast-featured-img":"","footer-sml-layout":"","ast-disable-related-posts":"","theme-transparent-header-meta":"default","adv-header-id-meta":"","stick-header-meta":"default","header-above-stick-meta":"","header-main-stick-meta":"","header-below-stick-meta":"","astra-migrate-meta-layouts":"set","ast-page-background-enabled":"default","ast-page-background-meta":{"desktop":{"background-color":"var(--ast-global-color-4)","background-image":"","background-repeat":"repeat","background-position":"center center","background-size":"auto","background-attachment":"scroll","background-type":"","background-media":"","overlay-type":"","overlay-color":"","overlay-opacity":"","overlay-gradient":""},"tablet":{"background-color":"","background-image":"","background-repeat":"repeat","background-position":"center center","background-size":"auto","background-attachment":"scroll","background-type":"","background-media":"","overlay-type":"","overlay-color":"","overlay-opacity":"","overlay-gradient":""},"mobile":{"background-color":"","background-image":"","background-repeat":"repeat","background-position":"center center","background-size":"auto","background-attachment":"scroll","background-type":"","background-media":"","overlay-type":"","overlay-color":"","overlay-opacity":"","overlay-gradient":""}},"ast-content-background-meta":{"desktop":{"background-color":"var(--ast-global-color-5)","background-image":"","background-repeat":"repeat","background-position":"center center","background-size":"auto","background-attachment":"scroll","background-type":"","background-media":"","overlay-type":"","overlay-color":"","overlay-opacity":"","overlay-gradient":""},"tablet":{"background-color":"var(--ast-global-color-5)","background-image":"","background-repeat":"repeat","background-position":"center center","background-size":"auto","background-attachment":"scroll","background-type":"","background-media":"","overlay-type":"","overlay-color":"","overlay-opacity":"","overlay-gradient":""},"mobile":{"background-color":"var(--ast-global-color-5)","background-image":"","background-repeat":"repeat","background-position":"center center","background-size":"auto","background-attachment":"scroll","background-type":"","background-media":"","overlay-type":"","overlay-color":"","overlay-opacity":"","overlay-gradient":""}},"_themeisle_gutenberg_block_has_review":false,"_ti_tpc_template_sync":false,"_ti_tpc_template_id":""},"product_brand":[],"product_cat":[1277],"product_tag":[],"class_list":{"0":"post-33525","1":"product","2":"type-product","3":"status-publish","4":"has-post-thumbnail","6":"product_cat-oil-plug-screw","7":"desktop-align-left","8":"tablet-align-left","9":"mobile-align-left","10":"ast-product-gallery-layout-horizontal-slider","11":"ast-product-tabs-layout-horizontal","12":"ast-qv-on-image","14":"first","15":"instock","16":"shipping-taxable","17":"product-type-simple"},"yoast_head":"<!-- This site is optimized with the Yoast SEO Premium plugin v21.7 (Yoast SEO v25.7) - https:\/\/yoast.com\/wordpress\/plugins\/seo\/ -->\n<title>Pan head oil plug screw - Jingbang Industrial<\/title>\n<meta name=\"description\" content=\"A pan head oil plug screw is a threaded fastener designed to seal oil ports, drain holes, or fluid reservoirs in mechanical systems.\" \/>\n<meta name=\"robots\" content=\"index, follow, max-snippet:-1, max-image-preview:large, max-video-preview:-1\" \/>\n<link rel=\"canonical\" href=\"https:\/\/jbsy-china.com\/pt\/produto\/pan-head-oil-plug-screw\/\" \/>\n<meta property=\"og:locale\" content=\"pt_PT\" \/>\n<meta property=\"og:type\" content=\"article\" \/>\n<meta property=\"og:title\" content=\"Pan head oil plug screw\" \/>\n<meta property=\"og:description\" content=\"A pan head oil plug screw is a threaded fastener designed to seal oil ports, drain holes, or fluid reservoirs in mechanical systems.\" \/>\n<meta property=\"og:url\" content=\"https:\/\/jbsy-china.com\/pt\/produto\/pan-head-oil-plug-screw\/\" \/>\n<meta property=\"og:site_name\" content=\"Jingbang Industrial\" \/>\n<meta property=\"article:modified_time\" content=\"2025-07-28T06:47:34+00:00\" \/>\n<meta property=\"og:image\" content=\"http:\/\/jbsy-china.com\/wp-content\/uploads\/2025\/05\/\u76d8\u5934\u5185\u516d\u89d2\u6cb9\u585e\u87ba\u6813.jpg\" \/>\n\t<meta property=\"og:image:width\" content=\"800\" \/>\n\t<meta property=\"og:image:height\" content=\"800\" \/>\n\t<meta property=\"og:image:type\" content=\"image\/jpeg\" \/>\n<meta name=\"twitter:card\" content=\"summary_large_image\" \/>\n<meta name=\"twitter:label1\" content=\"Tempo estimado de leitura\" \/>\n\t<meta name=\"twitter:data1\" content=\"3 minutos\" \/>\n<script type=\"application\/ld+json\" class=\"yoast-schema-graph\">{\"@context\":\"https:\/\/schema.org\",\"@graph\":[{\"@type\":\"WebPage\",\"@id\":\"https:\/\/jbsy-china.com\/product\/pan-head-oil-plug-screw\/\",\"url\":\"https:\/\/jbsy-china.com\/product\/pan-head-oil-plug-screw\/\",\"name\":\"Pan head oil plug screw - Jingbang Industrial\",\"isPartOf\":{\"@id\":\"https:\/\/jbsy-china.com\/#website\"},\"primaryImageOfPage\":{\"@id\":\"https:\/\/jbsy-china.com\/product\/pan-head-oil-plug-screw\/#primaryimage\"},\"image\":{\"@id\":\"https:\/\/jbsy-china.com\/product\/pan-head-oil-plug-screw\/#primaryimage\"},\"thumbnailUrl\":\"https:\/\/jbsy-china.com\/wp-content\/uploads\/2025\/05\/\u76d8\u5934\u5185\u516d\u89d2\u6cb9\u585e\u87ba\u6813.jpg\",\"datePublished\":\"2025-05-16T07:19:14+00:00\",\"dateModified\":\"2025-07-28T06:47:34+00:00\",\"description\":\"A pan head oil plug screw is a threaded fastener designed to seal oil ports, drain holes, or fluid reservoirs in mechanical systems.\",\"breadcrumb\":{\"@id\":\"https:\/\/jbsy-china.com\/product\/pan-head-oil-plug-screw\/#breadcrumb\"},\"inLanguage\":\"pt-PT\",\"potentialAction\":[{\"@type\":\"ReadAction\",\"target\":[\"https:\/\/jbsy-china.com\/product\/pan-head-oil-plug-screw\/\"]}]},{\"@type\":\"ImageObject\",\"inLanguage\":\"pt-PT\",\"@id\":\"https:\/\/jbsy-china.com\/product\/pan-head-oil-plug-screw\/#primaryimage\",\"url\":\"https:\/\/jbsy-china.com\/wp-content\/uploads\/2025\/05\/\u76d8\u5934\u5185\u516d\u89d2\u6cb9\u585e\u87ba\u6813.jpg\",\"contentUrl\":\"https:\/\/jbsy-china.com\/wp-content\/uploads\/2025\/05\/\u76d8\u5934\u5185\u516d\u89d2\u6cb9\u585e\u87ba\u6813.jpg\",\"width\":800,\"height\":800},{\"@type\":\"BreadcrumbList\",\"@id\":\"https:\/\/jbsy-china.com\/product\/pan-head-oil-plug-screw\/#breadcrumb\",\"itemListElement\":[{\"@type\":\"ListItem\",\"position\":1,\"name\":\"Home\",\"item\":\"https:\/\/jbsy-china.com\/\"},{\"@type\":\"ListItem\",\"position\":2,\"name\":\"Products\",\"item\":\"https:\/\/jbsy-china.com\/shop\/\"},{\"@type\":\"ListItem\",\"position\":3,\"name\":\"Pan head oil plug screw\"}]},{\"@type\":\"WebSite\",\"@id\":\"https:\/\/jbsy-china.com\/#website\",\"url\":\"https:\/\/jbsy-china.com\/\",\"name\":\"Jingbang Industrial\",\"description\":\"Hardware and electronics manufacturer\",\"publisher\":{\"@id\":\"https:\/\/jbsy-china.com\/#organization\"},\"potentialAction\":[{\"@type\":\"SearchAction\",\"target\":{\"@type\":\"EntryPoint\",\"urlTemplate\":\"https:\/\/jbsy-china.com\/?s={search_term_string}\"},\"query-input\":{\"@type\":\"PropertyValueSpecification\",\"valueRequired\":true,\"valueName\":\"search_term_string\"}}],\"inLanguage\":\"pt-PT\"},{\"@type\":\"Organization\",\"@id\":\"https:\/\/jbsy-china.com\/#organization\",\"name\":\"Jingbang Industrial\",\"url\":\"https:\/\/jbsy-china.com\/\",\"logo\":{\"@type\":\"ImageObject\",\"inLanguage\":\"pt-PT\",\"@id\":\"https:\/\/jbsy-china.com\/#\/schema\/logo\/image\/\",\"url\":\"https:\/\/jbsy-china.com\/wp-content\/uploads\/2023\/11\/cropped-\u56fe\u5c42-1.png\",\"contentUrl\":\"https:\/\/jbsy-china.com\/wp-content\/uploads\/2023\/11\/cropped-\u56fe\u5c42-1.png\",\"width\":1049,\"height\":739,\"caption\":\"Jingbang Industrial\"},\"image\":{\"@id\":\"https:\/\/jbsy-china.com\/#\/schema\/logo\/image\/\"}}]}<\/script>\n<!-- \/ Yoast SEO Premium plugin. -->","yoast_head_json":{"title":"Pan head oil plug screw - Jingbang Industrial","description":"A pan head oil plug screw is a threaded fastener designed to seal oil ports, drain holes, or fluid reservoirs in mechanical systems.","robots":{"index":"index","follow":"follow","max-snippet":"max-snippet:-1","max-image-preview":"max-image-preview:large","max-video-preview":"max-video-preview:-1"},"canonical":"https:\/\/jbsy-china.com\/pt\/produto\/pan-head-oil-plug-screw\/","og_locale":"pt_PT","og_type":"article","og_title":"Pan head oil plug screw","og_description":"A pan head oil plug screw is a threaded fastener designed to seal oil ports, drain holes, or fluid reservoirs in mechanical systems.","og_url":"https:\/\/jbsy-china.com\/pt\/produto\/pan-head-oil-plug-screw\/","og_site_name":"Jingbang Industrial","article_modified_time":"2025-07-28T06:47:34+00:00","og_image":[{"width":800,"height":800,"url":"http:\/\/jbsy-china.com\/wp-content\/uploads\/2025\/05\/\u76d8\u5934\u5185\u516d\u89d2\u6cb9\u585e\u87ba\u6813.jpg","type":"image\/jpeg"}],"twitter_card":"summary_large_image","twitter_misc":{"Tempo estimado de leitura":"3 minutos"},"schema":{"@context":"https:\/\/schema.org","@graph":[{"@type":"WebPage","@id":"https:\/\/jbsy-china.com\/product\/pan-head-oil-plug-screw\/","url":"https:\/\/jbsy-china.com\/product\/pan-head-oil-plug-screw\/","name":"Pan head oil plug screw - Jingbang Industrial","isPartOf":{"@id":"https:\/\/jbsy-china.com\/#website"},"primaryImageOfPage":{"@id":"https:\/\/jbsy-china.com\/product\/pan-head-oil-plug-screw\/#primaryimage"},"image":{"@id":"https:\/\/jbsy-china.com\/product\/pan-head-oil-plug-screw\/#primaryimage"},"thumbnailUrl":"https:\/\/jbsy-china.com\/wp-content\/uploads\/2025\/05\/\u76d8\u5934\u5185\u516d\u89d2\u6cb9\u585e\u87ba\u6813.jpg","datePublished":"2025-05-16T07:19:14+00:00","dateModified":"2025-07-28T06:47:34+00:00","description":"A pan head oil plug screw is a threaded fastener designed to seal oil ports, drain holes, or fluid reservoirs in mechanical systems.","breadcrumb":{"@id":"https:\/\/jbsy-china.com\/product\/pan-head-oil-plug-screw\/#breadcrumb"},"inLanguage":"pt-PT","potentialAction":[{"@type":"ReadAction","target":["https:\/\/jbsy-china.com\/product\/pan-head-oil-plug-screw\/"]}]},{"@type":"ImageObject","inLanguage":"pt-PT","@id":"https:\/\/jbsy-china.com\/product\/pan-head-oil-plug-screw\/#primaryimage","url":"https:\/\/jbsy-china.com\/wp-content\/uploads\/2025\/05\/\u76d8\u5934\u5185\u516d\u89d2\u6cb9\u585e\u87ba\u6813.jpg","contentUrl":"https:\/\/jbsy-china.com\/wp-content\/uploads\/2025\/05\/\u76d8\u5934\u5185\u516d\u89d2\u6cb9\u585e\u87ba\u6813.jpg","width":800,"height":800},{"@type":"BreadcrumbList","@id":"https:\/\/jbsy-china.com\/product\/pan-head-oil-plug-screw\/#breadcrumb","itemListElement":[{"@type":"ListItem","position":1,"name":"Home","item":"https:\/\/jbsy-china.com\/"},{"@type":"ListItem","position":2,"name":"Products","item":"https:\/\/jbsy-china.com\/shop\/"},{"@type":"ListItem","position":3,"name":"Pan head oil plug screw"}]},{"@type":"WebSite","@id":"https:\/\/jbsy-china.com\/#website","url":"https:\/\/jbsy-china.com\/","name":"Jingbang Industrial","description":"Fabricante de hardware e eletr\u00f3nica","publisher":{"@id":"https:\/\/jbsy-china.com\/#organization"},"potentialAction":[{"@type":"SearchAction","target":{"@type":"EntryPoint","urlTemplate":"https:\/\/jbsy-china.com\/?s={search_term_string}"},"query-input":{"@type":"PropertyValueSpecification","valueRequired":true,"valueName":"search_term_string"}}],"inLanguage":"pt-PT"},{"@type":"Organization","@id":"https:\/\/jbsy-china.com\/#organization","name":"Jingbang Industrial","url":"https:\/\/jbsy-china.com\/","logo":{"@type":"ImageObject","inLanguage":"pt-PT","@id":"https:\/\/jbsy-china.com\/#\/schema\/logo\/image\/","url":"https:\/\/jbsy-china.com\/wp-content\/uploads\/2023\/11\/cropped-\u56fe\u5c42-1.png","contentUrl":"https:\/\/jbsy-china.com\/wp-content\/uploads\/2023\/11\/cropped-\u56fe\u5c42-1.png","width":1049,"height":739,"caption":"Jingbang Industrial"},"image":{"@id":"https:\/\/jbsy-china.com\/#\/schema\/logo\/image\/"}}]}},"_links":{"self":[{"href":"https:\/\/jbsy-china.com\/pt\/wp-json\/wp\/v2\/product\/33525","targetHints":{"allow":["GET"]}}],"collection":[{"href":"https:\/\/jbsy-china.com\/pt\/wp-json\/wp\/v2\/product"}],"about":[{"href":"https:\/\/jbsy-china.com\/pt\/wp-json\/wp\/v2\/types\/product"}],"replies":[{"embeddable":true,"href":"https:\/\/jbsy-china.com\/pt\/wp-json\/wp\/v2\/comments?post=33525"}],"wp:featuredmedia":[{"embeddable":true,"href":"https:\/\/jbsy-china.com\/pt\/wp-json\/wp\/v2\/media\/33511"}],"wp:attachment":[{"href":"https:\/\/jbsy-china.com\/pt\/wp-json\/wp\/v2\/media?parent=33525"}],"wp:term":[{"taxonomy":"product_brand","embeddable":true,"href":"https:\/\/jbsy-china.com\/pt\/wp-json\/wp\/v2\/product_brand?post=33525"},{"taxonomy":"product_cat","embeddable":true,"href":"https:\/\/jbsy-china.com\/pt\/wp-json\/wp\/v2\/product_cat?post=33525"},{"taxonomy":"product_tag","embeddable":true,"href":"https:\/\/jbsy-china.com\/pt\/wp-json\/wp\/v2\/product_tag?post=33525"}],"curies":[{"name":"wp","href":"https:\/\/api.w.org\/{rel}","templated":true}]}}