{"id":33528,"date":"2025-05-16T07:20:59","date_gmt":"2025-05-16T07:20:59","guid":{"rendered":"https:\/\/jbsy-china.com\/?post_type=product&#038;p=33528"},"modified":"2025-07-28T06:46:45","modified_gmt":"2025-07-28T06:46:45","slug":"hexalobular-socket-oil-plug-screw","status":"publish","type":"product","link":"https:\/\/jbsy-china.com\/pt\/produto\/hexalobular-socket-oil-plug-screw\/","title":{"rendered":"Parafuso de obtura\u00e7\u00e3o de \u00f3leo de encaixe hexalobular"},"content":{"rendered":"<p><img fetchpriority=\"high\" decoding=\"async\" class=\"alignnone size-full wp-image-31578\" src=\"http:\/\/jbsy-china.com\/wp-content\/uploads\/2025\/02\/\u51b7\u9566\u8be6\u60c5\u9875_01.jpg\" alt=\"\" width=\"790\" height=\"329\" srcset=\"https:\/\/jbsy-china.com\/wp-content\/uploads\/2025\/02\/\u51b7\u9566\u8be6\u60c5\u9875_01.jpg 790w, https:\/\/jbsy-china.com\/wp-content\/uploads\/2025\/02\/\u51b7\u9566\u8be6\u60c5\u9875_01-300x125.jpg 300w, https:\/\/jbsy-china.com\/wp-content\/uploads\/2025\/02\/\u51b7\u9566\u8be6\u60c5\u9875_01-768x320.jpg 768w, https:\/\/jbsy-china.com\/wp-content\/uploads\/2025\/02\/\u51b7\u9566\u8be6\u60c5\u9875_01-600x250.jpg 600w\" sizes=\"(max-width: 790px) 100vw, 790px\" \/> <img decoding=\"async\" class=\"alignnone size-full wp-image-31579\" src=\"http:\/\/jbsy-china.com\/wp-content\/uploads\/2025\/02\/\u51b7\u9566\u8be6\u60c5\u9875_02.jpg\" alt=\"\" width=\"790\" height=\"981\" srcset=\"https:\/\/jbsy-china.com\/wp-content\/uploads\/2025\/02\/\u51b7\u9566\u8be6\u60c5\u9875_02.jpg 790w, https:\/\/jbsy-china.com\/wp-content\/uploads\/2025\/02\/\u51b7\u9566\u8be6\u60c5\u9875_02-242x300.jpg 242w, https:\/\/jbsy-china.com\/wp-content\/uploads\/2025\/02\/\u51b7\u9566\u8be6\u60c5\u9875_02-768x954.jpg 768w, https:\/\/jbsy-china.com\/wp-content\/uploads\/2025\/02\/\u51b7\u9566\u8be6\u60c5\u9875_02-600x745.jpg 600w\" sizes=\"(max-width: 790px) 100vw, 790px\" \/> <img decoding=\"async\" class=\"alignnone size-full wp-image-31580\" src=\"http:\/\/jbsy-china.com\/wp-content\/uploads\/2025\/02\/\u51b7\u9566\u8be6\u60c5\u9875_03.jpg\" alt=\"\" width=\"790\" height=\"740\" srcset=\"https:\/\/jbsy-china.com\/wp-content\/uploads\/2025\/02\/\u51b7\u9566\u8be6\u60c5\u9875_03.jpg 790w, https:\/\/jbsy-china.com\/wp-content\/uploads\/2025\/02\/\u51b7\u9566\u8be6\u60c5\u9875_03-300x281.jpg 300w, https:\/\/jbsy-china.com\/wp-content\/uploads\/2025\/02\/\u51b7\u9566\u8be6\u60c5\u9875_03-768x719.jpg 768w, https:\/\/jbsy-china.com\/wp-content\/uploads\/2025\/02\/\u51b7\u9566\u8be6\u60c5\u9875_03-600x562.jpg 600w\" sizes=\"(max-width: 790px) 100vw, 790px\" \/> <img loading=\"lazy\" decoding=\"async\" class=\"alignnone size-full wp-image-31581\" src=\"http:\/\/jbsy-china.com\/wp-content\/uploads\/2025\/02\/\u51b7\u9566\u8be6\u60c5\u9875_04.jpg\" alt=\"\" width=\"790\" height=\"739\" srcset=\"https:\/\/jbsy-china.com\/wp-content\/uploads\/2025\/02\/\u51b7\u9566\u8be6\u60c5\u9875_04.jpg 790w, https:\/\/jbsy-china.com\/wp-content\/uploads\/2025\/02\/\u51b7\u9566\u8be6\u60c5\u9875_04-300x281.jpg 300w, https:\/\/jbsy-china.com\/wp-content\/uploads\/2025\/02\/\u51b7\u9566\u8be6\u60c5\u9875_04-768x718.jpg 768w, https:\/\/jbsy-china.com\/wp-content\/uploads\/2025\/02\/\u51b7\u9566\u8be6\u60c5\u9875_04-600x561.jpg 600w\" sizes=\"(max-width: 790px) 100vw, 790px\" \/> <img loading=\"lazy\" decoding=\"async\" class=\"alignnone size-full wp-image-31583\" src=\"http:\/\/jbsy-china.com\/wp-content\/uploads\/2025\/02\/\u51b7\u9566\u8be6\u60c5\u9875_05_01.jpg\" alt=\"\" width=\"790\" height=\"677\" srcset=\"https:\/\/jbsy-china.com\/wp-content\/uploads\/2025\/02\/\u51b7\u9566\u8be6\u60c5\u9875_05_01.jpg 790w, https:\/\/jbsy-china.com\/wp-content\/uploads\/2025\/02\/\u51b7\u9566\u8be6\u60c5\u9875_05_01-300x257.jpg 300w, https:\/\/jbsy-china.com\/wp-content\/uploads\/2025\/02\/\u51b7\u9566\u8be6\u60c5\u9875_05_01-768x658.jpg 768w, https:\/\/jbsy-china.com\/wp-content\/uploads\/2025\/02\/\u51b7\u9566\u8be6\u60c5\u9875_05_01-600x514.jpg 600w\" sizes=\"(max-width: 790px) 100vw, 790px\" \/><\/p>\n<p><strong>O processo de encabe\u00e7amento a frio \u00e9 um dos novos processos para a maquinagem sob press\u00e3o com menos ou nenhum corte<\/strong><br \/>\n<strong>metal. \u00c9 um m\u00e9todo de processamento que utiliza a deforma\u00e7\u00e3o pl\u00e1stica do metal sob a a\u00e7\u00e3o de<\/strong><br \/>\n<strong>for\u00e7as externas e, com a ajuda de moldes, redistribui e transfere o volume de metal para formar<\/strong><br \/>\n<strong>as pe\u00e7as ou os espa\u00e7os em branco necess\u00e1rios. O processo de encabe\u00e7amento a frio \u00e9 o mais adequado para a produ\u00e7\u00e3o de<\/strong><br \/>\n<strong>elementos de fixa\u00e7\u00e3o, tais como cavilhas, parafusos, porcas, rebites, cavilhas, etc.<\/strong><\/p>\n<p><img loading=\"lazy\" decoding=\"async\" class=\"alignnone size-full wp-image-31585\" src=\"http:\/\/jbsy-china.com\/wp-content\/uploads\/2025\/02\/\u51b7\u9566\u8be6\u60c5\u9875_05_03.jpg\" alt=\"\" width=\"790\" height=\"603\" srcset=\"https:\/\/jbsy-china.com\/wp-content\/uploads\/2025\/02\/\u51b7\u9566\u8be6\u60c5\u9875_05_03.jpg 790w, https:\/\/jbsy-china.com\/wp-content\/uploads\/2025\/02\/\u51b7\u9566\u8be6\u60c5\u9875_05_03-300x229.jpg 300w, https:\/\/jbsy-china.com\/wp-content\/uploads\/2025\/02\/\u51b7\u9566\u8be6\u60c5\u9875_05_03-768x586.jpg 768w, https:\/\/jbsy-china.com\/wp-content\/uploads\/2025\/02\/\u51b7\u9566\u8be6\u60c5\u9875_05_03-600x458.jpg 600w\" sizes=\"(max-width: 790px) 100vw, 790px\" \/> <img loading=\"lazy\" decoding=\"async\" class=\"alignnone size-full wp-image-31586\" src=\"http:\/\/jbsy-china.com\/wp-content\/uploads\/2025\/02\/\u51b7\u9566\u8be6\u60c5\u9875_06.jpg\" alt=\"\" width=\"790\" height=\"742\" srcset=\"https:\/\/jbsy-china.com\/wp-content\/uploads\/2025\/02\/\u51b7\u9566\u8be6\u60c5\u9875_06.jpg 790w, https:\/\/jbsy-china.com\/wp-content\/uploads\/2025\/02\/\u51b7\u9566\u8be6\u60c5\u9875_06-300x282.jpg 300w, https:\/\/jbsy-china.com\/wp-content\/uploads\/2025\/02\/\u51b7\u9566\u8be6\u60c5\u9875_06-768x721.jpg 768w, https:\/\/jbsy-china.com\/wp-content\/uploads\/2025\/02\/\u51b7\u9566\u8be6\u60c5\u9875_06-600x564.jpg 600w\" sizes=\"(max-width: 790px) 100vw, 790px\" \/><\/p>\n<h5><strong>Parafuso de cabe\u00e7a sextavada - Descri\u00e7\u00e3o geral<\/strong><\/h5>\n<p class=\"ds-markdown-paragraph\">Uma tomada hexalobular <a href=\"https:\/\/jbsy-china.com\/pt\/oil-plug-screw\/\">parafuso do buj\u00e3o de \u00f3leo<\/a><strong>\u00a0(SHCS)<\/strong>, comummente designada por\u00a0<strong>Parafuso Allen<\/strong>\u00a0ou\u00a0<strong>parafuso de cabe\u00e7a cil\u00edndrica<\/strong>\u00e9 um fixador de alta resist\u00eancia concebido para aplica\u00e7\u00f5es de precis\u00e3o em que \u00e9 necess\u00e1ria uma cabe\u00e7a nivelada ou de baixo perfil. Possui uma cabe\u00e7a cil\u00edndrica com um acionamento hexagonal interno (encaixe) que requer uma chave hexagonal (chave Allen) ou uma broca hexagonal para a instala\u00e7\u00e3o.<\/p>\n<hr \/>\n<h5><strong>Carater\u00edsticas principais:<\/strong><\/h5>\n<ol start=\"1\">\n<li>\n<p class=\"ds-markdown-paragraph\"><strong>Desenho da cabe\u00e7a:<\/strong><\/p>\n<ul>\n<li>\n<p class=\"ds-markdown-paragraph\"><strong>Forma cil\u00edndrica<\/strong>\u00a0com uma parte superior plana e bordos chanfrados.<\/p>\n<\/li>\n<li>\n<p class=\"ds-markdown-paragraph\">Fornece um\u00a0<strong>de baixo perfil<\/strong>\u00a0e superf\u00edcie lisa, reduzindo a interfer\u00eancia em espa\u00e7os apertados.<\/p>\n<\/li>\n<\/ul>\n<\/li>\n<li>\n<p class=\"ds-markdown-paragraph\"><strong>Tipo de acionamento:<\/strong><\/p>\n<ul>\n<li>\n<p class=\"ds-markdown-paragraph\"><strong>Sextavado interior (encaixe hexagonal)<\/strong>\u00a0para um envolvimento seguro com um\u00a0<strong>Chave Allen<\/strong>\u00a0ou\u00a0<strong>chave hexagonal<\/strong>.<\/p>\n<\/li>\n<li>\n<p class=\"ds-markdown-paragraph\">Evita o deslizamento em compara\u00e7\u00e3o com as unidades Phillips ou ranhuradas.<\/p>\n<\/li>\n<\/ul>\n<\/li>\n<li>\n<p class=\"ds-markdown-paragraph\"><strong>Configura\u00e7\u00e3o da linha:<\/strong><\/p>\n<ul>\n<li>\n<p class=\"ds-markdown-paragraph\">Dispon\u00edvel em\u00a0<strong>totalmente roscado<\/strong>\u00a0ou\u00a0<strong>parcialmente roscado<\/strong>\u00a0(com um ombro n\u00e3o roscado) variantes.<\/p>\n<\/li>\n<li>\n<p class=\"ds-markdown-paragraph\">Os fios est\u00e3o em conformidade com\u00a0<strong>m\u00e9trico (ISO)<\/strong>\u00a0ou\u00a0<strong>imperial (UNC\/UNF)<\/strong>\u00a0normas.<\/p>\n<\/li>\n<\/ul>\n<\/li>\n<li>\n<p class=\"ds-markdown-paragraph\"><strong>Materiais e acabamentos:<\/strong><\/p>\n<ul>\n<li>\n<p class=\"ds-markdown-paragraph\"><strong>Materiais comuns:<\/strong><\/p>\n<ul>\n<li>\n<p class=\"ds-markdown-paragraph\">A\u00e7o-carbono (graus 8.8, 10.9, 12.9)<\/p>\n<\/li>\n<li>\n<p class=\"ds-markdown-paragraph\">A\u00e7o inoxid\u00e1vel (A2\/A4 - resistente \u00e0 corros\u00e3o)<\/p>\n<\/li>\n<li>\n<p class=\"ds-markdown-paragraph\">Tit\u00e2nio (leve, de elevada resist\u00eancia)<\/p>\n<\/li>\n<li>\n<p class=\"ds-markdown-paragraph\">Liga de a\u00e7o (tratada termicamente para condi\u00e7\u00f5es extremas)<\/p>\n<\/li>\n<li>Parafuso de obtura\u00e7\u00e3o de \u00f3leo de encaixe hexalobular<\/li>\n<\/ul>\n<\/li>\n<li>\n<p class=\"ds-markdown-paragraph\"><strong>Acabamentos comuns:<\/strong><\/p>\n<ul>\n<li>\n<p class=\"ds-markdown-paragraph\">\u00d3xido preto (resist\u00eancia ligeira \u00e0 corros\u00e3o)<\/p>\n<\/li>\n<li>\n<p class=\"ds-markdown-paragraph\">Zincagem (maior prote\u00e7\u00e3o contra a corros\u00e3o)<\/p>\n<\/li>\n<li>\n<p class=\"ds-markdown-paragraph\">Anodizado (para parafusos de alum\u00ednio)<\/p>\n<\/li>\n<li>\n<p class=\"ds-markdown-paragraph\">Liso\/sem revestimento (para aplica\u00e7\u00f5es de maquinagem)<\/p>\n<\/li>\n<\/ul>\n<\/li>\n<\/ul>\n<\/li>\n<\/ol>\n<hr \/>\n<h5><strong>Aplica\u00e7\u00f5es comuns:<\/strong><\/h5>\n<ul>\n<li>\n<p class=\"ds-markdown-paragraph\"><strong>M\u00e1quinas e ve\u00edculos autom\u00f3veis<\/strong>\u00a0(pe\u00e7as de motor, caixas de velocidades, dispositivos)<\/p>\n<\/li>\n<li>\n<p class=\"ds-markdown-paragraph\"><strong>Aeroespacial e Defesa<\/strong>\u00a0(montagens de alta tens\u00e3o)<\/p>\n<\/li>\n<li>\n<p class=\"ds-markdown-paragraph\"><strong>Eletr\u00f3nica e rob\u00f3tica<\/strong>\u00a0(dispositivos compactos e de precis\u00e3o)<\/p>\n<\/li>\n<li>\n<p class=\"ds-markdown-paragraph\"><strong>Equipamento m\u00e9dico<\/strong>\u00a0(fixa\u00e7\u00e3o est\u00e9ril e de alta fiabilidade)<\/p>\n<\/li>\n<li>\n<p class=\"ds-markdown-paragraph\"><strong>Bricolage e mobili\u00e1rio<\/strong>\u00a0(fixa\u00e7\u00e3o discreta e forte)<\/p>\n<\/li>\n<\/ul>\n<hr \/>\n<h5><strong>Tamanhos e dimens\u00f5es:<\/strong><\/h5>\n<ul>\n<li>\n<p class=\"ds-markdown-paragraph\"><strong>Tamanhos m\u00e9tricos:<\/strong>\u00a0M2, M3, M4, M5, M6, M8, M10, M12, etc.<\/p>\n<\/li>\n<li>\n<p class=\"ds-markdown-paragraph\"><strong>Tamanhos imperiais:<\/strong>\u00a0#4-40, #6-32, #8-32, 1\/4\u2033-20, 5\/16\u2033-18, 3\/8\u2033-16, etc.<\/p>\n<\/li>\n<li>\n<p class=\"ds-markdown-paragraph\"><strong>Comprimentos:<\/strong>\u00a0Variam de alguns mil\u00edmetros a v\u00e1rios cent\u00edmetros.<\/p>\n<\/li>\n<\/ul>\n<hr \/>\n<h5><strong>Conselhos de instala\u00e7\u00e3o:<\/strong><\/h5>\n<ul>\n<li>\n<p class=\"ds-markdown-paragraph\">Utilizar um\u00a0<strong>chave Allen de tamanho adequado<\/strong>\u00a0para evitar o arredondamento da tomada.<\/p>\n<\/li>\n<li>\n<p class=\"ds-markdown-paragraph\">Aplicar\u00a0<strong>composto de bloqueio de roscas<\/strong>\u00a0(por exemplo, Loctite) para resist\u00eancia \u00e0 vibra\u00e7\u00e3o.<\/p>\n<\/li>\n<li>\n<p class=\"ds-markdown-paragraph\">Seguir\u00a0<strong>valores de bin\u00e1rio recomendados<\/strong>\u00a0para evitar um aperto excessivo.<\/p>\n<\/li>\n<\/ul>\n<p>&nbsp;<\/p>","protected":false},"excerpt":{"rendered":"<h6><strong>Carater\u00edsticas principais:<\/strong><\/h6>\n<ol start=\"1\">\n<li style=\"list-style-type: none;\">\n<ul>\n<li>\n<p class=\"ds-markdown-paragraph\"><strong>Forma cil\u00edndrica<\/strong>\u00a0com uma parte superior plana e bordos chanfrados.<\/p>\n<\/li>\n<li>\n<p class=\"ds-markdown-paragraph\">Fornece um\u00a0<strong>de baixo perfil<\/strong>\u00a0e superf\u00edcie lisa, reduzindo a interfer\u00eancia em espa\u00e7os apertados.<\/p>\n<\/li>\n<\/ul>\n<ul>\n<li>\n<p class=\"ds-markdown-paragraph\"><strong>Sextavado interior (encaixe hexagonal)<\/strong>\u00a0para um envolvimento seguro com um\u00a0<strong>Chave Allen<\/strong>\u00a0ou\u00a0<strong>chave hexagonal<\/strong>.<\/p>\n<\/li>\n<\/ul>\n<\/li>\n<\/ol>","protected":false},"featured_media":33512,"comment_status":"open","ping_status":"closed","template":"","meta":{"site-sidebar-layout":"default","site-content-layout":"","ast-site-content-layout":"default","site-content-style":"default","site-sidebar-style":"default","ast-global-header-display":"","ast-banner-title-visibility":"","ast-main-header-display":"","ast-hfb-above-header-display":"","ast-hfb-below-header-display":"","ast-hfb-mobile-header-display":"","site-post-title":"","ast-breadcrumbs-content":"","ast-featured-img":"","footer-sml-layout":"","ast-disable-related-posts":"","theme-transparent-header-meta":"default","adv-header-id-meta":"","stick-header-meta":"default","header-above-stick-meta":"","header-main-stick-meta":"","header-below-stick-meta":"","astra-migrate-meta-layouts":"set","ast-page-background-enabled":"default","ast-page-background-meta":{"desktop":{"background-color":"var(--ast-global-color-4)","background-image":"","background-repeat":"repeat","background-position":"center center","background-size":"auto","background-attachment":"scroll","background-type":"","background-media":"","overlay-type":"","overlay-color":"","overlay-opacity":"","overlay-gradient":""},"tablet":{"background-color":"","background-image":"","background-repeat":"repeat","background-position":"center center","background-size":"auto","background-attachment":"scroll","background-type":"","background-media":"","overlay-type":"","overlay-color":"","overlay-opacity":"","overlay-gradient":""},"mobile":{"background-color":"","background-image":"","background-repeat":"repeat","background-position":"center center","background-size":"auto","background-attachment":"scroll","background-type":"","background-media":"","overlay-type":"","overlay-color":"","overlay-opacity":"","overlay-gradient":""}},"ast-content-background-meta":{"desktop":{"background-color":"var(--ast-global-color-5)","background-image":"","background-repeat":"repeat","background-position":"center center","background-size":"auto","background-attachment":"scroll","background-type":"","background-media":"","overlay-type":"","overlay-color":"","overlay-opacity":"","overlay-gradient":""},"tablet":{"background-color":"var(--ast-global-color-5)","background-image":"","background-repeat":"repeat","background-position":"center center","background-size":"auto","background-attachment":"scroll","background-type":"","background-media":"","overlay-type":"","overlay-color":"","overlay-opacity":"","overlay-gradient":""},"mobile":{"background-color":"var(--ast-global-color-5)","background-image":"","background-repeat":"repeat","background-position":"center center","background-size":"auto","background-attachment":"scroll","background-type":"","background-media":"","overlay-type":"","overlay-color":"","overlay-opacity":"","overlay-gradient":""}},"_themeisle_gutenberg_block_has_review":false,"_ti_tpc_template_sync":false,"_ti_tpc_template_id":""},"product_brand":[],"product_cat":[1277],"product_tag":[],"class_list":{"0":"post-33528","1":"product","2":"type-product","3":"status-publish","4":"has-post-thumbnail","6":"product_cat-oil-plug-screw","7":"desktop-align-left","8":"tablet-align-left","9":"mobile-align-left","10":"ast-product-gallery-layout-horizontal-slider","11":"ast-product-tabs-layout-horizontal","12":"ast-qv-on-image","14":"first","15":"instock","16":"shipping-taxable","17":"product-type-simple"},"yoast_head":"<!-- This site is optimized with the Yoast SEO Premium plugin v21.7 (Yoast SEO v25.7) - https:\/\/yoast.com\/wordpress\/plugins\/seo\/ -->\n<title>Hexalobular socket oil plug screw - Jingbang Industrial<\/title>\n<meta name=\"description\" content=\"The Hexalobular socket oil plug screw is a threaded fastener that requires an allen wrench or hex driver for installation and removal.\" \/>\n<meta name=\"robots\" content=\"index, follow, max-snippet:-1, max-image-preview:large, max-video-preview:-1\" \/>\n<link rel=\"canonical\" href=\"https:\/\/jbsy-china.com\/pt\/produto\/hexalobular-socket-oil-plug-screw\/\" \/>\n<meta property=\"og:locale\" content=\"pt_PT\" \/>\n<meta property=\"og:type\" content=\"article\" \/>\n<meta property=\"og:title\" content=\"Hexalobular socket oil plug screw\" \/>\n<meta property=\"og:description\" content=\"The Hexalobular socket oil plug screw is a threaded fastener that requires an allen wrench or hex driver for installation and removal.\" \/>\n<meta property=\"og:url\" content=\"https:\/\/jbsy-china.com\/pt\/produto\/hexalobular-socket-oil-plug-screw\/\" \/>\n<meta property=\"og:site_name\" content=\"Jingbang Industrial\" \/>\n<meta property=\"article:modified_time\" content=\"2025-07-28T06:46:45+00:00\" \/>\n<meta property=\"og:image\" content=\"http:\/\/jbsy-china.com\/wp-content\/uploads\/2025\/05\/\u5e73\u5934\u6885\u82b1\u69fd\u6cb9\u585e\u87ba\u6813.jpg\" \/>\n\t<meta property=\"og:image:width\" content=\"800\" \/>\n\t<meta property=\"og:image:height\" content=\"800\" \/>\n\t<meta property=\"og:image:type\" content=\"image\/jpeg\" \/>\n<meta name=\"twitter:card\" content=\"summary_large_image\" \/>\n<meta name=\"twitter:label1\" content=\"Tempo estimado de leitura\" \/>\n\t<meta name=\"twitter:data1\" content=\"4 minutos\" \/>\n<script type=\"application\/ld+json\" class=\"yoast-schema-graph\">{\"@context\":\"https:\/\/schema.org\",\"@graph\":[{\"@type\":\"WebPage\",\"@id\":\"https:\/\/jbsy-china.com\/product\/hexalobular-socket-oil-plug-screw\/\",\"url\":\"https:\/\/jbsy-china.com\/product\/hexalobular-socket-oil-plug-screw\/\",\"name\":\"Hexalobular socket oil plug screw - Jingbang Industrial\",\"isPartOf\":{\"@id\":\"https:\/\/jbsy-china.com\/#website\"},\"primaryImageOfPage\":{\"@id\":\"https:\/\/jbsy-china.com\/product\/hexalobular-socket-oil-plug-screw\/#primaryimage\"},\"image\":{\"@id\":\"https:\/\/jbsy-china.com\/product\/hexalobular-socket-oil-plug-screw\/#primaryimage\"},\"thumbnailUrl\":\"https:\/\/jbsy-china.com\/wp-content\/uploads\/2025\/05\/\u5e73\u5934\u6885\u82b1\u69fd\u6cb9\u585e\u87ba\u6813.jpg\",\"datePublished\":\"2025-05-16T07:20:59+00:00\",\"dateModified\":\"2025-07-28T06:46:45+00:00\",\"description\":\"The Hexalobular socket oil plug screw is a threaded fastener that requires an allen wrench or hex driver for installation and removal.\",\"breadcrumb\":{\"@id\":\"https:\/\/jbsy-china.com\/product\/hexalobular-socket-oil-plug-screw\/#breadcrumb\"},\"inLanguage\":\"pt-PT\",\"potentialAction\":[{\"@type\":\"ReadAction\",\"target\":[\"https:\/\/jbsy-china.com\/product\/hexalobular-socket-oil-plug-screw\/\"]}]},{\"@type\":\"ImageObject\",\"inLanguage\":\"pt-PT\",\"@id\":\"https:\/\/jbsy-china.com\/product\/hexalobular-socket-oil-plug-screw\/#primaryimage\",\"url\":\"https:\/\/jbsy-china.com\/wp-content\/uploads\/2025\/05\/\u5e73\u5934\u6885\u82b1\u69fd\u6cb9\u585e\u87ba\u6813.jpg\",\"contentUrl\":\"https:\/\/jbsy-china.com\/wp-content\/uploads\/2025\/05\/\u5e73\u5934\u6885\u82b1\u69fd\u6cb9\u585e\u87ba\u6813.jpg\",\"width\":800,\"height\":800},{\"@type\":\"BreadcrumbList\",\"@id\":\"https:\/\/jbsy-china.com\/product\/hexalobular-socket-oil-plug-screw\/#breadcrumb\",\"itemListElement\":[{\"@type\":\"ListItem\",\"position\":1,\"name\":\"Home\",\"item\":\"https:\/\/jbsy-china.com\/\"},{\"@type\":\"ListItem\",\"position\":2,\"name\":\"Products\",\"item\":\"https:\/\/jbsy-china.com\/shop\/\"},{\"@type\":\"ListItem\",\"position\":3,\"name\":\"Hexalobular socket oil plug screw\"}]},{\"@type\":\"WebSite\",\"@id\":\"https:\/\/jbsy-china.com\/#website\",\"url\":\"https:\/\/jbsy-china.com\/\",\"name\":\"Jingbang Industrial\",\"description\":\"Hardware and electronics manufacturer\",\"publisher\":{\"@id\":\"https:\/\/jbsy-china.com\/#organization\"},\"potentialAction\":[{\"@type\":\"SearchAction\",\"target\":{\"@type\":\"EntryPoint\",\"urlTemplate\":\"https:\/\/jbsy-china.com\/?s={search_term_string}\"},\"query-input\":{\"@type\":\"PropertyValueSpecification\",\"valueRequired\":true,\"valueName\":\"search_term_string\"}}],\"inLanguage\":\"pt-PT\"},{\"@type\":\"Organization\",\"@id\":\"https:\/\/jbsy-china.com\/#organization\",\"name\":\"Jingbang Industrial\",\"url\":\"https:\/\/jbsy-china.com\/\",\"logo\":{\"@type\":\"ImageObject\",\"inLanguage\":\"pt-PT\",\"@id\":\"https:\/\/jbsy-china.com\/#\/schema\/logo\/image\/\",\"url\":\"https:\/\/jbsy-china.com\/wp-content\/uploads\/2023\/11\/cropped-\u56fe\u5c42-1.png\",\"contentUrl\":\"https:\/\/jbsy-china.com\/wp-content\/uploads\/2023\/11\/cropped-\u56fe\u5c42-1.png\",\"width\":1049,\"height\":739,\"caption\":\"Jingbang Industrial\"},\"image\":{\"@id\":\"https:\/\/jbsy-china.com\/#\/schema\/logo\/image\/\"}}]}<\/script>\n<!-- \/ Yoast SEO Premium plugin. -->","yoast_head_json":{"title":"Hexalobular socket oil plug screw - Jingbang Industrial","description":"The Hexalobular socket oil plug screw is a threaded fastener that requires an allen wrench or hex driver for installation and removal.","robots":{"index":"index","follow":"follow","max-snippet":"max-snippet:-1","max-image-preview":"max-image-preview:large","max-video-preview":"max-video-preview:-1"},"canonical":"https:\/\/jbsy-china.com\/pt\/produto\/hexalobular-socket-oil-plug-screw\/","og_locale":"pt_PT","og_type":"article","og_title":"Hexalobular socket oil plug screw","og_description":"The Hexalobular socket oil plug screw is a threaded fastener that requires an allen wrench or hex driver for installation and removal.","og_url":"https:\/\/jbsy-china.com\/pt\/produto\/hexalobular-socket-oil-plug-screw\/","og_site_name":"Jingbang Industrial","article_modified_time":"2025-07-28T06:46:45+00:00","og_image":[{"width":800,"height":800,"url":"http:\/\/jbsy-china.com\/wp-content\/uploads\/2025\/05\/\u5e73\u5934\u6885\u82b1\u69fd\u6cb9\u585e\u87ba\u6813.jpg","type":"image\/jpeg"}],"twitter_card":"summary_large_image","twitter_misc":{"Tempo estimado de leitura":"4 minutos"},"schema":{"@context":"https:\/\/schema.org","@graph":[{"@type":"WebPage","@id":"https:\/\/jbsy-china.com\/product\/hexalobular-socket-oil-plug-screw\/","url":"https:\/\/jbsy-china.com\/product\/hexalobular-socket-oil-plug-screw\/","name":"Hexalobular socket oil plug screw - Jingbang Industrial","isPartOf":{"@id":"https:\/\/jbsy-china.com\/#website"},"primaryImageOfPage":{"@id":"https:\/\/jbsy-china.com\/product\/hexalobular-socket-oil-plug-screw\/#primaryimage"},"image":{"@id":"https:\/\/jbsy-china.com\/product\/hexalobular-socket-oil-plug-screw\/#primaryimage"},"thumbnailUrl":"https:\/\/jbsy-china.com\/wp-content\/uploads\/2025\/05\/\u5e73\u5934\u6885\u82b1\u69fd\u6cb9\u585e\u87ba\u6813.jpg","datePublished":"2025-05-16T07:20:59+00:00","dateModified":"2025-07-28T06:46:45+00:00","description":"The Hexalobular socket oil plug screw is a threaded fastener that requires an allen wrench or hex driver for installation and removal.","breadcrumb":{"@id":"https:\/\/jbsy-china.com\/product\/hexalobular-socket-oil-plug-screw\/#breadcrumb"},"inLanguage":"pt-PT","potentialAction":[{"@type":"ReadAction","target":["https:\/\/jbsy-china.com\/product\/hexalobular-socket-oil-plug-screw\/"]}]},{"@type":"ImageObject","inLanguage":"pt-PT","@id":"https:\/\/jbsy-china.com\/product\/hexalobular-socket-oil-plug-screw\/#primaryimage","url":"https:\/\/jbsy-china.com\/wp-content\/uploads\/2025\/05\/\u5e73\u5934\u6885\u82b1\u69fd\u6cb9\u585e\u87ba\u6813.jpg","contentUrl":"https:\/\/jbsy-china.com\/wp-content\/uploads\/2025\/05\/\u5e73\u5934\u6885\u82b1\u69fd\u6cb9\u585e\u87ba\u6813.jpg","width":800,"height":800},{"@type":"BreadcrumbList","@id":"https:\/\/jbsy-china.com\/product\/hexalobular-socket-oil-plug-screw\/#breadcrumb","itemListElement":[{"@type":"ListItem","position":1,"name":"Home","item":"https:\/\/jbsy-china.com\/"},{"@type":"ListItem","position":2,"name":"Products","item":"https:\/\/jbsy-china.com\/shop\/"},{"@type":"ListItem","position":3,"name":"Hexalobular socket oil plug screw"}]},{"@type":"WebSite","@id":"https:\/\/jbsy-china.com\/#website","url":"https:\/\/jbsy-china.com\/","name":"Jingbang Industrial","description":"Fabricante de hardware e eletr\u00f3nica","publisher":{"@id":"https:\/\/jbsy-china.com\/#organization"},"potentialAction":[{"@type":"SearchAction","target":{"@type":"EntryPoint","urlTemplate":"https:\/\/jbsy-china.com\/?s={search_term_string}"},"query-input":{"@type":"PropertyValueSpecification","valueRequired":true,"valueName":"search_term_string"}}],"inLanguage":"pt-PT"},{"@type":"Organization","@id":"https:\/\/jbsy-china.com\/#organization","name":"Jingbang Industrial","url":"https:\/\/jbsy-china.com\/","logo":{"@type":"ImageObject","inLanguage":"pt-PT","@id":"https:\/\/jbsy-china.com\/#\/schema\/logo\/image\/","url":"https:\/\/jbsy-china.com\/wp-content\/uploads\/2023\/11\/cropped-\u56fe\u5c42-1.png","contentUrl":"https:\/\/jbsy-china.com\/wp-content\/uploads\/2023\/11\/cropped-\u56fe\u5c42-1.png","width":1049,"height":739,"caption":"Jingbang Industrial"},"image":{"@id":"https:\/\/jbsy-china.com\/#\/schema\/logo\/image\/"}}]}},"_links":{"self":[{"href":"https:\/\/jbsy-china.com\/pt\/wp-json\/wp\/v2\/product\/33528","targetHints":{"allow":["GET"]}}],"collection":[{"href":"https:\/\/jbsy-china.com\/pt\/wp-json\/wp\/v2\/product"}],"about":[{"href":"https:\/\/jbsy-china.com\/pt\/wp-json\/wp\/v2\/types\/product"}],"replies":[{"embeddable":true,"href":"https:\/\/jbsy-china.com\/pt\/wp-json\/wp\/v2\/comments?post=33528"}],"wp:featuredmedia":[{"embeddable":true,"href":"https:\/\/jbsy-china.com\/pt\/wp-json\/wp\/v2\/media\/33512"}],"wp:attachment":[{"href":"https:\/\/jbsy-china.com\/pt\/wp-json\/wp\/v2\/media?parent=33528"}],"wp:term":[{"taxonomy":"product_brand","embeddable":true,"href":"https:\/\/jbsy-china.com\/pt\/wp-json\/wp\/v2\/product_brand?post=33528"},{"taxonomy":"product_cat","embeddable":true,"href":"https:\/\/jbsy-china.com\/pt\/wp-json\/wp\/v2\/product_cat?post=33528"},{"taxonomy":"product_tag","embeddable":true,"href":"https:\/\/jbsy-china.com\/pt\/wp-json\/wp\/v2\/product_tag?post=33528"}],"curies":[{"name":"wp","href":"https:\/\/api.w.org\/{rel}","templated":true}]}}